{"id":13213,"date":"2020-01-23T16:46:19","date_gmt":"2020-01-23T15:46:19","guid":{"rendered":"https:\/\/www.gdirekt.se\/produkt\/banner-display-naturtrae\/"},"modified":"2020-01-27T09:51:31","modified_gmt":"2020-01-27T08:51:31","slug":"bannerdisplay-naturtrae","status":"publish","type":"product","link":"https:\/\/www.gdirekt.se\/da\/produkt\/bannerdisplay-naturtrae\/","title":{"rendered":"Bannerdisplay &#8211; Naturtr\u00e6"},"content":{"rendered":"<p>Bannerdisplay &#8211; Naturtr\u00e6er et gulvstativ med trykt reklamemeddelelse i stof. Da stofholderen er lavet af tr\u00e6, bliver det en dejlig naturlig f\u00f8lelse. Bestil fantastiske salgsfremmende displaystand ved at k\u00f8be fra os online.<\/p>\n<p>Tykt polyesterstof er i st\u00f8rrelse 80&#215;185 cm. Meget nemt at bestille nye reklamebannerer, hvis du allerede har gulvstativet. De trykte stofbannere er syet, s\u00e5 de passer til disse holdere. Vores trykkeri beliggende i Norrk\u00f6ping i Sverige bruger kun milj\u00f8venlig farver. Resultaterne p\u00e5 de trykte billeder er af h\u00f8jeste kvalitet, teksternes og logoernes skarphed er perfekt. Printet p\u00e5 stoffet er altid inkluderet i prisen, og du kan v\u00e6lge mellem alle farver eller sort og hvid. Det er bedst, hvis du bruger hele farveplader eller en baggrundsfarve og derefter l\u00e6gger en tekstmeddelelse og placerer firmaets eller produktets logo p\u00e5 det passende sted.<\/p>\n<p>Bannerdisplay &#8211; Naturtr\u00e6 med enkle billedskift<br \/>\nDisse gulvsk\u00e6rme fungerer som reklamebannerer med attraktive oph\u00e6ng i butikkerne. Et trykt stof, der er let at bruge. Frem for alt er det praktisk og billigt at sende, n\u00e5r du har brug for at udveksle de trykte meddelelser. Vi i Gdirekt har flere gode varianter af displayl\u00f8sninger til visning af beskeder, se alle vores modeller her. Applikationerne er brede p\u00e5 dette displayprodukt, Bannerdisplay &#8211; Naturtr\u00e6 bruges som butikreklame for at vise billige priser og tilbud. Det kan ogs\u00e5 v\u00e6re en smart m\u00e5de at lancere og vise nye produkter p\u00e5. M\u00e5ske i forbindelse med en demo og udstilling sammen med en disk med trykt billedfej. Da det er et trykt stof, giver det en passende fornemmelse med en naturlig f\u00f8lelse. De reducerer ogs\u00e5 st\u00f8jniveauet p\u00e5 grund af det faktum, at trykte stofftr\u00e5de fanger ekkoet i en vis grad.<\/p>\n<p>Leder du efter andre indvendige designl\u00f8sninger med f\u00e6rdige motiver og billeder Vi har et webside, der hedder www.dinprint.se<\/p>\n","protected":false},"excerpt":{"rendered":"<p>Bannerdisplay &#8211; Naturtr\u00e6 er et gulvstativ med trykt reklamemeddelelse. Nem montering og meget enkle billedbytter. Trykt stofbillede af h\u00f8jeste kvalitet er inkluderet i prisen. St\u00f8rrelsen p\u00e5 stoffet er 80&#215;185 cm.<\/p>\n","protected":false},"featured_media":13184,"template":"","meta":{"_acf_changed":false},"product_brand":[],"product_cat":[372,357],"product_tag":[],"class_list":{"0":"post-13213","1":"product","2":"type-product","3":"status-publish","4":"has-post-thumbnail","6":"product_cat-display-skilteholdere-skiltestander","7":"product_cat-reklamstall-og-butikdisplayer","8":"product_shipping_class-350kr","10":"first","11":"instock","12":"taxable","13":"shipping-taxable","14":"purchasable","15":"product-type-variable","16":"has-default-attributes"},"exclude_global_add_ons":[],"addons":[],"acf":[],"yoast_head":"<!-- This site is optimized with the Yoast SEO plugin v27.2 - https:\/\/yoast.com\/product\/yoast-seo-wordpress\/ -->\n<title>er et gulvstativ til tekstil bannerer<\/title>\n<meta name=\"description\" content=\"Bannerdisplay - Naturtr\u00e6 er et gulvstativ med trykt reklamemeddelelse. Det inkluderer eget tryk p\u00e5 stoffet af h\u00f8jeste kvalitet. Billig pris med hurtig levering!\" \/>\n<meta name=\"robots\" content=\"index, follow, max-snippet:-1, max-image-preview:large, max-video-preview:-1\" \/>\n<link rel=\"canonical\" href=\"https:\/\/www.gdirekt.se\/da\/produkt\/bannerdisplay-naturtrae\/\" \/>\n<meta property=\"og:locale\" content=\"da_DK\" \/>\n<meta property=\"og:type\" content=\"article\" \/>\n<meta property=\"og:title\" content=\"er et gulvstativ til tekstil bannerer\" \/>\n<meta property=\"og:description\" content=\"Bannerdisplay - Naturtr\u00e6 er et gulvstativ med trykt reklamemeddelelse. Det inkluderer eget tryk p\u00e5 stoffet af h\u00f8jeste kvalitet. Billig pris med hurtig levering!\" \/>\n<meta property=\"og:url\" content=\"https:\/\/www.gdirekt.se\/da\/produkt\/bannerdisplay-naturtrae\/\" \/>\n<meta property=\"og:site_name\" content=\"Gdirekt.se\" \/>\n<meta property=\"article:modified_time\" content=\"2020-01-27T08:51:31+00:00\" \/>\n<meta property=\"og:image\" content=\"https:\/\/www.gdirekt.se\/wp-content\/uploads\/Bannerdisplay-Naturtra\u0308.png\" \/>\n\t<meta property=\"og:image:width\" content=\"1000\" \/>\n\t<meta property=\"og:image:height\" content=\"1000\" \/>\n\t<meta property=\"og:image:type\" content=\"image\/png\" \/>\n<meta name=\"twitter:card\" content=\"summary_large_image\" \/>\n<meta name=\"twitter:label1\" content=\"Estimeret l\u00e6setid\" \/>\n\t<meta name=\"twitter:data1\" content=\"2 minutter\" \/>\n<script type=\"application\/ld+json\" class=\"yoast-schema-graph\">{\"@context\":\"https:\/\/schema.org\",\"@graph\":[{\"@type\":\"WebPage\",\"@id\":\"https:\/\/www.gdirekt.se\/da\/produkt\/bannerdisplay-naturtrae\/\",\"url\":\"https:\/\/www.gdirekt.se\/da\/produkt\/bannerdisplay-naturtrae\/\",\"name\":\"er et gulvstativ til tekstil bannerer\",\"isPartOf\":{\"@id\":\"https:\/\/www.gdirekt.se\/#website\"},\"primaryImageOfPage\":{\"@id\":\"https:\/\/www.gdirekt.se\/da\/produkt\/bannerdisplay-naturtrae\/#primaryimage\"},\"image\":{\"@id\":\"https:\/\/www.gdirekt.se\/da\/produkt\/bannerdisplay-naturtrae\/#primaryimage\"},\"thumbnailUrl\":\"https:\/\/www.gdirekt.se\/wp-content\/uploads\/Bannerdisplay-Naturtra\u0308.png\",\"datePublished\":\"2020-01-23T15:46:19+00:00\",\"dateModified\":\"2020-01-27T08:51:31+00:00\",\"description\":\"Bannerdisplay - Naturtr\u00e6 er et gulvstativ med trykt reklamemeddelelse. Det inkluderer eget tryk p\u00e5 stoffet af h\u00f8jeste kvalitet. Billig pris med hurtig levering!\",\"breadcrumb\":{\"@id\":\"https:\/\/www.gdirekt.se\/da\/produkt\/bannerdisplay-naturtrae\/#breadcrumb\"},\"inLanguage\":\"da-DK\",\"potentialAction\":[{\"@type\":\"ReadAction\",\"target\":[\"https:\/\/www.gdirekt.se\/da\/produkt\/bannerdisplay-naturtrae\/\"]}]},{\"@type\":\"ImageObject\",\"inLanguage\":\"da-DK\",\"@id\":\"https:\/\/www.gdirekt.se\/da\/produkt\/bannerdisplay-naturtrae\/#primaryimage\",\"url\":\"https:\/\/www.gdirekt.se\/wp-content\/uploads\/Bannerdisplay-Naturtra\u0308.png\",\"contentUrl\":\"https:\/\/www.gdirekt.se\/wp-content\/uploads\/Bannerdisplay-Naturtra\u0308.png\",\"width\":1000,\"height\":1000,\"caption\":\"Et tr\u00e6sk\u00e6rmstativ til stofv\u00e6v\"},{\"@type\":\"BreadcrumbList\",\"@id\":\"https:\/\/www.gdirekt.se\/da\/produkt\/bannerdisplay-naturtrae\/#breadcrumb\",\"itemListElement\":[{\"@type\":\"ListItem\",\"position\":1,\"name\":\"Hem\",\"item\":\"https:\/\/www.gdirekt.se\/da\/\"},{\"@type\":\"ListItem\",\"position\":2,\"name\":\"Start\",\"item\":\"https:\/\/www.gdirekt.se\/da\/\"},{\"@type\":\"ListItem\",\"position\":3,\"name\":\"Bannerdisplay &#8211; Naturtr\u00e6\"}]},{\"@type\":\"WebSite\",\"@id\":\"https:\/\/www.gdirekt.se\/#website\",\"url\":\"https:\/\/www.gdirekt.se\/\",\"name\":\"Gdirekt.se\",\"description\":\"Tryck snabbt \u00e5 l\u00e4tt = Gdirekt\",\"potentialAction\":[{\"@type\":\"SearchAction\",\"target\":{\"@type\":\"EntryPoint\",\"urlTemplate\":\"https:\/\/www.gdirekt.se\/?s={search_term_string}\"},\"query-input\":{\"@type\":\"PropertyValueSpecification\",\"valueRequired\":true,\"valueName\":\"search_term_string\"}}],\"inLanguage\":\"da-DK\"}]}<\/script>\n<!-- \/ Yoast SEO plugin. -->","yoast_head_json":{"title":"er et gulvstativ til tekstil bannerer","description":"Bannerdisplay - Naturtr\u00e6 er et gulvstativ med trykt reklamemeddelelse. Det inkluderer eget tryk p\u00e5 stoffet af h\u00f8jeste kvalitet. Billig pris med hurtig levering!","robots":{"index":"index","follow":"follow","max-snippet":"max-snippet:-1","max-image-preview":"max-image-preview:large","max-video-preview":"max-video-preview:-1"},"canonical":"https:\/\/www.gdirekt.se\/da\/produkt\/bannerdisplay-naturtrae\/","og_locale":"da_DK","og_type":"article","og_title":"er et gulvstativ til tekstil bannerer","og_description":"Bannerdisplay - Naturtr\u00e6 er et gulvstativ med trykt reklamemeddelelse. Det inkluderer eget tryk p\u00e5 stoffet af h\u00f8jeste kvalitet. Billig pris med hurtig levering!","og_url":"https:\/\/www.gdirekt.se\/da\/produkt\/bannerdisplay-naturtrae\/","og_site_name":"Gdirekt.se","article_modified_time":"2020-01-27T08:51:31+00:00","og_image":[{"width":1000,"height":1000,"url":"https:\/\/www.gdirekt.se\/wp-content\/uploads\/Bannerdisplay-Naturtra\u0308.png","type":"image\/png"}],"twitter_card":"summary_large_image","twitter_misc":{"Estimeret l\u00e6setid":"2 minutter"},"schema":{"@context":"https:\/\/schema.org","@graph":[{"@type":"WebPage","@id":"https:\/\/www.gdirekt.se\/da\/produkt\/bannerdisplay-naturtrae\/","url":"https:\/\/www.gdirekt.se\/da\/produkt\/bannerdisplay-naturtrae\/","name":"er et gulvstativ til tekstil bannerer","isPartOf":{"@id":"https:\/\/www.gdirekt.se\/#website"},"primaryImageOfPage":{"@id":"https:\/\/www.gdirekt.se\/da\/produkt\/bannerdisplay-naturtrae\/#primaryimage"},"image":{"@id":"https:\/\/www.gdirekt.se\/da\/produkt\/bannerdisplay-naturtrae\/#primaryimage"},"thumbnailUrl":"https:\/\/www.gdirekt.se\/wp-content\/uploads\/Bannerdisplay-Naturtra\u0308.png","datePublished":"2020-01-23T15:46:19+00:00","dateModified":"2020-01-27T08:51:31+00:00","description":"Bannerdisplay - Naturtr\u00e6 er et gulvstativ med trykt reklamemeddelelse. Det inkluderer eget tryk p\u00e5 stoffet af h\u00f8jeste kvalitet. Billig pris med hurtig levering!","breadcrumb":{"@id":"https:\/\/www.gdirekt.se\/da\/produkt\/bannerdisplay-naturtrae\/#breadcrumb"},"inLanguage":"da-DK","potentialAction":[{"@type":"ReadAction","target":["https:\/\/www.gdirekt.se\/da\/produkt\/bannerdisplay-naturtrae\/"]}]},{"@type":"ImageObject","inLanguage":"da-DK","@id":"https:\/\/www.gdirekt.se\/da\/produkt\/bannerdisplay-naturtrae\/#primaryimage","url":"https:\/\/www.gdirekt.se\/wp-content\/uploads\/Bannerdisplay-Naturtra\u0308.png","contentUrl":"https:\/\/www.gdirekt.se\/wp-content\/uploads\/Bannerdisplay-Naturtra\u0308.png","width":1000,"height":1000,"caption":"Et tr\u00e6sk\u00e6rmstativ til stofv\u00e6v"},{"@type":"BreadcrumbList","@id":"https:\/\/www.gdirekt.se\/da\/produkt\/bannerdisplay-naturtrae\/#breadcrumb","itemListElement":[{"@type":"ListItem","position":1,"name":"Hem","item":"https:\/\/www.gdirekt.se\/da\/"},{"@type":"ListItem","position":2,"name":"Start","item":"https:\/\/www.gdirekt.se\/da\/"},{"@type":"ListItem","position":3,"name":"Bannerdisplay &#8211; Naturtr\u00e6"}]},{"@type":"WebSite","@id":"https:\/\/www.gdirekt.se\/#website","url":"https:\/\/www.gdirekt.se\/","name":"Gdirekt.se","description":"Tryck snabbt \u00e5 l\u00e4tt = Gdirekt","potentialAction":[{"@type":"SearchAction","target":{"@type":"EntryPoint","urlTemplate":"https:\/\/www.gdirekt.se\/?s={search_term_string}"},"query-input":{"@type":"PropertyValueSpecification","valueRequired":true,"valueName":"search_term_string"}}],"inLanguage":"da-DK"}]}},"_links":{"self":[{"href":"https:\/\/www.gdirekt.se\/da\/wp-json\/wp\/v2\/product\/13213","targetHints":{"allow":["GET"]}}],"collection":[{"href":"https:\/\/www.gdirekt.se\/da\/wp-json\/wp\/v2\/product"}],"about":[{"href":"https:\/\/www.gdirekt.se\/da\/wp-json\/wp\/v2\/types\/product"}],"wp:featuredmedia":[{"embeddable":true,"href":"https:\/\/www.gdirekt.se\/da\/wp-json\/wp\/v2\/media\/13184"}],"wp:attachment":[{"href":"https:\/\/www.gdirekt.se\/da\/wp-json\/wp\/v2\/media?parent=13213"}],"wp:term":[{"taxonomy":"product_brand","embeddable":true,"href":"https:\/\/www.gdirekt.se\/da\/wp-json\/wp\/v2\/product_brand?post=13213"},{"taxonomy":"product_cat","embeddable":true,"href":"https:\/\/www.gdirekt.se\/da\/wp-json\/wp\/v2\/product_cat?post=13213"},{"taxonomy":"product_tag","embeddable":true,"href":"https:\/\/www.gdirekt.se\/da\/wp-json\/wp\/v2\/product_tag?post=13213"}],"curies":[{"name":"wp","href":"https:\/\/api.w.org\/{rel}","templated":true}]}}