{"id":13146,"date":"2020-01-22T08:27:10","date_gmt":"2020-01-22T07:27:10","guid":{"rendered":"https:\/\/www.gdirekt.se\/produkt\/easy-dot-kampagnefolie\/"},"modified":"2024-02-01T09:29:56","modified_gmt":"2024-02-01T08:29:56","slug":"easy-dot-kampagnefolie","status":"publish","type":"product","link":"https:\/\/www.gdirekt.se\/da\/produkt\/easy-dot-kampagnefolie\/","title":{"rendered":"Easy dot kampagnefolie"},"content":{"rendered":"<p>Easy dot kampagnefolie er klisterm\u00e6rker, som du l\u00e6gger specielt i en bestemt periode. Vi har mange \u00e5rs erfaring med klisterm\u00e6rker til kampagner. Gdirekt har en billig pris, s\u00e5 du har fundet den rigtige online. Vi har klisterm\u00e6rker eller folier til v\u00e6gge, kasser og biler. Til hjem og kontor s\u00e5vel som andre lokaler, som f.eks. ventev\u00e6relser, der sidder godt fast. Kontakt os, hvis du vil have svar p\u00e5 sp\u00f8rgsm\u00e5l om klisterm\u00e6rkater til trykte kampagner.<\/p>\n<p>Vi leverer aftagelig vinyler, der kan fjernes i bredder op til 150 cm brede ruller. Hvis de st\u00f8rre v\u00e6gge skal folies, er det mest almindeligt, at vi leverer de trykte puder med let kl\u00e6bende indretning med overlapning p\u00e5 en centimeter.<\/p>\n<p>Installationsvejledning til easy dot kampagnefolie<\/p>\n<p>1. N\u00e5r du k\u00f8ber vinylfolie og installerer den p\u00e5 v\u00e6ggen p\u00e5 kontoret eller derhjemme, er det vigtigt, at overfladen er ren og glat.<\/p>\n<p>2. M\u00e5l derefter, og s\u00f8rg for, at den \u00e6rgede prik vinyl vil blive fastgjort til den lige eller p\u00e5 det rigtige sted.<\/p>\n<p>3. Du kan folde enhver tomme af ryg \/ bagstykket v\u00e6k og fastg\u00f8re det p\u00e5 v\u00e6ggen eller bruge et stykke tape.<\/p>\n<p>5. Fra den side starter du derefter v\u00e6gt uden ryg \/ ark og tr\u00e6kker langsomt bagepladen ud og stryger derefter p\u00e5 hvor reklamevinylen skal sidde. K\u00f8b en filt-vinylskraber, s\u00e5 g\u00e5r de meget lettere.<\/p>\n<p>6. N\u00e5r hele arket er monteret, gnider du omsider en ekstra over m\u00e6rkaten, s\u00e5 den kl\u00e6ber godt.<\/p>\n<p>7. Fordelen ved denne salgsfremmende folievinyl er, at den er aftagelig og efterlader ingen limrester<\/p>\n<p>Hvis det ogs\u00e5 er st\u00f8rre m\u00e6ngder for virksomheder, butikker eller offentlige rum, der bruger salgsfremmende vinyl, er det nemmest at du kontakter os. S\u00e5 vil vi tilbyde dig et pristilbud. Ring til os p\u00e5 011-251515 eller e-mail p\u00e5 info@gdirekt.se<\/p>\n<p>Har du brug for andre vinyler eller klisterm\u00e6rker, vi har til alle milj\u00f8er og form\u00e5l, klik her!<\/p>\n<p>Letv\u00e6gts-kl\u00e6bende reklamevinyl, du bestiller til kontorer, sovev\u00e6relser, b\u00f8rnerum, ventev\u00e6relser, messer, indk\u00f8bscentre, skoler, butikker. Ja, dybest set p\u00e5 alle v\u00e6gge og kasser, hvor du \u00f8nsker en indretning som tekst eller fotobillede. Vi kan lave rigtig store og endda sm\u00e5 m\u00e6rkater.<\/p>\n","protected":false},"excerpt":{"rendered":"<p>Easy dot kampagnefolie er klisterm\u00e6rker, der fastg\u00f8res godt og er lette at fjerne. Klisterm\u00e6rkerne eller er velegnede til v\u00e6gge, kasser og biler. Ideel til tilbud og kampagner over en bestemt periode. V\u00e6lg din egen st\u00f8rrelse nedenfor.<\/p>\n","protected":false},"featured_media":13140,"template":"","meta":{"_acf_changed":false},"product_brand":[],"product_cat":[369],"product_tag":[],"class_list":{"0":"post-13146","1":"product","2":"type-product","3":"status-publish","4":"has-post-thumbnail","6":"product_cat-klistermaerker-vinyl-og-folie","7":"product_shipping_class-180sek","9":"first","10":"instock","11":"taxable","12":"shipping-taxable","13":"purchasable","14":"product-type-simple"},"exclude_global_add_ons":[],"addons":[],"acf":[],"yoast_head":"<!-- This site is optimized with the Yoast SEO plugin v27.2 - https:\/\/yoast.com\/product\/yoast-seo-wordpress\/ -->\n<title>. Bestil med lav pris<\/title>\n<meta name=\"description\" content=\"Easy dot kampagnefolie til billig pris. K\u00f8b klisterm\u00e6rker, der er lette at fjerne. Kaldes let dot vinyl. Print er en del af den hurtige levering.\" \/>\n<meta name=\"robots\" content=\"index, follow, max-snippet:-1, max-image-preview:large, max-video-preview:-1\" \/>\n<link rel=\"canonical\" href=\"https:\/\/www.gdirekt.se\/da\/produkt\/easy-dot-kampagnefolie\/\" \/>\n<meta property=\"og:locale\" content=\"da_DK\" \/>\n<meta property=\"og:type\" content=\"article\" \/>\n<meta property=\"og:title\" content=\". Bestil med lav pris\" \/>\n<meta property=\"og:description\" content=\"Easy dot kampagnefolie til billig pris. K\u00f8b klisterm\u00e6rker, der er lette at fjerne. Kaldes let dot vinyl. Print er en del af den hurtige levering.\" \/>\n<meta property=\"og:url\" content=\"https:\/\/www.gdirekt.se\/da\/produkt\/easy-dot-kampagnefolie\/\" \/>\n<meta property=\"og:site_name\" content=\"Gdirekt.se\" \/>\n<meta property=\"article:modified_time\" content=\"2024-02-01T08:29:56+00:00\" \/>\n<meta property=\"og:image\" content=\"https:\/\/www.gdirekt.se\/wp-content\/uploads\/kampanjvinyl.png\" \/>\n\t<meta property=\"og:image:width\" content=\"1000\" \/>\n\t<meta property=\"og:image:height\" content=\"1000\" \/>\n\t<meta property=\"og:image:type\" content=\"image\/png\" \/>\n<meta name=\"twitter:card\" content=\"summary_large_image\" \/>\n<meta name=\"twitter:label1\" content=\"Estimeret l\u00e6setid\" \/>\n\t<meta name=\"twitter:data1\" content=\"2 minutter\" \/>\n<script type=\"application\/ld+json\" class=\"yoast-schema-graph\">{\"@context\":\"https:\/\/schema.org\",\"@graph\":[{\"@type\":\"WebPage\",\"@id\":\"https:\/\/www.gdirekt.se\/da\/produkt\/easy-dot-kampagnefolie\/\",\"url\":\"https:\/\/www.gdirekt.se\/da\/produkt\/easy-dot-kampagnefolie\/\",\"name\":\". Bestil med lav pris\",\"isPartOf\":{\"@id\":\"https:\/\/www.gdirekt.se\/#website\"},\"primaryImageOfPage\":{\"@id\":\"https:\/\/www.gdirekt.se\/da\/produkt\/easy-dot-kampagnefolie\/#primaryimage\"},\"image\":{\"@id\":\"https:\/\/www.gdirekt.se\/da\/produkt\/easy-dot-kampagnefolie\/#primaryimage\"},\"thumbnailUrl\":\"https:\/\/www.gdirekt.se\/wp-content\/uploads\/kampanjvinyl.png\",\"datePublished\":\"2020-01-22T07:27:10+00:00\",\"dateModified\":\"2024-02-01T08:29:56+00:00\",\"description\":\"Easy dot kampagnefolie til billig pris. K\u00f8b klisterm\u00e6rker, der er lette at fjerne. Kaldes let dot vinyl. Print er en del af den hurtige levering.\",\"breadcrumb\":{\"@id\":\"https:\/\/www.gdirekt.se\/da\/produkt\/easy-dot-kampagnefolie\/#breadcrumb\"},\"inLanguage\":\"da-DK\",\"potentialAction\":[{\"@type\":\"ReadAction\",\"target\":[\"https:\/\/www.gdirekt.se\/da\/produkt\/easy-dot-kampagnefolie\/\"]}]},{\"@type\":\"ImageObject\",\"inLanguage\":\"da-DK\",\"@id\":\"https:\/\/www.gdirekt.se\/da\/produkt\/easy-dot-kampagnefolie\/#primaryimage\",\"url\":\"https:\/\/www.gdirekt.se\/wp-content\/uploads\/kampanjvinyl.png\",\"contentUrl\":\"https:\/\/www.gdirekt.se\/wp-content\/uploads\/kampanjvinyl.png\",\"width\":1000,\"height\":1000,\"caption\":\"Let at fjerne klisterm\u00e6rke\"},{\"@type\":\"BreadcrumbList\",\"@id\":\"https:\/\/www.gdirekt.se\/da\/produkt\/easy-dot-kampagnefolie\/#breadcrumb\",\"itemListElement\":[{\"@type\":\"ListItem\",\"position\":1,\"name\":\"Hem\",\"item\":\"https:\/\/www.gdirekt.se\/da\/\"},{\"@type\":\"ListItem\",\"position\":2,\"name\":\"Start\",\"item\":\"https:\/\/www.gdirekt.se\/da\/\"},{\"@type\":\"ListItem\",\"position\":3,\"name\":\"Easy dot kampagnefolie\"}]},{\"@type\":\"WebSite\",\"@id\":\"https:\/\/www.gdirekt.se\/#website\",\"url\":\"https:\/\/www.gdirekt.se\/\",\"name\":\"Gdirekt.se\",\"description\":\"Tryck snabbt \u00e5 l\u00e4tt = Gdirekt\",\"potentialAction\":[{\"@type\":\"SearchAction\",\"target\":{\"@type\":\"EntryPoint\",\"urlTemplate\":\"https:\/\/www.gdirekt.se\/?s={search_term_string}\"},\"query-input\":{\"@type\":\"PropertyValueSpecification\",\"valueRequired\":true,\"valueName\":\"search_term_string\"}}],\"inLanguage\":\"da-DK\"}]}<\/script>\n<!-- \/ Yoast SEO plugin. -->","yoast_head_json":{"title":". Bestil med lav pris","description":"Easy dot kampagnefolie til billig pris. K\u00f8b klisterm\u00e6rker, der er lette at fjerne. Kaldes let dot vinyl. Print er en del af den hurtige levering.","robots":{"index":"index","follow":"follow","max-snippet":"max-snippet:-1","max-image-preview":"max-image-preview:large","max-video-preview":"max-video-preview:-1"},"canonical":"https:\/\/www.gdirekt.se\/da\/produkt\/easy-dot-kampagnefolie\/","og_locale":"da_DK","og_type":"article","og_title":". Bestil med lav pris","og_description":"Easy dot kampagnefolie til billig pris. K\u00f8b klisterm\u00e6rker, der er lette at fjerne. Kaldes let dot vinyl. Print er en del af den hurtige levering.","og_url":"https:\/\/www.gdirekt.se\/da\/produkt\/easy-dot-kampagnefolie\/","og_site_name":"Gdirekt.se","article_modified_time":"2024-02-01T08:29:56+00:00","og_image":[{"width":1000,"height":1000,"url":"https:\/\/www.gdirekt.se\/wp-content\/uploads\/kampanjvinyl.png","type":"image\/png"}],"twitter_card":"summary_large_image","twitter_misc":{"Estimeret l\u00e6setid":"2 minutter"},"schema":{"@context":"https:\/\/schema.org","@graph":[{"@type":"WebPage","@id":"https:\/\/www.gdirekt.se\/da\/produkt\/easy-dot-kampagnefolie\/","url":"https:\/\/www.gdirekt.se\/da\/produkt\/easy-dot-kampagnefolie\/","name":". Bestil med lav pris","isPartOf":{"@id":"https:\/\/www.gdirekt.se\/#website"},"primaryImageOfPage":{"@id":"https:\/\/www.gdirekt.se\/da\/produkt\/easy-dot-kampagnefolie\/#primaryimage"},"image":{"@id":"https:\/\/www.gdirekt.se\/da\/produkt\/easy-dot-kampagnefolie\/#primaryimage"},"thumbnailUrl":"https:\/\/www.gdirekt.se\/wp-content\/uploads\/kampanjvinyl.png","datePublished":"2020-01-22T07:27:10+00:00","dateModified":"2024-02-01T08:29:56+00:00","description":"Easy dot kampagnefolie til billig pris. K\u00f8b klisterm\u00e6rker, der er lette at fjerne. Kaldes let dot vinyl. Print er en del af den hurtige levering.","breadcrumb":{"@id":"https:\/\/www.gdirekt.se\/da\/produkt\/easy-dot-kampagnefolie\/#breadcrumb"},"inLanguage":"da-DK","potentialAction":[{"@type":"ReadAction","target":["https:\/\/www.gdirekt.se\/da\/produkt\/easy-dot-kampagnefolie\/"]}]},{"@type":"ImageObject","inLanguage":"da-DK","@id":"https:\/\/www.gdirekt.se\/da\/produkt\/easy-dot-kampagnefolie\/#primaryimage","url":"https:\/\/www.gdirekt.se\/wp-content\/uploads\/kampanjvinyl.png","contentUrl":"https:\/\/www.gdirekt.se\/wp-content\/uploads\/kampanjvinyl.png","width":1000,"height":1000,"caption":"Let at fjerne klisterm\u00e6rke"},{"@type":"BreadcrumbList","@id":"https:\/\/www.gdirekt.se\/da\/produkt\/easy-dot-kampagnefolie\/#breadcrumb","itemListElement":[{"@type":"ListItem","position":1,"name":"Hem","item":"https:\/\/www.gdirekt.se\/da\/"},{"@type":"ListItem","position":2,"name":"Start","item":"https:\/\/www.gdirekt.se\/da\/"},{"@type":"ListItem","position":3,"name":"Easy dot kampagnefolie"}]},{"@type":"WebSite","@id":"https:\/\/www.gdirekt.se\/#website","url":"https:\/\/www.gdirekt.se\/","name":"Gdirekt.se","description":"Tryck snabbt \u00e5 l\u00e4tt = Gdirekt","potentialAction":[{"@type":"SearchAction","target":{"@type":"EntryPoint","urlTemplate":"https:\/\/www.gdirekt.se\/?s={search_term_string}"},"query-input":{"@type":"PropertyValueSpecification","valueRequired":true,"valueName":"search_term_string"}}],"inLanguage":"da-DK"}]}},"_links":{"self":[{"href":"https:\/\/www.gdirekt.se\/da\/wp-json\/wp\/v2\/product\/13146","targetHints":{"allow":["GET"]}}],"collection":[{"href":"https:\/\/www.gdirekt.se\/da\/wp-json\/wp\/v2\/product"}],"about":[{"href":"https:\/\/www.gdirekt.se\/da\/wp-json\/wp\/v2\/types\/product"}],"wp:featuredmedia":[{"embeddable":true,"href":"https:\/\/www.gdirekt.se\/da\/wp-json\/wp\/v2\/media\/13140"}],"wp:attachment":[{"href":"https:\/\/www.gdirekt.se\/da\/wp-json\/wp\/v2\/media?parent=13146"}],"wp:term":[{"taxonomy":"product_brand","embeddable":true,"href":"https:\/\/www.gdirekt.se\/da\/wp-json\/wp\/v2\/product_brand?post=13146"},{"taxonomy":"product_cat","embeddable":true,"href":"https:\/\/www.gdirekt.se\/da\/wp-json\/wp\/v2\/product_cat?post=13146"},{"taxonomy":"product_tag","embeddable":true,"href":"https:\/\/www.gdirekt.se\/da\/wp-json\/wp\/v2\/product_tag?post=13146"}],"curies":[{"name":"wp","href":"https:\/\/api.w.org\/{rel}","templated":true}]}}