{"id":13051,"date":"2020-01-13T11:54:23","date_gmt":"2020-01-13T10:54:23","guid":{"rendered":"https:\/\/www.gdirekt.se\/?post_type=product&#038;p=13051"},"modified":"2024-02-01T09:29:58","modified_gmt":"2024-02-01T08:29:58","slug":"isreklame","status":"publish","type":"product","link":"https:\/\/www.gdirekt.se\/da\/produkt\/isreklame\/","title":{"rendered":"Isreklame"},"content":{"rendered":"<p>Isreklame med tryk til logo og firmanavne kan endelig bestilles direkte fra producenten! Vi bruger et holdbart polyesterstof med huller, der tillader vandet at flyde let inden frysning. Isreklame med beskeder eller indgiver er meget god. Vi har store stofmaskiner op til 3 meter brede, s\u00e5 st\u00f8rrelsen p\u00e5 gigantisk isreklame fungerer godt. Hvis det skal v\u00e6re rigtig stort, skal du bare sammenstille billederne. Trykte billeder til isreklame kaldes ogs\u00e5 isdekor.<\/p>\n<p>Isreklamen skal v\u00e6re 20,25 mm nede i isen. Takket v\u00e6re det holdbare materiale er det lettere at h\u00e5ndtere.<\/p>\n<p>Kontakt os for andre foresp\u00f8rgsler. Vi er professionel p\u00e5 dette omr\u00e5de og har leveret hundredvis af logoer til isreklame til hockeyklubber og curlingklubber. Det fungerer godt med klippede cirkler og ogs\u00e5 tekster og logoer selvf\u00f8lgelig.<\/p>\n<p>&nbsp;<\/p>\n<p>Har du brug for andre baggrundsbilleder, hveps og bannere, s\u00e5 klik her! P\u00e5 grund af vores fine k\u00f8b bliver det billigere med os. Vi har leveret trykte bannere til alle typer begivenheder, konkurrencer og sportsaktiviteter. For ideer til en vellykket begivenhed, se vores moderselskabs side GigantPrint! Ring 011-251515 eller e-mail info@gdirekt.se<\/p>\n","protected":false},"excerpt":{"rendered":"<p>K\u00f8b den bedste isreklame med godt tryk i farverne. Vi producerer i h\u00f8jeste kvalitet, og materialet synker godt i vandet, f\u00f8r det fryser. Vil vare i flere s\u00e6soner.<\/p>\n","protected":false},"featured_media":13061,"template":"","meta":{"_acf_changed":false},"product_brand":[],"product_cat":[369,380],"product_tag":[],"class_list":{"0":"post-13051","1":"product","2":"type-product","3":"status-publish","4":"has-post-thumbnail","6":"product_cat-klistermaerker-vinyl-og-folie","7":"product_cat-tekstiltryk-og-scenetaepper","8":"product_shipping_class-350kr","10":"first","11":"instock","12":"taxable","13":"shipping-taxable","14":"purchasable","15":"product-type-simple"},"exclude_global_add_ons":[],"addons":[],"acf":[],"yoast_head":"<!-- This site is optimized with the Yoast SEO plugin v27.2 - https:\/\/yoast.com\/product\/yoast-seo-wordpress\/ -->\n<title>Isreklame till hallens arena med reklam - tryck ing\u00e5r i priset | Gdirekt.se<\/title>\n<meta name=\"description\" content=\"Isreklame med trykt tekst og firmalogo i farve eller sort \/ hvid. Holdbart v\u00e5benmateriale, kan bruges flere gange. H\u00f8j kvalitet og hurtig levering!\" \/>\n<meta name=\"robots\" content=\"index, follow, max-snippet:-1, max-image-preview:large, max-video-preview:-1\" \/>\n<link rel=\"canonical\" href=\"https:\/\/www.gdirekt.se\/da\/produkt\/isreklame\/\" \/>\n<meta property=\"og:locale\" content=\"da_DK\" \/>\n<meta property=\"og:type\" content=\"article\" \/>\n<meta property=\"og:title\" content=\"Isreklame till hallens arena med reklam - tryck ing\u00e5r i priset | Gdirekt.se\" \/>\n<meta property=\"og:description\" content=\"Isreklame med trykt tekst og firmalogo i farve eller sort \/ hvid. Holdbart v\u00e5benmateriale, kan bruges flere gange. H\u00f8j kvalitet og hurtig levering!\" \/>\n<meta property=\"og:url\" content=\"https:\/\/www.gdirekt.se\/da\/produkt\/isreklame\/\" \/>\n<meta property=\"og:site_name\" content=\"Gdirekt.se\" \/>\n<meta property=\"article:modified_time\" content=\"2024-02-01T08:29:58+00:00\" \/>\n<meta property=\"og:image\" content=\"https:\/\/www.gdirekt.se\/wp-content\/uploads\/isreklam.png\" \/>\n\t<meta property=\"og:image:width\" content=\"1000\" \/>\n\t<meta property=\"og:image:height\" content=\"1000\" \/>\n\t<meta property=\"og:image:type\" content=\"image\/png\" \/>\n<meta name=\"twitter:card\" content=\"summary_large_image\" \/>\n<meta name=\"twitter:label1\" content=\"Estimeret l\u00e6setid\" \/>\n\t<meta name=\"twitter:data1\" content=\"1 minut\" \/>\n<script type=\"application\/ld+json\" class=\"yoast-schema-graph\">{\"@context\":\"https:\/\/schema.org\",\"@graph\":[{\"@type\":\"WebPage\",\"@id\":\"https:\/\/www.gdirekt.se\/da\/produkt\/isreklame\/\",\"url\":\"https:\/\/www.gdirekt.se\/da\/produkt\/isreklame\/\",\"name\":\"Isreklame till hallens arena med reklam - tryck ing\u00e5r i priset | Gdirekt.se\",\"isPartOf\":{\"@id\":\"https:\/\/www.gdirekt.se\/#website\"},\"primaryImageOfPage\":{\"@id\":\"https:\/\/www.gdirekt.se\/da\/produkt\/isreklame\/#primaryimage\"},\"image\":{\"@id\":\"https:\/\/www.gdirekt.se\/da\/produkt\/isreklame\/#primaryimage\"},\"thumbnailUrl\":\"https:\/\/www.gdirekt.se\/wp-content\/uploads\/isreklam.png\",\"datePublished\":\"2020-01-13T10:54:23+00:00\",\"dateModified\":\"2024-02-01T08:29:58+00:00\",\"description\":\"Isreklame med trykt tekst og firmalogo i farve eller sort \/ hvid. Holdbart v\u00e5benmateriale, kan bruges flere gange. H\u00f8j kvalitet og hurtig levering!\",\"breadcrumb\":{\"@id\":\"https:\/\/www.gdirekt.se\/da\/produkt\/isreklame\/#breadcrumb\"},\"inLanguage\":\"da-DK\",\"potentialAction\":[{\"@type\":\"ReadAction\",\"target\":[\"https:\/\/www.gdirekt.se\/da\/produkt\/isreklame\/\"]}]},{\"@type\":\"ImageObject\",\"inLanguage\":\"da-DK\",\"@id\":\"https:\/\/www.gdirekt.se\/da\/produkt\/isreklame\/#primaryimage\",\"url\":\"https:\/\/www.gdirekt.se\/wp-content\/uploads\/isreklam.png\",\"contentUrl\":\"https:\/\/www.gdirekt.se\/wp-content\/uploads\/isreklam.png\",\"width\":1000,\"height\":1000,\"caption\":\"Isreklame med tryk\"},{\"@type\":\"BreadcrumbList\",\"@id\":\"https:\/\/www.gdirekt.se\/da\/produkt\/isreklame\/#breadcrumb\",\"itemListElement\":[{\"@type\":\"ListItem\",\"position\":1,\"name\":\"Hem\",\"item\":\"https:\/\/www.gdirekt.se\/da\/\"},{\"@type\":\"ListItem\",\"position\":2,\"name\":\"Start\",\"item\":\"https:\/\/www.gdirekt.se\/da\/\"},{\"@type\":\"ListItem\",\"position\":3,\"name\":\"Isreklame\"}]},{\"@type\":\"WebSite\",\"@id\":\"https:\/\/www.gdirekt.se\/#website\",\"url\":\"https:\/\/www.gdirekt.se\/\",\"name\":\"Gdirekt.se\",\"description\":\"Tryck snabbt \u00e5 l\u00e4tt = Gdirekt\",\"potentialAction\":[{\"@type\":\"SearchAction\",\"target\":{\"@type\":\"EntryPoint\",\"urlTemplate\":\"https:\/\/www.gdirekt.se\/?s={search_term_string}\"},\"query-input\":{\"@type\":\"PropertyValueSpecification\",\"valueRequired\":true,\"valueName\":\"search_term_string\"}}],\"inLanguage\":\"da-DK\"}]}<\/script>\n<!-- \/ Yoast SEO plugin. -->","yoast_head_json":{"title":"Isreklame till hallens arena med reklam - tryck ing\u00e5r i priset | Gdirekt.se","description":"Isreklame med trykt tekst og firmalogo i farve eller sort \/ hvid. Holdbart v\u00e5benmateriale, kan bruges flere gange. H\u00f8j kvalitet og hurtig levering!","robots":{"index":"index","follow":"follow","max-snippet":"max-snippet:-1","max-image-preview":"max-image-preview:large","max-video-preview":"max-video-preview:-1"},"canonical":"https:\/\/www.gdirekt.se\/da\/produkt\/isreklame\/","og_locale":"da_DK","og_type":"article","og_title":"Isreklame till hallens arena med reklam - tryck ing\u00e5r i priset | Gdirekt.se","og_description":"Isreklame med trykt tekst og firmalogo i farve eller sort \/ hvid. Holdbart v\u00e5benmateriale, kan bruges flere gange. H\u00f8j kvalitet og hurtig levering!","og_url":"https:\/\/www.gdirekt.se\/da\/produkt\/isreklame\/","og_site_name":"Gdirekt.se","article_modified_time":"2024-02-01T08:29:58+00:00","og_image":[{"width":1000,"height":1000,"url":"https:\/\/www.gdirekt.se\/wp-content\/uploads\/isreklam.png","type":"image\/png"}],"twitter_card":"summary_large_image","twitter_misc":{"Estimeret l\u00e6setid":"1 minut"},"schema":{"@context":"https:\/\/schema.org","@graph":[{"@type":"WebPage","@id":"https:\/\/www.gdirekt.se\/da\/produkt\/isreklame\/","url":"https:\/\/www.gdirekt.se\/da\/produkt\/isreklame\/","name":"Isreklame till hallens arena med reklam - tryck ing\u00e5r i priset | Gdirekt.se","isPartOf":{"@id":"https:\/\/www.gdirekt.se\/#website"},"primaryImageOfPage":{"@id":"https:\/\/www.gdirekt.se\/da\/produkt\/isreklame\/#primaryimage"},"image":{"@id":"https:\/\/www.gdirekt.se\/da\/produkt\/isreklame\/#primaryimage"},"thumbnailUrl":"https:\/\/www.gdirekt.se\/wp-content\/uploads\/isreklam.png","datePublished":"2020-01-13T10:54:23+00:00","dateModified":"2024-02-01T08:29:58+00:00","description":"Isreklame med trykt tekst og firmalogo i farve eller sort \/ hvid. Holdbart v\u00e5benmateriale, kan bruges flere gange. H\u00f8j kvalitet og hurtig levering!","breadcrumb":{"@id":"https:\/\/www.gdirekt.se\/da\/produkt\/isreklame\/#breadcrumb"},"inLanguage":"da-DK","potentialAction":[{"@type":"ReadAction","target":["https:\/\/www.gdirekt.se\/da\/produkt\/isreklame\/"]}]},{"@type":"ImageObject","inLanguage":"da-DK","@id":"https:\/\/www.gdirekt.se\/da\/produkt\/isreklame\/#primaryimage","url":"https:\/\/www.gdirekt.se\/wp-content\/uploads\/isreklam.png","contentUrl":"https:\/\/www.gdirekt.se\/wp-content\/uploads\/isreklam.png","width":1000,"height":1000,"caption":"Isreklame med tryk"},{"@type":"BreadcrumbList","@id":"https:\/\/www.gdirekt.se\/da\/produkt\/isreklame\/#breadcrumb","itemListElement":[{"@type":"ListItem","position":1,"name":"Hem","item":"https:\/\/www.gdirekt.se\/da\/"},{"@type":"ListItem","position":2,"name":"Start","item":"https:\/\/www.gdirekt.se\/da\/"},{"@type":"ListItem","position":3,"name":"Isreklame"}]},{"@type":"WebSite","@id":"https:\/\/www.gdirekt.se\/#website","url":"https:\/\/www.gdirekt.se\/","name":"Gdirekt.se","description":"Tryck snabbt \u00e5 l\u00e4tt = Gdirekt","potentialAction":[{"@type":"SearchAction","target":{"@type":"EntryPoint","urlTemplate":"https:\/\/www.gdirekt.se\/?s={search_term_string}"},"query-input":{"@type":"PropertyValueSpecification","valueRequired":true,"valueName":"search_term_string"}}],"inLanguage":"da-DK"}]}},"_links":{"self":[{"href":"https:\/\/www.gdirekt.se\/da\/wp-json\/wp\/v2\/product\/13051","targetHints":{"allow":["GET"]}}],"collection":[{"href":"https:\/\/www.gdirekt.se\/da\/wp-json\/wp\/v2\/product"}],"about":[{"href":"https:\/\/www.gdirekt.se\/da\/wp-json\/wp\/v2\/types\/product"}],"wp:featuredmedia":[{"embeddable":true,"href":"https:\/\/www.gdirekt.se\/da\/wp-json\/wp\/v2\/media\/13061"}],"wp:attachment":[{"href":"https:\/\/www.gdirekt.se\/da\/wp-json\/wp\/v2\/media?parent=13051"}],"wp:term":[{"taxonomy":"product_brand","embeddable":true,"href":"https:\/\/www.gdirekt.se\/da\/wp-json\/wp\/v2\/product_brand?post=13051"},{"taxonomy":"product_cat","embeddable":true,"href":"https:\/\/www.gdirekt.se\/da\/wp-json\/wp\/v2\/product_cat?post=13051"},{"taxonomy":"product_tag","embeddable":true,"href":"https:\/\/www.gdirekt.se\/da\/wp-json\/wp\/v2\/product_tag?post=13051"}],"curies":[{"name":"wp","href":"https:\/\/api.w.org\/{rel}","templated":true}]}}