{"id":12782,"date":"2020-01-02T13:26:50","date_gmt":"2020-01-02T12:26:50","guid":{"rendered":"https:\/\/www.gdirekt.se\/?post_type=product&#038;p=12782"},"modified":"2020-01-03T13:23:52","modified_gmt":"2020-01-03T12:23:52","slug":"lyddaempende-skaermvaeg","status":"publish","type":"product","link":"https:\/\/www.gdirekt.se\/da\/produkt\/lyddaempende-skaermvaeg\/","title":{"rendered":"Lydd\u00e6mpende sk\u00e6rmv\u00e6g"},"content":{"rendered":"<p>Lydabsorberende sk\u00e6rmv\u00e6g, eget trykt motiv i stof kaldes ogs\u00e5 lydabsorberende v\u00e6gge. Disse lydabsorbenter fungerer godt p\u00e5 kontorer. Det lydabsorberende stof med sit eget tryk p\u00e5 fastg\u00f8res let til aluminiumsrammen med en gummistrimmel, der passer i en rille. Selve rammen er frem for alt st\u00e6rk og holdbar, og den er 44 mm tyk. Forfra er rammekanten kun 2 mm tyk, og det lydabsorberende bord med print p\u00e5 har et moderne look.<\/p>\n<p>Det lydabsorberende stof sidder stramt og lige i den akustiske v\u00e6g med f\u00f8dderne. Mellem tekstudskriften og lydabsorberen er der en luftspalte, der optager lyden yderligere. Brug af store lydabsorbenter som v\u00e6gge betyder, at lyden d\u00e6mpes i rummet, og det giver en dejlig f\u00f8lelse p\u00e5 kontorer og i lokalerne. Fungerer \u00e5benlyst i offentlige milj\u00f8er, butikker og andre lokaler. Lydd\u00e6mpende sk\u00e6rmv\u00e6gge er ogs\u00e5 almindelige i andre offentlige milj\u00f8er som skoler, spisestuer og restauranter samt sportshaller. Det stof, vi bruger, er brandkvalitet polyester i 220 gram tykkelse og certificeret i henhold til OEKO-TEX\u00ae.<\/p>\n<p>&nbsp;<\/p>\n<h4>Lydd\u00e6mpning og interi\u00f8rdesign med stilfuldt design!<\/h4>\n<p>Fordelene ved denne store lydabsorberende sk\u00e6rmv\u00e6g med stof er, at du nemt kan \u00e6ndre billedemner. Det er moderne med sit eget tryk. Vi producerer alt selv p\u00e5 vores fabrik i Norrk\u00f6ping og har kontorer i Stockholm, G\u00f6teborg, Malm\u00f6 og Horsen i Danmark. Vi har produceret store trykte billeder p\u00e5 stof siden 2000. Billederne har derfor den h\u00f8jeste opl\u00f8sning p\u00e5 digitale udskrifter. Tekster, logoer og fotos er skarpe, og farverne holder god glans. Hvis du k\u00f8ber lydabsorberende sk\u00e6rmv\u00e6g fra os, f\u00e5r du den h\u00f8jeste kvalitet. Du kan bestille rigtig store lydabsorbenter som gulvsk\u00e6rme, h\u00f8r fra os om flere st\u00f8rrelser.<\/p>\n<p>Sk\u00e6rmv\u00e6ggene f\u00e5s i farverne hvid, sort og aluminiums\u00f8lv. Levering sker i dele, der let skrues sammen med en lille unbrakon\u00f8gle.<\/p>\n<p>Du kan ogs\u00e5 bestille andre st\u00f8rrelser af disse lydd\u00e6mpende sk\u00e6rmv\u00e6gge i stof. Som leverand\u00f8r af aluminiumsrammer holder vi lejer i l\u00e6ngder p\u00e5 op til 6 meter og sk\u00e6rer varerne ned til n\u00f8jagtigt de rigtige dimensioner. Send os en e-mail med en anmodning, og vi vil sikre dig, at du modtager en pris eller ring p\u00e5 011-251515. Se vores andre billedrammer!<\/p>\n<p>&nbsp;<\/p>\n<p>Endelig held og lykke med akustik p\u00e5 arbejdet!<\/p>\n","protected":false},"excerpt":{"rendered":"<p>Lydd\u00e6mpende sk\u00e6rmv\u00e6g i stof med trykte motiver i farve. Akustiksk\u00e6rme fungerer som moderne lydabsorbenter og d\u00e6mper lydniveauet p\u00e5 kontorer og i andre lokaler. Selve aluminiumsrammen er 44 mm tyk, og forsidens kanter er kun 2 mm, s\u00e5 motivet fremh\u00e6ves. V\u00e6lg st\u00f8rrelse og farve nedenfor. Hvis I har brug for andre st\u00f8rrelser, er I velkomne til at kontakte os.<\/p>\n","protected":false},"featured_media":12791,"template":"","meta":{"_acf_changed":false},"product_brand":[],"product_cat":[375,376,378,380],"product_tag":[],"class_list":{"0":"post-12782","1":"product","2":"type-product","3":"status-publish","4":"has-post-thumbnail","6":"product_cat-messevaegge-og-displaysystemer","7":"product_cat-rammer-til-fotobilleder","8":"product_cat-skilte","9":"product_cat-tekstiltryk-og-scenetaepper","10":"product_shipping_class-350kr","12":"first","13":"instock","14":"taxable","15":"shipping-taxable","16":"purchasable","17":"product-type-variable","18":"has-default-attributes"},"exclude_global_add_ons":[],"addons":[],"acf":[],"yoast_head":"<!-- This site is optimized with the Yoast SEO plugin v27.2 - https:\/\/yoast.com\/product\/yoast-seo-wordpress\/ -->\n<title>Lydd\u00e6mpende sk\u00e6rmv\u00e6g for kontorets bedste akustik | Gdirekt.se<\/title>\n<meta name=\"description\" content=\"Lydd\u00e6mpende sk\u00e6rmv\u00e6g i stof er nemme at bestille p\u00e5 nettet hos Gdirekt. Lydabsorbenter med lydd\u00e6mpende stof kaldes akustikv\u00e6g med trykt motiv i farver.\" \/>\n<meta name=\"robots\" content=\"index, follow, max-snippet:-1, max-image-preview:large, max-video-preview:-1\" \/>\n<link rel=\"canonical\" href=\"https:\/\/www.gdirekt.se\/da\/produkt\/lyddaempende-skaermvaeg\/\" \/>\n<meta property=\"og:locale\" content=\"da_DK\" \/>\n<meta property=\"og:type\" content=\"article\" \/>\n<meta property=\"og:title\" content=\"Lydd\u00e6mpende sk\u00e6rmv\u00e6g for kontorets bedste akustik | Gdirekt.se\" \/>\n<meta property=\"og:description\" content=\"Lydd\u00e6mpende sk\u00e6rmv\u00e6g i stof er nemme at bestille p\u00e5 nettet hos Gdirekt. Lydabsorbenter med lydd\u00e6mpende stof kaldes akustikv\u00e6g med trykt motiv i farver.\" \/>\n<meta property=\"og:url\" content=\"https:\/\/www.gdirekt.se\/da\/produkt\/lyddaempende-skaermvaeg\/\" \/>\n<meta property=\"og:site_name\" content=\"Gdirekt.se\" \/>\n<meta property=\"article:modified_time\" content=\"2020-01-03T12:23:52+00:00\" \/>\n<meta property=\"og:image\" content=\"https:\/\/www.gdirekt.se\/wp-content\/uploads\/Golvskarm_ljuddampande.png\" \/>\n\t<meta property=\"og:image:width\" content=\"1000\" \/>\n\t<meta property=\"og:image:height\" content=\"1000\" \/>\n\t<meta property=\"og:image:type\" content=\"image\/png\" \/>\n<meta name=\"twitter:card\" content=\"summary_large_image\" \/>\n<meta name=\"twitter:label1\" content=\"Estimeret l\u00e6setid\" \/>\n\t<meta name=\"twitter:data1\" content=\"2 minutter\" \/>\n<script type=\"application\/ld+json\" class=\"yoast-schema-graph\">{\"@context\":\"https:\/\/schema.org\",\"@graph\":[{\"@type\":\"WebPage\",\"@id\":\"https:\/\/www.gdirekt.se\/da\/produkt\/lyddaempende-skaermvaeg\/\",\"url\":\"https:\/\/www.gdirekt.se\/da\/produkt\/lyddaempende-skaermvaeg\/\",\"name\":\"Lydd\u00e6mpende sk\u00e6rmv\u00e6g for kontorets bedste akustik | Gdirekt.se\",\"isPartOf\":{\"@id\":\"https:\/\/www.gdirekt.se\/#website\"},\"primaryImageOfPage\":{\"@id\":\"https:\/\/www.gdirekt.se\/da\/produkt\/lyddaempende-skaermvaeg\/#primaryimage\"},\"image\":{\"@id\":\"https:\/\/www.gdirekt.se\/da\/produkt\/lyddaempende-skaermvaeg\/#primaryimage\"},\"thumbnailUrl\":\"https:\/\/www.gdirekt.se\/wp-content\/uploads\/Golvskarm_ljuddampande.png\",\"datePublished\":\"2020-01-02T12:26:50+00:00\",\"dateModified\":\"2020-01-03T12:23:52+00:00\",\"description\":\"Lydd\u00e6mpende sk\u00e6rmv\u00e6g i stof er nemme at bestille p\u00e5 nettet hos Gdirekt. Lydabsorbenter med lydd\u00e6mpende stof kaldes akustikv\u00e6g med trykt motiv i farver.\",\"breadcrumb\":{\"@id\":\"https:\/\/www.gdirekt.se\/da\/produkt\/lyddaempende-skaermvaeg\/#breadcrumb\"},\"inLanguage\":\"da-DK\",\"potentialAction\":[{\"@type\":\"ReadAction\",\"target\":[\"https:\/\/www.gdirekt.se\/da\/produkt\/lyddaempende-skaermvaeg\/\"]}]},{\"@type\":\"ImageObject\",\"inLanguage\":\"da-DK\",\"@id\":\"https:\/\/www.gdirekt.se\/da\/produkt\/lyddaempende-skaermvaeg\/#primaryimage\",\"url\":\"https:\/\/www.gdirekt.se\/wp-content\/uploads\/Golvskarm_ljuddampande.png\",\"contentUrl\":\"https:\/\/www.gdirekt.se\/wp-content\/uploads\/Golvskarm_ljuddampande.png\",\"width\":1000,\"height\":1000,\"caption\":\"Perfekt sk\u00e6rm til kontor med eget design!\"},{\"@type\":\"BreadcrumbList\",\"@id\":\"https:\/\/www.gdirekt.se\/da\/produkt\/lyddaempende-skaermvaeg\/#breadcrumb\",\"itemListElement\":[{\"@type\":\"ListItem\",\"position\":1,\"name\":\"Hem\",\"item\":\"https:\/\/www.gdirekt.se\/da\/\"},{\"@type\":\"ListItem\",\"position\":2,\"name\":\"Start\",\"item\":\"https:\/\/www.gdirekt.se\/da\/\"},{\"@type\":\"ListItem\",\"position\":3,\"name\":\"Lydd\u00e6mpende sk\u00e6rmv\u00e6g\"}]},{\"@type\":\"WebSite\",\"@id\":\"https:\/\/www.gdirekt.se\/#website\",\"url\":\"https:\/\/www.gdirekt.se\/\",\"name\":\"Gdirekt.se\",\"description\":\"Tryck snabbt \u00e5 l\u00e4tt = Gdirekt\",\"potentialAction\":[{\"@type\":\"SearchAction\",\"target\":{\"@type\":\"EntryPoint\",\"urlTemplate\":\"https:\/\/www.gdirekt.se\/?s={search_term_string}\"},\"query-input\":{\"@type\":\"PropertyValueSpecification\",\"valueRequired\":true,\"valueName\":\"search_term_string\"}}],\"inLanguage\":\"da-DK\"}]}<\/script>\n<!-- \/ Yoast SEO plugin. -->","yoast_head_json":{"title":"Lydd\u00e6mpende sk\u00e6rmv\u00e6g for kontorets bedste akustik | Gdirekt.se","description":"Lydd\u00e6mpende sk\u00e6rmv\u00e6g i stof er nemme at bestille p\u00e5 nettet hos Gdirekt. Lydabsorbenter med lydd\u00e6mpende stof kaldes akustikv\u00e6g med trykt motiv i farver.","robots":{"index":"index","follow":"follow","max-snippet":"max-snippet:-1","max-image-preview":"max-image-preview:large","max-video-preview":"max-video-preview:-1"},"canonical":"https:\/\/www.gdirekt.se\/da\/produkt\/lyddaempende-skaermvaeg\/","og_locale":"da_DK","og_type":"article","og_title":"Lydd\u00e6mpende sk\u00e6rmv\u00e6g for kontorets bedste akustik | Gdirekt.se","og_description":"Lydd\u00e6mpende sk\u00e6rmv\u00e6g i stof er nemme at bestille p\u00e5 nettet hos Gdirekt. Lydabsorbenter med lydd\u00e6mpende stof kaldes akustikv\u00e6g med trykt motiv i farver.","og_url":"https:\/\/www.gdirekt.se\/da\/produkt\/lyddaempende-skaermvaeg\/","og_site_name":"Gdirekt.se","article_modified_time":"2020-01-03T12:23:52+00:00","og_image":[{"width":1000,"height":1000,"url":"https:\/\/www.gdirekt.se\/wp-content\/uploads\/Golvskarm_ljuddampande.png","type":"image\/png"}],"twitter_card":"summary_large_image","twitter_misc":{"Estimeret l\u00e6setid":"2 minutter"},"schema":{"@context":"https:\/\/schema.org","@graph":[{"@type":"WebPage","@id":"https:\/\/www.gdirekt.se\/da\/produkt\/lyddaempende-skaermvaeg\/","url":"https:\/\/www.gdirekt.se\/da\/produkt\/lyddaempende-skaermvaeg\/","name":"Lydd\u00e6mpende sk\u00e6rmv\u00e6g for kontorets bedste akustik | Gdirekt.se","isPartOf":{"@id":"https:\/\/www.gdirekt.se\/#website"},"primaryImageOfPage":{"@id":"https:\/\/www.gdirekt.se\/da\/produkt\/lyddaempende-skaermvaeg\/#primaryimage"},"image":{"@id":"https:\/\/www.gdirekt.se\/da\/produkt\/lyddaempende-skaermvaeg\/#primaryimage"},"thumbnailUrl":"https:\/\/www.gdirekt.se\/wp-content\/uploads\/Golvskarm_ljuddampande.png","datePublished":"2020-01-02T12:26:50+00:00","dateModified":"2020-01-03T12:23:52+00:00","description":"Lydd\u00e6mpende sk\u00e6rmv\u00e6g i stof er nemme at bestille p\u00e5 nettet hos Gdirekt. Lydabsorbenter med lydd\u00e6mpende stof kaldes akustikv\u00e6g med trykt motiv i farver.","breadcrumb":{"@id":"https:\/\/www.gdirekt.se\/da\/produkt\/lyddaempende-skaermvaeg\/#breadcrumb"},"inLanguage":"da-DK","potentialAction":[{"@type":"ReadAction","target":["https:\/\/www.gdirekt.se\/da\/produkt\/lyddaempende-skaermvaeg\/"]}]},{"@type":"ImageObject","inLanguage":"da-DK","@id":"https:\/\/www.gdirekt.se\/da\/produkt\/lyddaempende-skaermvaeg\/#primaryimage","url":"https:\/\/www.gdirekt.se\/wp-content\/uploads\/Golvskarm_ljuddampande.png","contentUrl":"https:\/\/www.gdirekt.se\/wp-content\/uploads\/Golvskarm_ljuddampande.png","width":1000,"height":1000,"caption":"Perfekt sk\u00e6rm til kontor med eget design!"},{"@type":"BreadcrumbList","@id":"https:\/\/www.gdirekt.se\/da\/produkt\/lyddaempende-skaermvaeg\/#breadcrumb","itemListElement":[{"@type":"ListItem","position":1,"name":"Hem","item":"https:\/\/www.gdirekt.se\/da\/"},{"@type":"ListItem","position":2,"name":"Start","item":"https:\/\/www.gdirekt.se\/da\/"},{"@type":"ListItem","position":3,"name":"Lydd\u00e6mpende sk\u00e6rmv\u00e6g"}]},{"@type":"WebSite","@id":"https:\/\/www.gdirekt.se\/#website","url":"https:\/\/www.gdirekt.se\/","name":"Gdirekt.se","description":"Tryck snabbt \u00e5 l\u00e4tt = Gdirekt","potentialAction":[{"@type":"SearchAction","target":{"@type":"EntryPoint","urlTemplate":"https:\/\/www.gdirekt.se\/?s={search_term_string}"},"query-input":{"@type":"PropertyValueSpecification","valueRequired":true,"valueName":"search_term_string"}}],"inLanguage":"da-DK"}]}},"_links":{"self":[{"href":"https:\/\/www.gdirekt.se\/da\/wp-json\/wp\/v2\/product\/12782","targetHints":{"allow":["GET"]}}],"collection":[{"href":"https:\/\/www.gdirekt.se\/da\/wp-json\/wp\/v2\/product"}],"about":[{"href":"https:\/\/www.gdirekt.se\/da\/wp-json\/wp\/v2\/types\/product"}],"wp:featuredmedia":[{"embeddable":true,"href":"https:\/\/www.gdirekt.se\/da\/wp-json\/wp\/v2\/media\/12791"}],"wp:attachment":[{"href":"https:\/\/www.gdirekt.se\/da\/wp-json\/wp\/v2\/media?parent=12782"}],"wp:term":[{"taxonomy":"product_brand","embeddable":true,"href":"https:\/\/www.gdirekt.se\/da\/wp-json\/wp\/v2\/product_brand?post=12782"},{"taxonomy":"product_cat","embeddable":true,"href":"https:\/\/www.gdirekt.se\/da\/wp-json\/wp\/v2\/product_cat?post=12782"},{"taxonomy":"product_tag","embeddable":true,"href":"https:\/\/www.gdirekt.se\/da\/wp-json\/wp\/v2\/product_tag?post=12782"}],"curies":[{"name":"wp","href":"https:\/\/api.w.org\/{rel}","templated":true}]}}