{"id":12657,"date":"2019-12-18T13:44:48","date_gmt":"2019-12-18T12:44:48","guid":{"rendered":"https:\/\/www.gdirekt.se\/?post_type=product&#038;p=12657"},"modified":"2024-02-01T09:30:03","modified_gmt":"2024-02-01T08:30:03","slug":"popup-ledbox","status":"publish","type":"product","link":"https:\/\/www.gdirekt.se\/da\/produkt\/popup-ledbox\/","title":{"rendered":"Popup LEDBOX"},"content":{"rendered":"<p>Popup LEDBOX er f\u00f8rst og fremmest komplet med 2 billeder! Det trykte stof g\u00f8r det muligt for lyset at sprede sig optimalt. Montering er let uden v\u00e6rkt\u00f8j. Levering finder sted i en kasse, komplet komplet med lamper og kontakter. Lysskaberne bruges til indretning i butikker og udstillinger. Effektiv som informationstavler og reklame med beskeder. Uanset hvad vil resultatet v\u00e6re en meget h\u00f8j opl\u00f8sning p\u00e5 b\u00e5de foto og tekst. LED-skilte er reklametegn, der ses bedst og viser emnet konstant sammenlignet med en tv-sk\u00e6rm.<\/p>\n<p>Nem montering, se denne <em><strong><a href=\"https:\/\/www.youtube.com\/watch?v=2f7x7ofDFAU\" target=\"_blank\" rel=\"noopener noreferrer\">video!<\/a><\/strong><\/em><\/p>\n<p>De tilg\u00e6ngelige farver p\u00e5 Popup LEDBOX er f\u00f8lgelig sort, hvid eller s\u00f8lv. Rammens tykkelse er 8 cm, og de vinklede f\u00f8dder stikker 16 cm ud p\u00e5 hver side.<\/p>\n<p>Vi har lysbokse p\u00e5 lager, hvilket betyder, at n\u00e5r du bestiller, producerer vi trykket med det samme! Disse lysskilte eller lysbokse kan forbindes. Hvis du har andre sp\u00f8rgsm\u00e5l om str\u00e5lende ideer, bedes du kontakte os p\u00e5 <a href=\"mailto:info@gdirekt.se\">info@gdirekt.se<\/a><\/p>\n<p>&nbsp;<\/p>\n<p>Leder du efter andre gode displayl\u00f8sninger, <em><strong><a href=\"https:\/\/www.gdirekt.se\/da\/produkt-kategori\/reklamstall-og-butikdisplayer\/\">s\u00e5 klik her!<\/a><\/strong><\/em><\/p>\n","protected":false},"excerpt":{"rendered":"<p>Popup LEDBOX er den smukkeste lysboks p\u00e5 markedet. Meget let installation uden v\u00e6rkt\u00f8j. St\u00f8rrelsen er 100x200cm og f\u00e5s i farverne sort, hvid eller s\u00f8lv. Den dobbeltsidede lysboks med design passer ind i interi\u00f8rdesign i butikkerne og st\u00e5r fast med f\u00f8dderne. Det trykte stof har en gummistrimmel, og du kan nemt \u00e6ndre billedet. <strong>2 stofbilleder er inkluderet i prisen!<\/strong><\/p>\n","protected":false},"featured_media":21550,"template":"","meta":{"_acf_changed":false},"product_brand":[],"product_cat":[357,378],"product_tag":[],"class_list":{"0":"post-12657","1":"product","2":"type-product","3":"status-publish","4":"has-post-thumbnail","6":"product_cat-reklamstall-og-butikdisplayer","7":"product_cat-skilte","8":"product_shipping_class-350kr","10":"first","11":"instock","12":"taxable","13":"shipping-taxable","14":"purchasable","15":"product-type-variable"},"exclude_global_add_ons":[],"addons":[],"acf":[],"yoast_head":"<!-- This site is optimized with the Yoast SEO plugin v27.2 - https:\/\/yoast.com\/product\/yoast-seo-wordpress\/ -->\n<title>Popup LEDBOX dejlig lysboks, trykt stof med gummistrimmel | Gdirekt.se<\/title>\n<meta name=\"description\" content=\"Popup LEDBOX er en lysboks. F\u00e5s i sort, hvid eller s\u00f8lv. Bestil en stor lysboks med trykt stof med en gummistrimmel! Dobbeltsidet eller ensidet.\" \/>\n<meta name=\"robots\" content=\"index, follow, max-snippet:-1, max-image-preview:large, max-video-preview:-1\" \/>\n<link rel=\"canonical\" href=\"https:\/\/www.gdirekt.se\/da\/produkt\/popup-ledbox\/\" \/>\n<meta property=\"og:locale\" content=\"da_DK\" \/>\n<meta property=\"og:type\" content=\"article\" \/>\n<meta property=\"og:title\" content=\"Popup LEDBOX dejlig lysboks, trykt stof med gummistrimmel | Gdirekt.se\" \/>\n<meta property=\"og:description\" content=\"Popup LEDBOX er en lysboks. F\u00e5s i sort, hvid eller s\u00f8lv. Bestil en stor lysboks med trykt stof med en gummistrimmel! Dobbeltsidet eller ensidet.\" \/>\n<meta property=\"og:url\" content=\"https:\/\/www.gdirekt.se\/da\/produkt\/popup-ledbox\/\" \/>\n<meta property=\"og:site_name\" content=\"Gdirekt.se\" \/>\n<meta property=\"article:modified_time\" content=\"2024-02-01T08:30:03+00:00\" \/>\n<meta property=\"og:image\" content=\"https:\/\/www.gdirekt.se\/wp-content\/uploads\/popupLEDBOX-1.png\" \/>\n\t<meta property=\"og:image:width\" content=\"1000\" \/>\n\t<meta property=\"og:image:height\" content=\"1000\" \/>\n\t<meta property=\"og:image:type\" content=\"image\/png\" \/>\n<meta name=\"twitter:card\" content=\"summary_large_image\" \/>\n<meta name=\"twitter:label1\" content=\"Estimeret l\u00e6setid\" \/>\n\t<meta name=\"twitter:data1\" content=\"1 minut\" \/>\n<script type=\"application\/ld+json\" class=\"yoast-schema-graph\">{\"@context\":\"https:\/\/schema.org\",\"@graph\":[{\"@type\":\"WebPage\",\"@id\":\"https:\/\/www.gdirekt.se\/da\/produkt\/popup-ledbox\/\",\"url\":\"https:\/\/www.gdirekt.se\/da\/produkt\/popup-ledbox\/\",\"name\":\"Popup LEDBOX dejlig lysboks, trykt stof med gummistrimmel | Gdirekt.se\",\"isPartOf\":{\"@id\":\"https:\/\/www.gdirekt.se\/#website\"},\"primaryImageOfPage\":{\"@id\":\"https:\/\/www.gdirekt.se\/da\/produkt\/popup-ledbox\/#primaryimage\"},\"image\":{\"@id\":\"https:\/\/www.gdirekt.se\/da\/produkt\/popup-ledbox\/#primaryimage\"},\"thumbnailUrl\":\"https:\/\/www.gdirekt.se\/wp-content\/uploads\/popupLEDBOX-1.png\",\"datePublished\":\"2019-12-18T12:44:48+00:00\",\"dateModified\":\"2024-02-01T08:30:03+00:00\",\"description\":\"Popup LEDBOX er en lysboks. F\u00e5s i sort, hvid eller s\u00f8lv. Bestil en stor lysboks med trykt stof med en gummistrimmel! Dobbeltsidet eller ensidet.\",\"breadcrumb\":{\"@id\":\"https:\/\/www.gdirekt.se\/da\/produkt\/popup-ledbox\/#breadcrumb\"},\"inLanguage\":\"da-DK\",\"potentialAction\":[{\"@type\":\"ReadAction\",\"target\":[\"https:\/\/www.gdirekt.se\/da\/produkt\/popup-ledbox\/\"]}]},{\"@type\":\"ImageObject\",\"inLanguage\":\"da-DK\",\"@id\":\"https:\/\/www.gdirekt.se\/da\/produkt\/popup-ledbox\/#primaryimage\",\"url\":\"https:\/\/www.gdirekt.se\/wp-content\/uploads\/popupLEDBOX-1.png\",\"contentUrl\":\"https:\/\/www.gdirekt.se\/wp-content\/uploads\/popupLEDBOX-1.png\",\"width\":1000,\"height\":1000,\"caption\":\"Portabel ljusl\u00e5da 100x200cm\"},{\"@type\":\"BreadcrumbList\",\"@id\":\"https:\/\/www.gdirekt.se\/da\/produkt\/popup-ledbox\/#breadcrumb\",\"itemListElement\":[{\"@type\":\"ListItem\",\"position\":1,\"name\":\"Hem\",\"item\":\"https:\/\/www.gdirekt.se\/da\/\"},{\"@type\":\"ListItem\",\"position\":2,\"name\":\"Start\",\"item\":\"https:\/\/www.gdirekt.se\/da\/\"},{\"@type\":\"ListItem\",\"position\":3,\"name\":\"Popup LEDBOX\"}]},{\"@type\":\"WebSite\",\"@id\":\"https:\/\/www.gdirekt.se\/#website\",\"url\":\"https:\/\/www.gdirekt.se\/\",\"name\":\"Gdirekt.se\",\"description\":\"Tryck snabbt \u00e5 l\u00e4tt = Gdirekt\",\"potentialAction\":[{\"@type\":\"SearchAction\",\"target\":{\"@type\":\"EntryPoint\",\"urlTemplate\":\"https:\/\/www.gdirekt.se\/?s={search_term_string}\"},\"query-input\":{\"@type\":\"PropertyValueSpecification\",\"valueRequired\":true,\"valueName\":\"search_term_string\"}}],\"inLanguage\":\"da-DK\"}]}<\/script>\n<!-- \/ Yoast SEO plugin. -->","yoast_head_json":{"title":"Popup LEDBOX dejlig lysboks, trykt stof med gummistrimmel | Gdirekt.se","description":"Popup LEDBOX er en lysboks. F\u00e5s i sort, hvid eller s\u00f8lv. Bestil en stor lysboks med trykt stof med en gummistrimmel! Dobbeltsidet eller ensidet.","robots":{"index":"index","follow":"follow","max-snippet":"max-snippet:-1","max-image-preview":"max-image-preview:large","max-video-preview":"max-video-preview:-1"},"canonical":"https:\/\/www.gdirekt.se\/da\/produkt\/popup-ledbox\/","og_locale":"da_DK","og_type":"article","og_title":"Popup LEDBOX dejlig lysboks, trykt stof med gummistrimmel | Gdirekt.se","og_description":"Popup LEDBOX er en lysboks. F\u00e5s i sort, hvid eller s\u00f8lv. Bestil en stor lysboks med trykt stof med en gummistrimmel! Dobbeltsidet eller ensidet.","og_url":"https:\/\/www.gdirekt.se\/da\/produkt\/popup-ledbox\/","og_site_name":"Gdirekt.se","article_modified_time":"2024-02-01T08:30:03+00:00","og_image":[{"width":1000,"height":1000,"url":"https:\/\/www.gdirekt.se\/wp-content\/uploads\/popupLEDBOX-1.png","type":"image\/png"}],"twitter_card":"summary_large_image","twitter_misc":{"Estimeret l\u00e6setid":"1 minut"},"schema":{"@context":"https:\/\/schema.org","@graph":[{"@type":"WebPage","@id":"https:\/\/www.gdirekt.se\/da\/produkt\/popup-ledbox\/","url":"https:\/\/www.gdirekt.se\/da\/produkt\/popup-ledbox\/","name":"Popup LEDBOX dejlig lysboks, trykt stof med gummistrimmel | Gdirekt.se","isPartOf":{"@id":"https:\/\/www.gdirekt.se\/#website"},"primaryImageOfPage":{"@id":"https:\/\/www.gdirekt.se\/da\/produkt\/popup-ledbox\/#primaryimage"},"image":{"@id":"https:\/\/www.gdirekt.se\/da\/produkt\/popup-ledbox\/#primaryimage"},"thumbnailUrl":"https:\/\/www.gdirekt.se\/wp-content\/uploads\/popupLEDBOX-1.png","datePublished":"2019-12-18T12:44:48+00:00","dateModified":"2024-02-01T08:30:03+00:00","description":"Popup LEDBOX er en lysboks. F\u00e5s i sort, hvid eller s\u00f8lv. Bestil en stor lysboks med trykt stof med en gummistrimmel! Dobbeltsidet eller ensidet.","breadcrumb":{"@id":"https:\/\/www.gdirekt.se\/da\/produkt\/popup-ledbox\/#breadcrumb"},"inLanguage":"da-DK","potentialAction":[{"@type":"ReadAction","target":["https:\/\/www.gdirekt.se\/da\/produkt\/popup-ledbox\/"]}]},{"@type":"ImageObject","inLanguage":"da-DK","@id":"https:\/\/www.gdirekt.se\/da\/produkt\/popup-ledbox\/#primaryimage","url":"https:\/\/www.gdirekt.se\/wp-content\/uploads\/popupLEDBOX-1.png","contentUrl":"https:\/\/www.gdirekt.se\/wp-content\/uploads\/popupLEDBOX-1.png","width":1000,"height":1000,"caption":"Portabel ljusl\u00e5da 100x200cm"},{"@type":"BreadcrumbList","@id":"https:\/\/www.gdirekt.se\/da\/produkt\/popup-ledbox\/#breadcrumb","itemListElement":[{"@type":"ListItem","position":1,"name":"Hem","item":"https:\/\/www.gdirekt.se\/da\/"},{"@type":"ListItem","position":2,"name":"Start","item":"https:\/\/www.gdirekt.se\/da\/"},{"@type":"ListItem","position":3,"name":"Popup LEDBOX"}]},{"@type":"WebSite","@id":"https:\/\/www.gdirekt.se\/#website","url":"https:\/\/www.gdirekt.se\/","name":"Gdirekt.se","description":"Tryck snabbt \u00e5 l\u00e4tt = Gdirekt","potentialAction":[{"@type":"SearchAction","target":{"@type":"EntryPoint","urlTemplate":"https:\/\/www.gdirekt.se\/?s={search_term_string}"},"query-input":{"@type":"PropertyValueSpecification","valueRequired":true,"valueName":"search_term_string"}}],"inLanguage":"da-DK"}]}},"_links":{"self":[{"href":"https:\/\/www.gdirekt.se\/da\/wp-json\/wp\/v2\/product\/12657","targetHints":{"allow":["GET"]}}],"collection":[{"href":"https:\/\/www.gdirekt.se\/da\/wp-json\/wp\/v2\/product"}],"about":[{"href":"https:\/\/www.gdirekt.se\/da\/wp-json\/wp\/v2\/types\/product"}],"wp:featuredmedia":[{"embeddable":true,"href":"https:\/\/www.gdirekt.se\/da\/wp-json\/wp\/v2\/media\/21550"}],"wp:attachment":[{"href":"https:\/\/www.gdirekt.se\/da\/wp-json\/wp\/v2\/media?parent=12657"}],"wp:term":[{"taxonomy":"product_brand","embeddable":true,"href":"https:\/\/www.gdirekt.se\/da\/wp-json\/wp\/v2\/product_brand?post=12657"},{"taxonomy":"product_cat","embeddable":true,"href":"https:\/\/www.gdirekt.se\/da\/wp-json\/wp\/v2\/product_cat?post=12657"},{"taxonomy":"product_tag","embeddable":true,"href":"https:\/\/www.gdirekt.se\/da\/wp-json\/wp\/v2\/product_tag?post=12657"}],"curies":[{"name":"wp","href":"https:\/\/api.w.org\/{rel}","templated":true}]}}