{"id":12636,"date":"2019-12-17T11:19:51","date_gmt":"2019-12-17T10:19:51","guid":{"rendered":"https:\/\/www.gdirekt.se\/produkt\/12636\/"},"modified":"2019-12-17T16:19:00","modified_gmt":"2019-12-17T15:19:00","slug":"skilteafstandsstykke-sort-aluminium","status":"publish","type":"product","link":"https:\/\/www.gdirekt.se\/da\/produkt\/skilteafstandsstykke-sort-aluminium\/","title":{"rendered":"Skilteafstandsstykke, sort aluminium"},"content":{"rendered":"<p>Skilteafstandsstykke, sort aluminium bruges hovedsageligt til skilte og plader. Det er en v\u00e6gbeslag, der holder skilte op. Du skruer afstandsstykket til v\u00e6ggen med skruer og bruger helst en slags stik. Derefter holdes br\u00e6ttet over afstandsholderne, og fronten p\u00e5 afstandsstykket skrues p\u00e5 plads. Skiltet eller tavlen sidder derefter til sidst med en aluminiumsafstand i en sort blank overflade med forskellige dybder. V\u00e6lg mellem 19 mm eller 25 mm fra v\u00e6ggen afh\u00e6ngigt af varianten. Skilteafstandsstykke, sort aluminium har en blank overflade.<\/p>\n<p>Afstandsbeslagene kan bestilles i tre forskellige st\u00f8rrelser. Dimensionerne er:<\/p>\n<p>12 mm i diameter og 19 mm dyb<\/p>\n<p>19 mm i diameter og 25 mm dyb<\/p>\n<p>25 mm i diameter og 25 mm dybde<\/p>\n<p>Hullerne til skiltpladen aluminium skal v\u00e6re 10 mm. Og hvis du har brug for andre skilte, s\u00e5 er denne side tilg\u00e6ngelig! Og hvis du leder efter motiver og p\u00e6ne billeder p\u00e5 plexiglasplader, s\u00e5 kig p\u00e5 vores side for indretning!<\/p>\n","protected":false},"excerpt":{"rendered":"<div class=\"tlid-input input\">\n<div class=\"source-wrap\">\n<div class=\"input-full-height-wrapper tlid-input-full-height-wrapper\">\n<div class=\"source-input\">\n<div class=\"source-footer-wrap source-or-target-footer\">\n<div class=\"character-count tlid-character-count\"><\/div>\n<\/div>\n<\/div>\n<\/div>\n<\/div>\n<\/div>\n<div class=\"tlid-results-container results-container\">\n<div class=\"tlid-result result-dict-wrapper\">\n<div class=\"result tlid-copy-target\">\n<div class=\"text-wrap tlid-copy-target\">\n<div class=\"result-shield-container tlid-copy-target\" tabindex=\"0\"><span class=\"tlid-translation translation\" lang=\"da\"><span title=\"\">Skilteafstandsstykke, sort aluminium du bestiller til skilte og tavler.<\/span> <span title=\"\">V\u00e6gbeslag i sort aluminiumsfarve med en blank overflade.<\/span> <span title=\"\">Afstandsstykkerne har dimensioner fra 12 til 25 mm i diameter.<\/span> <span title=\"\">Med en dybde p\u00e5 19 mm eller 25 mm fra v\u00e6ggen.<\/span><\/span><\/div>\n<\/div>\n<\/div>\n<\/div>\n<\/div>\n","protected":false},"featured_media":12611,"template":"","meta":{"_acf_changed":false},"product_brand":[],"product_cat":[379],"product_tag":[],"class_list":{"0":"post-12636","1":"product","2":"type-product","3":"status-publish","4":"has-post-thumbnail","6":"product_cat-skilte-tilbehoer","7":"product_shipping_class-49kr","9":"first","10":"instock","11":"taxable","12":"shipping-taxable","13":"purchasable","14":"product-type-variable","15":"has-default-attributes"},"exclude_global_add_ons":[],"addons":[],"acf":[],"yoast_head":"<!-- This site is optimized with the Yoast SEO plugin v27.2 - https:\/\/yoast.com\/product\/yoast-seo-wordpress\/ -->\n<title>Skilteafstandsstykke, sort aluminium til plexi, plast og tr\u00e6. | Gdirekt.se<\/title>\n<meta name=\"description\" content=\"Skilteafstandsstykke, sort aluminium til v\u00e6g, du k\u00f8ber til en billig pris direkte fra lager. Vi sender panelbeslagene med hurtig levering online ordre.\" \/>\n<meta name=\"robots\" content=\"index, follow, max-snippet:-1, max-image-preview:large, max-video-preview:-1\" \/>\n<link rel=\"canonical\" href=\"https:\/\/www.gdirekt.se\/da\/produkt\/skilteafstandsstykke-sort-aluminium\/\" \/>\n<meta property=\"og:locale\" content=\"da_DK\" \/>\n<meta property=\"og:type\" content=\"article\" \/>\n<meta property=\"og:title\" content=\"Skilteafstandsstykke, sort aluminium til plexi, plast og tr\u00e6. | Gdirekt.se\" \/>\n<meta property=\"og:description\" content=\"Skilteafstandsstykke, sort aluminium til v\u00e6g, du k\u00f8ber til en billig pris direkte fra lager. Vi sender panelbeslagene med hurtig levering online ordre.\" \/>\n<meta property=\"og:url\" content=\"https:\/\/www.gdirekt.se\/da\/produkt\/skilteafstandsstykke-sort-aluminium\/\" \/>\n<meta property=\"og:site_name\" content=\"Gdirekt.se\" \/>\n<meta property=\"article:modified_time\" content=\"2019-12-17T15:19:00+00:00\" \/>\n<meta property=\"og:image\" content=\"https:\/\/www.gdirekt.se\/wp-content\/uploads\/svarta_distanser.png\" \/>\n\t<meta property=\"og:image:width\" content=\"1000\" \/>\n\t<meta property=\"og:image:height\" content=\"1000\" \/>\n\t<meta property=\"og:image:type\" content=\"image\/png\" \/>\n<meta name=\"twitter:card\" content=\"summary_large_image\" \/>\n<meta name=\"twitter:label1\" content=\"Estimeret l\u00e6setid\" \/>\n\t<meta name=\"twitter:data1\" content=\"1 minut\" \/>\n<script type=\"application\/ld+json\" class=\"yoast-schema-graph\">{\"@context\":\"https:\/\/schema.org\",\"@graph\":[{\"@type\":\"WebPage\",\"@id\":\"https:\/\/www.gdirekt.se\/da\/produkt\/skilteafstandsstykke-sort-aluminium\/\",\"url\":\"https:\/\/www.gdirekt.se\/da\/produkt\/skilteafstandsstykke-sort-aluminium\/\",\"name\":\"Skilteafstandsstykke, sort aluminium til plexi, plast og tr\u00e6. | Gdirekt.se\",\"isPartOf\":{\"@id\":\"https:\/\/www.gdirekt.se\/#website\"},\"primaryImageOfPage\":{\"@id\":\"https:\/\/www.gdirekt.se\/da\/produkt\/skilteafstandsstykke-sort-aluminium\/#primaryimage\"},\"image\":{\"@id\":\"https:\/\/www.gdirekt.se\/da\/produkt\/skilteafstandsstykke-sort-aluminium\/#primaryimage\"},\"thumbnailUrl\":\"https:\/\/www.gdirekt.se\/wp-content\/uploads\/svarta_distanser.png\",\"datePublished\":\"2019-12-17T10:19:51+00:00\",\"dateModified\":\"2019-12-17T15:19:00+00:00\",\"description\":\"Skilteafstandsstykke, sort aluminium til v\u00e6g, du k\u00f8ber til en billig pris direkte fra lager. Vi sender panelbeslagene med hurtig levering online ordre.\",\"breadcrumb\":{\"@id\":\"https:\/\/www.gdirekt.se\/da\/produkt\/skilteafstandsstykke-sort-aluminium\/#breadcrumb\"},\"inLanguage\":\"da-DK\",\"potentialAction\":[{\"@type\":\"ReadAction\",\"target\":[\"https:\/\/www.gdirekt.se\/da\/produkt\/skilteafstandsstykke-sort-aluminium\/\"]}]},{\"@type\":\"ImageObject\",\"inLanguage\":\"da-DK\",\"@id\":\"https:\/\/www.gdirekt.se\/da\/produkt\/skilteafstandsstykke-sort-aluminium\/#primaryimage\",\"url\":\"https:\/\/www.gdirekt.se\/wp-content\/uploads\/svarta_distanser.png\",\"contentUrl\":\"https:\/\/www.gdirekt.se\/wp-content\/uploads\/svarta_distanser.png\",\"width\":1000,\"height\":1000,\"caption\":\"Blanke tavleafstande\"},{\"@type\":\"BreadcrumbList\",\"@id\":\"https:\/\/www.gdirekt.se\/da\/produkt\/skilteafstandsstykke-sort-aluminium\/#breadcrumb\",\"itemListElement\":[{\"@type\":\"ListItem\",\"position\":1,\"name\":\"Hem\",\"item\":\"https:\/\/www.gdirekt.se\/da\/\"},{\"@type\":\"ListItem\",\"position\":2,\"name\":\"Start\",\"item\":\"https:\/\/www.gdirekt.se\/da\/\"},{\"@type\":\"ListItem\",\"position\":3,\"name\":\"Skilteafstandsstykke, sort aluminium\"}]},{\"@type\":\"WebSite\",\"@id\":\"https:\/\/www.gdirekt.se\/#website\",\"url\":\"https:\/\/www.gdirekt.se\/\",\"name\":\"Gdirekt.se\",\"description\":\"Tryck snabbt \u00e5 l\u00e4tt = Gdirekt\",\"potentialAction\":[{\"@type\":\"SearchAction\",\"target\":{\"@type\":\"EntryPoint\",\"urlTemplate\":\"https:\/\/www.gdirekt.se\/?s={search_term_string}\"},\"query-input\":{\"@type\":\"PropertyValueSpecification\",\"valueRequired\":true,\"valueName\":\"search_term_string\"}}],\"inLanguage\":\"da-DK\"}]}<\/script>\n<!-- \/ Yoast SEO plugin. -->","yoast_head_json":{"title":"Skilteafstandsstykke, sort aluminium til plexi, plast og tr\u00e6. | Gdirekt.se","description":"Skilteafstandsstykke, sort aluminium til v\u00e6g, du k\u00f8ber til en billig pris direkte fra lager. Vi sender panelbeslagene med hurtig levering online ordre.","robots":{"index":"index","follow":"follow","max-snippet":"max-snippet:-1","max-image-preview":"max-image-preview:large","max-video-preview":"max-video-preview:-1"},"canonical":"https:\/\/www.gdirekt.se\/da\/produkt\/skilteafstandsstykke-sort-aluminium\/","og_locale":"da_DK","og_type":"article","og_title":"Skilteafstandsstykke, sort aluminium til plexi, plast og tr\u00e6. | Gdirekt.se","og_description":"Skilteafstandsstykke, sort aluminium til v\u00e6g, du k\u00f8ber til en billig pris direkte fra lager. Vi sender panelbeslagene med hurtig levering online ordre.","og_url":"https:\/\/www.gdirekt.se\/da\/produkt\/skilteafstandsstykke-sort-aluminium\/","og_site_name":"Gdirekt.se","article_modified_time":"2019-12-17T15:19:00+00:00","og_image":[{"width":1000,"height":1000,"url":"https:\/\/www.gdirekt.se\/wp-content\/uploads\/svarta_distanser.png","type":"image\/png"}],"twitter_card":"summary_large_image","twitter_misc":{"Estimeret l\u00e6setid":"1 minut"},"schema":{"@context":"https:\/\/schema.org","@graph":[{"@type":"WebPage","@id":"https:\/\/www.gdirekt.se\/da\/produkt\/skilteafstandsstykke-sort-aluminium\/","url":"https:\/\/www.gdirekt.se\/da\/produkt\/skilteafstandsstykke-sort-aluminium\/","name":"Skilteafstandsstykke, sort aluminium til plexi, plast og tr\u00e6. | Gdirekt.se","isPartOf":{"@id":"https:\/\/www.gdirekt.se\/#website"},"primaryImageOfPage":{"@id":"https:\/\/www.gdirekt.se\/da\/produkt\/skilteafstandsstykke-sort-aluminium\/#primaryimage"},"image":{"@id":"https:\/\/www.gdirekt.se\/da\/produkt\/skilteafstandsstykke-sort-aluminium\/#primaryimage"},"thumbnailUrl":"https:\/\/www.gdirekt.se\/wp-content\/uploads\/svarta_distanser.png","datePublished":"2019-12-17T10:19:51+00:00","dateModified":"2019-12-17T15:19:00+00:00","description":"Skilteafstandsstykke, sort aluminium til v\u00e6g, du k\u00f8ber til en billig pris direkte fra lager. Vi sender panelbeslagene med hurtig levering online ordre.","breadcrumb":{"@id":"https:\/\/www.gdirekt.se\/da\/produkt\/skilteafstandsstykke-sort-aluminium\/#breadcrumb"},"inLanguage":"da-DK","potentialAction":[{"@type":"ReadAction","target":["https:\/\/www.gdirekt.se\/da\/produkt\/skilteafstandsstykke-sort-aluminium\/"]}]},{"@type":"ImageObject","inLanguage":"da-DK","@id":"https:\/\/www.gdirekt.se\/da\/produkt\/skilteafstandsstykke-sort-aluminium\/#primaryimage","url":"https:\/\/www.gdirekt.se\/wp-content\/uploads\/svarta_distanser.png","contentUrl":"https:\/\/www.gdirekt.se\/wp-content\/uploads\/svarta_distanser.png","width":1000,"height":1000,"caption":"Blanke tavleafstande"},{"@type":"BreadcrumbList","@id":"https:\/\/www.gdirekt.se\/da\/produkt\/skilteafstandsstykke-sort-aluminium\/#breadcrumb","itemListElement":[{"@type":"ListItem","position":1,"name":"Hem","item":"https:\/\/www.gdirekt.se\/da\/"},{"@type":"ListItem","position":2,"name":"Start","item":"https:\/\/www.gdirekt.se\/da\/"},{"@type":"ListItem","position":3,"name":"Skilteafstandsstykke, sort aluminium"}]},{"@type":"WebSite","@id":"https:\/\/www.gdirekt.se\/#website","url":"https:\/\/www.gdirekt.se\/","name":"Gdirekt.se","description":"Tryck snabbt \u00e5 l\u00e4tt = Gdirekt","potentialAction":[{"@type":"SearchAction","target":{"@type":"EntryPoint","urlTemplate":"https:\/\/www.gdirekt.se\/?s={search_term_string}"},"query-input":{"@type":"PropertyValueSpecification","valueRequired":true,"valueName":"search_term_string"}}],"inLanguage":"da-DK"}]}},"_links":{"self":[{"href":"https:\/\/www.gdirekt.se\/da\/wp-json\/wp\/v2\/product\/12636","targetHints":{"allow":["GET"]}}],"collection":[{"href":"https:\/\/www.gdirekt.se\/da\/wp-json\/wp\/v2\/product"}],"about":[{"href":"https:\/\/www.gdirekt.se\/da\/wp-json\/wp\/v2\/types\/product"}],"wp:featuredmedia":[{"embeddable":true,"href":"https:\/\/www.gdirekt.se\/da\/wp-json\/wp\/v2\/media\/12611"}],"wp:attachment":[{"href":"https:\/\/www.gdirekt.se\/da\/wp-json\/wp\/v2\/media?parent=12636"}],"wp:term":[{"taxonomy":"product_brand","embeddable":true,"href":"https:\/\/www.gdirekt.se\/da\/wp-json\/wp\/v2\/product_brand?post=12636"},{"taxonomy":"product_cat","embeddable":true,"href":"https:\/\/www.gdirekt.se\/da\/wp-json\/wp\/v2\/product_cat?post=12636"},{"taxonomy":"product_tag","embeddable":true,"href":"https:\/\/www.gdirekt.se\/da\/wp-json\/wp\/v2\/product_tag?post=12636"}],"curies":[{"name":"wp","href":"https:\/\/api.w.org\/{rel}","templated":true}]}}