{"id":12446,"date":"2015-10-05T14:02:51","date_gmt":"2015-10-05T12:02:51","guid":{"rendered":"https:\/\/www.gdirekt.se\/?post_type=product&#038;p=12446"},"modified":"2019-11-12T10:53:47","modified_gmt":"2019-11-12T09:53:47","slug":"en-simpel-messevaegg-med-print","status":"publish","type":"product","link":"https:\/\/www.gdirekt.se\/da\/produkt\/en-simpel-messevaegg-med-print\/","title":{"rendered":"Stofstander Scene UltraLight"},"content":{"rendered":"<p>Stofstander Scene UltraLight er formentlig den stander p\u00e5 markedet, der er nemmest at transportere. Scene UltraLight fra Maxibit er et displaysystem i stof, der kan opbevares i en praktisk og robust taske. Opstillingen tager kun et par minutter.\u00a0Som noget helt unikt v\u00e6lger du selv faconen, der kan v\u00e6re lige, buet eller hvorfor ikke elegant svunget?<br \/>\nMessedisplayet med stofbanner passer til alle events, f.eks. pressekonferencer og jobmesser. Eller hvorfor ikke produktlanceringer i butikscentre eller gallerier? Stofstander Scene UltraLight kan ogs\u00e5 bruges som scenet\u00e6ppe, bagv\u00e6g eller fotov\u00e6g. Skab flere\u00a0faconer\u00a0med\u00a0samme system ved at sammenkoble\u00a0flere enheder med de magnetiske samlinger. K\u00f8b transportable sponsorv\u00e6gge hos Gdirekt eller andre stofbilleder\u00a0<a href=\"https:\/\/www.gdirekt.se\/?product_cat=tyg-med-tryck-vepor-backdrop\"><strong><em>her.<\/em><\/strong><\/a><\/p>\n","protected":false},"excerpt":{"rendered":"<p>Messev\u00e6ggen kan v\u00e6re i en lille taske og er formentlig markedets mest praktiske stofv\u00e6g. Den m\u00e5ler 300 x 225\u00a0cm og har to stabile f\u00f8dder. V\u00e6ggen kan opstilles i forskellige faconer b\u00e5de lige og buet.<\/p>\n","protected":false},"featured_media":8142,"template":"","meta":{"_acf_changed":false},"product_brand":[],"product_cat":[375],"product_tag":[],"class_list":{"0":"post-12446","1":"product","2":"type-product","3":"status-publish","4":"has-post-thumbnail","6":"product_cat-messevaegge-og-displaysystemer","7":"product_shipping_class-180sek","9":"first","10":"instock","11":"taxable","12":"shipping-taxable","13":"purchasable","14":"product-type-variable","15":"has-default-attributes"},"exclude_global_add_ons":[],"addons":[],"acf":[],"yoast_head":"<!-- This site is optimized with the Yoast SEO plugin v27.2 - https:\/\/yoast.com\/product\/yoast-seo-wordpress\/ -->\n<title>Stofstander Scene UltraLight | Gdirekt.se<\/title>\n<meta name=\"description\" content=\"Stofstander Scene UltraLight kan v\u00e6re i en lille taske og er formentlig markedets mest praktiske stofv\u00e6g og messev\u00e6g. Trykt billedbanner er inkluderet.\" \/>\n<meta name=\"robots\" content=\"index, follow, max-snippet:-1, max-image-preview:large, max-video-preview:-1\" \/>\n<link rel=\"canonical\" href=\"https:\/\/www.gdirekt.se\/produkt\/tygstall-scene-ultra-light\/\" \/>\n<meta property=\"og:locale\" content=\"da_DK\" \/>\n<meta property=\"og:type\" content=\"article\" \/>\n<meta property=\"og:title\" content=\"Stofstander Scene UltraLight | Gdirekt.se\" \/>\n<meta property=\"og:description\" content=\"Stofstander Scene UltraLight kan v\u00e6re i en lille taske og er formentlig markedets mest praktiske stofv\u00e6g og messev\u00e6g. Trykt billedbanner er inkluderet.\" \/>\n<meta property=\"og:url\" content=\"https:\/\/www.gdirekt.se\/produkt\/tygstall-scene-ultra-light\/\" \/>\n<meta property=\"og:site_name\" content=\"Gdirekt.se\" \/>\n<meta property=\"article:modified_time\" content=\"2019-11-12T09:53:47+00:00\" \/>\n<meta property=\"og:image\" content=\"https:\/\/www.gdirekt.se\/wp-content\/uploads\/Scene-Curved-Gdirekt.png\" \/>\n\t<meta property=\"og:image:width\" content=\"1000\" \/>\n\t<meta property=\"og:image:height\" content=\"1000\" \/>\n\t<meta property=\"og:image:type\" content=\"image\/png\" \/>\n<meta name=\"twitter:card\" content=\"summary_large_image\" \/>\n<meta name=\"twitter:label1\" content=\"Estimeret l\u00e6setid\" \/>\n\t<meta name=\"twitter:data1\" content=\"1 minut\" \/>\n<script type=\"application\/ld+json\" class=\"yoast-schema-graph\">{\"@context\":\"https:\/\/schema.org\",\"@graph\":[{\"@type\":\"WebPage\",\"@id\":\"https:\/\/www.gdirekt.se\/produkt\/tygstall-scene-ultra-light\/\",\"url\":\"https:\/\/www.gdirekt.se\/produkt\/tygstall-scene-ultra-light\/\",\"name\":\"Stofstander Scene UltraLight | Gdirekt.se\",\"isPartOf\":{\"@id\":\"https:\/\/www.gdirekt.se\/#website\"},\"primaryImageOfPage\":{\"@id\":\"https:\/\/www.gdirekt.se\/produkt\/tygstall-scene-ultra-light\/#primaryimage\"},\"image\":{\"@id\":\"https:\/\/www.gdirekt.se\/produkt\/tygstall-scene-ultra-light\/#primaryimage\"},\"thumbnailUrl\":\"https:\/\/www.gdirekt.se\/wp-content\/uploads\/Scene-Curved-Gdirekt.png\",\"datePublished\":\"2015-10-05T12:02:51+00:00\",\"dateModified\":\"2019-11-12T09:53:47+00:00\",\"description\":\"Stofstander Scene UltraLight kan v\u00e6re i en lille taske og er formentlig markedets mest praktiske stofv\u00e6g og messev\u00e6g. Trykt billedbanner er inkluderet.\",\"breadcrumb\":{\"@id\":\"https:\/\/www.gdirekt.se\/produkt\/tygstall-scene-ultra-light\/#breadcrumb\"},\"inLanguage\":\"da-DK\",\"potentialAction\":[{\"@type\":\"ReadAction\",\"target\":[\"https:\/\/www.gdirekt.se\/produkt\/tygstall-scene-ultra-light\/\"]}]},{\"@type\":\"ImageObject\",\"inLanguage\":\"da-DK\",\"@id\":\"https:\/\/www.gdirekt.se\/produkt\/tygstall-scene-ultra-light\/#primaryimage\",\"url\":\"https:\/\/www.gdirekt.se\/wp-content\/uploads\/Scene-Curved-Gdirekt.png\",\"contentUrl\":\"https:\/\/www.gdirekt.se\/wp-content\/uploads\/Scene-Curved-Gdirekt.png\",\"width\":1000,\"height\":1000,\"caption\":\"Smart stofv\u00e6g, v\u00e6lg formularen selv\"},{\"@type\":\"BreadcrumbList\",\"@id\":\"https:\/\/www.gdirekt.se\/produkt\/tygstall-scene-ultra-light\/#breadcrumb\",\"itemListElement\":[{\"@type\":\"ListItem\",\"position\":1,\"name\":\"Hem\",\"item\":\"https:\/\/www.gdirekt.se\/da\/\"},{\"@type\":\"ListItem\",\"position\":2,\"name\":\"Start\",\"item\":\"https:\/\/www.gdirekt.se\/da\/\"},{\"@type\":\"ListItem\",\"position\":3,\"name\":\"Stofstander Scene UltraLight\"}]},{\"@type\":\"WebSite\",\"@id\":\"https:\/\/www.gdirekt.se\/#website\",\"url\":\"https:\/\/www.gdirekt.se\/\",\"name\":\"Gdirekt.se\",\"description\":\"Tryck snabbt \u00e5 l\u00e4tt = Gdirekt\",\"potentialAction\":[{\"@type\":\"SearchAction\",\"target\":{\"@type\":\"EntryPoint\",\"urlTemplate\":\"https:\/\/www.gdirekt.se\/?s={search_term_string}\"},\"query-input\":{\"@type\":\"PropertyValueSpecification\",\"valueRequired\":true,\"valueName\":\"search_term_string\"}}],\"inLanguage\":\"da-DK\"}]}<\/script>\n<!-- \/ Yoast SEO plugin. -->","yoast_head_json":{"title":"Stofstander Scene UltraLight | Gdirekt.se","description":"Stofstander Scene UltraLight kan v\u00e6re i en lille taske og er formentlig markedets mest praktiske stofv\u00e6g og messev\u00e6g. Trykt billedbanner er inkluderet.","robots":{"index":"index","follow":"follow","max-snippet":"max-snippet:-1","max-image-preview":"max-image-preview:large","max-video-preview":"max-video-preview:-1"},"canonical":"https:\/\/www.gdirekt.se\/produkt\/tygstall-scene-ultra-light\/","og_locale":"da_DK","og_type":"article","og_title":"Stofstander Scene UltraLight | Gdirekt.se","og_description":"Stofstander Scene UltraLight kan v\u00e6re i en lille taske og er formentlig markedets mest praktiske stofv\u00e6g og messev\u00e6g. Trykt billedbanner er inkluderet.","og_url":"https:\/\/www.gdirekt.se\/produkt\/tygstall-scene-ultra-light\/","og_site_name":"Gdirekt.se","article_modified_time":"2019-11-12T09:53:47+00:00","og_image":[{"width":1000,"height":1000,"url":"https:\/\/www.gdirekt.se\/wp-content\/uploads\/Scene-Curved-Gdirekt.png","type":"image\/png"}],"twitter_card":"summary_large_image","twitter_misc":{"Estimeret l\u00e6setid":"1 minut"},"schema":{"@context":"https:\/\/schema.org","@graph":[{"@type":"WebPage","@id":"https:\/\/www.gdirekt.se\/produkt\/tygstall-scene-ultra-light\/","url":"https:\/\/www.gdirekt.se\/produkt\/tygstall-scene-ultra-light\/","name":"Stofstander Scene UltraLight | Gdirekt.se","isPartOf":{"@id":"https:\/\/www.gdirekt.se\/#website"},"primaryImageOfPage":{"@id":"https:\/\/www.gdirekt.se\/produkt\/tygstall-scene-ultra-light\/#primaryimage"},"image":{"@id":"https:\/\/www.gdirekt.se\/produkt\/tygstall-scene-ultra-light\/#primaryimage"},"thumbnailUrl":"https:\/\/www.gdirekt.se\/wp-content\/uploads\/Scene-Curved-Gdirekt.png","datePublished":"2015-10-05T12:02:51+00:00","dateModified":"2019-11-12T09:53:47+00:00","description":"Stofstander Scene UltraLight kan v\u00e6re i en lille taske og er formentlig markedets mest praktiske stofv\u00e6g og messev\u00e6g. Trykt billedbanner er inkluderet.","breadcrumb":{"@id":"https:\/\/www.gdirekt.se\/produkt\/tygstall-scene-ultra-light\/#breadcrumb"},"inLanguage":"da-DK","potentialAction":[{"@type":"ReadAction","target":["https:\/\/www.gdirekt.se\/produkt\/tygstall-scene-ultra-light\/"]}]},{"@type":"ImageObject","inLanguage":"da-DK","@id":"https:\/\/www.gdirekt.se\/produkt\/tygstall-scene-ultra-light\/#primaryimage","url":"https:\/\/www.gdirekt.se\/wp-content\/uploads\/Scene-Curved-Gdirekt.png","contentUrl":"https:\/\/www.gdirekt.se\/wp-content\/uploads\/Scene-Curved-Gdirekt.png","width":1000,"height":1000,"caption":"Smart stofv\u00e6g, v\u00e6lg formularen selv"},{"@type":"BreadcrumbList","@id":"https:\/\/www.gdirekt.se\/produkt\/tygstall-scene-ultra-light\/#breadcrumb","itemListElement":[{"@type":"ListItem","position":1,"name":"Hem","item":"https:\/\/www.gdirekt.se\/da\/"},{"@type":"ListItem","position":2,"name":"Start","item":"https:\/\/www.gdirekt.se\/da\/"},{"@type":"ListItem","position":3,"name":"Stofstander Scene UltraLight"}]},{"@type":"WebSite","@id":"https:\/\/www.gdirekt.se\/#website","url":"https:\/\/www.gdirekt.se\/","name":"Gdirekt.se","description":"Tryck snabbt \u00e5 l\u00e4tt = Gdirekt","potentialAction":[{"@type":"SearchAction","target":{"@type":"EntryPoint","urlTemplate":"https:\/\/www.gdirekt.se\/?s={search_term_string}"},"query-input":{"@type":"PropertyValueSpecification","valueRequired":true,"valueName":"search_term_string"}}],"inLanguage":"da-DK"}]}},"_links":{"self":[{"href":"https:\/\/www.gdirekt.se\/da\/wp-json\/wp\/v2\/product\/12446","targetHints":{"allow":["GET"]}}],"collection":[{"href":"https:\/\/www.gdirekt.se\/da\/wp-json\/wp\/v2\/product"}],"about":[{"href":"https:\/\/www.gdirekt.se\/da\/wp-json\/wp\/v2\/types\/product"}],"wp:featuredmedia":[{"embeddable":true,"href":"https:\/\/www.gdirekt.se\/da\/wp-json\/wp\/v2\/media\/8142"}],"wp:attachment":[{"href":"https:\/\/www.gdirekt.se\/da\/wp-json\/wp\/v2\/media?parent=12446"}],"wp:term":[{"taxonomy":"product_brand","embeddable":true,"href":"https:\/\/www.gdirekt.se\/da\/wp-json\/wp\/v2\/product_brand?post=12446"},{"taxonomy":"product_cat","embeddable":true,"href":"https:\/\/www.gdirekt.se\/da\/wp-json\/wp\/v2\/product_cat?post=12446"},{"taxonomy":"product_tag","embeddable":true,"href":"https:\/\/www.gdirekt.se\/da\/wp-json\/wp\/v2\/product_tag?post=12446"}],"curies":[{"name":"wp","href":"https:\/\/api.w.org\/{rel}","templated":true}]}}