{"id":12354,"date":"2019-10-22T16:21:39","date_gmt":"2019-10-22T14:21:39","guid":{"rendered":"https:\/\/www.gdirekt.se\/?post_type=product&#038;p=12354"},"modified":"2024-02-01T09:30:09","modified_gmt":"2024-02-01T08:30:09","slug":"info-displaystativ-dobbeltsidet-a3","status":"publish","type":"product","link":"https:\/\/www.gdirekt.se\/da\/produkt\/info-displaystativ-dobbeltsidet-a3\/","title":{"rendered":"Info displaystativ \u2013 Dobbeltsidet A3"},"content":{"rendered":"<p><span lang=\"DA\">Info displaystativ \u2013 Dobbeltsidet A3 er f\u00f8rst og fremmest et lige og stilfuldt gulvstativ i h\u00f8j kvalitet. Gulvstativet fra Gdirekt kan ogs\u00e5 bruges som b\u00e5de portr\u00e6t og landskab. Du inds\u00e6tter blot en A4-udskrift med oplysningerne. Du bruger informationsstativskiltet liggende eller st\u00e5ende. Beskeden ser godt ud fra begge retninger og fungerer godt som et referencetegn.<\/span><\/p>\n<p><span lang=\"DA\"><span class=\"apple-converted-space\">Info displaystativ \u2013 Dobbeltsidet A3 er 95 cm h\u00f8j. Fremstillet i anodiseret aluminium, bund i s\u00f8lvlakeret st\u00e5l. Fordi det er en ekstra v\u00e6gt i foden for at f\u00e5 den stabil. Du b\u00e6rer blot infostativet og placerer det uden s\u00e6rlig indsats. Det er meget fleksibelt og let at samle. Derefter udskriver du bare en A4 i en menu eller anden info, for eksempel en bilmodel. Hvis du ikke har adgang til printere, du k\u00f8ber A3-print fra os p\u00e5 Gdirekt, skal du<\/span><\/span><\/p>\n","protected":false},"excerpt":{"rendered":"<p>Info displaystativ \u2013 dobbeltsidet A3 har et stilfuldt design af h\u00f8j kvalitet! Et displaystativ til information, reference og menuer i indgange og receptioner! Portr\u00e6t eller landskabsmotiver fungerer godt!<\/p>\n","protected":false},"featured_media":12346,"template":"","meta":{"_acf_changed":false},"product_brand":[],"product_cat":[368],"product_tag":[],"class_list":{"0":"post-12354","1":"product","2":"type-product","3":"status-publish","4":"has-post-thumbnail","6":"product_cat-brochurestander-og-informationsstander","7":"product_shipping_class-250kr","9":"first","10":"instock","11":"taxable","12":"shipping-taxable","13":"purchasable","14":"product-type-simple"},"exclude_global_add_ons":[],"addons":[],"acf":[],"yoast_head":"<!-- This site is optimized with the Yoast SEO plugin v27.2 - https:\/\/yoast.com\/product\/yoast-seo-wordpress\/ -->\n<title>Info displaystativ \u2013 Dobbeltsidet A3 til indgang, menuer og modtagelse | Gdirekt.se<\/title>\n<meta name=\"description\" content=\"Informationsskilt Expolinc lige A3 har et enkelt og stilrent design i h\u00f8j kvalitet. Et lodret skiltestativ til information for den stilbevidste! Til indgangsparti og reception med oplysninger og menuer. Egnet til indgangen til butikscentre, restauranter og butikker. K\u00f8b til lav pris allerede i dag. Vi sender standeren med sikker forsendelse.\" \/>\n<meta name=\"robots\" content=\"index, follow, max-snippet:-1, max-image-preview:large, max-video-preview:-1\" \/>\n<link rel=\"canonical\" href=\"https:\/\/www.gdirekt.se\/da\/produkt\/info-displaystativ-dobbeltsidet-a3\/\" \/>\n<meta property=\"og:locale\" content=\"da_DK\" \/>\n<meta property=\"og:type\" content=\"article\" \/>\n<meta property=\"og:title\" content=\"Info displaystativ \u2013 Dobbeltsidet A3 til indgang, menuer og modtagelse | Gdirekt.se\" \/>\n<meta property=\"og:description\" content=\"Informationsskilt Expolinc lige A3 har et enkelt og stilrent design i h\u00f8j kvalitet. Et lodret skiltestativ til information for den stilbevidste! Til indgangsparti og reception med oplysninger og menuer. Egnet til indgangen til butikscentre, restauranter og butikker. K\u00f8b til lav pris allerede i dag. Vi sender standeren med sikker forsendelse.\" \/>\n<meta property=\"og:url\" content=\"https:\/\/www.gdirekt.se\/da\/produkt\/info-displaystativ-dobbeltsidet-a3\/\" \/>\n<meta property=\"og:site_name\" content=\"Gdirekt.se\" \/>\n<meta property=\"article:modified_time\" content=\"2024-02-01T08:30:09+00:00\" \/>\n<meta property=\"og:image\" content=\"https:\/\/www.gdirekt.se\/wp-content\/uploads\/golvstand_dubbelsidig.png\" \/>\n\t<meta property=\"og:image:width\" content=\"1000\" \/>\n\t<meta property=\"og:image:height\" content=\"1000\" \/>\n\t<meta property=\"og:image:type\" content=\"image\/png\" \/>\n<meta name=\"twitter:card\" content=\"summary_large_image\" \/>\n<meta name=\"twitter:label1\" content=\"Estimeret l\u00e6setid\" \/>\n\t<meta name=\"twitter:data1\" content=\"1 minut\" \/>\n<script type=\"application\/ld+json\" class=\"yoast-schema-graph\">{\"@context\":\"https:\/\/schema.org\",\"@graph\":[{\"@type\":\"WebPage\",\"@id\":\"https:\/\/www.gdirekt.se\/da\/produkt\/info-displaystativ-dobbeltsidet-a3\/\",\"url\":\"https:\/\/www.gdirekt.se\/da\/produkt\/info-displaystativ-dobbeltsidet-a3\/\",\"name\":\"Info displaystativ \u2013 Dobbeltsidet A3 til indgang, menuer og modtagelse | Gdirekt.se\",\"isPartOf\":{\"@id\":\"https:\/\/www.gdirekt.se\/#website\"},\"primaryImageOfPage\":{\"@id\":\"https:\/\/www.gdirekt.se\/da\/produkt\/info-displaystativ-dobbeltsidet-a3\/#primaryimage\"},\"image\":{\"@id\":\"https:\/\/www.gdirekt.se\/da\/produkt\/info-displaystativ-dobbeltsidet-a3\/#primaryimage\"},\"thumbnailUrl\":\"https:\/\/www.gdirekt.se\/wp-content\/uploads\/golvstand_dubbelsidig.png\",\"datePublished\":\"2019-10-22T14:21:39+00:00\",\"dateModified\":\"2024-02-01T08:30:09+00:00\",\"description\":\"Informationsskilt Expolinc lige A3 har et enkelt og stilrent design i h\u00f8j kvalitet. Et lodret skiltestativ til information for den stilbevidste! Til indgangsparti og reception med oplysninger og menuer. Egnet til indgangen til butikscentre, restauranter og butikker. K\u00f8b til lav pris allerede i dag. Vi sender standeren med sikker forsendelse.\",\"breadcrumb\":{\"@id\":\"https:\/\/www.gdirekt.se\/da\/produkt\/info-displaystativ-dobbeltsidet-a3\/#breadcrumb\"},\"inLanguage\":\"da-DK\",\"potentialAction\":[{\"@type\":\"ReadAction\",\"target\":[\"https:\/\/www.gdirekt.se\/da\/produkt\/info-displaystativ-dobbeltsidet-a3\/\"]}]},{\"@type\":\"ImageObject\",\"inLanguage\":\"da-DK\",\"@id\":\"https:\/\/www.gdirekt.se\/da\/produkt\/info-displaystativ-dobbeltsidet-a3\/#primaryimage\",\"url\":\"https:\/\/www.gdirekt.se\/wp-content\/uploads\/golvstand_dubbelsidig.png\",\"contentUrl\":\"https:\/\/www.gdirekt.se\/wp-content\/uploads\/golvstand_dubbelsidig.png\",\"width\":1000,\"height\":1000,\"caption\":\"Dobbeltsidet gulvstativ til information!\"},{\"@type\":\"BreadcrumbList\",\"@id\":\"https:\/\/www.gdirekt.se\/da\/produkt\/info-displaystativ-dobbeltsidet-a3\/#breadcrumb\",\"itemListElement\":[{\"@type\":\"ListItem\",\"position\":1,\"name\":\"Hem\",\"item\":\"https:\/\/www.gdirekt.se\/da\/\"},{\"@type\":\"ListItem\",\"position\":2,\"name\":\"Start\",\"item\":\"https:\/\/www.gdirekt.se\/da\/\"},{\"@type\":\"ListItem\",\"position\":3,\"name\":\"Info displaystativ \u2013 Dobbeltsidet A3\"}]},{\"@type\":\"WebSite\",\"@id\":\"https:\/\/www.gdirekt.se\/#website\",\"url\":\"https:\/\/www.gdirekt.se\/\",\"name\":\"Gdirekt.se\",\"description\":\"Tryck snabbt \u00e5 l\u00e4tt = Gdirekt\",\"potentialAction\":[{\"@type\":\"SearchAction\",\"target\":{\"@type\":\"EntryPoint\",\"urlTemplate\":\"https:\/\/www.gdirekt.se\/?s={search_term_string}\"},\"query-input\":{\"@type\":\"PropertyValueSpecification\",\"valueRequired\":true,\"valueName\":\"search_term_string\"}}],\"inLanguage\":\"da-DK\"}]}<\/script>\n<!-- \/ Yoast SEO plugin. -->","yoast_head_json":{"title":"Info displaystativ \u2013 Dobbeltsidet A3 til indgang, menuer og modtagelse | Gdirekt.se","description":"Informationsskilt Expolinc lige A3 har et enkelt og stilrent design i h\u00f8j kvalitet. Et lodret skiltestativ til information for den stilbevidste! Til indgangsparti og reception med oplysninger og menuer. Egnet til indgangen til butikscentre, restauranter og butikker. K\u00f8b til lav pris allerede i dag. Vi sender standeren med sikker forsendelse.","robots":{"index":"index","follow":"follow","max-snippet":"max-snippet:-1","max-image-preview":"max-image-preview:large","max-video-preview":"max-video-preview:-1"},"canonical":"https:\/\/www.gdirekt.se\/da\/produkt\/info-displaystativ-dobbeltsidet-a3\/","og_locale":"da_DK","og_type":"article","og_title":"Info displaystativ \u2013 Dobbeltsidet A3 til indgang, menuer og modtagelse | Gdirekt.se","og_description":"Informationsskilt Expolinc lige A3 har et enkelt og stilrent design i h\u00f8j kvalitet. Et lodret skiltestativ til information for den stilbevidste! Til indgangsparti og reception med oplysninger og menuer. Egnet til indgangen til butikscentre, restauranter og butikker. K\u00f8b til lav pris allerede i dag. Vi sender standeren med sikker forsendelse.","og_url":"https:\/\/www.gdirekt.se\/da\/produkt\/info-displaystativ-dobbeltsidet-a3\/","og_site_name":"Gdirekt.se","article_modified_time":"2024-02-01T08:30:09+00:00","og_image":[{"width":1000,"height":1000,"url":"https:\/\/www.gdirekt.se\/wp-content\/uploads\/golvstand_dubbelsidig.png","type":"image\/png"}],"twitter_card":"summary_large_image","twitter_misc":{"Estimeret l\u00e6setid":"1 minut"},"schema":{"@context":"https:\/\/schema.org","@graph":[{"@type":"WebPage","@id":"https:\/\/www.gdirekt.se\/da\/produkt\/info-displaystativ-dobbeltsidet-a3\/","url":"https:\/\/www.gdirekt.se\/da\/produkt\/info-displaystativ-dobbeltsidet-a3\/","name":"Info displaystativ \u2013 Dobbeltsidet A3 til indgang, menuer og modtagelse | Gdirekt.se","isPartOf":{"@id":"https:\/\/www.gdirekt.se\/#website"},"primaryImageOfPage":{"@id":"https:\/\/www.gdirekt.se\/da\/produkt\/info-displaystativ-dobbeltsidet-a3\/#primaryimage"},"image":{"@id":"https:\/\/www.gdirekt.se\/da\/produkt\/info-displaystativ-dobbeltsidet-a3\/#primaryimage"},"thumbnailUrl":"https:\/\/www.gdirekt.se\/wp-content\/uploads\/golvstand_dubbelsidig.png","datePublished":"2019-10-22T14:21:39+00:00","dateModified":"2024-02-01T08:30:09+00:00","description":"Informationsskilt Expolinc lige A3 har et enkelt og stilrent design i h\u00f8j kvalitet. Et lodret skiltestativ til information for den stilbevidste! Til indgangsparti og reception med oplysninger og menuer. Egnet til indgangen til butikscentre, restauranter og butikker. K\u00f8b til lav pris allerede i dag. Vi sender standeren med sikker forsendelse.","breadcrumb":{"@id":"https:\/\/www.gdirekt.se\/da\/produkt\/info-displaystativ-dobbeltsidet-a3\/#breadcrumb"},"inLanguage":"da-DK","potentialAction":[{"@type":"ReadAction","target":["https:\/\/www.gdirekt.se\/da\/produkt\/info-displaystativ-dobbeltsidet-a3\/"]}]},{"@type":"ImageObject","inLanguage":"da-DK","@id":"https:\/\/www.gdirekt.se\/da\/produkt\/info-displaystativ-dobbeltsidet-a3\/#primaryimage","url":"https:\/\/www.gdirekt.se\/wp-content\/uploads\/golvstand_dubbelsidig.png","contentUrl":"https:\/\/www.gdirekt.se\/wp-content\/uploads\/golvstand_dubbelsidig.png","width":1000,"height":1000,"caption":"Dobbeltsidet gulvstativ til information!"},{"@type":"BreadcrumbList","@id":"https:\/\/www.gdirekt.se\/da\/produkt\/info-displaystativ-dobbeltsidet-a3\/#breadcrumb","itemListElement":[{"@type":"ListItem","position":1,"name":"Hem","item":"https:\/\/www.gdirekt.se\/da\/"},{"@type":"ListItem","position":2,"name":"Start","item":"https:\/\/www.gdirekt.se\/da\/"},{"@type":"ListItem","position":3,"name":"Info displaystativ \u2013 Dobbeltsidet A3"}]},{"@type":"WebSite","@id":"https:\/\/www.gdirekt.se\/#website","url":"https:\/\/www.gdirekt.se\/","name":"Gdirekt.se","description":"Tryck snabbt \u00e5 l\u00e4tt = Gdirekt","potentialAction":[{"@type":"SearchAction","target":{"@type":"EntryPoint","urlTemplate":"https:\/\/www.gdirekt.se\/?s={search_term_string}"},"query-input":{"@type":"PropertyValueSpecification","valueRequired":true,"valueName":"search_term_string"}}],"inLanguage":"da-DK"}]}},"_links":{"self":[{"href":"https:\/\/www.gdirekt.se\/da\/wp-json\/wp\/v2\/product\/12354","targetHints":{"allow":["GET"]}}],"collection":[{"href":"https:\/\/www.gdirekt.se\/da\/wp-json\/wp\/v2\/product"}],"about":[{"href":"https:\/\/www.gdirekt.se\/da\/wp-json\/wp\/v2\/types\/product"}],"wp:featuredmedia":[{"embeddable":true,"href":"https:\/\/www.gdirekt.se\/da\/wp-json\/wp\/v2\/media\/12346"}],"wp:attachment":[{"href":"https:\/\/www.gdirekt.se\/da\/wp-json\/wp\/v2\/media?parent=12354"}],"wp:term":[{"taxonomy":"product_brand","embeddable":true,"href":"https:\/\/www.gdirekt.se\/da\/wp-json\/wp\/v2\/product_brand?post=12354"},{"taxonomy":"product_cat","embeddable":true,"href":"https:\/\/www.gdirekt.se\/da\/wp-json\/wp\/v2\/product_cat?post=12354"},{"taxonomy":"product_tag","embeddable":true,"href":"https:\/\/www.gdirekt.se\/da\/wp-json\/wp\/v2\/product_tag?post=12354"}],"curies":[{"name":"wp","href":"https:\/\/api.w.org\/{rel}","templated":true}]}}