{"id":12275,"date":"2019-09-27T14:11:22","date_gmt":"2019-09-27T12:11:22","guid":{"rendered":"https:\/\/www.gdirekt.se\/produkt\/massmonter-expolinc-frame\/"},"modified":"2020-01-03T10:39:29","modified_gmt":"2020-01-03T09:39:29","slug":"udstillingssystem-expolinc-frame","status":"publish","type":"product","link":"https:\/\/www.gdirekt.se\/da\/produkt\/udstillingssystem-expolinc-frame\/","title":{"rendered":"Udstillingssystem Expolinc Frame"},"content":{"rendered":"<p>Udstillingssystem Expolinc Frame markedets mest fleksible system. Du bygger en hel messe eller udstilling uden v\u00e6rkt\u00f8jer. Standardh\u00f8jden er 250 cm. Systemet er hovedsageligt lavet af holdbart aluminium og let at installere. Hvis du vil k\u00f8be et messeshow, er dette ogs\u00e5 et billigt alternativ, der fungerer godt. Baggrundsstativ er moderne og stilfuldt. Den smarteste ting er som sagt, at du nemt kan samle et helt udstillingsstativ uden v\u00e6rkt\u00f8jer. Levering foreg\u00e5r i pap, men tilpassede tasker kan k\u00f8bes. K\u00f8b ogs\u00e5 de rigtige f\u00f8dder afh\u00e6ngigt af, hvordan fairways skal bruges.<\/p>\n<p>St\u00f8rrelserne er:<\/p>\n<p>195x250cm, to v\u00e6gge med eller uden opbevaring med d\u00f8r<\/p>\n<p>295x250cm, to v\u00e6gge med eller uden opbevaring med d\u00f8r<\/p>\n<p>395x250cm, to v\u00e6gge med eller uden opbevaring med d\u00f8r<\/p>\n<p>495&#215;250 cm, to v\u00e6gge med eller uden opbevaring med d\u00f8r<\/p>\n<p>Vi bruger en holdbar, tyk polyester, der passer til disse stofreoler, der er 220 gram tykke. Produktionen udf\u00f8res af os selv med den nyeste trykteknologi. Da tekstilerne er ildem\u00e6rket, godkendes de som en messev\u00e6g eller baggrund p\u00e5 alle omr\u00e5der. Endelig ops\u00e6tter du hele standv\u00e6ggen p\u00e5 fem minutter, og der kr\u00e6ves ingen v\u00e6rkt\u00f8jer. P\u00e5 de digitalt trykte stoffer har vi hos Gdirekt syet passende gummilister.<\/p>\n<h2><\/h2>\n<h2>Byg din egen udstilling!<\/h2>\n<p>Dette system Udstillingsstand Expolinc Frame &#8211; og frem for alt er p\u00e6nt, udvideligt og let at k\u00f8be fra os direkte online. Du bruger produktet ved forskellige lejligheder, og holdbarheden er god. Bruksomr\u00e5derne for kabinerne er p\u00e5 messer, lanceringer, pop-up butikker osv. Og en anden god m\u00e5de at vise sportsklubbens sponsorer. Derefter kaldes det sponsorv\u00e6g eller sponsorbaggrund. Udstillingssystem Expolinc Frame bruges i butikker i indk\u00f8bscentre, til at s\u00e6lge varer og produkter eller til at lancere nye.<\/p>\n<p>Endelig kan du ogs\u00e5 k\u00f8be hveps og baggrundsbilleder i stof med dit eget tryk og st\u00f8rrelse.\u00a0V\u00e6lg stofmateriale efter <strong><i><a href=\"\/?product_cat=tyg-med-tryck-vepor-backdrop\">tryk her.<\/a><\/i><\/strong><\/p>\n<p>Du vil sandsynligvis v\u00e6re meget tilfreds med denne messestand!<\/p>\n","protected":false},"excerpt":{"rendered":"<p>Udstillingssystem Expolinc Frame er en helt komplet udstilling. Du konfigurerer alt uden v\u00e6rkt\u00f8jer,\u00a0\u00a0<em><strong><a href=\"https:\/\/www.youtube.com\/watch?v=UPcGgWeERkE\" target=\"_blank\" rel=\"noopener\">se denne film<\/a><\/strong><\/em>.\u00a0Leveres i karton med koblinger. Tasker og f\u00f8dder kan bestilles til. Kan bygges i flere st\u00f8rrelser og former, kontakt os p\u00e5 <em><strong><a href=\"mailto:info@gdirekt.se\">info@gdirekt.se<\/a><\/strong><\/em><\/p>\n<div class=\"tlid-results-container results-container\">\n<div class=\"tlid-result result-dict-wrapper\">\n<div class=\"result tlid-copy-target\">\n<div class=\"text-wrap tlid-copy-target\">\n<div class=\"result-shield-container tlid-copy-target\" tabindex=\"0\"><span class=\"tlid-translation translation\" lang=\"da\"><strong><span title=\"\">OBS!<\/span> <\/strong><span class=\"\" title=\"\"><strong>K\u00f8b til h\u00f8jre f\u00f8dder nedenfor, hvis det skulle st\u00e5 mod v\u00e6ggen eller af sig selv<\/strong>!<\/span><\/span><\/div>\n<\/div>\n<\/div>\n<\/div>\n<\/div>\n<p>&nbsp;<\/p>\n","protected":false},"featured_media":12094,"template":"","meta":{"_acf_changed":false},"product_brand":[],"product_cat":[375],"product_tag":[],"class_list":{"0":"post-12275","1":"product","2":"type-product","3":"status-publish","4":"has-post-thumbnail","6":"product_cat-messevaegge-og-displaysystemer","7":"product_shipping_class-690kr","9":"first","10":"instock","11":"taxable","12":"shipping-taxable","13":"purchasable","14":"product-type-variable","15":"has-default-attributes"},"exclude_global_add_ons":[],"addons":[],"acf":[],"yoast_head":"<!-- This site is optimized with the Yoast SEO plugin v27.2 - https:\/\/yoast.com\/product\/yoast-seo-wordpress\/ -->\n<title>Udstillingssystem Expolinc Frame, billig og let uden v\u00e6rkt\u00f8jer | Gdirekt.se<\/title>\n<meta name=\"description\" content=\"Udstillingsstand Expolinc Frame er perfekt til messen! Du kan nemt bygge uden v\u00e6rkt\u00f8jer til en billig pris. Let at transportere og er supermoderne!\" \/>\n<meta name=\"robots\" content=\"index, follow, max-snippet:-1, max-image-preview:large, max-video-preview:-1\" \/>\n<link rel=\"canonical\" href=\"https:\/\/www.gdirekt.se\/da\/produkt\/udstillingssystem-expolinc-frame\/\" \/>\n<meta property=\"og:locale\" content=\"da_DK\" \/>\n<meta property=\"og:type\" content=\"article\" \/>\n<meta property=\"og:title\" content=\"Udstillingssystem Expolinc Frame, billig og let uden v\u00e6rkt\u00f8jer | Gdirekt.se\" \/>\n<meta property=\"og:description\" content=\"Udstillingsstand Expolinc Frame er perfekt til messen! Du kan nemt bygge uden v\u00e6rkt\u00f8jer til en billig pris. Let at transportere og er supermoderne!\" \/>\n<meta property=\"og:url\" content=\"https:\/\/www.gdirekt.se\/da\/produkt\/udstillingssystem-expolinc-frame\/\" \/>\n<meta property=\"og:site_name\" content=\"Gdirekt.se\" \/>\n<meta property=\"article:modified_time\" content=\"2020-01-03T09:39:29+00:00\" \/>\n<meta property=\"og:image\" content=\"https:\/\/www.gdirekt.se\/wp-content\/uploads\/skarmvagg_frame.png\" \/>\n\t<meta property=\"og:image:width\" content=\"1000\" \/>\n\t<meta property=\"og:image:height\" content=\"1000\" \/>\n\t<meta property=\"og:image:type\" content=\"image\/png\" \/>\n<meta name=\"twitter:card\" content=\"summary_large_image\" \/>\n<meta name=\"twitter:label1\" content=\"Estimeret l\u00e6setid\" \/>\n\t<meta name=\"twitter:data1\" content=\"2 minutter\" \/>\n<script type=\"application\/ld+json\" class=\"yoast-schema-graph\">{\"@context\":\"https:\/\/schema.org\",\"@graph\":[{\"@type\":\"WebPage\",\"@id\":\"https:\/\/www.gdirekt.se\/da\/produkt\/udstillingssystem-expolinc-frame\/\",\"url\":\"https:\/\/www.gdirekt.se\/da\/produkt\/udstillingssystem-expolinc-frame\/\",\"name\":\"Udstillingssystem Expolinc Frame, billig og let uden v\u00e6rkt\u00f8jer | Gdirekt.se\",\"isPartOf\":{\"@id\":\"https:\/\/www.gdirekt.se\/#website\"},\"primaryImageOfPage\":{\"@id\":\"https:\/\/www.gdirekt.se\/da\/produkt\/udstillingssystem-expolinc-frame\/#primaryimage\"},\"image\":{\"@id\":\"https:\/\/www.gdirekt.se\/da\/produkt\/udstillingssystem-expolinc-frame\/#primaryimage\"},\"thumbnailUrl\":\"https:\/\/www.gdirekt.se\/wp-content\/uploads\/skarmvagg_frame.png\",\"datePublished\":\"2019-09-27T12:11:22+00:00\",\"dateModified\":\"2020-01-03T09:39:29+00:00\",\"description\":\"Udstillingsstand Expolinc Frame er perfekt til messen! Du kan nemt bygge uden v\u00e6rkt\u00f8jer til en billig pris. Let at transportere og er supermoderne!\",\"breadcrumb\":{\"@id\":\"https:\/\/www.gdirekt.se\/da\/produkt\/udstillingssystem-expolinc-frame\/#breadcrumb\"},\"inLanguage\":\"da-DK\",\"potentialAction\":[{\"@type\":\"ReadAction\",\"target\":[\"https:\/\/www.gdirekt.se\/da\/produkt\/udstillingssystem-expolinc-frame\/\"]}]},{\"@type\":\"ImageObject\",\"inLanguage\":\"da-DK\",\"@id\":\"https:\/\/www.gdirekt.se\/da\/produkt\/udstillingssystem-expolinc-frame\/#primaryimage\",\"url\":\"https:\/\/www.gdirekt.se\/wp-content\/uploads\/skarmvagg_frame.png\",\"contentUrl\":\"https:\/\/www.gdirekt.se\/wp-content\/uploads\/skarmvagg_frame.png\",\"width\":1000,\"height\":1000,\"caption\":\"Din displayv\u00e6g til messen\"},{\"@type\":\"BreadcrumbList\",\"@id\":\"https:\/\/www.gdirekt.se\/da\/produkt\/udstillingssystem-expolinc-frame\/#breadcrumb\",\"itemListElement\":[{\"@type\":\"ListItem\",\"position\":1,\"name\":\"Hem\",\"item\":\"https:\/\/www.gdirekt.se\/da\/\"},{\"@type\":\"ListItem\",\"position\":2,\"name\":\"Start\",\"item\":\"https:\/\/www.gdirekt.se\/da\/\"},{\"@type\":\"ListItem\",\"position\":3,\"name\":\"Udstillingssystem Expolinc Frame\"}]},{\"@type\":\"WebSite\",\"@id\":\"https:\/\/www.gdirekt.se\/#website\",\"url\":\"https:\/\/www.gdirekt.se\/\",\"name\":\"Gdirekt.se\",\"description\":\"Tryck snabbt \u00e5 l\u00e4tt = Gdirekt\",\"potentialAction\":[{\"@type\":\"SearchAction\",\"target\":{\"@type\":\"EntryPoint\",\"urlTemplate\":\"https:\/\/www.gdirekt.se\/?s={search_term_string}\"},\"query-input\":{\"@type\":\"PropertyValueSpecification\",\"valueRequired\":true,\"valueName\":\"search_term_string\"}}],\"inLanguage\":\"da-DK\"}]}<\/script>\n<!-- \/ Yoast SEO plugin. -->","yoast_head_json":{"title":"Udstillingssystem Expolinc Frame, billig og let uden v\u00e6rkt\u00f8jer | Gdirekt.se","description":"Udstillingsstand Expolinc Frame er perfekt til messen! Du kan nemt bygge uden v\u00e6rkt\u00f8jer til en billig pris. Let at transportere og er supermoderne!","robots":{"index":"index","follow":"follow","max-snippet":"max-snippet:-1","max-image-preview":"max-image-preview:large","max-video-preview":"max-video-preview:-1"},"canonical":"https:\/\/www.gdirekt.se\/da\/produkt\/udstillingssystem-expolinc-frame\/","og_locale":"da_DK","og_type":"article","og_title":"Udstillingssystem Expolinc Frame, billig og let uden v\u00e6rkt\u00f8jer | Gdirekt.se","og_description":"Udstillingsstand Expolinc Frame er perfekt til messen! Du kan nemt bygge uden v\u00e6rkt\u00f8jer til en billig pris. Let at transportere og er supermoderne!","og_url":"https:\/\/www.gdirekt.se\/da\/produkt\/udstillingssystem-expolinc-frame\/","og_site_name":"Gdirekt.se","article_modified_time":"2020-01-03T09:39:29+00:00","og_image":[{"width":1000,"height":1000,"url":"https:\/\/www.gdirekt.se\/wp-content\/uploads\/skarmvagg_frame.png","type":"image\/png"}],"twitter_card":"summary_large_image","twitter_misc":{"Estimeret l\u00e6setid":"2 minutter"},"schema":{"@context":"https:\/\/schema.org","@graph":[{"@type":"WebPage","@id":"https:\/\/www.gdirekt.se\/da\/produkt\/udstillingssystem-expolinc-frame\/","url":"https:\/\/www.gdirekt.se\/da\/produkt\/udstillingssystem-expolinc-frame\/","name":"Udstillingssystem Expolinc Frame, billig og let uden v\u00e6rkt\u00f8jer | Gdirekt.se","isPartOf":{"@id":"https:\/\/www.gdirekt.se\/#website"},"primaryImageOfPage":{"@id":"https:\/\/www.gdirekt.se\/da\/produkt\/udstillingssystem-expolinc-frame\/#primaryimage"},"image":{"@id":"https:\/\/www.gdirekt.se\/da\/produkt\/udstillingssystem-expolinc-frame\/#primaryimage"},"thumbnailUrl":"https:\/\/www.gdirekt.se\/wp-content\/uploads\/skarmvagg_frame.png","datePublished":"2019-09-27T12:11:22+00:00","dateModified":"2020-01-03T09:39:29+00:00","description":"Udstillingsstand Expolinc Frame er perfekt til messen! Du kan nemt bygge uden v\u00e6rkt\u00f8jer til en billig pris. Let at transportere og er supermoderne!","breadcrumb":{"@id":"https:\/\/www.gdirekt.se\/da\/produkt\/udstillingssystem-expolinc-frame\/#breadcrumb"},"inLanguage":"da-DK","potentialAction":[{"@type":"ReadAction","target":["https:\/\/www.gdirekt.se\/da\/produkt\/udstillingssystem-expolinc-frame\/"]}]},{"@type":"ImageObject","inLanguage":"da-DK","@id":"https:\/\/www.gdirekt.se\/da\/produkt\/udstillingssystem-expolinc-frame\/#primaryimage","url":"https:\/\/www.gdirekt.se\/wp-content\/uploads\/skarmvagg_frame.png","contentUrl":"https:\/\/www.gdirekt.se\/wp-content\/uploads\/skarmvagg_frame.png","width":1000,"height":1000,"caption":"Din displayv\u00e6g til messen"},{"@type":"BreadcrumbList","@id":"https:\/\/www.gdirekt.se\/da\/produkt\/udstillingssystem-expolinc-frame\/#breadcrumb","itemListElement":[{"@type":"ListItem","position":1,"name":"Hem","item":"https:\/\/www.gdirekt.se\/da\/"},{"@type":"ListItem","position":2,"name":"Start","item":"https:\/\/www.gdirekt.se\/da\/"},{"@type":"ListItem","position":3,"name":"Udstillingssystem Expolinc Frame"}]},{"@type":"WebSite","@id":"https:\/\/www.gdirekt.se\/#website","url":"https:\/\/www.gdirekt.se\/","name":"Gdirekt.se","description":"Tryck snabbt \u00e5 l\u00e4tt = Gdirekt","potentialAction":[{"@type":"SearchAction","target":{"@type":"EntryPoint","urlTemplate":"https:\/\/www.gdirekt.se\/?s={search_term_string}"},"query-input":{"@type":"PropertyValueSpecification","valueRequired":true,"valueName":"search_term_string"}}],"inLanguage":"da-DK"}]}},"_links":{"self":[{"href":"https:\/\/www.gdirekt.se\/da\/wp-json\/wp\/v2\/product\/12275","targetHints":{"allow":["GET"]}}],"collection":[{"href":"https:\/\/www.gdirekt.se\/da\/wp-json\/wp\/v2\/product"}],"about":[{"href":"https:\/\/www.gdirekt.se\/da\/wp-json\/wp\/v2\/types\/product"}],"wp:featuredmedia":[{"embeddable":true,"href":"https:\/\/www.gdirekt.se\/da\/wp-json\/wp\/v2\/media\/12094"}],"wp:attachment":[{"href":"https:\/\/www.gdirekt.se\/da\/wp-json\/wp\/v2\/media?parent=12275"}],"wp:term":[{"taxonomy":"product_brand","embeddable":true,"href":"https:\/\/www.gdirekt.se\/da\/wp-json\/wp\/v2\/product_brand?post=12275"},{"taxonomy":"product_cat","embeddable":true,"href":"https:\/\/www.gdirekt.se\/da\/wp-json\/wp\/v2\/product_cat?post=12275"},{"taxonomy":"product_tag","embeddable":true,"href":"https:\/\/www.gdirekt.se\/da\/wp-json\/wp\/v2\/product_tag?post=12275"}],"curies":[{"name":"wp","href":"https:\/\/api.w.org\/{rel}","templated":true}]}}