{"id":12264,"date":"2019-09-25T13:18:36","date_gmt":"2019-09-25T11:18:36","guid":{"rendered":"https:\/\/www.gdirekt.se\/produkt\/bildvagg-expolinc-frame\/"},"modified":"2019-10-02T13:38:39","modified_gmt":"2019-10-02T11:38:39","slug":"billedvaeg-expolinc-frame","status":"publish","type":"product","link":"https:\/\/www.gdirekt.se\/da\/produkt\/billedvaeg-expolinc-frame\/","title":{"rendered":"Billedv\u00e6g Expolinc Frame"},"content":{"rendered":"<h3><a href=\"https:\/\/www.youtube.com\/watch?time_continue=8&amp;v=HJcfTUan9eA\" target=\"_blank\" rel=\"noopener\">Se denne film, hvor glat, moderne og god Frame er!<\/a><\/h3>\n<p>Billedv\u00e6g Expolinc Frame er et moderne, fleksibelt og stabilt system til stofbilleder. Stofbilledet med tryk f\u00e5s i fire forskellige st\u00f8rrelser. Standardh\u00f8jden er 250 cm. Systemet er hovedsageligt lavet af holdbart aluminium og let at installere. Hvis du vil k\u00f8be et messeshow, er dette ogs\u00e5 et billigt alternativ, der fungerer godt. Baggrundsposition er moderne og stilfuld. Det smarteste er, at du nemt kan samle et helt udstillingsstativ uden v\u00e6rkt\u00f8jer. Levering foreg\u00e5r i en papkasse, men brugerdefinerede tasker kan k\u00f8bes. K\u00f8b ogs\u00e5 de rigtige f\u00f8dder afh\u00e6ngigt af, hvordan fairways skal bruges.<\/p>\n<p>St\u00f8rrelserne er:<\/p>\n<p>195x250cm<\/p>\n<p>295x250cm<\/p>\n<p>395x250cm<\/p>\n<p>495x250cm<\/p>\n<p>Vi bruger en holdbar, tyk polyester, der passer til disse stofreoler, der er 220 gram tykke. Produktionen udf\u00f8res af os selv med den nyeste trykteknologi. Da tekstilerne er ildem\u00e6rket, godkendes de som en messev\u00e6g eller baggrund p\u00e5 alle omr\u00e5der. Endelig ops\u00e6tter du hele standv\u00e6ggen p\u00e5 fem minutter, og der kr\u00e6ves ingen v\u00e6rkt\u00f8jer. P\u00e5 de digitalt trykte stoffer har vi hos Gdirekt syet passende gummilister.<\/p>\n<p>Dette stof rack hedder Image Wall Expolinc Frame &#8211; og er frem for alt stilfuldt, udvideligt og let at k\u00f8be fra os direkte online. Du bruger produktet ved forskellige lejligheder, og holdbarheden er god. Anvendelser af billedv\u00e6ggen er messer s\u00e5som messesveje, fotov\u00e6g med baggrund med logoer. Og en anden god m\u00e5de at vise sportsklubbens sponsorer. Derefter kaldes det sponsorv\u00e6g eller sponsorbaggrund. Vepamontern bruges som pop-up-butikker i indk\u00f8bscentre, til at s\u00e6lge varer og produkter eller lancere nye.<\/p>\n<p>Endelig kan du ogs\u00e5 k\u00f8be hveps og baggrundsbilleder i stof med dit eget tryk og st\u00f8rrelse. V\u00e6lg stofmateriale efter <strong><i><a href=\"\/?product_cat=tyg-med-tryck-vepor-backdrop\">tryk her!<\/a><\/i><\/strong><\/p>\n<div class=\"tlid-results-container results-container\">\n<div class=\"tlid-result result-dict-wrapper\">\n<div class=\"result tlid-copy-target\">\n<div class=\"result-header\">\n<div class=\"starbutton jfk-button-flat jfk-button unstarred\" tabindex=\"0\" role=\"button\" aria-label=\"Stj\u00e4rnm\u00e4rk \u00f6vers\u00e4ttningen\" data-tooltip=\"Stj\u00e4rnm\u00e4rk \u00f6vers\u00e4ttningen\" data-tooltip-align=\"t,c\">\n<div class=\"jfk-button-img\"><\/div>\n<\/div>\n<\/div>\n<div class=\"text-wrap tlid-copy-target\">\n<div class=\"result-shield-container tlid-copy-target\" tabindex=\"0\"><span class=\"tlid-translation translation\" lang=\"da\"><span title=\"\">Sandsynligvis vil du v\u00e6re meget tilfreds mere denne messev\u00e6g!<\/span><\/span><\/div>\n<\/div>\n<\/div>\n<\/div>\n<\/div>\n","protected":false},"excerpt":{"rendered":"<div class=\"tlid-input input\">\n<div class=\"source-wrap\">\n<div class=\"input-full-height-wrapper tlid-input-full-height-wrapper\">\n<div class=\"source-input\">\n<div class=\"source-footer-wrap source-or-target-footer\">\n<div class=\"character-count tlid-character-count\"><\/div>\n<\/div>\n<\/div>\n<\/div>\n<\/div>\n<\/div>\n<div class=\"tlid-results-container results-container\">\n<div class=\"tlid-result result-dict-wrapper\">\n<div class=\"result tlid-copy-target\">\n<div class=\"text-wrap tlid-copy-target\">\n<div class=\"result-shield-container tlid-copy-target\" tabindex=\"0\">\n<p><span class=\"tlid-translation translation\" lang=\"da\"><span title=\"\">Billedv\u00e6g Expolinc Frame er det mest attraktive stofsystem p\u00e5 markedet.<\/span> <span class=\"\" title=\"\">H\u00f8jeste kvalitet, og du kan nemt installere stofv\u00e6ggen uden v\u00e6rkt\u00f8jer med smarte magnetiske profiler.<\/span> <span class=\"\" title=\"\">Leveres i karton, tasker kan bestilles.<\/span> <span class=\"\" title=\"\">Kan s\u00e6ttes sammen til p\u00e6ne udstillingsstande, kontakt os p\u00e5 <em><strong><a href=\"mailto:info@gdirekt.se\">info@gdirekt.se<\/a><\/strong><\/em><\/span><\/span><\/p>\n<p><strong><span title=\"\">OBS!<\/span> <span class=\"\" title=\"\">K\u00f8b til h\u00f8jre f\u00f8dder nedenfor, hvis det skulle st\u00e5 mod v\u00e6ggen eller selv!<\/span><\/strong><\/p>\n<\/div>\n<\/div>\n<\/div>\n<\/div>\n<\/div>\n","protected":false},"featured_media":12080,"template":"","meta":{"_acf_changed":false},"product_brand":[],"product_cat":[375],"product_tag":[],"class_list":{"0":"post-12264","1":"product","2":"type-product","3":"status-publish","4":"has-post-thumbnail","6":"product_cat-messevaegge-og-displaysystemer","7":"product_shipping_class-350kr","9":"first","10":"instock","11":"taxable","12":"shipping-taxable","13":"purchasable","14":"product-type-variable","15":"has-default-attributes"},"exclude_global_add_ons":[],"addons":[],"acf":[],"yoast_head":"<!-- This site is optimized with the Yoast SEO plugin v27.2 - https:\/\/yoast.com\/product\/yoast-seo-wordpress\/ -->\n<title>Billedv\u00e6g Expolinc Frame, k\u00f8b billige baggrundsstativ | Gdirekt.se<\/title>\n<meta name=\"description\" content=\"Billedv\u00e6g Expolinc Frame - til stofbanner! Stilfuld stand eller pressev\u00e6g med logo. Display for butikker og messe. Billig pris for begivenheder og visning.\" \/>\n<meta name=\"robots\" content=\"index, follow, max-snippet:-1, max-image-preview:large, max-video-preview:-1\" \/>\n<link rel=\"canonical\" href=\"https:\/\/www.gdirekt.se\/da\/produkt\/billedvaeg-expolinc-frame\/\" \/>\n<meta property=\"og:locale\" content=\"da_DK\" \/>\n<meta property=\"og:type\" content=\"article\" \/>\n<meta property=\"og:title\" content=\"Billedv\u00e6g Expolinc Frame, k\u00f8b billige baggrundsstativ | Gdirekt.se\" \/>\n<meta property=\"og:description\" content=\"Billedv\u00e6g Expolinc Frame - til stofbanner! Stilfuld stand eller pressev\u00e6g med logo. Display for butikker og messe. Billig pris for begivenheder og visning.\" \/>\n<meta property=\"og:url\" content=\"https:\/\/www.gdirekt.se\/da\/produkt\/billedvaeg-expolinc-frame\/\" \/>\n<meta property=\"og:site_name\" content=\"Gdirekt.se\" \/>\n<meta property=\"article:modified_time\" content=\"2019-10-02T11:38:39+00:00\" \/>\n<meta property=\"og:image\" content=\"https:\/\/www.gdirekt.se\/wp-content\/uploads\/bildvagg_expolinc_frame.png\" \/>\n\t<meta property=\"og:image:width\" content=\"1000\" \/>\n\t<meta property=\"og:image:height\" content=\"1000\" \/>\n\t<meta property=\"og:image:type\" content=\"image\/png\" \/>\n<meta name=\"twitter:card\" content=\"summary_large_image\" \/>\n<meta name=\"twitter:label1\" content=\"Estimeret l\u00e6setid\" \/>\n\t<meta name=\"twitter:data1\" content=\"2 minutter\" \/>\n<script type=\"application\/ld+json\" class=\"yoast-schema-graph\">{\"@context\":\"https:\/\/schema.org\",\"@graph\":[{\"@type\":\"WebPage\",\"@id\":\"https:\/\/www.gdirekt.se\/da\/produkt\/billedvaeg-expolinc-frame\/\",\"url\":\"https:\/\/www.gdirekt.se\/da\/produkt\/billedvaeg-expolinc-frame\/\",\"name\":\"Billedv\u00e6g Expolinc Frame, k\u00f8b billige baggrundsstativ | Gdirekt.se\",\"isPartOf\":{\"@id\":\"https:\/\/www.gdirekt.se\/#website\"},\"primaryImageOfPage\":{\"@id\":\"https:\/\/www.gdirekt.se\/da\/produkt\/billedvaeg-expolinc-frame\/#primaryimage\"},\"image\":{\"@id\":\"https:\/\/www.gdirekt.se\/da\/produkt\/billedvaeg-expolinc-frame\/#primaryimage\"},\"thumbnailUrl\":\"https:\/\/www.gdirekt.se\/wp-content\/uploads\/bildvagg_expolinc_frame.png\",\"datePublished\":\"2019-09-25T11:18:36+00:00\",\"dateModified\":\"2019-10-02T11:38:39+00:00\",\"description\":\"Billedv\u00e6g Expolinc Frame - til stofbanner! Stilfuld stand eller pressev\u00e6g med logo. Display for butikker og messe. Billig pris for begivenheder og visning.\",\"breadcrumb\":{\"@id\":\"https:\/\/www.gdirekt.se\/da\/produkt\/billedvaeg-expolinc-frame\/#breadcrumb\"},\"inLanguage\":\"da-DK\",\"potentialAction\":[{\"@type\":\"ReadAction\",\"target\":[\"https:\/\/www.gdirekt.se\/da\/produkt\/billedvaeg-expolinc-frame\/\"]}]},{\"@type\":\"ImageObject\",\"inLanguage\":\"da-DK\",\"@id\":\"https:\/\/www.gdirekt.se\/da\/produkt\/billedvaeg-expolinc-frame\/#primaryimage\",\"url\":\"https:\/\/www.gdirekt.se\/wp-content\/uploads\/bildvagg_expolinc_frame.png\",\"contentUrl\":\"https:\/\/www.gdirekt.se\/wp-content\/uploads\/bildvagg_expolinc_frame.png\",\"width\":1000,\"height\":1000,\"caption\":\"Messev\u00e6g i stof\"},{\"@type\":\"BreadcrumbList\",\"@id\":\"https:\/\/www.gdirekt.se\/da\/produkt\/billedvaeg-expolinc-frame\/#breadcrumb\",\"itemListElement\":[{\"@type\":\"ListItem\",\"position\":1,\"name\":\"Hem\",\"item\":\"https:\/\/www.gdirekt.se\/da\/\"},{\"@type\":\"ListItem\",\"position\":2,\"name\":\"Start\",\"item\":\"https:\/\/www.gdirekt.se\/da\/\"},{\"@type\":\"ListItem\",\"position\":3,\"name\":\"Billedv\u00e6g Expolinc Frame\"}]},{\"@type\":\"WebSite\",\"@id\":\"https:\/\/www.gdirekt.se\/#website\",\"url\":\"https:\/\/www.gdirekt.se\/\",\"name\":\"Gdirekt.se\",\"description\":\"Tryck snabbt \u00e5 l\u00e4tt = Gdirekt\",\"potentialAction\":[{\"@type\":\"SearchAction\",\"target\":{\"@type\":\"EntryPoint\",\"urlTemplate\":\"https:\/\/www.gdirekt.se\/?s={search_term_string}\"},\"query-input\":{\"@type\":\"PropertyValueSpecification\",\"valueRequired\":true,\"valueName\":\"search_term_string\"}}],\"inLanguage\":\"da-DK\"}]}<\/script>\n<!-- \/ Yoast SEO plugin. -->","yoast_head_json":{"title":"Billedv\u00e6g Expolinc Frame, k\u00f8b billige baggrundsstativ | Gdirekt.se","description":"Billedv\u00e6g Expolinc Frame - til stofbanner! Stilfuld stand eller pressev\u00e6g med logo. Display for butikker og messe. Billig pris for begivenheder og visning.","robots":{"index":"index","follow":"follow","max-snippet":"max-snippet:-1","max-image-preview":"max-image-preview:large","max-video-preview":"max-video-preview:-1"},"canonical":"https:\/\/www.gdirekt.se\/da\/produkt\/billedvaeg-expolinc-frame\/","og_locale":"da_DK","og_type":"article","og_title":"Billedv\u00e6g Expolinc Frame, k\u00f8b billige baggrundsstativ | Gdirekt.se","og_description":"Billedv\u00e6g Expolinc Frame - til stofbanner! Stilfuld stand eller pressev\u00e6g med logo. Display for butikker og messe. Billig pris for begivenheder og visning.","og_url":"https:\/\/www.gdirekt.se\/da\/produkt\/billedvaeg-expolinc-frame\/","og_site_name":"Gdirekt.se","article_modified_time":"2019-10-02T11:38:39+00:00","og_image":[{"width":1000,"height":1000,"url":"https:\/\/www.gdirekt.se\/wp-content\/uploads\/bildvagg_expolinc_frame.png","type":"image\/png"}],"twitter_card":"summary_large_image","twitter_misc":{"Estimeret l\u00e6setid":"2 minutter"},"schema":{"@context":"https:\/\/schema.org","@graph":[{"@type":"WebPage","@id":"https:\/\/www.gdirekt.se\/da\/produkt\/billedvaeg-expolinc-frame\/","url":"https:\/\/www.gdirekt.se\/da\/produkt\/billedvaeg-expolinc-frame\/","name":"Billedv\u00e6g Expolinc Frame, k\u00f8b billige baggrundsstativ | Gdirekt.se","isPartOf":{"@id":"https:\/\/www.gdirekt.se\/#website"},"primaryImageOfPage":{"@id":"https:\/\/www.gdirekt.se\/da\/produkt\/billedvaeg-expolinc-frame\/#primaryimage"},"image":{"@id":"https:\/\/www.gdirekt.se\/da\/produkt\/billedvaeg-expolinc-frame\/#primaryimage"},"thumbnailUrl":"https:\/\/www.gdirekt.se\/wp-content\/uploads\/bildvagg_expolinc_frame.png","datePublished":"2019-09-25T11:18:36+00:00","dateModified":"2019-10-02T11:38:39+00:00","description":"Billedv\u00e6g Expolinc Frame - til stofbanner! Stilfuld stand eller pressev\u00e6g med logo. Display for butikker og messe. Billig pris for begivenheder og visning.","breadcrumb":{"@id":"https:\/\/www.gdirekt.se\/da\/produkt\/billedvaeg-expolinc-frame\/#breadcrumb"},"inLanguage":"da-DK","potentialAction":[{"@type":"ReadAction","target":["https:\/\/www.gdirekt.se\/da\/produkt\/billedvaeg-expolinc-frame\/"]}]},{"@type":"ImageObject","inLanguage":"da-DK","@id":"https:\/\/www.gdirekt.se\/da\/produkt\/billedvaeg-expolinc-frame\/#primaryimage","url":"https:\/\/www.gdirekt.se\/wp-content\/uploads\/bildvagg_expolinc_frame.png","contentUrl":"https:\/\/www.gdirekt.se\/wp-content\/uploads\/bildvagg_expolinc_frame.png","width":1000,"height":1000,"caption":"Messev\u00e6g i stof"},{"@type":"BreadcrumbList","@id":"https:\/\/www.gdirekt.se\/da\/produkt\/billedvaeg-expolinc-frame\/#breadcrumb","itemListElement":[{"@type":"ListItem","position":1,"name":"Hem","item":"https:\/\/www.gdirekt.se\/da\/"},{"@type":"ListItem","position":2,"name":"Start","item":"https:\/\/www.gdirekt.se\/da\/"},{"@type":"ListItem","position":3,"name":"Billedv\u00e6g Expolinc Frame"}]},{"@type":"WebSite","@id":"https:\/\/www.gdirekt.se\/#website","url":"https:\/\/www.gdirekt.se\/","name":"Gdirekt.se","description":"Tryck snabbt \u00e5 l\u00e4tt = Gdirekt","potentialAction":[{"@type":"SearchAction","target":{"@type":"EntryPoint","urlTemplate":"https:\/\/www.gdirekt.se\/?s={search_term_string}"},"query-input":{"@type":"PropertyValueSpecification","valueRequired":true,"valueName":"search_term_string"}}],"inLanguage":"da-DK"}]}},"_links":{"self":[{"href":"https:\/\/www.gdirekt.se\/da\/wp-json\/wp\/v2\/product\/12264","targetHints":{"allow":["GET"]}}],"collection":[{"href":"https:\/\/www.gdirekt.se\/da\/wp-json\/wp\/v2\/product"}],"about":[{"href":"https:\/\/www.gdirekt.se\/da\/wp-json\/wp\/v2\/types\/product"}],"wp:featuredmedia":[{"embeddable":true,"href":"https:\/\/www.gdirekt.se\/da\/wp-json\/wp\/v2\/media\/12080"}],"wp:attachment":[{"href":"https:\/\/www.gdirekt.se\/da\/wp-json\/wp\/v2\/media?parent=12264"}],"wp:term":[{"taxonomy":"product_brand","embeddable":true,"href":"https:\/\/www.gdirekt.se\/da\/wp-json\/wp\/v2\/product_brand?post=12264"},{"taxonomy":"product_cat","embeddable":true,"href":"https:\/\/www.gdirekt.se\/da\/wp-json\/wp\/v2\/product_cat?post=12264"},{"taxonomy":"product_tag","embeddable":true,"href":"https:\/\/www.gdirekt.se\/da\/wp-json\/wp\/v2\/product_tag?post=12264"}],"curies":[{"name":"wp","href":"https:\/\/api.w.org\/{rel}","templated":true}]}}