{"id":12108,"date":"2019-09-26T16:50:30","date_gmt":"2019-09-26T14:50:30","guid":{"rendered":"https:\/\/www.gdirekt.se\/?post_type=product&#038;p=12108"},"modified":"2019-12-17T17:10:01","modified_gmt":"2019-12-17T16:10:01","slug":"stoettefoedder-expolinc-frame","status":"publish","type":"product","link":"https:\/\/www.gdirekt.se\/da\/produkt\/stoettefoedder-expolinc-frame\/","title":{"rendered":"St\u00f8ttef\u00f8dder Expolinc Frame"},"content":{"rendered":"<p>St\u00f8ttef\u00f8dder Expolinc Frame skal bestilles. Der er flere varianter afh\u00e6ngigt af applikationen. Skulle det v\u00e6re mod en v\u00e6g p\u00e5 en messe, bruger du en ensidig. Hvis billedv\u00e6ggen skal st\u00e5 af sig selv, er der brug for dobbeltsidede f\u00f8dder. De s\u00e6lges parvis, to og to.<\/p>\n<p>Kontakt os, hvis du har sp\u00f8rgsm\u00e5l!<\/p>\n","protected":false},"excerpt":{"rendered":"<p>St\u00f8ttef\u00f8dder Expolinc Frame skal bestille til disse billedv\u00e6gge! Hvis systemet skal st\u00e5 mod en v\u00e6g, skal du bruge ensidige f\u00f8dder. Hvis systemet skal st\u00e5 af sig selv, v\u00e6lger du dobbeltsidede f\u00f8dder.<\/p>\n","protected":false},"featured_media":12110,"template":"","meta":{"_acf_changed":false},"product_brand":[],"product_cat":[936],"product_tag":[],"class_list":{"0":"post-12108","1":"product","2":"type-product","3":"status-publish","4":"has-post-thumbnail","6":"product_cat-okategoriserad-da","7":"product_shipping_class-180sek","9":"first","10":"instock","11":"taxable","12":"shipping-taxable","13":"purchasable","14":"product-type-variable","15":"has-default-attributes"},"exclude_global_add_ons":[],"addons":[],"acf":[],"yoast_head":"<!-- This site is optimized with the Yoast SEO plugin v27.2 - https:\/\/yoast.com\/product\/yoast-seo-wordpress\/ -->\n<title>St\u00f8ttef\u00f8dder Expolinc Frame | Gdirekt.se<\/title>\n<meta name=\"description\" content=\"Disse robuste st\u00f8tteben passer til udstillingsv\u00e6ggene fra Expolinc kaldet Frame, bestilles direkte fra os som leverand\u00f8r! Hurtige leveringer!\" \/>\n<meta name=\"robots\" content=\"index, follow, max-snippet:-1, max-image-preview:large, max-video-preview:-1\" \/>\n<link rel=\"canonical\" href=\"https:\/\/www.gdirekt.se\/da\/produkt\/stoettefoedder-expolinc-frame\/\" \/>\n<meta property=\"og:locale\" content=\"da_DK\" \/>\n<meta property=\"og:type\" content=\"article\" \/>\n<meta property=\"og:title\" content=\"St\u00f8ttef\u00f8dder Expolinc Frame | Gdirekt.se\" \/>\n<meta property=\"og:description\" content=\"Disse robuste st\u00f8tteben passer til udstillingsv\u00e6ggene fra Expolinc kaldet Frame, bestilles direkte fra os som leverand\u00f8r! Hurtige leveringer!\" \/>\n<meta property=\"og:url\" content=\"https:\/\/www.gdirekt.se\/da\/produkt\/stoettefoedder-expolinc-frame\/\" \/>\n<meta property=\"og:site_name\" content=\"Gdirekt.se\" \/>\n<meta property=\"article:modified_time\" content=\"2019-12-17T16:10:01+00:00\" \/>\n<meta property=\"og:image\" content=\"https:\/\/www.gdirekt.se\/wp-content\/uploads\/fotter_expolinc_frame.png\" \/>\n\t<meta property=\"og:image:width\" content=\"1000\" \/>\n\t<meta property=\"og:image:height\" content=\"1000\" \/>\n\t<meta property=\"og:image:type\" content=\"image\/png\" \/>\n<meta name=\"twitter:card\" content=\"summary_large_image\" \/>\n<script type=\"application\/ld+json\" class=\"yoast-schema-graph\">{\"@context\":\"https:\/\/schema.org\",\"@graph\":[{\"@type\":\"WebPage\",\"@id\":\"https:\/\/www.gdirekt.se\/da\/produkt\/stoettefoedder-expolinc-frame\/\",\"url\":\"https:\/\/www.gdirekt.se\/da\/produkt\/stoettefoedder-expolinc-frame\/\",\"name\":\"St\u00f8ttef\u00f8dder Expolinc Frame | Gdirekt.se\",\"isPartOf\":{\"@id\":\"https:\/\/www.gdirekt.se\/#website\"},\"primaryImageOfPage\":{\"@id\":\"https:\/\/www.gdirekt.se\/da\/produkt\/stoettefoedder-expolinc-frame\/#primaryimage\"},\"image\":{\"@id\":\"https:\/\/www.gdirekt.se\/da\/produkt\/stoettefoedder-expolinc-frame\/#primaryimage\"},\"thumbnailUrl\":\"https:\/\/www.gdirekt.se\/wp-content\/uploads\/fotter_expolinc_frame.png\",\"datePublished\":\"2019-09-26T14:50:30+00:00\",\"dateModified\":\"2019-12-17T16:10:01+00:00\",\"description\":\"Disse robuste st\u00f8tteben passer til udstillingsv\u00e6ggene fra Expolinc kaldet Frame, bestilles direkte fra os som leverand\u00f8r! Hurtige leveringer!\",\"breadcrumb\":{\"@id\":\"https:\/\/www.gdirekt.se\/da\/produkt\/stoettefoedder-expolinc-frame\/#breadcrumb\"},\"inLanguage\":\"da-DK\",\"potentialAction\":[{\"@type\":\"ReadAction\",\"target\":[\"https:\/\/www.gdirekt.se\/da\/produkt\/stoettefoedder-expolinc-frame\/\"]}]},{\"@type\":\"ImageObject\",\"inLanguage\":\"da-DK\",\"@id\":\"https:\/\/www.gdirekt.se\/da\/produkt\/stoettefoedder-expolinc-frame\/#primaryimage\",\"url\":\"https:\/\/www.gdirekt.se\/wp-content\/uploads\/fotter_expolinc_frame.png\",\"contentUrl\":\"https:\/\/www.gdirekt.se\/wp-content\/uploads\/fotter_expolinc_frame.png\",\"width\":1000,\"height\":1000,\"caption\":\"St\u00f8tteben Frame\"},{\"@type\":\"BreadcrumbList\",\"@id\":\"https:\/\/www.gdirekt.se\/da\/produkt\/stoettefoedder-expolinc-frame\/#breadcrumb\",\"itemListElement\":[{\"@type\":\"ListItem\",\"position\":1,\"name\":\"Hem\",\"item\":\"https:\/\/www.gdirekt.se\/da\/\"},{\"@type\":\"ListItem\",\"position\":2,\"name\":\"Start\",\"item\":\"https:\/\/www.gdirekt.se\/da\/\"},{\"@type\":\"ListItem\",\"position\":3,\"name\":\"St\u00f8ttef\u00f8dder Expolinc Frame\"}]},{\"@type\":\"WebSite\",\"@id\":\"https:\/\/www.gdirekt.se\/#website\",\"url\":\"https:\/\/www.gdirekt.se\/\",\"name\":\"Gdirekt.se\",\"description\":\"Tryck snabbt \u00e5 l\u00e4tt = Gdirekt\",\"potentialAction\":[{\"@type\":\"SearchAction\",\"target\":{\"@type\":\"EntryPoint\",\"urlTemplate\":\"https:\/\/www.gdirekt.se\/?s={search_term_string}\"},\"query-input\":{\"@type\":\"PropertyValueSpecification\",\"valueRequired\":true,\"valueName\":\"search_term_string\"}}],\"inLanguage\":\"da-DK\"}]}<\/script>\n<!-- \/ Yoast SEO plugin. -->","yoast_head_json":{"title":"St\u00f8ttef\u00f8dder Expolinc Frame | Gdirekt.se","description":"Disse robuste st\u00f8tteben passer til udstillingsv\u00e6ggene fra Expolinc kaldet Frame, bestilles direkte fra os som leverand\u00f8r! Hurtige leveringer!","robots":{"index":"index","follow":"follow","max-snippet":"max-snippet:-1","max-image-preview":"max-image-preview:large","max-video-preview":"max-video-preview:-1"},"canonical":"https:\/\/www.gdirekt.se\/da\/produkt\/stoettefoedder-expolinc-frame\/","og_locale":"da_DK","og_type":"article","og_title":"St\u00f8ttef\u00f8dder Expolinc Frame | Gdirekt.se","og_description":"Disse robuste st\u00f8tteben passer til udstillingsv\u00e6ggene fra Expolinc kaldet Frame, bestilles direkte fra os som leverand\u00f8r! Hurtige leveringer!","og_url":"https:\/\/www.gdirekt.se\/da\/produkt\/stoettefoedder-expolinc-frame\/","og_site_name":"Gdirekt.se","article_modified_time":"2019-12-17T16:10:01+00:00","og_image":[{"width":1000,"height":1000,"url":"https:\/\/www.gdirekt.se\/wp-content\/uploads\/fotter_expolinc_frame.png","type":"image\/png"}],"twitter_card":"summary_large_image","schema":{"@context":"https:\/\/schema.org","@graph":[{"@type":"WebPage","@id":"https:\/\/www.gdirekt.se\/da\/produkt\/stoettefoedder-expolinc-frame\/","url":"https:\/\/www.gdirekt.se\/da\/produkt\/stoettefoedder-expolinc-frame\/","name":"St\u00f8ttef\u00f8dder Expolinc Frame | Gdirekt.se","isPartOf":{"@id":"https:\/\/www.gdirekt.se\/#website"},"primaryImageOfPage":{"@id":"https:\/\/www.gdirekt.se\/da\/produkt\/stoettefoedder-expolinc-frame\/#primaryimage"},"image":{"@id":"https:\/\/www.gdirekt.se\/da\/produkt\/stoettefoedder-expolinc-frame\/#primaryimage"},"thumbnailUrl":"https:\/\/www.gdirekt.se\/wp-content\/uploads\/fotter_expolinc_frame.png","datePublished":"2019-09-26T14:50:30+00:00","dateModified":"2019-12-17T16:10:01+00:00","description":"Disse robuste st\u00f8tteben passer til udstillingsv\u00e6ggene fra Expolinc kaldet Frame, bestilles direkte fra os som leverand\u00f8r! Hurtige leveringer!","breadcrumb":{"@id":"https:\/\/www.gdirekt.se\/da\/produkt\/stoettefoedder-expolinc-frame\/#breadcrumb"},"inLanguage":"da-DK","potentialAction":[{"@type":"ReadAction","target":["https:\/\/www.gdirekt.se\/da\/produkt\/stoettefoedder-expolinc-frame\/"]}]},{"@type":"ImageObject","inLanguage":"da-DK","@id":"https:\/\/www.gdirekt.se\/da\/produkt\/stoettefoedder-expolinc-frame\/#primaryimage","url":"https:\/\/www.gdirekt.se\/wp-content\/uploads\/fotter_expolinc_frame.png","contentUrl":"https:\/\/www.gdirekt.se\/wp-content\/uploads\/fotter_expolinc_frame.png","width":1000,"height":1000,"caption":"St\u00f8tteben Frame"},{"@type":"BreadcrumbList","@id":"https:\/\/www.gdirekt.se\/da\/produkt\/stoettefoedder-expolinc-frame\/#breadcrumb","itemListElement":[{"@type":"ListItem","position":1,"name":"Hem","item":"https:\/\/www.gdirekt.se\/da\/"},{"@type":"ListItem","position":2,"name":"Start","item":"https:\/\/www.gdirekt.se\/da\/"},{"@type":"ListItem","position":3,"name":"St\u00f8ttef\u00f8dder Expolinc Frame"}]},{"@type":"WebSite","@id":"https:\/\/www.gdirekt.se\/#website","url":"https:\/\/www.gdirekt.se\/","name":"Gdirekt.se","description":"Tryck snabbt \u00e5 l\u00e4tt = Gdirekt","potentialAction":[{"@type":"SearchAction","target":{"@type":"EntryPoint","urlTemplate":"https:\/\/www.gdirekt.se\/?s={search_term_string}"},"query-input":{"@type":"PropertyValueSpecification","valueRequired":true,"valueName":"search_term_string"}}],"inLanguage":"da-DK"}]}},"_links":{"self":[{"href":"https:\/\/www.gdirekt.se\/da\/wp-json\/wp\/v2\/product\/12108","targetHints":{"allow":["GET"]}}],"collection":[{"href":"https:\/\/www.gdirekt.se\/da\/wp-json\/wp\/v2\/product"}],"about":[{"href":"https:\/\/www.gdirekt.se\/da\/wp-json\/wp\/v2\/types\/product"}],"wp:featuredmedia":[{"embeddable":true,"href":"https:\/\/www.gdirekt.se\/da\/wp-json\/wp\/v2\/media\/12110"}],"wp:attachment":[{"href":"https:\/\/www.gdirekt.se\/da\/wp-json\/wp\/v2\/media?parent=12108"}],"wp:term":[{"taxonomy":"product_brand","embeddable":true,"href":"https:\/\/www.gdirekt.se\/da\/wp-json\/wp\/v2\/product_brand?post=12108"},{"taxonomy":"product_cat","embeddable":true,"href":"https:\/\/www.gdirekt.se\/da\/wp-json\/wp\/v2\/product_cat?post=12108"},{"taxonomy":"product_tag","embeddable":true,"href":"https:\/\/www.gdirekt.se\/da\/wp-json\/wp\/v2\/product_tag?post=12108"}],"curies":[{"name":"wp","href":"https:\/\/api.w.org\/{rel}","templated":true}]}}