{"id":12051,"date":"2017-10-11T10:21:17","date_gmt":"2017-10-11T08:21:17","guid":{"rendered":"https:\/\/www.gdirekt.se\/produkt\/bordsduk-med-tryck\/"},"modified":"2019-09-24T09:55:36","modified_gmt":"2019-09-24T07:55:36","slug":"borddug-med-tryk","status":"publish","type":"product","link":"https:\/\/www.gdirekt.se\/da\/produkt\/borddug-med-tryk\/","title":{"rendered":"Borddug med tryk"},"content":{"rendered":"<p><span lang=\"DA\">Borddug med tryk anvendes oftest til eventborde til messer (kaldes i s\u00e5 fald messedug), produktlanceringer og andre events. Stoffet med tryk holder godt og er fremstillet p\u00e5 et 220 gram tykt polyester. Vi folder kanterne om, s\u00e5 det holder godt. Den trykte dug er i den h\u00f8jeste kvalitet og skarphed p\u00e5 tekst, billeder og logoer. Stoftrykket er ogs\u00e5 brandklassificeret i henhold til B1. Vi fremstiller selv disse duge, og trykket, som kan indeholde alle farver, er inkluderet i prisen. En trykt dug til bordet kan v\u00e6re en fin detalje til en fest, sammenkomst eller bryllup. Nogen kalder produktet for printet dug, hvilket betyder, at man k\u00f8ber en dug med egen tekst eller billede. Vi kan selvf\u00f8lgelig hj\u00e6lpe jer med andre m\u00e5l. Kontakt os p\u00e5<span class=\"apple-converted-space\">\u00a0<\/span><\/span><span lang=\"DA\"><a><b><i>info@gdirekt.se,<\/i><\/b><\/a><\/span><span lang=\"DA\">eller ring p\u00e5 +46 (0)11-251515. F\u00f8lg os p\u00e5<span class=\"apple-converted-space\">\u00a0<\/span><\/span><span lang=\"DA\"><a href=\"https:\/\/www.instagram.com\/gigantprint\/\"><b><i>Instagram<\/i><\/b><\/a><\/span><\/p>\n<p><span lang=\"DA\">Hvis I har brug for andre typer borde og skranker, har vi flere gode modeller,<span class=\"apple-converted-space\">\u00a0<\/span><\/span><span lang=\"DA\"><a href=\"https:\/\/www.gdirekt.se\/produkt-kategori\/diskar-podium-massbord\/\"><b><i>klik her!<\/i><\/b><\/a><\/span><\/p>\n","protected":false},"excerpt":{"rendered":"<p>Bordduge med tryk til messe, begivenhed eller lancering. Bestil let til en god pris, det trykte logo, teksten og billedet er inkluderet i prisen p\u00e5 polyesterstof. V\u00e6lg st\u00f8rrelsen af din dug nedenfor.<\/p>\n","protected":false},"featured_media":8838,"template":"","meta":{"_acf_changed":false},"product_brand":[],"product_cat":[373,380],"product_tag":[],"class_list":{"0":"post-12051","1":"product","2":"type-product","3":"status-publish","4":"has-post-thumbnail","6":"product_cat-skranker-podie-messebord","7":"product_cat-tekstiltryk-og-scenetaepper","9":"first","10":"instock","11":"taxable","12":"shipping-taxable","13":"purchasable","14":"product-type-variable","15":"has-default-attributes"},"exclude_global_add_ons":[],"addons":[],"acf":[],"yoast_head":"<!-- This site is optimized with the Yoast SEO plugin v27.2 - https:\/\/yoast.com\/product\/yoast-seo-wordpress\/ -->\n<title>Borddug med tryk, logo text med bild till m\u00e4ssa och event | Gdirekt.se<\/title>\n<meta name=\"description\" content=\"I bestiller let og billigt borddug med tryk hos Gdirekt. K\u00f8b en dug med tryk til messer og events samt nylancering af produkter. Det kan ogs\u00e5 v\u00e6re flotte demoborde i butikker og firmaer i butikscentre. Tekst, logo og billede er altid inkluderet i prisen. Og vi leverer lynhurtigt!\" \/>\n<meta name=\"robots\" content=\"index, follow, max-snippet:-1, max-image-preview:large, max-video-preview:-1\" \/>\n<link rel=\"canonical\" href=\"https:\/\/www.gdirekt.se\/da\/produkt\/borddug-med-tryk\/\" \/>\n<meta property=\"og:locale\" content=\"da_DK\" \/>\n<meta property=\"og:type\" content=\"article\" \/>\n<meta property=\"og:title\" content=\"Borddug med tryk, logo text med bild till m\u00e4ssa och event | Gdirekt.se\" \/>\n<meta property=\"og:description\" content=\"I bestiller let og billigt borddug med tryk hos Gdirekt. K\u00f8b en dug med tryk til messer og events samt nylancering af produkter. Det kan ogs\u00e5 v\u00e6re flotte demoborde i butikker og firmaer i butikscentre. Tekst, logo og billede er altid inkluderet i prisen. Og vi leverer lynhurtigt!\" \/>\n<meta property=\"og:url\" content=\"https:\/\/www.gdirekt.se\/da\/produkt\/borddug-med-tryk\/\" \/>\n<meta property=\"og:site_name\" content=\"Gdirekt.se\" \/>\n<meta property=\"article:modified_time\" content=\"2019-09-24T07:55:36+00:00\" \/>\n<meta property=\"og:image\" content=\"https:\/\/www.gdirekt.se\/wp-content\/uploads\/Bordsduk-med-tryck.png\" \/>\n\t<meta property=\"og:image:width\" content=\"1000\" \/>\n\t<meta property=\"og:image:height\" content=\"1000\" \/>\n\t<meta property=\"og:image:type\" content=\"image\/png\" \/>\n<meta name=\"twitter:card\" content=\"summary_large_image\" \/>\n<meta name=\"twitter:label1\" content=\"Estimeret l\u00e6setid\" \/>\n\t<meta name=\"twitter:data1\" content=\"1 minut\" \/>\n<script type=\"application\/ld+json\" class=\"yoast-schema-graph\">{\"@context\":\"https:\/\/schema.org\",\"@graph\":[{\"@type\":\"WebPage\",\"@id\":\"https:\/\/www.gdirekt.se\/da\/produkt\/borddug-med-tryk\/\",\"url\":\"https:\/\/www.gdirekt.se\/da\/produkt\/borddug-med-tryk\/\",\"name\":\"Borddug med tryk, logo text med bild till m\u00e4ssa och event | Gdirekt.se\",\"isPartOf\":{\"@id\":\"https:\/\/www.gdirekt.se\/#website\"},\"primaryImageOfPage\":{\"@id\":\"https:\/\/www.gdirekt.se\/da\/produkt\/borddug-med-tryk\/#primaryimage\"},\"image\":{\"@id\":\"https:\/\/www.gdirekt.se\/da\/produkt\/borddug-med-tryk\/#primaryimage\"},\"thumbnailUrl\":\"https:\/\/www.gdirekt.se\/wp-content\/uploads\/Bordsduk-med-tryck.png\",\"datePublished\":\"2017-10-11T08:21:17+00:00\",\"dateModified\":\"2019-09-24T07:55:36+00:00\",\"description\":\"I bestiller let og billigt borddug med tryk hos Gdirekt. K\u00f8b en dug med tryk til messer og events samt nylancering af produkter. Det kan ogs\u00e5 v\u00e6re flotte demoborde i butikker og firmaer i butikscentre. Tekst, logo og billede er altid inkluderet i prisen. Og vi leverer lynhurtigt!\",\"breadcrumb\":{\"@id\":\"https:\/\/www.gdirekt.se\/da\/produkt\/borddug-med-tryk\/#breadcrumb\"},\"inLanguage\":\"da-DK\",\"potentialAction\":[{\"@type\":\"ReadAction\",\"target\":[\"https:\/\/www.gdirekt.se\/da\/produkt\/borddug-med-tryk\/\"]}]},{\"@type\":\"ImageObject\",\"inLanguage\":\"da-DK\",\"@id\":\"https:\/\/www.gdirekt.se\/da\/produkt\/borddug-med-tryk\/#primaryimage\",\"url\":\"https:\/\/www.gdirekt.se\/wp-content\/uploads\/Bordsduk-med-tryck.png\",\"contentUrl\":\"https:\/\/www.gdirekt.se\/wp-content\/uploads\/Bordsduk-med-tryck.png\",\"width\":1000,\"height\":1000,\"caption\":\"Dug med stoftryk til fair og begivenhed.\"},{\"@type\":\"BreadcrumbList\",\"@id\":\"https:\/\/www.gdirekt.se\/da\/produkt\/borddug-med-tryk\/#breadcrumb\",\"itemListElement\":[{\"@type\":\"ListItem\",\"position\":1,\"name\":\"Hem\",\"item\":\"https:\/\/www.gdirekt.se\/da\/\"},{\"@type\":\"ListItem\",\"position\":2,\"name\":\"Start\",\"item\":\"https:\/\/www.gdirekt.se\/da\/\"},{\"@type\":\"ListItem\",\"position\":3,\"name\":\"Borddug med tryk\"}]},{\"@type\":\"WebSite\",\"@id\":\"https:\/\/www.gdirekt.se\/#website\",\"url\":\"https:\/\/www.gdirekt.se\/\",\"name\":\"Gdirekt.se\",\"description\":\"Tryck snabbt \u00e5 l\u00e4tt = Gdirekt\",\"potentialAction\":[{\"@type\":\"SearchAction\",\"target\":{\"@type\":\"EntryPoint\",\"urlTemplate\":\"https:\/\/www.gdirekt.se\/?s={search_term_string}\"},\"query-input\":{\"@type\":\"PropertyValueSpecification\",\"valueRequired\":true,\"valueName\":\"search_term_string\"}}],\"inLanguage\":\"da-DK\"}]}<\/script>\n<!-- \/ Yoast SEO plugin. -->","yoast_head_json":{"title":"Borddug med tryk, logo text med bild till m\u00e4ssa och event | Gdirekt.se","description":"I bestiller let og billigt borddug med tryk hos Gdirekt. K\u00f8b en dug med tryk til messer og events samt nylancering af produkter. Det kan ogs\u00e5 v\u00e6re flotte demoborde i butikker og firmaer i butikscentre. Tekst, logo og billede er altid inkluderet i prisen. Og vi leverer lynhurtigt!","robots":{"index":"index","follow":"follow","max-snippet":"max-snippet:-1","max-image-preview":"max-image-preview:large","max-video-preview":"max-video-preview:-1"},"canonical":"https:\/\/www.gdirekt.se\/da\/produkt\/borddug-med-tryk\/","og_locale":"da_DK","og_type":"article","og_title":"Borddug med tryk, logo text med bild till m\u00e4ssa och event | Gdirekt.se","og_description":"I bestiller let og billigt borddug med tryk hos Gdirekt. K\u00f8b en dug med tryk til messer og events samt nylancering af produkter. Det kan ogs\u00e5 v\u00e6re flotte demoborde i butikker og firmaer i butikscentre. Tekst, logo og billede er altid inkluderet i prisen. Og vi leverer lynhurtigt!","og_url":"https:\/\/www.gdirekt.se\/da\/produkt\/borddug-med-tryk\/","og_site_name":"Gdirekt.se","article_modified_time":"2019-09-24T07:55:36+00:00","og_image":[{"width":1000,"height":1000,"url":"https:\/\/www.gdirekt.se\/wp-content\/uploads\/Bordsduk-med-tryck.png","type":"image\/png"}],"twitter_card":"summary_large_image","twitter_misc":{"Estimeret l\u00e6setid":"1 minut"},"schema":{"@context":"https:\/\/schema.org","@graph":[{"@type":"WebPage","@id":"https:\/\/www.gdirekt.se\/da\/produkt\/borddug-med-tryk\/","url":"https:\/\/www.gdirekt.se\/da\/produkt\/borddug-med-tryk\/","name":"Borddug med tryk, logo text med bild till m\u00e4ssa och event | Gdirekt.se","isPartOf":{"@id":"https:\/\/www.gdirekt.se\/#website"},"primaryImageOfPage":{"@id":"https:\/\/www.gdirekt.se\/da\/produkt\/borddug-med-tryk\/#primaryimage"},"image":{"@id":"https:\/\/www.gdirekt.se\/da\/produkt\/borddug-med-tryk\/#primaryimage"},"thumbnailUrl":"https:\/\/www.gdirekt.se\/wp-content\/uploads\/Bordsduk-med-tryck.png","datePublished":"2017-10-11T08:21:17+00:00","dateModified":"2019-09-24T07:55:36+00:00","description":"I bestiller let og billigt borddug med tryk hos Gdirekt. K\u00f8b en dug med tryk til messer og events samt nylancering af produkter. Det kan ogs\u00e5 v\u00e6re flotte demoborde i butikker og firmaer i butikscentre. Tekst, logo og billede er altid inkluderet i prisen. Og vi leverer lynhurtigt!","breadcrumb":{"@id":"https:\/\/www.gdirekt.se\/da\/produkt\/borddug-med-tryk\/#breadcrumb"},"inLanguage":"da-DK","potentialAction":[{"@type":"ReadAction","target":["https:\/\/www.gdirekt.se\/da\/produkt\/borddug-med-tryk\/"]}]},{"@type":"ImageObject","inLanguage":"da-DK","@id":"https:\/\/www.gdirekt.se\/da\/produkt\/borddug-med-tryk\/#primaryimage","url":"https:\/\/www.gdirekt.se\/wp-content\/uploads\/Bordsduk-med-tryck.png","contentUrl":"https:\/\/www.gdirekt.se\/wp-content\/uploads\/Bordsduk-med-tryck.png","width":1000,"height":1000,"caption":"Dug med stoftryk til fair og begivenhed."},{"@type":"BreadcrumbList","@id":"https:\/\/www.gdirekt.se\/da\/produkt\/borddug-med-tryk\/#breadcrumb","itemListElement":[{"@type":"ListItem","position":1,"name":"Hem","item":"https:\/\/www.gdirekt.se\/da\/"},{"@type":"ListItem","position":2,"name":"Start","item":"https:\/\/www.gdirekt.se\/da\/"},{"@type":"ListItem","position":3,"name":"Borddug med tryk"}]},{"@type":"WebSite","@id":"https:\/\/www.gdirekt.se\/#website","url":"https:\/\/www.gdirekt.se\/","name":"Gdirekt.se","description":"Tryck snabbt \u00e5 l\u00e4tt = Gdirekt","potentialAction":[{"@type":"SearchAction","target":{"@type":"EntryPoint","urlTemplate":"https:\/\/www.gdirekt.se\/?s={search_term_string}"},"query-input":{"@type":"PropertyValueSpecification","valueRequired":true,"valueName":"search_term_string"}}],"inLanguage":"da-DK"}]}},"_links":{"self":[{"href":"https:\/\/www.gdirekt.se\/da\/wp-json\/wp\/v2\/product\/12051","targetHints":{"allow":["GET"]}}],"collection":[{"href":"https:\/\/www.gdirekt.se\/da\/wp-json\/wp\/v2\/product"}],"about":[{"href":"https:\/\/www.gdirekt.se\/da\/wp-json\/wp\/v2\/types\/product"}],"wp:featuredmedia":[{"embeddable":true,"href":"https:\/\/www.gdirekt.se\/da\/wp-json\/wp\/v2\/media\/8838"}],"wp:attachment":[{"href":"https:\/\/www.gdirekt.se\/da\/wp-json\/wp\/v2\/media?parent=12051"}],"wp:term":[{"taxonomy":"product_brand","embeddable":true,"href":"https:\/\/www.gdirekt.se\/da\/wp-json\/wp\/v2\/product_brand?post=12051"},{"taxonomy":"product_cat","embeddable":true,"href":"https:\/\/www.gdirekt.se\/da\/wp-json\/wp\/v2\/product_cat?post=12051"},{"taxonomy":"product_tag","embeddable":true,"href":"https:\/\/www.gdirekt.se\/da\/wp-json\/wp\/v2\/product_tag?post=12051"}],"curies":[{"name":"wp","href":"https:\/\/api.w.org\/{rel}","templated":true}]}}