{"id":11795,"date":"2019-07-04T16:50:23","date_gmt":"2019-07-04T14:50:23","guid":{"rendered":"https:\/\/www.gdirekt.se\/?post_type=product&#038;p=11795"},"modified":"2019-12-17T17:14:05","modified_gmt":"2019-12-17T16:14:05","slug":"blackboard-gadeskilt","status":"publish","type":"product","link":"https:\/\/www.gdirekt.se\/da\/produkt\/blackboard-gadeskilt\/","title":{"rendered":"Blackboard gadeskilt"},"content":{"rendered":"<p>Blackboard gadeskilt er til visning af hans besked, salgsfremmende tilbud eller menuer udend\u00f8rs eller indend\u00f8rs. Med denne fortovsbytter skifter du opm\u00e6rksomheden og tiltr\u00e6kker kunderne til dig. Forplejningernes st\u00f8rrelse er 50x70cm eller 70x100cm. Br\u00e6dderne er nemme at tr\u00e6kke op og de er ogs\u00e5 reversible. Rammen er zinkphospheret f\u00f8r pulvercoating for lang holdbarhed.<\/p>\n<p>Der er to smarte ting med denne Griffel board street stall. Den ene er, at du skriver din besked nemt og hurtigt. Det andet er, at selve beskeden kan \u00e6ndres ved blot at t\u00f8rre den gamle v\u00e6k.<\/p>\n<h3><\/h3>\n<h3>Blackboard gadeskilt st\u00e5 til egen tekst med kridt<\/h3>\n<p>Disse gadeprintere er lavet til at st\u00e5 udend\u00f8rs og indend\u00f8rs. Produktet har en lang levetid, og kvaliteten er h\u00f8j for at klare alle forhold. Gravel board street stand er et af vores nye og moderne udend\u00f8rs systemer til at vise sin meddelelse og til at tiltr\u00e6kke kunder i butikker og butikker. De kan ogs\u00e5 bruges indend\u00f8rs i indk\u00f8bscentre og gallerier uden for forretningerne. Og ogs\u00e5 for at vise vejen, eller hvis der er noget s\u00e6rligt, som du skal informere om.<\/p>\n<p>En moderne bel\u00e6gningsprinter sort, der t\u00e5ler h\u00e5rde forhold og har lang levetid. Der er ingen fremspringende detaljer, som du kan snuble over. Og det er meget nemt at skrive den besked med et kridt. Vil du se mere, hvad vi g\u00f8r, s\u00e5 virksomheder er synlige? Tjek os ud p\u00e5 Instagram. Hvis du har brug for r\u00e5d, bedes du kontakte os!<\/p>\n<p>Gadeskite bruges udenfor butikker i indk\u00f8bscentre og andre shoppinggader for at vise deres tilbud eller \u00e5bningstider. Virksomheder kan bruge gadekonsulenter ved \u00e5bninger, \u00e5bne huse, visninger. Sportsforeninger og arenaer kan udvise gadenumre som parkeringsskilt eller simpelthen som et referenstegn for at lede folk rigtigt. Disse gadekonsulenter bestilles ofte af Gdirekt til menuer og viser dagens frokost og spiritus tilbud. Opret endnu mere f\u00f8lelser og opm\u00e6rksomhed ved at <em><strong><a href=\"https:\/\/www.gdirekt.se\/produkt-kategori\/beachflaggor\/\">bestille strandflagge<\/a><\/strong><\/em>.<\/p>\n<p>V\u00e6gten p\u00e5 50x70cm er 15kg og 70x100cm&#8217;s variant vejer 25kg. 50x70cm skive vejer 1kg og 70x100cm skive vejer 1,5kg.<\/p>\n<p>Endelig held og lykke med oplysningerne. Sandsynligvis flere mennesker vil opdage dig.<\/p>\n<p>&nbsp;<\/p>\n<p>Du kommer til os p\u00e5 telefon +4611-251515 eller email <a href=\"mailto:info@gdirekt.se\">info@gdirekt.se<\/a><\/p>\n","protected":false},"excerpt":{"rendered":"<p>Det bedste skiferboard p\u00e5 markedet! Perfekt til menuer og dagens tilbud. Pulverlakeret ramme for lang holdbarhed. Diskene er ogs\u00e5 reversible. V\u00e6lg mellem 50x70cm eller 70x100cm.<\/p>\n","protected":false},"featured_media":11805,"template":"","meta":{"_acf_changed":false},"product_brand":[],"product_cat":[355,356],"product_tag":[],"class_list":{"0":"post-11795","1":"product","2":"type-product","3":"status-publish","4":"has-post-thumbnail","6":"product_cat-gatupratare-og-fortovet-snak","7":"product_cat-udendoersskilte-og-expo","8":"product_shipping_class-250kr","10":"first","11":"instock","12":"taxable","13":"shipping-taxable","14":"purchasable","15":"product-type-variable","16":"has-default-attributes"},"exclude_global_add_ons":[],"addons":[],"acf":[],"yoast_head":"<!-- This site is optimized with the Yoast SEO plugin v27.2 - https:\/\/yoast.com\/product\/yoast-seo-wordpress\/ -->\n<title>Blackboard gadeskilt, moderne til menuer og priser | Gdirekt.se<\/title>\n<meta name=\"description\" content=\"Gadeskilt Swing til udend\u00f8rs brug er en moderne og billig stander til menuer, priser og tilbud. K\u00f8b med hurtig levering fra vores lager allerede i dag! Perfekt til udend\u00f8rs brug i regn og bl\u00e6st og udstyret med hjul i bunden. K\u00f8b i dag til en god pris!\" \/>\n<meta name=\"robots\" content=\"index, follow, max-snippet:-1, max-image-preview:large, max-video-preview:-1\" \/>\n<link rel=\"canonical\" href=\"https:\/\/www.gdirekt.se\/da\/produkt\/blackboard-gadeskilt\/\" \/>\n<meta property=\"og:locale\" content=\"da_DK\" \/>\n<meta property=\"og:type\" content=\"article\" \/>\n<meta property=\"og:title\" content=\"Blackboard gadeskilt, moderne til menuer og priser | Gdirekt.se\" \/>\n<meta property=\"og:description\" content=\"Gadeskilt Swing til udend\u00f8rs brug er en moderne og billig stander til menuer, priser og tilbud. K\u00f8b med hurtig levering fra vores lager allerede i dag! Perfekt til udend\u00f8rs brug i regn og bl\u00e6st og udstyret med hjul i bunden. K\u00f8b i dag til en god pris!\" \/>\n<meta property=\"og:url\" content=\"https:\/\/www.gdirekt.se\/da\/produkt\/blackboard-gadeskilt\/\" \/>\n<meta property=\"og:site_name\" content=\"Gdirekt.se\" \/>\n<meta property=\"article:modified_time\" content=\"2019-12-17T16:14:05+00:00\" \/>\n<meta property=\"og:image\" content=\"https:\/\/www.gdirekt.se\/wp-content\/uploads\/Griffeltavla-gatusta\u0308ll.png\" \/>\n\t<meta property=\"og:image:width\" content=\"1000\" \/>\n\t<meta property=\"og:image:height\" content=\"1000\" \/>\n\t<meta property=\"og:image:type\" content=\"image\/png\" \/>\n<meta name=\"twitter:card\" content=\"summary_large_image\" \/>\n<meta name=\"twitter:label1\" content=\"Estimeret l\u00e6setid\" \/>\n\t<meta name=\"twitter:data1\" content=\"2 minutter\" \/>\n<script type=\"application\/ld+json\" class=\"yoast-schema-graph\">{\"@context\":\"https:\/\/schema.org\",\"@graph\":[{\"@type\":\"WebPage\",\"@id\":\"https:\/\/www.gdirekt.se\/da\/produkt\/blackboard-gadeskilt\/\",\"url\":\"https:\/\/www.gdirekt.se\/da\/produkt\/blackboard-gadeskilt\/\",\"name\":\"Blackboard gadeskilt, moderne til menuer og priser | Gdirekt.se\",\"isPartOf\":{\"@id\":\"https:\/\/www.gdirekt.se\/#website\"},\"primaryImageOfPage\":{\"@id\":\"https:\/\/www.gdirekt.se\/da\/produkt\/blackboard-gadeskilt\/#primaryimage\"},\"image\":{\"@id\":\"https:\/\/www.gdirekt.se\/da\/produkt\/blackboard-gadeskilt\/#primaryimage\"},\"thumbnailUrl\":\"https:\/\/www.gdirekt.se\/wp-content\/uploads\/Griffeltavla-gatusta\u0308ll.png\",\"datePublished\":\"2019-07-04T14:50:23+00:00\",\"dateModified\":\"2019-12-17T16:14:05+00:00\",\"description\":\"Gadeskilt Swing til udend\u00f8rs brug er en moderne og billig stander til menuer, priser og tilbud. K\u00f8b med hurtig levering fra vores lager allerede i dag! Perfekt til udend\u00f8rs brug i regn og bl\u00e6st og udstyret med hjul i bunden. K\u00f8b i dag til en god pris!\",\"breadcrumb\":{\"@id\":\"https:\/\/www.gdirekt.se\/da\/produkt\/blackboard-gadeskilt\/#breadcrumb\"},\"inLanguage\":\"da-DK\",\"potentialAction\":[{\"@type\":\"ReadAction\",\"target\":[\"https:\/\/www.gdirekt.se\/da\/produkt\/blackboard-gadeskilt\/\"]}]},{\"@type\":\"ImageObject\",\"inLanguage\":\"da-DK\",\"@id\":\"https:\/\/www.gdirekt.se\/da\/produkt\/blackboard-gadeskilt\/#primaryimage\",\"url\":\"https:\/\/www.gdirekt.se\/wp-content\/uploads\/Griffeltavla-gatusta\u0308ll.png\",\"contentUrl\":\"https:\/\/www.gdirekt.se\/wp-content\/uploads\/Griffeltavla-gatusta\u0308ll.png\",\"width\":1000,\"height\":1000,\"caption\":\"Smart sted til restauranter, du tegner med hvid kridt!\"},{\"@type\":\"BreadcrumbList\",\"@id\":\"https:\/\/www.gdirekt.se\/da\/produkt\/blackboard-gadeskilt\/#breadcrumb\",\"itemListElement\":[{\"@type\":\"ListItem\",\"position\":1,\"name\":\"Hem\",\"item\":\"https:\/\/www.gdirekt.se\/da\/\"},{\"@type\":\"ListItem\",\"position\":2,\"name\":\"Start\",\"item\":\"https:\/\/www.gdirekt.se\/da\/\"},{\"@type\":\"ListItem\",\"position\":3,\"name\":\"Blackboard gadeskilt\"}]},{\"@type\":\"WebSite\",\"@id\":\"https:\/\/www.gdirekt.se\/#website\",\"url\":\"https:\/\/www.gdirekt.se\/\",\"name\":\"Gdirekt.se\",\"description\":\"Tryck snabbt \u00e5 l\u00e4tt = Gdirekt\",\"potentialAction\":[{\"@type\":\"SearchAction\",\"target\":{\"@type\":\"EntryPoint\",\"urlTemplate\":\"https:\/\/www.gdirekt.se\/?s={search_term_string}\"},\"query-input\":{\"@type\":\"PropertyValueSpecification\",\"valueRequired\":true,\"valueName\":\"search_term_string\"}}],\"inLanguage\":\"da-DK\"}]}<\/script>\n<!-- \/ Yoast SEO plugin. -->","yoast_head_json":{"title":"Blackboard gadeskilt, moderne til menuer og priser | Gdirekt.se","description":"Gadeskilt Swing til udend\u00f8rs brug er en moderne og billig stander til menuer, priser og tilbud. K\u00f8b med hurtig levering fra vores lager allerede i dag! Perfekt til udend\u00f8rs brug i regn og bl\u00e6st og udstyret med hjul i bunden. K\u00f8b i dag til en god pris!","robots":{"index":"index","follow":"follow","max-snippet":"max-snippet:-1","max-image-preview":"max-image-preview:large","max-video-preview":"max-video-preview:-1"},"canonical":"https:\/\/www.gdirekt.se\/da\/produkt\/blackboard-gadeskilt\/","og_locale":"da_DK","og_type":"article","og_title":"Blackboard gadeskilt, moderne til menuer og priser | Gdirekt.se","og_description":"Gadeskilt Swing til udend\u00f8rs brug er en moderne og billig stander til menuer, priser og tilbud. K\u00f8b med hurtig levering fra vores lager allerede i dag! Perfekt til udend\u00f8rs brug i regn og bl\u00e6st og udstyret med hjul i bunden. K\u00f8b i dag til en god pris!","og_url":"https:\/\/www.gdirekt.se\/da\/produkt\/blackboard-gadeskilt\/","og_site_name":"Gdirekt.se","article_modified_time":"2019-12-17T16:14:05+00:00","og_image":[{"width":1000,"height":1000,"url":"https:\/\/www.gdirekt.se\/wp-content\/uploads\/Griffeltavla-gatusta\u0308ll.png","type":"image\/png"}],"twitter_card":"summary_large_image","twitter_misc":{"Estimeret l\u00e6setid":"2 minutter"},"schema":{"@context":"https:\/\/schema.org","@graph":[{"@type":"WebPage","@id":"https:\/\/www.gdirekt.se\/da\/produkt\/blackboard-gadeskilt\/","url":"https:\/\/www.gdirekt.se\/da\/produkt\/blackboard-gadeskilt\/","name":"Blackboard gadeskilt, moderne til menuer og priser | Gdirekt.se","isPartOf":{"@id":"https:\/\/www.gdirekt.se\/#website"},"primaryImageOfPage":{"@id":"https:\/\/www.gdirekt.se\/da\/produkt\/blackboard-gadeskilt\/#primaryimage"},"image":{"@id":"https:\/\/www.gdirekt.se\/da\/produkt\/blackboard-gadeskilt\/#primaryimage"},"thumbnailUrl":"https:\/\/www.gdirekt.se\/wp-content\/uploads\/Griffeltavla-gatusta\u0308ll.png","datePublished":"2019-07-04T14:50:23+00:00","dateModified":"2019-12-17T16:14:05+00:00","description":"Gadeskilt Swing til udend\u00f8rs brug er en moderne og billig stander til menuer, priser og tilbud. K\u00f8b med hurtig levering fra vores lager allerede i dag! Perfekt til udend\u00f8rs brug i regn og bl\u00e6st og udstyret med hjul i bunden. K\u00f8b i dag til en god pris!","breadcrumb":{"@id":"https:\/\/www.gdirekt.se\/da\/produkt\/blackboard-gadeskilt\/#breadcrumb"},"inLanguage":"da-DK","potentialAction":[{"@type":"ReadAction","target":["https:\/\/www.gdirekt.se\/da\/produkt\/blackboard-gadeskilt\/"]}]},{"@type":"ImageObject","inLanguage":"da-DK","@id":"https:\/\/www.gdirekt.se\/da\/produkt\/blackboard-gadeskilt\/#primaryimage","url":"https:\/\/www.gdirekt.se\/wp-content\/uploads\/Griffeltavla-gatusta\u0308ll.png","contentUrl":"https:\/\/www.gdirekt.se\/wp-content\/uploads\/Griffeltavla-gatusta\u0308ll.png","width":1000,"height":1000,"caption":"Smart sted til restauranter, du tegner med hvid kridt!"},{"@type":"BreadcrumbList","@id":"https:\/\/www.gdirekt.se\/da\/produkt\/blackboard-gadeskilt\/#breadcrumb","itemListElement":[{"@type":"ListItem","position":1,"name":"Hem","item":"https:\/\/www.gdirekt.se\/da\/"},{"@type":"ListItem","position":2,"name":"Start","item":"https:\/\/www.gdirekt.se\/da\/"},{"@type":"ListItem","position":3,"name":"Blackboard gadeskilt"}]},{"@type":"WebSite","@id":"https:\/\/www.gdirekt.se\/#website","url":"https:\/\/www.gdirekt.se\/","name":"Gdirekt.se","description":"Tryck snabbt \u00e5 l\u00e4tt = Gdirekt","potentialAction":[{"@type":"SearchAction","target":{"@type":"EntryPoint","urlTemplate":"https:\/\/www.gdirekt.se\/?s={search_term_string}"},"query-input":{"@type":"PropertyValueSpecification","valueRequired":true,"valueName":"search_term_string"}}],"inLanguage":"da-DK"}]}},"_links":{"self":[{"href":"https:\/\/www.gdirekt.se\/da\/wp-json\/wp\/v2\/product\/11795","targetHints":{"allow":["GET"]}}],"collection":[{"href":"https:\/\/www.gdirekt.se\/da\/wp-json\/wp\/v2\/product"}],"about":[{"href":"https:\/\/www.gdirekt.se\/da\/wp-json\/wp\/v2\/types\/product"}],"wp:featuredmedia":[{"embeddable":true,"href":"https:\/\/www.gdirekt.se\/da\/wp-json\/wp\/v2\/media\/11805"}],"wp:attachment":[{"href":"https:\/\/www.gdirekt.se\/da\/wp-json\/wp\/v2\/media?parent=11795"}],"wp:term":[{"taxonomy":"product_brand","embeddable":true,"href":"https:\/\/www.gdirekt.se\/da\/wp-json\/wp\/v2\/product_brand?post=11795"},{"taxonomy":"product_cat","embeddable":true,"href":"https:\/\/www.gdirekt.se\/da\/wp-json\/wp\/v2\/product_cat?post=11795"},{"taxonomy":"product_tag","embeddable":true,"href":"https:\/\/www.gdirekt.se\/da\/wp-json\/wp\/v2\/product_tag?post=11795"}],"curies":[{"name":"wp","href":"https:\/\/api.w.org\/{rel}","templated":true}]}}