{"id":11680,"date":"2019-06-14T11:49:32","date_gmt":"2019-06-14T09:49:32","guid":{"rendered":"https:\/\/www.gdirekt.se\/?post_type=product&#038;p=11680"},"modified":"2019-06-19T14:15:52","modified_gmt":"2019-06-19T12:15:52","slug":"lyskasse-lysskilt-udendoers","status":"publish","type":"product","link":"https:\/\/www.gdirekt.se\/da\/produkt\/lyskasse-lysskilt-udendoers\/","title":{"rendered":"Lyskasse Lysskilt udend\u00f8rs"},"content":{"rendered":"<p>Lyskasse Lyskilde udend\u00f8rs med LED skilt, komplet med billede! Trykt lysboks billede, der prim\u00e6rt g\u00f8r lyset spredt optimalt. Lysbokse leveres ogs\u00e5 komplet med LED-belysning og stik. Disse lysskabe bruges som fittings p\u00e5 facader til butikker og offentlige milj\u00f8er. Det fungerer som str\u00e5lende informationstavler eller lysbannere med meddelelser eller annoncer. Uanset hvad resultatet er meget h\u00f8j opl\u00f8sning p\u00e5 b\u00e5de foto og tekst. LED tegn er reklame tegn, der ses bedst og viser motivet konstant sammenligne imod en sk\u00e6rm. Lavt str\u00f8mforbrug og ingen elektriker n\u00f8dvendig til installation. Lys boks Lys skilt udend\u00f8rs LED skilt er p\u00e5 lager! Kontakt os for sp\u00f8rgsm\u00e5l! Vi har lang erfaring og projektledere giver gode r\u00e5d.<\/p>\n<p>Billedet holdes fast med snaprammer og beskyttende plastik. Den kan l\u00e5ses med en unbracon\u00f8gle, som er inkluderet i prisen.<\/p>\n<p>Vi leverer lygterne selv og har p\u00e5 lager, hvilket betyder at n\u00e5r du bestiller producerer vi direkte! Disse lyskilde eller lysbokse kan fastg\u00f8res til v\u00e6gge, og vi kan levere alle st\u00f8rrelser, kontakt os for tilbud og pris. De er kun 4 cm tykke og har en meget h\u00f8j kvalitet. Hvis du leder efter inspirerende billeder og andre trykte displays, kan du f\u00f8lge os p\u00e5 Instagram!<\/p>\n<p>Og hvis du har brug for at bestille andre tegn, har vi alle varianter med forskellige materialer og alle st\u00f8rrelser, klik p\u00e5 vores skilt.<\/p>\n<p>Endelig kan vi med venlig hilsen sige, at du vil v\u00e6re tilfreds med dette produkt. Kvaliteten er meget h\u00f8j. Vi lager alle komponenter! Leveringer er altid lavet med sporbar og sikker fragt.<\/p>\n","protected":false},"excerpt":{"rendered":"<p>Lyskasse Lysskilt udend\u00f8rs i stilfuldt design til facadeforretninger. Kabler og transformer, der t\u00e5ler udend\u00f8rs milj\u00f8er med regn, er inkluderet i prisen. Lysboksen er kun 4 cm tyk og i h\u00f8j kvalitet. Leveres komplet med billed- og LED-lys. Snaprammen kan l\u00e5ses med den medf\u00f8lgende genvejstast.<\/p>\n","protected":false},"featured_media":11690,"template":"","meta":{"_acf_changed":false},"product_brand":[],"product_cat":[375,378,356],"product_tag":[],"class_list":{"0":"post-11680","1":"product","2":"type-product","3":"status-publish","4":"has-post-thumbnail","6":"product_cat-messevaegge-og-displaysystemer","7":"product_cat-skilte","8":"product_cat-udendoersskilte-og-expo","10":"first","11":"instock","12":"taxable","13":"shipping-taxable","14":"purchasable","15":"product-type-variable","16":"has-default-attributes"},"exclude_global_add_ons":[],"addons":[],"acf":[],"yoast_head":"<!-- This site is optimized with the Yoast SEO plugin v27.2 - https:\/\/yoast.com\/product\/yoast-seo-wordpress\/ -->\n<title>Lyskasse Lysskilt udend\u00f8rs, belyst fotobillede med lamper | Gdirekt.se<\/title>\n<meta name=\"description\" content=\"Lysboks Lysskilt udend\u00f8rs i LED. Et lysskilt til v\u00e6gge og facader. Bestil stor lys boks med egen tryk. El transformer og kabler er inkluderet i prisen!\" \/>\n<meta name=\"robots\" content=\"index, follow, max-snippet:-1, max-image-preview:large, max-video-preview:-1\" \/>\n<link rel=\"canonical\" href=\"https:\/\/www.gdirekt.se\/da\/produkt\/lyskasse-lysskilt-udendoers\/\" \/>\n<meta property=\"og:locale\" content=\"da_DK\" \/>\n<meta property=\"og:type\" content=\"article\" \/>\n<meta property=\"og:title\" content=\"Lyskasse Lysskilt udend\u00f8rs, belyst fotobillede med lamper | Gdirekt.se\" \/>\n<meta property=\"og:description\" content=\"Lysboks Lysskilt udend\u00f8rs i LED. Et lysskilt til v\u00e6gge og facader. Bestil stor lys boks med egen tryk. El transformer og kabler er inkluderet i prisen!\" \/>\n<meta property=\"og:url\" content=\"https:\/\/www.gdirekt.se\/da\/produkt\/lyskasse-lysskilt-udendoers\/\" \/>\n<meta property=\"og:site_name\" content=\"Gdirekt.se\" \/>\n<meta property=\"article:modified_time\" content=\"2019-06-19T12:15:52+00:00\" \/>\n<meta property=\"og:image\" content=\"https:\/\/www.gdirekt.se\/wp-content\/uploads\/Ljusla\u030ada_utomhus_la\u030as.png\" \/>\n\t<meta property=\"og:image:width\" content=\"1000\" \/>\n\t<meta property=\"og:image:height\" content=\"1000\" \/>\n\t<meta property=\"og:image:type\" content=\"image\/png\" \/>\n<meta name=\"twitter:card\" content=\"summary_large_image\" \/>\n<meta name=\"twitter:label1\" content=\"Estimeret l\u00e6setid\" \/>\n\t<meta name=\"twitter:data1\" content=\"1 minut\" \/>\n<script type=\"application\/ld+json\" class=\"yoast-schema-graph\">{\"@context\":\"https:\/\/schema.org\",\"@graph\":[{\"@type\":\"WebPage\",\"@id\":\"https:\/\/www.gdirekt.se\/da\/produkt\/lyskasse-lysskilt-udendoers\/\",\"url\":\"https:\/\/www.gdirekt.se\/da\/produkt\/lyskasse-lysskilt-udendoers\/\",\"name\":\"Lyskasse Lysskilt udend\u00f8rs, belyst fotobillede med lamper | Gdirekt.se\",\"isPartOf\":{\"@id\":\"https:\/\/www.gdirekt.se\/#website\"},\"primaryImageOfPage\":{\"@id\":\"https:\/\/www.gdirekt.se\/da\/produkt\/lyskasse-lysskilt-udendoers\/#primaryimage\"},\"image\":{\"@id\":\"https:\/\/www.gdirekt.se\/da\/produkt\/lyskasse-lysskilt-udendoers\/#primaryimage\"},\"thumbnailUrl\":\"https:\/\/www.gdirekt.se\/wp-content\/uploads\/Ljusla\u030ada_utomhus_la\u030as.png\",\"datePublished\":\"2019-06-14T09:49:32+00:00\",\"dateModified\":\"2019-06-19T12:15:52+00:00\",\"description\":\"Lysboks Lysskilt udend\u00f8rs i LED. Et lysskilt til v\u00e6gge og facader. Bestil stor lys boks med egen tryk. El transformer og kabler er inkluderet i prisen!\",\"breadcrumb\":{\"@id\":\"https:\/\/www.gdirekt.se\/da\/produkt\/lyskasse-lysskilt-udendoers\/#breadcrumb\"},\"inLanguage\":\"da-DK\",\"potentialAction\":[{\"@type\":\"ReadAction\",\"target\":[\"https:\/\/www.gdirekt.se\/da\/produkt\/lyskasse-lysskilt-udendoers\/\"]}]},{\"@type\":\"ImageObject\",\"inLanguage\":\"da-DK\",\"@id\":\"https:\/\/www.gdirekt.se\/da\/produkt\/lyskasse-lysskilt-udendoers\/#primaryimage\",\"url\":\"https:\/\/www.gdirekt.se\/wp-content\/uploads\/Ljusla\u030ada_utomhus_la\u030as.png\",\"contentUrl\":\"https:\/\/www.gdirekt.se\/wp-content\/uploads\/Ljusla\u030ada_utomhus_la\u030as.png\",\"width\":1000,\"height\":1000,\"caption\":\"Lusl\u00e5da f\u00f6r utebruk med l\u00e5s och sn\u00e4ppfunktion.\"},{\"@type\":\"BreadcrumbList\",\"@id\":\"https:\/\/www.gdirekt.se\/da\/produkt\/lyskasse-lysskilt-udendoers\/#breadcrumb\",\"itemListElement\":[{\"@type\":\"ListItem\",\"position\":1,\"name\":\"Hem\",\"item\":\"https:\/\/www.gdirekt.se\/da\/\"},{\"@type\":\"ListItem\",\"position\":2,\"name\":\"Start\",\"item\":\"https:\/\/www.gdirekt.se\/da\/\"},{\"@type\":\"ListItem\",\"position\":3,\"name\":\"Lyskasse Lysskilt udend\u00f8rs\"}]},{\"@type\":\"WebSite\",\"@id\":\"https:\/\/www.gdirekt.se\/#website\",\"url\":\"https:\/\/www.gdirekt.se\/\",\"name\":\"Gdirekt.se\",\"description\":\"Tryck snabbt \u00e5 l\u00e4tt = Gdirekt\",\"potentialAction\":[{\"@type\":\"SearchAction\",\"target\":{\"@type\":\"EntryPoint\",\"urlTemplate\":\"https:\/\/www.gdirekt.se\/?s={search_term_string}\"},\"query-input\":{\"@type\":\"PropertyValueSpecification\",\"valueRequired\":true,\"valueName\":\"search_term_string\"}}],\"inLanguage\":\"da-DK\"}]}<\/script>\n<!-- \/ Yoast SEO plugin. -->","yoast_head_json":{"title":"Lyskasse Lysskilt udend\u00f8rs, belyst fotobillede med lamper | Gdirekt.se","description":"Lysboks Lysskilt udend\u00f8rs i LED. Et lysskilt til v\u00e6gge og facader. Bestil stor lys boks med egen tryk. El transformer og kabler er inkluderet i prisen!","robots":{"index":"index","follow":"follow","max-snippet":"max-snippet:-1","max-image-preview":"max-image-preview:large","max-video-preview":"max-video-preview:-1"},"canonical":"https:\/\/www.gdirekt.se\/da\/produkt\/lyskasse-lysskilt-udendoers\/","og_locale":"da_DK","og_type":"article","og_title":"Lyskasse Lysskilt udend\u00f8rs, belyst fotobillede med lamper | Gdirekt.se","og_description":"Lysboks Lysskilt udend\u00f8rs i LED. Et lysskilt til v\u00e6gge og facader. Bestil stor lys boks med egen tryk. El transformer og kabler er inkluderet i prisen!","og_url":"https:\/\/www.gdirekt.se\/da\/produkt\/lyskasse-lysskilt-udendoers\/","og_site_name":"Gdirekt.se","article_modified_time":"2019-06-19T12:15:52+00:00","og_image":[{"width":1000,"height":1000,"url":"https:\/\/www.gdirekt.se\/wp-content\/uploads\/Ljusla\u030ada_utomhus_la\u030as.png","type":"image\/png"}],"twitter_card":"summary_large_image","twitter_misc":{"Estimeret l\u00e6setid":"1 minut"},"schema":{"@context":"https:\/\/schema.org","@graph":[{"@type":"WebPage","@id":"https:\/\/www.gdirekt.se\/da\/produkt\/lyskasse-lysskilt-udendoers\/","url":"https:\/\/www.gdirekt.se\/da\/produkt\/lyskasse-lysskilt-udendoers\/","name":"Lyskasse Lysskilt udend\u00f8rs, belyst fotobillede med lamper | Gdirekt.se","isPartOf":{"@id":"https:\/\/www.gdirekt.se\/#website"},"primaryImageOfPage":{"@id":"https:\/\/www.gdirekt.se\/da\/produkt\/lyskasse-lysskilt-udendoers\/#primaryimage"},"image":{"@id":"https:\/\/www.gdirekt.se\/da\/produkt\/lyskasse-lysskilt-udendoers\/#primaryimage"},"thumbnailUrl":"https:\/\/www.gdirekt.se\/wp-content\/uploads\/Ljusla\u030ada_utomhus_la\u030as.png","datePublished":"2019-06-14T09:49:32+00:00","dateModified":"2019-06-19T12:15:52+00:00","description":"Lysboks Lysskilt udend\u00f8rs i LED. Et lysskilt til v\u00e6gge og facader. Bestil stor lys boks med egen tryk. El transformer og kabler er inkluderet i prisen!","breadcrumb":{"@id":"https:\/\/www.gdirekt.se\/da\/produkt\/lyskasse-lysskilt-udendoers\/#breadcrumb"},"inLanguage":"da-DK","potentialAction":[{"@type":"ReadAction","target":["https:\/\/www.gdirekt.se\/da\/produkt\/lyskasse-lysskilt-udendoers\/"]}]},{"@type":"ImageObject","inLanguage":"da-DK","@id":"https:\/\/www.gdirekt.se\/da\/produkt\/lyskasse-lysskilt-udendoers\/#primaryimage","url":"https:\/\/www.gdirekt.se\/wp-content\/uploads\/Ljusla\u030ada_utomhus_la\u030as.png","contentUrl":"https:\/\/www.gdirekt.se\/wp-content\/uploads\/Ljusla\u030ada_utomhus_la\u030as.png","width":1000,"height":1000,"caption":"Lusl\u00e5da f\u00f6r utebruk med l\u00e5s och sn\u00e4ppfunktion."},{"@type":"BreadcrumbList","@id":"https:\/\/www.gdirekt.se\/da\/produkt\/lyskasse-lysskilt-udendoers\/#breadcrumb","itemListElement":[{"@type":"ListItem","position":1,"name":"Hem","item":"https:\/\/www.gdirekt.se\/da\/"},{"@type":"ListItem","position":2,"name":"Start","item":"https:\/\/www.gdirekt.se\/da\/"},{"@type":"ListItem","position":3,"name":"Lyskasse Lysskilt udend\u00f8rs"}]},{"@type":"WebSite","@id":"https:\/\/www.gdirekt.se\/#website","url":"https:\/\/www.gdirekt.se\/","name":"Gdirekt.se","description":"Tryck snabbt \u00e5 l\u00e4tt = Gdirekt","potentialAction":[{"@type":"SearchAction","target":{"@type":"EntryPoint","urlTemplate":"https:\/\/www.gdirekt.se\/?s={search_term_string}"},"query-input":{"@type":"PropertyValueSpecification","valueRequired":true,"valueName":"search_term_string"}}],"inLanguage":"da-DK"}]}},"_links":{"self":[{"href":"https:\/\/www.gdirekt.se\/da\/wp-json\/wp\/v2\/product\/11680","targetHints":{"allow":["GET"]}}],"collection":[{"href":"https:\/\/www.gdirekt.se\/da\/wp-json\/wp\/v2\/product"}],"about":[{"href":"https:\/\/www.gdirekt.se\/da\/wp-json\/wp\/v2\/types\/product"}],"wp:featuredmedia":[{"embeddable":true,"href":"https:\/\/www.gdirekt.se\/da\/wp-json\/wp\/v2\/media\/11690"}],"wp:attachment":[{"href":"https:\/\/www.gdirekt.se\/da\/wp-json\/wp\/v2\/media?parent=11680"}],"wp:term":[{"taxonomy":"product_brand","embeddable":true,"href":"https:\/\/www.gdirekt.se\/da\/wp-json\/wp\/v2\/product_brand?post=11680"},{"taxonomy":"product_cat","embeddable":true,"href":"https:\/\/www.gdirekt.se\/da\/wp-json\/wp\/v2\/product_cat?post=11680"},{"taxonomy":"product_tag","embeddable":true,"href":"https:\/\/www.gdirekt.se\/da\/wp-json\/wp\/v2\/product_tag?post=11680"}],"curies":[{"name":"wp","href":"https:\/\/api.w.org\/{rel}","templated":true}]}}