{"id":11555,"date":"2019-05-22T11:57:36","date_gmt":"2019-05-22T09:57:36","guid":{"rendered":"https:\/\/www.gdirekt.se\/?post_type=product&#038;p=11555"},"modified":"2024-02-01T09:30:21","modified_gmt":"2024-02-01T08:30:21","slug":"fortovsskilt-for-ejendomsmaeglere-med-led-lys","status":"publish","type":"product","link":"https:\/\/www.gdirekt.se\/da\/produkt\/fortovsskilt-for-ejendomsmaeglere-med-led-lys\/","title":{"rendered":"Fortovsskilt for Ejendomsm\u00e6glere med LED-lys"},"content":{"rendered":"<p>Fortovsskilt for Ejendomsm\u00e6glere med LED-lys er et fantastisk blikfang n\u00e5r m\u00f8rket falder p\u00e5! Det er optimalt om efter\u00e5ret og vinteren, men fungerer ogs\u00e5 fint om for\u00e5ret og sommeren.<\/p>\n<p>Formatet er A3 tv\u00e6rformat hvilket er 42,0 x 29,7 cm. Begge sider af stellet er forsynet med on\/off knapper. Skiltet kan lyse i op til 10 timer. Opladningen foreg\u00e5r nemt med den tilh\u00f8rende oplader. Billedet holdes nemt fast med en 28mm skinne i aluminium. Det g\u00f8r det meget nemt at udskifte billederne.Fortovsskilt for Ejendomsm\u00e6glere med LED-lys er produceret i et holdbart rustfrit naturlig anodiseret aluminium.<\/p>\n<p>Se ogs\u00e5 alle de andre fortovsskilte, som vi tilbyder.<\/p>\n<p>For at fuldende vores udbud af skilte, har vi vores special webshop som hedder SVASAB!<\/p>\n<p>Held og lykke, som f\u00f8lge heraf f\u00e5r du flere tilfredse kunder!<\/p>\n","protected":false},"excerpt":{"rendered":"<p>Fortovsskilt med LED-lys for Ejendomsm\u00e6glere er perfekt, n\u00e5r m\u00f8rket falder p\u00e5! St\u00f8rrelsen er A3 tv\u00e6rformat, 42,0 x 27,7 cm.<\/p>\n<p>Du kan sagtens anvende dine egen udskrifter og de er meget nemme at montere i de selvlukkende aluminiumslister. Kan lyse i op til 10 timer og der medf\u00f8lger oplader.<\/p>\n","protected":false},"featured_media":11561,"template":"","meta":{"_acf_changed":false},"product_brand":[],"product_cat":[355,357,356],"product_tag":[],"class_list":{"0":"post-11555","1":"product","2":"type-product","3":"status-publish","4":"has-post-thumbnail","6":"product_cat-gatupratare-og-fortovet-snak","7":"product_cat-reklamstall-og-butikdisplayer","8":"product_cat-udendoersskilte-og-expo","9":"product_shipping_class-180sek","11":"first","12":"instock","13":"taxable","14":"shipping-taxable","15":"purchasable","16":"product-type-simple"},"exclude_global_add_ons":[],"addons":[],"acf":[],"yoast_head":"<!-- This site is optimized with the Yoast SEO plugin v27.2 - https:\/\/yoast.com\/product\/yoast-seo-wordpress\/ -->\n<title>Fortovsskilt for Ejendomsm\u00e6glere med LED-lys til billig pris | Gdirekt.se<\/title>\n<meta name=\"description\" content=\"Fortovskilte med LED-lys for Ejendomsm\u00e6glere i A3 tv\u00e6rformat! Skiltet kan montres med A3 billede. Brug dine egne udskrifter. Er perfekt udenfor i m\u00f8rke!\" \/>\n<meta name=\"robots\" content=\"index, follow, max-snippet:-1, max-image-preview:large, max-video-preview:-1\" \/>\n<link rel=\"canonical\" href=\"https:\/\/www.gdirekt.se\/da\/produkt\/fortovsskilt-for-ejendomsmaeglere-med-led-lys\/\" \/>\n<meta property=\"og:locale\" content=\"da_DK\" \/>\n<meta property=\"og:type\" content=\"article\" \/>\n<meta property=\"og:title\" content=\"Fortovsskilt for Ejendomsm\u00e6glere med LED-lys til billig pris | Gdirekt.se\" \/>\n<meta property=\"og:description\" content=\"Fortovskilte med LED-lys for Ejendomsm\u00e6glere i A3 tv\u00e6rformat! Skiltet kan montres med A3 billede. Brug dine egne udskrifter. Er perfekt udenfor i m\u00f8rke!\" \/>\n<meta property=\"og:url\" content=\"https:\/\/www.gdirekt.se\/da\/produkt\/fortovsskilt-for-ejendomsmaeglere-med-led-lys\/\" \/>\n<meta property=\"og:site_name\" content=\"Gdirekt.se\" \/>\n<meta property=\"article:modified_time\" content=\"2024-02-01T08:30:21+00:00\" \/>\n<meta property=\"og:image\" content=\"https:\/\/www.gdirekt.se\/wp-content\/uploads\/Ma\u0308klarskylt_LED.png\" \/>\n\t<meta property=\"og:image:width\" content=\"1000\" \/>\n\t<meta property=\"og:image:height\" content=\"1000\" \/>\n\t<meta property=\"og:image:type\" content=\"image\/png\" \/>\n<meta name=\"twitter:card\" content=\"summary_large_image\" \/>\n<meta name=\"twitter:label1\" content=\"Estimeret l\u00e6setid\" \/>\n\t<meta name=\"twitter:data1\" content=\"1 minut\" \/>\n<script type=\"application\/ld+json\" class=\"yoast-schema-graph\">{\"@context\":\"https:\/\/schema.org\",\"@graph\":[{\"@type\":\"WebPage\",\"@id\":\"https:\/\/www.gdirekt.se\/da\/produkt\/fortovsskilt-for-ejendomsmaeglere-med-led-lys\/\",\"url\":\"https:\/\/www.gdirekt.se\/da\/produkt\/fortovsskilt-for-ejendomsmaeglere-med-led-lys\/\",\"name\":\"Fortovsskilt for Ejendomsm\u00e6glere med LED-lys til billig pris | Gdirekt.se\",\"isPartOf\":{\"@id\":\"https:\/\/www.gdirekt.se\/#website\"},\"primaryImageOfPage\":{\"@id\":\"https:\/\/www.gdirekt.se\/da\/produkt\/fortovsskilt-for-ejendomsmaeglere-med-led-lys\/#primaryimage\"},\"image\":{\"@id\":\"https:\/\/www.gdirekt.se\/da\/produkt\/fortovsskilt-for-ejendomsmaeglere-med-led-lys\/#primaryimage\"},\"thumbnailUrl\":\"https:\/\/www.gdirekt.se\/wp-content\/uploads\/Ma\u0308klarskylt_LED.png\",\"datePublished\":\"2019-05-22T09:57:36+00:00\",\"dateModified\":\"2024-02-01T08:30:21+00:00\",\"description\":\"Fortovskilte med LED-lys for Ejendomsm\u00e6glere i A3 tv\u00e6rformat! Skiltet kan montres med A3 billede. Brug dine egne udskrifter. Er perfekt udenfor i m\u00f8rke!\",\"breadcrumb\":{\"@id\":\"https:\/\/www.gdirekt.se\/da\/produkt\/fortovsskilt-for-ejendomsmaeglere-med-led-lys\/#breadcrumb\"},\"inLanguage\":\"da-DK\",\"potentialAction\":[{\"@type\":\"ReadAction\",\"target\":[\"https:\/\/www.gdirekt.se\/da\/produkt\/fortovsskilt-for-ejendomsmaeglere-med-led-lys\/\"]}]},{\"@type\":\"ImageObject\",\"inLanguage\":\"da-DK\",\"@id\":\"https:\/\/www.gdirekt.se\/da\/produkt\/fortovsskilt-for-ejendomsmaeglere-med-led-lys\/#primaryimage\",\"url\":\"https:\/\/www.gdirekt.se\/wp-content\/uploads\/Ma\u0308klarskylt_LED.png\",\"contentUrl\":\"https:\/\/www.gdirekt.se\/wp-content\/uploads\/Ma\u0308klarskylt_LED.png\",\"width\":1000,\"height\":1000,\"caption\":\"Lysande trottoarpratare i A3!\"},{\"@type\":\"BreadcrumbList\",\"@id\":\"https:\/\/www.gdirekt.se\/da\/produkt\/fortovsskilt-for-ejendomsmaeglere-med-led-lys\/#breadcrumb\",\"itemListElement\":[{\"@type\":\"ListItem\",\"position\":1,\"name\":\"Hem\",\"item\":\"https:\/\/www.gdirekt.se\/da\/\"},{\"@type\":\"ListItem\",\"position\":2,\"name\":\"Start\",\"item\":\"https:\/\/www.gdirekt.se\/da\/\"},{\"@type\":\"ListItem\",\"position\":3,\"name\":\"Fortovsskilt for Ejendomsm\u00e6glere med LED-lys\"}]},{\"@type\":\"WebSite\",\"@id\":\"https:\/\/www.gdirekt.se\/#website\",\"url\":\"https:\/\/www.gdirekt.se\/\",\"name\":\"Gdirekt.se\",\"description\":\"Tryck snabbt \u00e5 l\u00e4tt = Gdirekt\",\"potentialAction\":[{\"@type\":\"SearchAction\",\"target\":{\"@type\":\"EntryPoint\",\"urlTemplate\":\"https:\/\/www.gdirekt.se\/?s={search_term_string}\"},\"query-input\":{\"@type\":\"PropertyValueSpecification\",\"valueRequired\":true,\"valueName\":\"search_term_string\"}}],\"inLanguage\":\"da-DK\"}]}<\/script>\n<!-- \/ Yoast SEO plugin. -->","yoast_head_json":{"title":"Fortovsskilt for Ejendomsm\u00e6glere med LED-lys til billig pris | Gdirekt.se","description":"Fortovskilte med LED-lys for Ejendomsm\u00e6glere i A3 tv\u00e6rformat! Skiltet kan montres med A3 billede. Brug dine egne udskrifter. Er perfekt udenfor i m\u00f8rke!","robots":{"index":"index","follow":"follow","max-snippet":"max-snippet:-1","max-image-preview":"max-image-preview:large","max-video-preview":"max-video-preview:-1"},"canonical":"https:\/\/www.gdirekt.se\/da\/produkt\/fortovsskilt-for-ejendomsmaeglere-med-led-lys\/","og_locale":"da_DK","og_type":"article","og_title":"Fortovsskilt for Ejendomsm\u00e6glere med LED-lys til billig pris | Gdirekt.se","og_description":"Fortovskilte med LED-lys for Ejendomsm\u00e6glere i A3 tv\u00e6rformat! Skiltet kan montres med A3 billede. Brug dine egne udskrifter. Er perfekt udenfor i m\u00f8rke!","og_url":"https:\/\/www.gdirekt.se\/da\/produkt\/fortovsskilt-for-ejendomsmaeglere-med-led-lys\/","og_site_name":"Gdirekt.se","article_modified_time":"2024-02-01T08:30:21+00:00","og_image":[{"width":1000,"height":1000,"url":"https:\/\/www.gdirekt.se\/wp-content\/uploads\/Ma\u0308klarskylt_LED.png","type":"image\/png"}],"twitter_card":"summary_large_image","twitter_misc":{"Estimeret l\u00e6setid":"1 minut"},"schema":{"@context":"https:\/\/schema.org","@graph":[{"@type":"WebPage","@id":"https:\/\/www.gdirekt.se\/da\/produkt\/fortovsskilt-for-ejendomsmaeglere-med-led-lys\/","url":"https:\/\/www.gdirekt.se\/da\/produkt\/fortovsskilt-for-ejendomsmaeglere-med-led-lys\/","name":"Fortovsskilt for Ejendomsm\u00e6glere med LED-lys til billig pris | Gdirekt.se","isPartOf":{"@id":"https:\/\/www.gdirekt.se\/#website"},"primaryImageOfPage":{"@id":"https:\/\/www.gdirekt.se\/da\/produkt\/fortovsskilt-for-ejendomsmaeglere-med-led-lys\/#primaryimage"},"image":{"@id":"https:\/\/www.gdirekt.se\/da\/produkt\/fortovsskilt-for-ejendomsmaeglere-med-led-lys\/#primaryimage"},"thumbnailUrl":"https:\/\/www.gdirekt.se\/wp-content\/uploads\/Ma\u0308klarskylt_LED.png","datePublished":"2019-05-22T09:57:36+00:00","dateModified":"2024-02-01T08:30:21+00:00","description":"Fortovskilte med LED-lys for Ejendomsm\u00e6glere i A3 tv\u00e6rformat! Skiltet kan montres med A3 billede. Brug dine egne udskrifter. Er perfekt udenfor i m\u00f8rke!","breadcrumb":{"@id":"https:\/\/www.gdirekt.se\/da\/produkt\/fortovsskilt-for-ejendomsmaeglere-med-led-lys\/#breadcrumb"},"inLanguage":"da-DK","potentialAction":[{"@type":"ReadAction","target":["https:\/\/www.gdirekt.se\/da\/produkt\/fortovsskilt-for-ejendomsmaeglere-med-led-lys\/"]}]},{"@type":"ImageObject","inLanguage":"da-DK","@id":"https:\/\/www.gdirekt.se\/da\/produkt\/fortovsskilt-for-ejendomsmaeglere-med-led-lys\/#primaryimage","url":"https:\/\/www.gdirekt.se\/wp-content\/uploads\/Ma\u0308klarskylt_LED.png","contentUrl":"https:\/\/www.gdirekt.se\/wp-content\/uploads\/Ma\u0308klarskylt_LED.png","width":1000,"height":1000,"caption":"Lysande trottoarpratare i A3!"},{"@type":"BreadcrumbList","@id":"https:\/\/www.gdirekt.se\/da\/produkt\/fortovsskilt-for-ejendomsmaeglere-med-led-lys\/#breadcrumb","itemListElement":[{"@type":"ListItem","position":1,"name":"Hem","item":"https:\/\/www.gdirekt.se\/da\/"},{"@type":"ListItem","position":2,"name":"Start","item":"https:\/\/www.gdirekt.se\/da\/"},{"@type":"ListItem","position":3,"name":"Fortovsskilt for Ejendomsm\u00e6glere med LED-lys"}]},{"@type":"WebSite","@id":"https:\/\/www.gdirekt.se\/#website","url":"https:\/\/www.gdirekt.se\/","name":"Gdirekt.se","description":"Tryck snabbt \u00e5 l\u00e4tt = Gdirekt","potentialAction":[{"@type":"SearchAction","target":{"@type":"EntryPoint","urlTemplate":"https:\/\/www.gdirekt.se\/?s={search_term_string}"},"query-input":{"@type":"PropertyValueSpecification","valueRequired":true,"valueName":"search_term_string"}}],"inLanguage":"da-DK"}]}},"_links":{"self":[{"href":"https:\/\/www.gdirekt.se\/da\/wp-json\/wp\/v2\/product\/11555","targetHints":{"allow":["GET"]}}],"collection":[{"href":"https:\/\/www.gdirekt.se\/da\/wp-json\/wp\/v2\/product"}],"about":[{"href":"https:\/\/www.gdirekt.se\/da\/wp-json\/wp\/v2\/types\/product"}],"wp:featuredmedia":[{"embeddable":true,"href":"https:\/\/www.gdirekt.se\/da\/wp-json\/wp\/v2\/media\/11561"}],"wp:attachment":[{"href":"https:\/\/www.gdirekt.se\/da\/wp-json\/wp\/v2\/media?parent=11555"}],"wp:term":[{"taxonomy":"product_brand","embeddable":true,"href":"https:\/\/www.gdirekt.se\/da\/wp-json\/wp\/v2\/product_brand?post=11555"},{"taxonomy":"product_cat","embeddable":true,"href":"https:\/\/www.gdirekt.se\/da\/wp-json\/wp\/v2\/product_cat?post=11555"},{"taxonomy":"product_tag","embeddable":true,"href":"https:\/\/www.gdirekt.se\/da\/wp-json\/wp\/v2\/product_tag?post=11555"}],"curies":[{"name":"wp","href":"https:\/\/api.w.org\/{rel}","templated":true}]}}