{"id":11109,"date":"2019-01-29T13:00:55","date_gmt":"2019-01-29T12:00:55","guid":{"rendered":"https:\/\/gdirekt.hamstage.hamrenmedia.se\/produkt\/transportboks-loftdisplay-runde\/"},"modified":"2024-02-01T09:30:24","modified_gmt":"2024-02-01T08:30:24","slug":"transportboks-loftdisplay-runde","status":"publish","type":"product","link":"https:\/\/www.gdirekt.se\/da\/produkt\/transportboks-loftdisplay-runde\/","title":{"rendered":"Transportboks &#8211; Loftdisplay &#8211; Runde"},"content":{"rendered":"<p>Transportboks &#8211; Loftdisplay &#8211; Runde med hjul passer til vores runde loftdisplay. Smart at gemme og transportere dine stofsystemer til messen. En slidst\u00e6rkt og h\u00e5rdere taske med h\u00e5ndtag og hjul. Tasken rummer en tagmobil og billedbanner.<\/p>\n","protected":false},"excerpt":{"rendered":"<p>Transportboks &#8211; Loftdisplay &#8211; Runde med hjul passer til vores runde loftdisplay. Smart at gemme og transportere dine stofsystemer til messen. En slidst\u00e6rkt og h\u00e5rdere taske med h\u00e5ndtag og hjul. Tasken rummer en tagmobil og billedbanner.<\/p>\n","protected":false},"featured_media":10995,"template":"","meta":{"_acf_changed":false},"product_brand":[],"product_cat":[936],"product_tag":[],"class_list":{"0":"post-11109","1":"product","2":"type-product","3":"status-publish","4":"has-post-thumbnail","6":"product_cat-okategoriserad-da","7":"product_shipping_class-180sek","9":"first","10":"instock","11":"taxable","12":"shipping-taxable","13":"purchasable","14":"product-type-simple"},"exclude_global_add_ons":[],"addons":[],"acf":[],"yoast_head":"<!-- This site is optimized with the Yoast SEO plugin v27.2 - https:\/\/yoast.com\/product\/yoast-seo-wordpress\/ -->\n<title>Transportboks - Loftdisplay - Runde | Gdirekt.se<\/title>\n<meta name=\"robots\" content=\"index, follow, max-snippet:-1, max-image-preview:large, max-video-preview:-1\" \/>\n<link rel=\"canonical\" href=\"https:\/\/www.gdirekt.se\/da\/produkt\/transportboks-loftdisplay-runde\/\" \/>\n<meta property=\"og:locale\" content=\"da_DK\" \/>\n<meta property=\"og:type\" content=\"article\" \/>\n<meta property=\"og:title\" content=\"Transportboks - Loftdisplay - Runde | Gdirekt.se\" \/>\n<meta property=\"og:description\" content=\"Transportboks - Loftdisplay - Runde med hjul passer til vores runde loftdisplay. Smart at gemme og transportere dine stofsystemer til messen. En slidst\u00e6rkt og h\u00e5rdere taske med h\u00e5ndtag og hjul. Tasken rummer en tagmobil og billedbanner.\" \/>\n<meta property=\"og:url\" content=\"https:\/\/www.gdirekt.se\/da\/produkt\/transportboks-loftdisplay-runde\/\" \/>\n<meta property=\"og:site_name\" content=\"Gdirekt.se\" \/>\n<meta property=\"article:modified_time\" content=\"2024-02-01T08:30:24+00:00\" \/>\n<meta property=\"og:image\" content=\"https:\/\/www.gdirekt.se\/wp-content\/uploads\/transportbox_takmobil_rund.png\" \/>\n\t<meta property=\"og:image:width\" content=\"1000\" \/>\n\t<meta property=\"og:image:height\" content=\"1000\" \/>\n\t<meta property=\"og:image:type\" content=\"image\/png\" \/>\n<meta name=\"twitter:card\" content=\"summary_large_image\" \/>\n<script type=\"application\/ld+json\" class=\"yoast-schema-graph\">{\"@context\":\"https:\/\/schema.org\",\"@graph\":[{\"@type\":\"WebPage\",\"@id\":\"https:\/\/www.gdirekt.se\/da\/produkt\/transportboks-loftdisplay-runde\/\",\"url\":\"https:\/\/www.gdirekt.se\/da\/produkt\/transportboks-loftdisplay-runde\/\",\"name\":\"Transportboks - Loftdisplay - Runde | Gdirekt.se\",\"isPartOf\":{\"@id\":\"https:\/\/www.gdirekt.se\/#website\"},\"primaryImageOfPage\":{\"@id\":\"https:\/\/www.gdirekt.se\/da\/produkt\/transportboks-loftdisplay-runde\/#primaryimage\"},\"image\":{\"@id\":\"https:\/\/www.gdirekt.se\/da\/produkt\/transportboks-loftdisplay-runde\/#primaryimage\"},\"thumbnailUrl\":\"https:\/\/www.gdirekt.se\/wp-content\/uploads\/transportbox_takmobil_rund.png\",\"datePublished\":\"2019-01-29T12:00:55+00:00\",\"dateModified\":\"2024-02-01T08:30:24+00:00\",\"breadcrumb\":{\"@id\":\"https:\/\/www.gdirekt.se\/da\/produkt\/transportboks-loftdisplay-runde\/#breadcrumb\"},\"inLanguage\":\"da-DK\",\"potentialAction\":[{\"@type\":\"ReadAction\",\"target\":[\"https:\/\/www.gdirekt.se\/da\/produkt\/transportboks-loftdisplay-runde\/\"]}]},{\"@type\":\"ImageObject\",\"inLanguage\":\"da-DK\",\"@id\":\"https:\/\/www.gdirekt.se\/da\/produkt\/transportboks-loftdisplay-runde\/#primaryimage\",\"url\":\"https:\/\/www.gdirekt.se\/wp-content\/uploads\/transportbox_takmobil_rund.png\",\"contentUrl\":\"https:\/\/www.gdirekt.se\/wp-content\/uploads\/transportbox_takmobil_rund.png\",\"width\":1000,\"height\":1000,\"caption\":\"Transportboks - Loftdisplay - Runde\"},{\"@type\":\"BreadcrumbList\",\"@id\":\"https:\/\/www.gdirekt.se\/da\/produkt\/transportboks-loftdisplay-runde\/#breadcrumb\",\"itemListElement\":[{\"@type\":\"ListItem\",\"position\":1,\"name\":\"Hem\",\"item\":\"https:\/\/www.gdirekt.se\/da\/\"},{\"@type\":\"ListItem\",\"position\":2,\"name\":\"Start\",\"item\":\"https:\/\/www.gdirekt.se\/da\/\"},{\"@type\":\"ListItem\",\"position\":3,\"name\":\"Transportboks &#8211; Loftdisplay &#8211; Runde\"}]},{\"@type\":\"WebSite\",\"@id\":\"https:\/\/www.gdirekt.se\/#website\",\"url\":\"https:\/\/www.gdirekt.se\/\",\"name\":\"Gdirekt.se\",\"description\":\"Tryck snabbt \u00e5 l\u00e4tt = Gdirekt\",\"potentialAction\":[{\"@type\":\"SearchAction\",\"target\":{\"@type\":\"EntryPoint\",\"urlTemplate\":\"https:\/\/www.gdirekt.se\/?s={search_term_string}\"},\"query-input\":{\"@type\":\"PropertyValueSpecification\",\"valueRequired\":true,\"valueName\":\"search_term_string\"}}],\"inLanguage\":\"da-DK\"}]}<\/script>\n<!-- \/ Yoast SEO plugin. -->","yoast_head_json":{"title":"Transportboks - Loftdisplay - Runde | Gdirekt.se","robots":{"index":"index","follow":"follow","max-snippet":"max-snippet:-1","max-image-preview":"max-image-preview:large","max-video-preview":"max-video-preview:-1"},"canonical":"https:\/\/www.gdirekt.se\/da\/produkt\/transportboks-loftdisplay-runde\/","og_locale":"da_DK","og_type":"article","og_title":"Transportboks - Loftdisplay - Runde | Gdirekt.se","og_description":"Transportboks - Loftdisplay - Runde med hjul passer til vores runde loftdisplay. Smart at gemme og transportere dine stofsystemer til messen. En slidst\u00e6rkt og h\u00e5rdere taske med h\u00e5ndtag og hjul. Tasken rummer en tagmobil og billedbanner.","og_url":"https:\/\/www.gdirekt.se\/da\/produkt\/transportboks-loftdisplay-runde\/","og_site_name":"Gdirekt.se","article_modified_time":"2024-02-01T08:30:24+00:00","og_image":[{"width":1000,"height":1000,"url":"https:\/\/www.gdirekt.se\/wp-content\/uploads\/transportbox_takmobil_rund.png","type":"image\/png"}],"twitter_card":"summary_large_image","schema":{"@context":"https:\/\/schema.org","@graph":[{"@type":"WebPage","@id":"https:\/\/www.gdirekt.se\/da\/produkt\/transportboks-loftdisplay-runde\/","url":"https:\/\/www.gdirekt.se\/da\/produkt\/transportboks-loftdisplay-runde\/","name":"Transportboks - Loftdisplay - Runde | Gdirekt.se","isPartOf":{"@id":"https:\/\/www.gdirekt.se\/#website"},"primaryImageOfPage":{"@id":"https:\/\/www.gdirekt.se\/da\/produkt\/transportboks-loftdisplay-runde\/#primaryimage"},"image":{"@id":"https:\/\/www.gdirekt.se\/da\/produkt\/transportboks-loftdisplay-runde\/#primaryimage"},"thumbnailUrl":"https:\/\/www.gdirekt.se\/wp-content\/uploads\/transportbox_takmobil_rund.png","datePublished":"2019-01-29T12:00:55+00:00","dateModified":"2024-02-01T08:30:24+00:00","breadcrumb":{"@id":"https:\/\/www.gdirekt.se\/da\/produkt\/transportboks-loftdisplay-runde\/#breadcrumb"},"inLanguage":"da-DK","potentialAction":[{"@type":"ReadAction","target":["https:\/\/www.gdirekt.se\/da\/produkt\/transportboks-loftdisplay-runde\/"]}]},{"@type":"ImageObject","inLanguage":"da-DK","@id":"https:\/\/www.gdirekt.se\/da\/produkt\/transportboks-loftdisplay-runde\/#primaryimage","url":"https:\/\/www.gdirekt.se\/wp-content\/uploads\/transportbox_takmobil_rund.png","contentUrl":"https:\/\/www.gdirekt.se\/wp-content\/uploads\/transportbox_takmobil_rund.png","width":1000,"height":1000,"caption":"Transportboks - Loftdisplay - Runde"},{"@type":"BreadcrumbList","@id":"https:\/\/www.gdirekt.se\/da\/produkt\/transportboks-loftdisplay-runde\/#breadcrumb","itemListElement":[{"@type":"ListItem","position":1,"name":"Hem","item":"https:\/\/www.gdirekt.se\/da\/"},{"@type":"ListItem","position":2,"name":"Start","item":"https:\/\/www.gdirekt.se\/da\/"},{"@type":"ListItem","position":3,"name":"Transportboks &#8211; Loftdisplay &#8211; Runde"}]},{"@type":"WebSite","@id":"https:\/\/www.gdirekt.se\/#website","url":"https:\/\/www.gdirekt.se\/","name":"Gdirekt.se","description":"Tryck snabbt \u00e5 l\u00e4tt = Gdirekt","potentialAction":[{"@type":"SearchAction","target":{"@type":"EntryPoint","urlTemplate":"https:\/\/www.gdirekt.se\/?s={search_term_string}"},"query-input":{"@type":"PropertyValueSpecification","valueRequired":true,"valueName":"search_term_string"}}],"inLanguage":"da-DK"}]}},"_links":{"self":[{"href":"https:\/\/www.gdirekt.se\/da\/wp-json\/wp\/v2\/product\/11109","targetHints":{"allow":["GET"]}}],"collection":[{"href":"https:\/\/www.gdirekt.se\/da\/wp-json\/wp\/v2\/product"}],"about":[{"href":"https:\/\/www.gdirekt.se\/da\/wp-json\/wp\/v2\/types\/product"}],"wp:featuredmedia":[{"embeddable":true,"href":"https:\/\/www.gdirekt.se\/da\/wp-json\/wp\/v2\/media\/10995"}],"wp:attachment":[{"href":"https:\/\/www.gdirekt.se\/da\/wp-json\/wp\/v2\/media?parent=11109"}],"wp:term":[{"taxonomy":"product_brand","embeddable":true,"href":"https:\/\/www.gdirekt.se\/da\/wp-json\/wp\/v2\/product_brand?post=11109"},{"taxonomy":"product_cat","embeddable":true,"href":"https:\/\/www.gdirekt.se\/da\/wp-json\/wp\/v2\/product_cat?post=11109"},{"taxonomy":"product_tag","embeddable":true,"href":"https:\/\/www.gdirekt.se\/da\/wp-json\/wp\/v2\/product_tag?post=11109"}],"curies":[{"name":"wp","href":"https:\/\/api.w.org\/{rel}","templated":true}]}}