{"id":11104,"date":"2019-01-29T12:42:41","date_gmt":"2019-01-29T11:42:41","guid":{"rendered":"https:\/\/gdirekt.hamstage.hamrenmedia.se\/produkt\/tagmobil-runde\/"},"modified":"2019-02-06T09:42:21","modified_gmt":"2019-02-06T08:42:21","slug":"loftsrundel-med-tryk","status":"publish","type":"product","link":"https:\/\/www.gdirekt.se\/da\/produkt\/loftsrundel-med-tryk\/","title":{"rendered":"Loftsrundel med tryk"},"content":{"rendered":"<p>Loftsrundel med trykt\u00a0billede og tekst i farve kan ses meget godt p\u00e5 messer og i indk\u00f8bscenteret. Levering sker med komplet position med r\u00f8r og beslag, s\u00e5 den runde display kan h\u00e6nge op i loftet. De runde store loftdisplay &#8211; Runde er tilg\u00e6ngelige i tre forskellige st\u00f8rrelser: 140cm, 280cm, 440cm og 840cm i diameter. Disse tagh\u00e6ngende rundformede bannere passer vel til messer, butikker, indk\u00f8bscentre og andre store \u00e5bne rum med h\u00f8jt til loftet, s\u00e5som indgange og foyerer.<\/p>\n<p>Vi har angivet h\u00f8jde m\u00e5linger, men kan l\u00f8se valgfrie h\u00f8jder p\u00e5 disse h\u00e6ngende loftsdisplayer med trykt besked. Bare lyt til os, og vi vil s\u00f8rge for, at det er i overensstemmelse med dine \u00f8nsker.<\/p>\n<p>Hvis du bestiller det messemateriale fra Gdirekt.se, f\u00e5r du en meget fin og h\u00f8j kvalitet af stoftrykket. Vi bruger kun milj\u00f8venlig farve med fantastisk fin farvegengivelse. Du inds\u00e6tter aluminiumr\u00f8rene i stoffets kanaler \u00a0Og du gemmer dem i en papkasse eller hvis du k\u00f8ber til den passende transportkasse med hjul i slidst\u00e6rk sort plastik. For mere sp\u00e6ndende l\u00f8sninger p\u00e5 trykte tegn eller skilte kan du f\u00f8lge os p\u00e5 Instagram!<\/p>\n<p>Det er nemt at bestille en Loftsrundel med tryk<br \/>\nDu kan bestille Loftsrundel med tryk, men ogs\u00e5 mange andre smarte l\u00f8sninger til retf\u00e6rdigt materiale til din udstillingsstand eller udstillingslokale p\u00e5 messen, klik her.<\/p>\n","protected":false},"excerpt":{"rendered":"<p>Loftsrundel med trykt banner\u00a0til butik eller messe. Enkel og hurtig installation. H\u00e6ng dine meddelelser og annoncering i loftet, der er tilg\u00e6ngelige i fire st\u00f8rrelser. Markedets h\u00f8jeste kvalitet i slidst\u00e6rkt aluminium og det indeholder sorte stofposer til profilerne.<\/p>\n","protected":false},"featured_media":10982,"template":"","meta":{"_acf_changed":false},"product_brand":[],"product_cat":[375],"product_tag":[],"class_list":{"0":"post-11104","1":"product","2":"type-product","3":"status-publish","4":"has-post-thumbnail","6":"product_cat-messevaegge-og-displaysystemer","7":"product_shipping_class-350kr","9":"first","10":"instock","11":"taxable","12":"shipping-taxable","13":"purchasable","14":"product-type-variable","15":"has-default-attributes"},"exclude_global_add_ons":[],"addons":[],"acf":[],"yoast_head":"<!-- This site is optimized with the Yoast SEO plugin v27.2 - https:\/\/yoast.com\/product\/yoast-seo-wordpress\/ -->\n<title>Loftsrundel med tryk | Gdirekt.se<\/title>\n<meta name=\"robots\" content=\"index, follow, max-snippet:-1, max-image-preview:large, max-video-preview:-1\" \/>\n<link rel=\"canonical\" href=\"https:\/\/www.gdirekt.se\/da\/produkt\/loftsrundel-med-tryk\/\" \/>\n<meta property=\"og:locale\" content=\"da_DK\" \/>\n<meta property=\"og:type\" content=\"article\" \/>\n<meta property=\"og:title\" content=\"Loftsrundel med tryk | Gdirekt.se\" \/>\n<meta property=\"og:description\" content=\"Loftsrundel med trykt banner\u00a0til butik eller messe. Enkel og hurtig installation. H\u00e6ng dine meddelelser og annoncering i loftet, der er tilg\u00e6ngelige i fire st\u00f8rrelser. Markedets h\u00f8jeste kvalitet i slidst\u00e6rkt aluminium og det indeholder sorte stofposer til profilerne.\" \/>\n<meta property=\"og:url\" content=\"https:\/\/www.gdirekt.se\/da\/produkt\/loftsrundel-med-tryk\/\" \/>\n<meta property=\"og:site_name\" content=\"Gdirekt.se\" \/>\n<meta property=\"article:modified_time\" content=\"2019-02-06T08:42:21+00:00\" \/>\n<meta property=\"og:image\" content=\"https:\/\/www.gdirekt.se\/wp-content\/uploads\/takmobil_rund-1.png\" \/>\n\t<meta property=\"og:image:width\" content=\"1000\" \/>\n\t<meta property=\"og:image:height\" content=\"1000\" \/>\n\t<meta property=\"og:image:type\" content=\"image\/png\" \/>\n<meta name=\"twitter:card\" content=\"summary_large_image\" \/>\n<meta name=\"twitter:label1\" content=\"Estimeret l\u00e6setid\" \/>\n\t<meta name=\"twitter:data1\" content=\"1 minut\" \/>\n<script type=\"application\/ld+json\" class=\"yoast-schema-graph\">{\"@context\":\"https:\/\/schema.org\",\"@graph\":[{\"@type\":\"WebPage\",\"@id\":\"https:\/\/www.gdirekt.se\/da\/produkt\/loftsrundel-med-tryk\/\",\"url\":\"https:\/\/www.gdirekt.se\/da\/produkt\/loftsrundel-med-tryk\/\",\"name\":\"Loftsrundel med tryk | Gdirekt.se\",\"isPartOf\":{\"@id\":\"https:\/\/www.gdirekt.se\/#website\"},\"primaryImageOfPage\":{\"@id\":\"https:\/\/www.gdirekt.se\/da\/produkt\/loftsrundel-med-tryk\/#primaryimage\"},\"image\":{\"@id\":\"https:\/\/www.gdirekt.se\/da\/produkt\/loftsrundel-med-tryk\/#primaryimage\"},\"thumbnailUrl\":\"https:\/\/www.gdirekt.se\/wp-content\/uploads\/takmobil_rund-1.png\",\"datePublished\":\"2019-01-29T11:42:41+00:00\",\"dateModified\":\"2019-02-06T08:42:21+00:00\",\"breadcrumb\":{\"@id\":\"https:\/\/www.gdirekt.se\/da\/produkt\/loftsrundel-med-tryk\/#breadcrumb\"},\"inLanguage\":\"da-DK\",\"potentialAction\":[{\"@type\":\"ReadAction\",\"target\":[\"https:\/\/www.gdirekt.se\/da\/produkt\/loftsrundel-med-tryk\/\"]}]},{\"@type\":\"ImageObject\",\"inLanguage\":\"da-DK\",\"@id\":\"https:\/\/www.gdirekt.se\/da\/produkt\/loftsrundel-med-tryk\/#primaryimage\",\"url\":\"https:\/\/www.gdirekt.se\/wp-content\/uploads\/takmobil_rund-1.png\",\"contentUrl\":\"https:\/\/www.gdirekt.se\/wp-content\/uploads\/takmobil_rund-1.png\",\"width\":1000,\"height\":1000},{\"@type\":\"BreadcrumbList\",\"@id\":\"https:\/\/www.gdirekt.se\/da\/produkt\/loftsrundel-med-tryk\/#breadcrumb\",\"itemListElement\":[{\"@type\":\"ListItem\",\"position\":1,\"name\":\"Hem\",\"item\":\"https:\/\/www.gdirekt.se\/da\/\"},{\"@type\":\"ListItem\",\"position\":2,\"name\":\"Start\",\"item\":\"https:\/\/www.gdirekt.se\/da\/\"},{\"@type\":\"ListItem\",\"position\":3,\"name\":\"Loftsrundel med tryk\"}]},{\"@type\":\"WebSite\",\"@id\":\"https:\/\/www.gdirekt.se\/#website\",\"url\":\"https:\/\/www.gdirekt.se\/\",\"name\":\"Gdirekt.se\",\"description\":\"Tryck snabbt \u00e5 l\u00e4tt = Gdirekt\",\"potentialAction\":[{\"@type\":\"SearchAction\",\"target\":{\"@type\":\"EntryPoint\",\"urlTemplate\":\"https:\/\/www.gdirekt.se\/?s={search_term_string}\"},\"query-input\":{\"@type\":\"PropertyValueSpecification\",\"valueRequired\":true,\"valueName\":\"search_term_string\"}}],\"inLanguage\":\"da-DK\"}]}<\/script>\n<!-- \/ Yoast SEO plugin. -->","yoast_head_json":{"title":"Loftsrundel med tryk | Gdirekt.se","robots":{"index":"index","follow":"follow","max-snippet":"max-snippet:-1","max-image-preview":"max-image-preview:large","max-video-preview":"max-video-preview:-1"},"canonical":"https:\/\/www.gdirekt.se\/da\/produkt\/loftsrundel-med-tryk\/","og_locale":"da_DK","og_type":"article","og_title":"Loftsrundel med tryk | Gdirekt.se","og_description":"Loftsrundel med trykt banner\u00a0til butik eller messe. Enkel og hurtig installation. H\u00e6ng dine meddelelser og annoncering i loftet, der er tilg\u00e6ngelige i fire st\u00f8rrelser. Markedets h\u00f8jeste kvalitet i slidst\u00e6rkt aluminium og det indeholder sorte stofposer til profilerne.","og_url":"https:\/\/www.gdirekt.se\/da\/produkt\/loftsrundel-med-tryk\/","og_site_name":"Gdirekt.se","article_modified_time":"2019-02-06T08:42:21+00:00","og_image":[{"width":1000,"height":1000,"url":"https:\/\/www.gdirekt.se\/wp-content\/uploads\/takmobil_rund-1.png","type":"image\/png"}],"twitter_card":"summary_large_image","twitter_misc":{"Estimeret l\u00e6setid":"1 minut"},"schema":{"@context":"https:\/\/schema.org","@graph":[{"@type":"WebPage","@id":"https:\/\/www.gdirekt.se\/da\/produkt\/loftsrundel-med-tryk\/","url":"https:\/\/www.gdirekt.se\/da\/produkt\/loftsrundel-med-tryk\/","name":"Loftsrundel med tryk | Gdirekt.se","isPartOf":{"@id":"https:\/\/www.gdirekt.se\/#website"},"primaryImageOfPage":{"@id":"https:\/\/www.gdirekt.se\/da\/produkt\/loftsrundel-med-tryk\/#primaryimage"},"image":{"@id":"https:\/\/www.gdirekt.se\/da\/produkt\/loftsrundel-med-tryk\/#primaryimage"},"thumbnailUrl":"https:\/\/www.gdirekt.se\/wp-content\/uploads\/takmobil_rund-1.png","datePublished":"2019-01-29T11:42:41+00:00","dateModified":"2019-02-06T08:42:21+00:00","breadcrumb":{"@id":"https:\/\/www.gdirekt.se\/da\/produkt\/loftsrundel-med-tryk\/#breadcrumb"},"inLanguage":"da-DK","potentialAction":[{"@type":"ReadAction","target":["https:\/\/www.gdirekt.se\/da\/produkt\/loftsrundel-med-tryk\/"]}]},{"@type":"ImageObject","inLanguage":"da-DK","@id":"https:\/\/www.gdirekt.se\/da\/produkt\/loftsrundel-med-tryk\/#primaryimage","url":"https:\/\/www.gdirekt.se\/wp-content\/uploads\/takmobil_rund-1.png","contentUrl":"https:\/\/www.gdirekt.se\/wp-content\/uploads\/takmobil_rund-1.png","width":1000,"height":1000},{"@type":"BreadcrumbList","@id":"https:\/\/www.gdirekt.se\/da\/produkt\/loftsrundel-med-tryk\/#breadcrumb","itemListElement":[{"@type":"ListItem","position":1,"name":"Hem","item":"https:\/\/www.gdirekt.se\/da\/"},{"@type":"ListItem","position":2,"name":"Start","item":"https:\/\/www.gdirekt.se\/da\/"},{"@type":"ListItem","position":3,"name":"Loftsrundel med tryk"}]},{"@type":"WebSite","@id":"https:\/\/www.gdirekt.se\/#website","url":"https:\/\/www.gdirekt.se\/","name":"Gdirekt.se","description":"Tryck snabbt \u00e5 l\u00e4tt = Gdirekt","potentialAction":[{"@type":"SearchAction","target":{"@type":"EntryPoint","urlTemplate":"https:\/\/www.gdirekt.se\/?s={search_term_string}"},"query-input":{"@type":"PropertyValueSpecification","valueRequired":true,"valueName":"search_term_string"}}],"inLanguage":"da-DK"}]}},"_links":{"self":[{"href":"https:\/\/www.gdirekt.se\/da\/wp-json\/wp\/v2\/product\/11104","targetHints":{"allow":["GET"]}}],"collection":[{"href":"https:\/\/www.gdirekt.se\/da\/wp-json\/wp\/v2\/product"}],"about":[{"href":"https:\/\/www.gdirekt.se\/da\/wp-json\/wp\/v2\/types\/product"}],"wp:featuredmedia":[{"embeddable":true,"href":"https:\/\/www.gdirekt.se\/da\/wp-json\/wp\/v2\/media\/10982"}],"wp:attachment":[{"href":"https:\/\/www.gdirekt.se\/da\/wp-json\/wp\/v2\/media?parent=11104"}],"wp:term":[{"taxonomy":"product_brand","embeddable":true,"href":"https:\/\/www.gdirekt.se\/da\/wp-json\/wp\/v2\/product_brand?post=11104"},{"taxonomy":"product_cat","embeddable":true,"href":"https:\/\/www.gdirekt.se\/da\/wp-json\/wp\/v2\/product_cat?post=11104"},{"taxonomy":"product_tag","embeddable":true,"href":"https:\/\/www.gdirekt.se\/da\/wp-json\/wp\/v2\/product_tag?post=11104"}],"curies":[{"name":"wp","href":"https:\/\/api.w.org\/{rel}","templated":true}]}}