{"id":11103,"date":"2019-01-29T12:07:26","date_gmt":"2019-01-29T11:07:26","guid":{"rendered":"https:\/\/gdirekt.hamstage.hamrenmedia.se\/produkt\/11103\/"},"modified":"2024-02-01T09:30:26","modified_gmt":"2024-02-01T08:30:26","slug":"kapa-plade-skilte-egen-storrelse-10mm","status":"publish","type":"product","link":"https:\/\/www.gdirekt.se\/da\/produkt\/kapa-plade-skilte-egen-storrelse-10mm\/","title":{"rendered":"Kapa plade skilte egen st\u00f8rrelse 10mm"},"content":{"rendered":"<p><span lang=\"DA\">Kapa plade skilte egen st\u00f8rrelse 10mm bestiller I nemt hos os p\u00e5 Gdirekt. Vi trykker skiltene digitalt efter online bestilling. K\u00f8b store eller sm\u00e5 skilte med foto og tekst i h\u00f8jeste kvalitet. Skumpladematerialet er let og smidigt at bruge. Vi trykker p\u00e5 glatte kartonflader, og skummaterialet i midten g\u00f8r, at skiltene med billeder f\u00e5r en god tykkelse. Skumpladerne bruges ofte til udstillinger, fremvisninger og billeder. Det er ogs\u00e5 almindeligt at bruge skumpladeskilte som udsalgsskilte eller andre butiksskilte med tilbud p\u00e5.<\/span><\/p>\n<p><span lang=\"DA\">Vi har lavet et antal standardm\u00e5l med f\u00f8lgende st\u00f8rrelser: A4, A3, 35 x 50 cm, 50 x 70 cm samt 70 x 100 cm. Men det er muligt at k\u00f8be skumpladeskilte med tryk i alle st\u00f8rrelser, bare de holder sig inden for pladernes st\u00f8rrelse.<\/span><\/p>\n<p><span lang=\"DA\">Kapa plade skilte egen st\u00f8rrelse 10mm f\u00e5s i f\u00f8lgende st\u00f8rrelser:<\/span><\/p>\n<p><span lang=\"DA\">Kapa plade skilte 5 mm tyk:305 x 153 cm<\/span><\/p>\n<p><span lang=\"DA\">Kapa plade skilte 10 mm tyk: 305 x 153 cm<\/span><\/p>\n<p><strong><span lang=\"DA\">Ved st\u00f8rre oplag eller kapapladeskilte i andre st\u00f8rrelser kan I kontakte os for at f\u00e5 et tilbud: info@gdirekt.se<\/span><\/strong><\/p>\n<p><span lang=\"DA\">Hvis I \u00f8nsker at bestille skilte af andre materialer som f.eks. plast, karton eller metal, tilbyder vi alle varianter,<span class=\"apple-converted-space\">\u00a0<\/span><\/span><span lang=\"DA\"><a href=\"https:\/\/www.gdirekt.se\/produkt-kategori\/skyltar\/\"><b><i>som kan ses her<\/i><\/b><\/a><\/span><span lang=\"DA\">. Vi laver ogs\u00e5 mange andre fine tryksager, som I kan se p\u00e5 vores<\/span><span lang=\"DA\"><a href=\"https:\/\/www.instagram.com\/gigantprint\/\"><b><i>Instagramprofil<\/i><\/b><\/a><\/span><span lang=\"DA\">! Vi har leveret skilte siden 2000 og har ry for at v\u00e6re blandt branchens bedste, n\u00e5r det handler om at levere hurtigt. Vi har ogs\u00e5 erfaring med at arbejde med st\u00f8rre oplag til komplette butikskampagner og st\u00f8rre trykoplag. Men vi er lige s\u00e5 glade for at kunne hj\u00e6lpe med et skilt, der eksempelvis skal h\u00e6nge p\u00e5 et galleri. Vi leverer til alle byer i Sverige, Norge og Danmark samt Finland. Det er ogs\u00e5 muligt at sende leverancer til en hvilken som helst destination i verden, og vi benytter sporbar fragt, som man kan f\u00f8lge hele vejen.<\/span><\/p>\n","protected":false},"excerpt":{"rendered":"<p>Bestil <span lang=\"DA\">Kapa plades skilte<\/span> i deres egne st\u00f8rrelser. Vi udskriver med h\u00f8jeste kvalitet direkte p\u00e5 pladerne. V\u00e6lg st\u00f8rrelsen nedenfor,\u00a0den maksimale dimension 300x150cm<\/p>\n","protected":false},"featured_media":10974,"template":"","meta":{"_acf_changed":false},"product_brand":[],"product_cat":[378],"product_tag":[],"class_list":{"0":"post-11103","1":"product","2":"type-product","3":"status-publish","4":"has-post-thumbnail","6":"product_cat-skilte","7":"product_shipping_class-250kr","9":"first","10":"instock","11":"taxable","12":"shipping-taxable","13":"purchasable","14":"product-type-simple"},"exclude_global_add_ons":[],"addons":[],"acf":[],"yoast_head":"<!-- This site is optimized with the Yoast SEO plugin v27.2 - https:\/\/yoast.com\/product\/yoast-seo-wordpress\/ -->\n<title>, trykning er inkluderet i prisen<\/title>\n<meta name=\"description\" content=\"Kapa plade skilte egen st\u00f8rrelse 10mm du k\u00f8ber billigt her. Udskriv tekst- og fotobilleder med milj\u00f8venlig farve p\u00e5 disse paneler. Egen produktion med hurtig forsendelse!\" \/>\n<meta name=\"robots\" content=\"index, follow, max-snippet:-1, max-image-preview:large, max-video-preview:-1\" \/>\n<link rel=\"canonical\" href=\"https:\/\/www.gdirekt.se\/da\/produkt\/kapa-plade-skilte-egen-storrelse-10mm\/\" \/>\n<meta property=\"og:locale\" content=\"da_DK\" \/>\n<meta property=\"og:type\" content=\"article\" \/>\n<meta property=\"og:title\" content=\", trykning er inkluderet i prisen\" \/>\n<meta property=\"og:description\" content=\"Kapa plade skilte egen st\u00f8rrelse 10mm du k\u00f8ber billigt her. Udskriv tekst- og fotobilleder med milj\u00f8venlig farve p\u00e5 disse paneler. Egen produktion med hurtig forsendelse!\" \/>\n<meta property=\"og:url\" content=\"https:\/\/www.gdirekt.se\/da\/produkt\/kapa-plade-skilte-egen-storrelse-10mm\/\" \/>\n<meta property=\"og:site_name\" content=\"Gdirekt.se\" \/>\n<meta property=\"article:modified_time\" content=\"2024-02-01T08:30:26+00:00\" \/>\n<meta property=\"og:image\" content=\"https:\/\/www.gdirekt.se\/wp-content\/uploads\/Kapaskyltar-1.png\" \/>\n\t<meta property=\"og:image:width\" content=\"1000\" \/>\n\t<meta property=\"og:image:height\" content=\"1000\" \/>\n\t<meta property=\"og:image:type\" content=\"image\/png\" \/>\n<meta name=\"twitter:card\" content=\"summary_large_image\" \/>\n<meta name=\"twitter:label1\" content=\"Estimeret l\u00e6setid\" \/>\n\t<meta name=\"twitter:data1\" content=\"2 minutter\" \/>\n<script type=\"application\/ld+json\" class=\"yoast-schema-graph\">{\"@context\":\"https:\/\/schema.org\",\"@graph\":[{\"@type\":\"WebPage\",\"@id\":\"https:\/\/www.gdirekt.se\/da\/produkt\/kapa-plade-skilte-egen-storrelse-10mm\/\",\"url\":\"https:\/\/www.gdirekt.se\/da\/produkt\/kapa-plade-skilte-egen-storrelse-10mm\/\",\"name\":\", trykning er inkluderet i prisen\",\"isPartOf\":{\"@id\":\"https:\/\/www.gdirekt.se\/#website\"},\"primaryImageOfPage\":{\"@id\":\"https:\/\/www.gdirekt.se\/da\/produkt\/kapa-plade-skilte-egen-storrelse-10mm\/#primaryimage\"},\"image\":{\"@id\":\"https:\/\/www.gdirekt.se\/da\/produkt\/kapa-plade-skilte-egen-storrelse-10mm\/#primaryimage\"},\"thumbnailUrl\":\"https:\/\/www.gdirekt.se\/wp-content\/uploads\/Kapaskyltar-1.png\",\"datePublished\":\"2019-01-29T11:07:26+00:00\",\"dateModified\":\"2024-02-01T08:30:26+00:00\",\"description\":\"Kapa plade skilte egen st\u00f8rrelse 10mm du k\u00f8ber billigt her. Udskriv tekst- og fotobilleder med milj\u00f8venlig farve p\u00e5 disse paneler. Egen produktion med hurtig forsendelse!\",\"breadcrumb\":{\"@id\":\"https:\/\/www.gdirekt.se\/da\/produkt\/kapa-plade-skilte-egen-storrelse-10mm\/#breadcrumb\"},\"inLanguage\":\"da-DK\",\"potentialAction\":[{\"@type\":\"ReadAction\",\"target\":[\"https:\/\/www.gdirekt.se\/da\/produkt\/kapa-plade-skilte-egen-storrelse-10mm\/\"]}]},{\"@type\":\"ImageObject\",\"inLanguage\":\"da-DK\",\"@id\":\"https:\/\/www.gdirekt.se\/da\/produkt\/kapa-plade-skilte-egen-storrelse-10mm\/#primaryimage\",\"url\":\"https:\/\/www.gdirekt.se\/wp-content\/uploads\/Kapaskyltar-1.png\",\"contentUrl\":\"https:\/\/www.gdirekt.se\/wp-content\/uploads\/Kapaskyltar-1.png\",\"width\":1000,\"height\":1000},{\"@type\":\"BreadcrumbList\",\"@id\":\"https:\/\/www.gdirekt.se\/da\/produkt\/kapa-plade-skilte-egen-storrelse-10mm\/#breadcrumb\",\"itemListElement\":[{\"@type\":\"ListItem\",\"position\":1,\"name\":\"Hem\",\"item\":\"https:\/\/www.gdirekt.se\/da\/\"},{\"@type\":\"ListItem\",\"position\":2,\"name\":\"Start\",\"item\":\"https:\/\/www.gdirekt.se\/da\/\"},{\"@type\":\"ListItem\",\"position\":3,\"name\":\"Kapa plade skilte egen st\u00f8rrelse 10mm\"}]},{\"@type\":\"WebSite\",\"@id\":\"https:\/\/www.gdirekt.se\/#website\",\"url\":\"https:\/\/www.gdirekt.se\/\",\"name\":\"Gdirekt.se\",\"description\":\"Tryck snabbt \u00e5 l\u00e4tt = Gdirekt\",\"potentialAction\":[{\"@type\":\"SearchAction\",\"target\":{\"@type\":\"EntryPoint\",\"urlTemplate\":\"https:\/\/www.gdirekt.se\/?s={search_term_string}\"},\"query-input\":{\"@type\":\"PropertyValueSpecification\",\"valueRequired\":true,\"valueName\":\"search_term_string\"}}],\"inLanguage\":\"da-DK\"}]}<\/script>\n<!-- \/ Yoast SEO plugin. -->","yoast_head_json":{"title":", trykning er inkluderet i prisen","description":"Kapa plade skilte egen st\u00f8rrelse 10mm du k\u00f8ber billigt her. Udskriv tekst- og fotobilleder med milj\u00f8venlig farve p\u00e5 disse paneler. Egen produktion med hurtig forsendelse!","robots":{"index":"index","follow":"follow","max-snippet":"max-snippet:-1","max-image-preview":"max-image-preview:large","max-video-preview":"max-video-preview:-1"},"canonical":"https:\/\/www.gdirekt.se\/da\/produkt\/kapa-plade-skilte-egen-storrelse-10mm\/","og_locale":"da_DK","og_type":"article","og_title":", trykning er inkluderet i prisen","og_description":"Kapa plade skilte egen st\u00f8rrelse 10mm du k\u00f8ber billigt her. Udskriv tekst- og fotobilleder med milj\u00f8venlig farve p\u00e5 disse paneler. Egen produktion med hurtig forsendelse!","og_url":"https:\/\/www.gdirekt.se\/da\/produkt\/kapa-plade-skilte-egen-storrelse-10mm\/","og_site_name":"Gdirekt.se","article_modified_time":"2024-02-01T08:30:26+00:00","og_image":[{"width":1000,"height":1000,"url":"https:\/\/www.gdirekt.se\/wp-content\/uploads\/Kapaskyltar-1.png","type":"image\/png"}],"twitter_card":"summary_large_image","twitter_misc":{"Estimeret l\u00e6setid":"2 minutter"},"schema":{"@context":"https:\/\/schema.org","@graph":[{"@type":"WebPage","@id":"https:\/\/www.gdirekt.se\/da\/produkt\/kapa-plade-skilte-egen-storrelse-10mm\/","url":"https:\/\/www.gdirekt.se\/da\/produkt\/kapa-plade-skilte-egen-storrelse-10mm\/","name":", trykning er inkluderet i prisen","isPartOf":{"@id":"https:\/\/www.gdirekt.se\/#website"},"primaryImageOfPage":{"@id":"https:\/\/www.gdirekt.se\/da\/produkt\/kapa-plade-skilte-egen-storrelse-10mm\/#primaryimage"},"image":{"@id":"https:\/\/www.gdirekt.se\/da\/produkt\/kapa-plade-skilte-egen-storrelse-10mm\/#primaryimage"},"thumbnailUrl":"https:\/\/www.gdirekt.se\/wp-content\/uploads\/Kapaskyltar-1.png","datePublished":"2019-01-29T11:07:26+00:00","dateModified":"2024-02-01T08:30:26+00:00","description":"Kapa plade skilte egen st\u00f8rrelse 10mm du k\u00f8ber billigt her. Udskriv tekst- og fotobilleder med milj\u00f8venlig farve p\u00e5 disse paneler. Egen produktion med hurtig forsendelse!","breadcrumb":{"@id":"https:\/\/www.gdirekt.se\/da\/produkt\/kapa-plade-skilte-egen-storrelse-10mm\/#breadcrumb"},"inLanguage":"da-DK","potentialAction":[{"@type":"ReadAction","target":["https:\/\/www.gdirekt.se\/da\/produkt\/kapa-plade-skilte-egen-storrelse-10mm\/"]}]},{"@type":"ImageObject","inLanguage":"da-DK","@id":"https:\/\/www.gdirekt.se\/da\/produkt\/kapa-plade-skilte-egen-storrelse-10mm\/#primaryimage","url":"https:\/\/www.gdirekt.se\/wp-content\/uploads\/Kapaskyltar-1.png","contentUrl":"https:\/\/www.gdirekt.se\/wp-content\/uploads\/Kapaskyltar-1.png","width":1000,"height":1000},{"@type":"BreadcrumbList","@id":"https:\/\/www.gdirekt.se\/da\/produkt\/kapa-plade-skilte-egen-storrelse-10mm\/#breadcrumb","itemListElement":[{"@type":"ListItem","position":1,"name":"Hem","item":"https:\/\/www.gdirekt.se\/da\/"},{"@type":"ListItem","position":2,"name":"Start","item":"https:\/\/www.gdirekt.se\/da\/"},{"@type":"ListItem","position":3,"name":"Kapa plade skilte egen st\u00f8rrelse 10mm"}]},{"@type":"WebSite","@id":"https:\/\/www.gdirekt.se\/#website","url":"https:\/\/www.gdirekt.se\/","name":"Gdirekt.se","description":"Tryck snabbt \u00e5 l\u00e4tt = Gdirekt","potentialAction":[{"@type":"SearchAction","target":{"@type":"EntryPoint","urlTemplate":"https:\/\/www.gdirekt.se\/?s={search_term_string}"},"query-input":{"@type":"PropertyValueSpecification","valueRequired":true,"valueName":"search_term_string"}}],"inLanguage":"da-DK"}]}},"_links":{"self":[{"href":"https:\/\/www.gdirekt.se\/da\/wp-json\/wp\/v2\/product\/11103","targetHints":{"allow":["GET"]}}],"collection":[{"href":"https:\/\/www.gdirekt.se\/da\/wp-json\/wp\/v2\/product"}],"about":[{"href":"https:\/\/www.gdirekt.se\/da\/wp-json\/wp\/v2\/types\/product"}],"wp:featuredmedia":[{"embeddable":true,"href":"https:\/\/www.gdirekt.se\/da\/wp-json\/wp\/v2\/media\/10974"}],"wp:attachment":[{"href":"https:\/\/www.gdirekt.se\/da\/wp-json\/wp\/v2\/media?parent=11103"}],"wp:term":[{"taxonomy":"product_brand","embeddable":true,"href":"https:\/\/www.gdirekt.se\/da\/wp-json\/wp\/v2\/product_brand?post=11103"},{"taxonomy":"product_cat","embeddable":true,"href":"https:\/\/www.gdirekt.se\/da\/wp-json\/wp\/v2\/product_cat?post=11103"},{"taxonomy":"product_tag","embeddable":true,"href":"https:\/\/www.gdirekt.se\/da\/wp-json\/wp\/v2\/product_tag?post=11103"}],"curies":[{"name":"wp","href":"https:\/\/api.w.org\/{rel}","templated":true}]}}