{"id":11055,"date":"2019-01-29T11:29:37","date_gmt":"2019-01-29T10:29:37","guid":{"rendered":"https:\/\/gdirekt.hamstage.hamrenmedia.se\/produkt\/hook-til-smal-kederprofil\/"},"modified":"2024-02-01T09:30:31","modified_gmt":"2024-02-01T08:30:31","slug":"hook-til-smal-kederprofil","status":"publish","type":"product","link":"https:\/\/www.gdirekt.se\/da\/produkt\/hook-til-smal-kederprofil\/","title":{"rendered":"Hook til smal kederprofil"},"content":{"rendered":"<p>Hook til smal kederprofil passer til vores smalle kederliste. Den bruges til at skrue p\u00e5 toppen af den smalere version, der er 25 mm bred og 14 mm tykk. Dette bruges mest indend\u00f8rs. I krogen kan man f.eks. vedh\u00e6fte en kabel ved montering i loft. Disse kaldes ogs\u00e5 travare.<\/p>\n","protected":false},"excerpt":{"rendered":"<p>Hook til smal k\u00e6de profil passer til vores smalle kederprofil. Den bruges til at skrue p\u00e5 toppen af den smalere version, der er 25 mm bred og 14 mm tykk og kaldes ogs\u00e5 travare.<\/p>\n","protected":false},"featured_media":10937,"template":"","meta":{"_acf_changed":false},"product_brand":[],"product_cat":[367],"product_tag":[],"class_list":{"0":"post-11055","1":"product","2":"type-product","3":"status-publish","4":"has-post-thumbnail","6":"product_cat-bannere-og-facadebannere-tilbehoer","7":"product_shipping_class-85kr-da","9":"first","10":"instock","11":"taxable","12":"shipping-taxable","13":"purchasable","14":"product-type-simple"},"exclude_global_add_ons":[],"addons":[],"acf":[],"yoast_head":"<!-- This site is optimized with the Yoast SEO plugin v27.2 - https:\/\/yoast.com\/product\/yoast-seo-wordpress\/ -->\n<title>Hook til smal kederprofil | Gdirekt.se<\/title>\n<meta name=\"robots\" content=\"index, follow, max-snippet:-1, max-image-preview:large, max-video-preview:-1\" \/>\n<link rel=\"canonical\" href=\"https:\/\/www.gdirekt.se\/da\/produkt\/hook-til-smal-kederprofil\/\" \/>\n<meta property=\"og:locale\" content=\"da_DK\" \/>\n<meta property=\"og:type\" content=\"article\" \/>\n<meta property=\"og:title\" content=\"Hook til smal kederprofil | Gdirekt.se\" \/>\n<meta property=\"og:description\" content=\"Hook til smal k\u00e6de profil passer til vores smalle kederprofil. Den bruges til at skrue p\u00e5 toppen af den smalere version, der er 25 mm bred og 14 mm tykk og kaldes ogs\u00e5 travare.\" \/>\n<meta property=\"og:url\" content=\"https:\/\/www.gdirekt.se\/da\/produkt\/hook-til-smal-kederprofil\/\" \/>\n<meta property=\"og:site_name\" content=\"Gdirekt.se\" \/>\n<meta property=\"article:modified_time\" content=\"2024-02-01T08:30:31+00:00\" \/>\n<meta property=\"og:image\" content=\"https:\/\/www.gdirekt.se\/wp-content\/uploads\/krok-travare-smal-keder.png\" \/>\n\t<meta property=\"og:image:width\" content=\"1000\" \/>\n\t<meta property=\"og:image:height\" content=\"1000\" \/>\n\t<meta property=\"og:image:type\" content=\"image\/png\" \/>\n<meta name=\"twitter:card\" content=\"summary_large_image\" \/>\n<script type=\"application\/ld+json\" class=\"yoast-schema-graph\">{\"@context\":\"https:\/\/schema.org\",\"@graph\":[{\"@type\":\"WebPage\",\"@id\":\"https:\/\/www.gdirekt.se\/da\/produkt\/hook-til-smal-kederprofil\/\",\"url\":\"https:\/\/www.gdirekt.se\/da\/produkt\/hook-til-smal-kederprofil\/\",\"name\":\"Hook til smal kederprofil | Gdirekt.se\",\"isPartOf\":{\"@id\":\"https:\/\/www.gdirekt.se\/#website\"},\"primaryImageOfPage\":{\"@id\":\"https:\/\/www.gdirekt.se\/da\/produkt\/hook-til-smal-kederprofil\/#primaryimage\"},\"image\":{\"@id\":\"https:\/\/www.gdirekt.se\/da\/produkt\/hook-til-smal-kederprofil\/#primaryimage\"},\"thumbnailUrl\":\"https:\/\/www.gdirekt.se\/wp-content\/uploads\/krok-travare-smal-keder.png\",\"datePublished\":\"2019-01-29T10:29:37+00:00\",\"dateModified\":\"2024-02-01T08:30:31+00:00\",\"breadcrumb\":{\"@id\":\"https:\/\/www.gdirekt.se\/da\/produkt\/hook-til-smal-kederprofil\/#breadcrumb\"},\"inLanguage\":\"da-DK\",\"potentialAction\":[{\"@type\":\"ReadAction\",\"target\":[\"https:\/\/www.gdirekt.se\/da\/produkt\/hook-til-smal-kederprofil\/\"]}]},{\"@type\":\"ImageObject\",\"inLanguage\":\"da-DK\",\"@id\":\"https:\/\/www.gdirekt.se\/da\/produkt\/hook-til-smal-kederprofil\/#primaryimage\",\"url\":\"https:\/\/www.gdirekt.se\/wp-content\/uploads\/krok-travare-smal-keder.png\",\"contentUrl\":\"https:\/\/www.gdirekt.se\/wp-content\/uploads\/krok-travare-smal-keder.png\",\"width\":1000,\"height\":1000,\"caption\":\"Hook til smal kederprofil\"},{\"@type\":\"BreadcrumbList\",\"@id\":\"https:\/\/www.gdirekt.se\/da\/produkt\/hook-til-smal-kederprofil\/#breadcrumb\",\"itemListElement\":[{\"@type\":\"ListItem\",\"position\":1,\"name\":\"Hem\",\"item\":\"https:\/\/www.gdirekt.se\/da\/\"},{\"@type\":\"ListItem\",\"position\":2,\"name\":\"Start\",\"item\":\"https:\/\/www.gdirekt.se\/da\/\"},{\"@type\":\"ListItem\",\"position\":3,\"name\":\"Hook til smal kederprofil\"}]},{\"@type\":\"WebSite\",\"@id\":\"https:\/\/www.gdirekt.se\/#website\",\"url\":\"https:\/\/www.gdirekt.se\/\",\"name\":\"Gdirekt.se\",\"description\":\"Tryck snabbt \u00e5 l\u00e4tt = Gdirekt\",\"potentialAction\":[{\"@type\":\"SearchAction\",\"target\":{\"@type\":\"EntryPoint\",\"urlTemplate\":\"https:\/\/www.gdirekt.se\/?s={search_term_string}\"},\"query-input\":{\"@type\":\"PropertyValueSpecification\",\"valueRequired\":true,\"valueName\":\"search_term_string\"}}],\"inLanguage\":\"da-DK\"}]}<\/script>\n<!-- \/ Yoast SEO plugin. -->","yoast_head_json":{"title":"Hook til smal kederprofil | Gdirekt.se","robots":{"index":"index","follow":"follow","max-snippet":"max-snippet:-1","max-image-preview":"max-image-preview:large","max-video-preview":"max-video-preview:-1"},"canonical":"https:\/\/www.gdirekt.se\/da\/produkt\/hook-til-smal-kederprofil\/","og_locale":"da_DK","og_type":"article","og_title":"Hook til smal kederprofil | Gdirekt.se","og_description":"Hook til smal k\u00e6de profil passer til vores smalle kederprofil. Den bruges til at skrue p\u00e5 toppen af den smalere version, der er 25 mm bred og 14 mm tykk og kaldes ogs\u00e5 travare.","og_url":"https:\/\/www.gdirekt.se\/da\/produkt\/hook-til-smal-kederprofil\/","og_site_name":"Gdirekt.se","article_modified_time":"2024-02-01T08:30:31+00:00","og_image":[{"width":1000,"height":1000,"url":"https:\/\/www.gdirekt.se\/wp-content\/uploads\/krok-travare-smal-keder.png","type":"image\/png"}],"twitter_card":"summary_large_image","schema":{"@context":"https:\/\/schema.org","@graph":[{"@type":"WebPage","@id":"https:\/\/www.gdirekt.se\/da\/produkt\/hook-til-smal-kederprofil\/","url":"https:\/\/www.gdirekt.se\/da\/produkt\/hook-til-smal-kederprofil\/","name":"Hook til smal kederprofil | Gdirekt.se","isPartOf":{"@id":"https:\/\/www.gdirekt.se\/#website"},"primaryImageOfPage":{"@id":"https:\/\/www.gdirekt.se\/da\/produkt\/hook-til-smal-kederprofil\/#primaryimage"},"image":{"@id":"https:\/\/www.gdirekt.se\/da\/produkt\/hook-til-smal-kederprofil\/#primaryimage"},"thumbnailUrl":"https:\/\/www.gdirekt.se\/wp-content\/uploads\/krok-travare-smal-keder.png","datePublished":"2019-01-29T10:29:37+00:00","dateModified":"2024-02-01T08:30:31+00:00","breadcrumb":{"@id":"https:\/\/www.gdirekt.se\/da\/produkt\/hook-til-smal-kederprofil\/#breadcrumb"},"inLanguage":"da-DK","potentialAction":[{"@type":"ReadAction","target":["https:\/\/www.gdirekt.se\/da\/produkt\/hook-til-smal-kederprofil\/"]}]},{"@type":"ImageObject","inLanguage":"da-DK","@id":"https:\/\/www.gdirekt.se\/da\/produkt\/hook-til-smal-kederprofil\/#primaryimage","url":"https:\/\/www.gdirekt.se\/wp-content\/uploads\/krok-travare-smal-keder.png","contentUrl":"https:\/\/www.gdirekt.se\/wp-content\/uploads\/krok-travare-smal-keder.png","width":1000,"height":1000,"caption":"Hook til smal kederprofil"},{"@type":"BreadcrumbList","@id":"https:\/\/www.gdirekt.se\/da\/produkt\/hook-til-smal-kederprofil\/#breadcrumb","itemListElement":[{"@type":"ListItem","position":1,"name":"Hem","item":"https:\/\/www.gdirekt.se\/da\/"},{"@type":"ListItem","position":2,"name":"Start","item":"https:\/\/www.gdirekt.se\/da\/"},{"@type":"ListItem","position":3,"name":"Hook til smal kederprofil"}]},{"@type":"WebSite","@id":"https:\/\/www.gdirekt.se\/#website","url":"https:\/\/www.gdirekt.se\/","name":"Gdirekt.se","description":"Tryck snabbt \u00e5 l\u00e4tt = Gdirekt","potentialAction":[{"@type":"SearchAction","target":{"@type":"EntryPoint","urlTemplate":"https:\/\/www.gdirekt.se\/?s={search_term_string}"},"query-input":{"@type":"PropertyValueSpecification","valueRequired":true,"valueName":"search_term_string"}}],"inLanguage":"da-DK"}]}},"_links":{"self":[{"href":"https:\/\/www.gdirekt.se\/da\/wp-json\/wp\/v2\/product\/11055","targetHints":{"allow":["GET"]}}],"collection":[{"href":"https:\/\/www.gdirekt.se\/da\/wp-json\/wp\/v2\/product"}],"about":[{"href":"https:\/\/www.gdirekt.se\/da\/wp-json\/wp\/v2\/types\/product"}],"wp:featuredmedia":[{"embeddable":true,"href":"https:\/\/www.gdirekt.se\/da\/wp-json\/wp\/v2\/media\/10937"}],"wp:attachment":[{"href":"https:\/\/www.gdirekt.se\/da\/wp-json\/wp\/v2\/media?parent=11055"}],"wp:term":[{"taxonomy":"product_brand","embeddable":true,"href":"https:\/\/www.gdirekt.se\/da\/wp-json\/wp\/v2\/product_brand?post=11055"},{"taxonomy":"product_cat","embeddable":true,"href":"https:\/\/www.gdirekt.se\/da\/wp-json\/wp\/v2\/product_cat?post=11055"},{"taxonomy":"product_tag","embeddable":true,"href":"https:\/\/www.gdirekt.se\/da\/wp-json\/wp\/v2\/product_tag?post=11055"}],"curies":[{"name":"wp","href":"https:\/\/api.w.org\/{rel}","templated":true}]}}