{"id":10931,"date":"2017-09-04T16:07:01","date_gmt":"2017-09-04T14:07:01","guid":{"rendered":"http:\/\/gdirekt.hamstage.hamrenmedia.se\/produkt\/golfbolde-med-print\/"},"modified":"2019-02-20T10:26:27","modified_gmt":"2019-02-20T09:26:27","slug":"golfbolde-med-print","status":"publish","type":"product","link":"https:\/\/www.gdirekt.se\/da\/produkt\/golfbolde-med-print\/","title":{"rendered":"Golfbolde med print"},"content":{"rendered":"<p>Golfbolde med print bestiller du mest nemt online hos os p\u00e5 Gdirekt. V\u00e6lg hvilken bold du vil have mellem Callaway SR 2 eller Wilson Staff DX2. Begge er rigtig gode bolde og arbejder optimalt til golfkonkurrencer og begivenheder. Trykket kan v\u00e6re maks. 25x25mm for at det fungerer godt. Og med os kan du v\u00e6lge hvor mange farver som helst, det vil alligevel v\u00e6re den samme pris.<\/p>\n","protected":false},"excerpt":{"rendered":"<p>Golfbolde med trykt logo, firmanavn eller anden tekst i 4 farver. V\u00e6lg golfbold og nummer nedenfor, med os kan du kun k\u00f8be et pap med 12 bolde med hurtig levering.<\/p>\n","protected":false},"featured_media":0,"template":"","meta":{"_acf_changed":false},"product_brand":[],"product_cat":[1479],"product_tag":[],"class_list":{"0":"post-10931","1":"product","2":"type-product","3":"status-publish","5":"product_cat-profiltryck-da","6":"product_shipping_class-49kr","8":"first","9":"instock","10":"taxable","11":"shipping-taxable","12":"product-type-variable"},"exclude_global_add_ons":[],"addons":[],"acf":[],"yoast_head":"<!-- This site is optimized with the Yoast SEO plugin v27.2 - https:\/\/yoast.com\/product\/yoast-seo-wordpress\/ -->\n<title>Golfbolde med printt logo og tekst, eget motiv | Gdirekt.se<\/title>\n<meta name=\"description\" content=\"Golfkugle med trykt firmanavn, log eller tekst. Egnet motiv i alle farver. Hurtig levering til billig pris direkte fra trykkeri.\" \/>\n<meta name=\"robots\" content=\"index, follow, max-snippet:-1, max-image-preview:large, max-video-preview:-1\" \/>\n<link rel=\"canonical\" href=\"https:\/\/www.gdirekt.se\/da\/produkt\/golfbolde-med-print\/\" \/>\n<meta property=\"og:locale\" content=\"da_DK\" \/>\n<meta property=\"og:type\" content=\"article\" \/>\n<meta property=\"og:title\" content=\"Golfbolde med printt logo og tekst, eget motiv | Gdirekt.se\" \/>\n<meta property=\"og:description\" content=\"Golfkugle med trykt firmanavn, log eller tekst. Egnet motiv i alle farver. Hurtig levering til billig pris direkte fra trykkeri.\" \/>\n<meta property=\"og:url\" content=\"https:\/\/www.gdirekt.se\/da\/produkt\/golfbolde-med-print\/\" \/>\n<meta property=\"og:site_name\" content=\"Gdirekt.se\" \/>\n<meta property=\"article:modified_time\" content=\"2019-02-20T09:26:27+00:00\" \/>\n<meta name=\"twitter:card\" content=\"summary_large_image\" \/>\n<script type=\"application\/ld+json\" class=\"yoast-schema-graph\">{\"@context\":\"https:\/\/schema.org\",\"@graph\":[{\"@type\":\"WebPage\",\"@id\":\"https:\/\/www.gdirekt.se\/da\/produkt\/golfbolde-med-print\/\",\"url\":\"https:\/\/www.gdirekt.se\/da\/produkt\/golfbolde-med-print\/\",\"name\":\"Golfbolde med printt logo og tekst, eget motiv | Gdirekt.se\",\"isPartOf\":{\"@id\":\"https:\/\/www.gdirekt.se\/#website\"},\"datePublished\":\"2017-09-04T14:07:01+00:00\",\"dateModified\":\"2019-02-20T09:26:27+00:00\",\"description\":\"Golfkugle med trykt firmanavn, log eller tekst. Egnet motiv i alle farver. Hurtig levering til billig pris direkte fra trykkeri.\",\"breadcrumb\":{\"@id\":\"https:\/\/www.gdirekt.se\/da\/produkt\/golfbolde-med-print\/#breadcrumb\"},\"inLanguage\":\"da-DK\",\"potentialAction\":[{\"@type\":\"ReadAction\",\"target\":[\"https:\/\/www.gdirekt.se\/da\/produkt\/golfbolde-med-print\/\"]}]},{\"@type\":\"BreadcrumbList\",\"@id\":\"https:\/\/www.gdirekt.se\/da\/produkt\/golfbolde-med-print\/#breadcrumb\",\"itemListElement\":[{\"@type\":\"ListItem\",\"position\":1,\"name\":\"Hem\",\"item\":\"https:\/\/www.gdirekt.se\/da\/\"},{\"@type\":\"ListItem\",\"position\":2,\"name\":\"Start\",\"item\":\"https:\/\/www.gdirekt.se\/da\/\"},{\"@type\":\"ListItem\",\"position\":3,\"name\":\"Golfbolde med print\"}]},{\"@type\":\"WebSite\",\"@id\":\"https:\/\/www.gdirekt.se\/#website\",\"url\":\"https:\/\/www.gdirekt.se\/\",\"name\":\"Gdirekt.se\",\"description\":\"Tryck snabbt \u00e5 l\u00e4tt = Gdirekt\",\"potentialAction\":[{\"@type\":\"SearchAction\",\"target\":{\"@type\":\"EntryPoint\",\"urlTemplate\":\"https:\/\/www.gdirekt.se\/?s={search_term_string}\"},\"query-input\":{\"@type\":\"PropertyValueSpecification\",\"valueRequired\":true,\"valueName\":\"search_term_string\"}}],\"inLanguage\":\"da-DK\"}]}<\/script>\n<!-- \/ Yoast SEO plugin. -->","yoast_head_json":{"title":"Golfbolde med printt logo og tekst, eget motiv | Gdirekt.se","description":"Golfkugle med trykt firmanavn, log eller tekst. Egnet motiv i alle farver. Hurtig levering til billig pris direkte fra trykkeri.","robots":{"index":"index","follow":"follow","max-snippet":"max-snippet:-1","max-image-preview":"max-image-preview:large","max-video-preview":"max-video-preview:-1"},"canonical":"https:\/\/www.gdirekt.se\/da\/produkt\/golfbolde-med-print\/","og_locale":"da_DK","og_type":"article","og_title":"Golfbolde med printt logo og tekst, eget motiv | Gdirekt.se","og_description":"Golfkugle med trykt firmanavn, log eller tekst. Egnet motiv i alle farver. Hurtig levering til billig pris direkte fra trykkeri.","og_url":"https:\/\/www.gdirekt.se\/da\/produkt\/golfbolde-med-print\/","og_site_name":"Gdirekt.se","article_modified_time":"2019-02-20T09:26:27+00:00","twitter_card":"summary_large_image","schema":{"@context":"https:\/\/schema.org","@graph":[{"@type":"WebPage","@id":"https:\/\/www.gdirekt.se\/da\/produkt\/golfbolde-med-print\/","url":"https:\/\/www.gdirekt.se\/da\/produkt\/golfbolde-med-print\/","name":"Golfbolde med printt logo og tekst, eget motiv | Gdirekt.se","isPartOf":{"@id":"https:\/\/www.gdirekt.se\/#website"},"datePublished":"2017-09-04T14:07:01+00:00","dateModified":"2019-02-20T09:26:27+00:00","description":"Golfkugle med trykt firmanavn, log eller tekst. Egnet motiv i alle farver. Hurtig levering til billig pris direkte fra trykkeri.","breadcrumb":{"@id":"https:\/\/www.gdirekt.se\/da\/produkt\/golfbolde-med-print\/#breadcrumb"},"inLanguage":"da-DK","potentialAction":[{"@type":"ReadAction","target":["https:\/\/www.gdirekt.se\/da\/produkt\/golfbolde-med-print\/"]}]},{"@type":"BreadcrumbList","@id":"https:\/\/www.gdirekt.se\/da\/produkt\/golfbolde-med-print\/#breadcrumb","itemListElement":[{"@type":"ListItem","position":1,"name":"Hem","item":"https:\/\/www.gdirekt.se\/da\/"},{"@type":"ListItem","position":2,"name":"Start","item":"https:\/\/www.gdirekt.se\/da\/"},{"@type":"ListItem","position":3,"name":"Golfbolde med print"}]},{"@type":"WebSite","@id":"https:\/\/www.gdirekt.se\/#website","url":"https:\/\/www.gdirekt.se\/","name":"Gdirekt.se","description":"Tryck snabbt \u00e5 l\u00e4tt = Gdirekt","potentialAction":[{"@type":"SearchAction","target":{"@type":"EntryPoint","urlTemplate":"https:\/\/www.gdirekt.se\/?s={search_term_string}"},"query-input":{"@type":"PropertyValueSpecification","valueRequired":true,"valueName":"search_term_string"}}],"inLanguage":"da-DK"}]}},"_links":{"self":[{"href":"https:\/\/www.gdirekt.se\/da\/wp-json\/wp\/v2\/product\/10931","targetHints":{"allow":["GET"]}}],"collection":[{"href":"https:\/\/www.gdirekt.se\/da\/wp-json\/wp\/v2\/product"}],"about":[{"href":"https:\/\/www.gdirekt.se\/da\/wp-json\/wp\/v2\/types\/product"}],"wp:attachment":[{"href":"https:\/\/www.gdirekt.se\/da\/wp-json\/wp\/v2\/media?parent=10931"}],"wp:term":[{"taxonomy":"product_brand","embeddable":true,"href":"https:\/\/www.gdirekt.se\/da\/wp-json\/wp\/v2\/product_brand?post=10931"},{"taxonomy":"product_cat","embeddable":true,"href":"https:\/\/www.gdirekt.se\/da\/wp-json\/wp\/v2\/product_cat?post=10931"},{"taxonomy":"product_tag","embeddable":true,"href":"https:\/\/www.gdirekt.se\/da\/wp-json\/wp\/v2\/product_tag?post=10931"}],"curies":[{"name":"wp","href":"https:\/\/api.w.org\/{rel}","templated":true}]}}