{"id":10930,"date":"2015-09-14T20:54:18","date_gmt":"2015-09-14T18:54:18","guid":{"rendered":"http:\/\/gdirekt.hamstage.hamrenmedia.se\/produkt\/jordspyd-beachflag-fenan-och-droppen\/"},"modified":"2024-02-01T09:41:13","modified_gmt":"2024-02-01T08:41:13","slug":"jordspyd-beachflag-fenan-og-droppen","status":"publish","type":"product","link":"https:\/\/www.gdirekt.se\/da\/produkt\/jordspyd-beachflag-fenan-og-droppen\/","title":{"rendered":"Jordspyd beachflag &#8211; Fenan og Droppen"},"content":{"rendered":"<p>Jordspyd beachflag &#8211; Fenan og Droppen bruges til at sl\u00e5 ned beachflag i marken. De er fremstillet i holdbart st\u00e5l og er udsat for st\u00e6rk belastning. Strandflaggene tr\u00e6nes p\u00e5 dissejordspyd, s\u00e5 flagene roterer godt med vinden. De glider let rundt om de lave vinde og fungerer godt, n\u00e5r det bl\u00e6ser ordentligt. Hvis du skal k\u00f8be nye strandflagg, kan du g\u00f8re det ved at <em><strong><a href=\"https:\/\/www.gdirekt.se\/produkt-kategori\/beachflaggor\/\">klikke her.<\/a><\/strong><\/em><\/p>\n","protected":false},"excerpt":{"rendered":"<p>Jordspyd beachflag &#8211; Fenan og Droppen bruges udend\u00f8rs. Med roterende funktion til beachflag, f\u00f8lger de vinden godt. Bump i jord eller gr\u00e6s.<\/p>\n","protected":false},"featured_media":8093,"template":"","meta":{"_acf_changed":false},"product_brand":[],"product_cat":[371],"product_tag":[],"class_list":{"0":"post-10930","1":"product","2":"type-product","3":"status-publish","4":"has-post-thumbnail","6":"product_cat-beachflag-tilbehoer","7":"product_shipping_class-180sek","9":"first","10":"instock","11":"taxable","12":"shipping-taxable","13":"purchasable","14":"product-type-simple"},"exclude_global_add_ons":[],"addons":[],"acf":[],"yoast_head":"<!-- This site is optimized with the Yoast SEO plugin v27.2 - https:\/\/yoast.com\/product\/yoast-seo-wordpress\/ -->\n<title>Jordspyd beachflag - Fenan og Droppen | Gdirekt.se<\/title>\n<meta name=\"robots\" content=\"index, follow, max-snippet:-1, max-image-preview:large, max-video-preview:-1\" \/>\n<link rel=\"canonical\" href=\"https:\/\/www.gdirekt.se\/da\/produkt\/jordspyd-beachflag-fenan-og-droppen\/\" \/>\n<meta property=\"og:locale\" content=\"da_DK\" \/>\n<meta property=\"og:type\" content=\"article\" \/>\n<meta property=\"og:title\" content=\"Jordspyd beachflag - Fenan og Droppen | Gdirekt.se\" \/>\n<meta property=\"og:description\" content=\"Jordspyd beachflag - Fenan og Droppen bruges udend\u00f8rs. Med roterende funktion til beachflag, f\u00f8lger de vinden godt. Bump i jord eller gr\u00e6s.\" \/>\n<meta property=\"og:url\" content=\"https:\/\/www.gdirekt.se\/da\/produkt\/jordspyd-beachflag-fenan-og-droppen\/\" \/>\n<meta property=\"og:site_name\" content=\"Gdirekt.se\" \/>\n<meta property=\"article:modified_time\" content=\"2024-02-01T08:41:13+00:00\" \/>\n<meta property=\"og:image\" content=\"https:\/\/www.gdirekt.se\/wp-content\/uploads\/Matkspett-till-beachflaggor-Fenan-och-Droppen.png\" \/>\n\t<meta property=\"og:image:width\" content=\"1000\" \/>\n\t<meta property=\"og:image:height\" content=\"1000\" \/>\n\t<meta property=\"og:image:type\" content=\"image\/png\" \/>\n<meta name=\"twitter:card\" content=\"summary_large_image\" \/>\n<script type=\"application\/ld+json\" class=\"yoast-schema-graph\">{\"@context\":\"https:\/\/schema.org\",\"@graph\":[{\"@type\":\"WebPage\",\"@id\":\"https:\/\/www.gdirekt.se\/da\/produkt\/jordspyd-beachflag-fenan-og-droppen\/\",\"url\":\"https:\/\/www.gdirekt.se\/da\/produkt\/jordspyd-beachflag-fenan-og-droppen\/\",\"name\":\"Jordspyd beachflag - Fenan og Droppen | Gdirekt.se\",\"isPartOf\":{\"@id\":\"https:\/\/www.gdirekt.se\/#website\"},\"primaryImageOfPage\":{\"@id\":\"https:\/\/www.gdirekt.se\/da\/produkt\/jordspyd-beachflag-fenan-og-droppen\/#primaryimage\"},\"image\":{\"@id\":\"https:\/\/www.gdirekt.se\/da\/produkt\/jordspyd-beachflag-fenan-og-droppen\/#primaryimage\"},\"thumbnailUrl\":\"https:\/\/www.gdirekt.se\/wp-content\/uploads\/Matkspett-till-beachflaggor-Fenan-och-Droppen.png\",\"datePublished\":\"2015-09-14T18:54:18+00:00\",\"dateModified\":\"2024-02-01T08:41:13+00:00\",\"breadcrumb\":{\"@id\":\"https:\/\/www.gdirekt.se\/da\/produkt\/jordspyd-beachflag-fenan-og-droppen\/#breadcrumb\"},\"inLanguage\":\"da-DK\",\"potentialAction\":[{\"@type\":\"ReadAction\",\"target\":[\"https:\/\/www.gdirekt.se\/da\/produkt\/jordspyd-beachflag-fenan-og-droppen\/\"]}]},{\"@type\":\"ImageObject\",\"inLanguage\":\"da-DK\",\"@id\":\"https:\/\/www.gdirekt.se\/da\/produkt\/jordspyd-beachflag-fenan-og-droppen\/#primaryimage\",\"url\":\"https:\/\/www.gdirekt.se\/wp-content\/uploads\/Matkspett-till-beachflaggor-Fenan-och-Droppen.png\",\"contentUrl\":\"https:\/\/www.gdirekt.se\/wp-content\/uploads\/Matkspett-till-beachflaggor-Fenan-och-Droppen.png\",\"width\":1000,\"height\":1000,\"caption\":\"Jordspyd beachflag - Fenan og Droppen\"},{\"@type\":\"BreadcrumbList\",\"@id\":\"https:\/\/www.gdirekt.se\/da\/produkt\/jordspyd-beachflag-fenan-og-droppen\/#breadcrumb\",\"itemListElement\":[{\"@type\":\"ListItem\",\"position\":1,\"name\":\"Hem\",\"item\":\"https:\/\/www.gdirekt.se\/da\/\"},{\"@type\":\"ListItem\",\"position\":2,\"name\":\"Start\",\"item\":\"https:\/\/www.gdirekt.se\/da\/\"},{\"@type\":\"ListItem\",\"position\":3,\"name\":\"Jordspyd beachflag &#8211; Fenan og Droppen\"}]},{\"@type\":\"WebSite\",\"@id\":\"https:\/\/www.gdirekt.se\/#website\",\"url\":\"https:\/\/www.gdirekt.se\/\",\"name\":\"Gdirekt.se\",\"description\":\"Tryck snabbt \u00e5 l\u00e4tt = Gdirekt\",\"potentialAction\":[{\"@type\":\"SearchAction\",\"target\":{\"@type\":\"EntryPoint\",\"urlTemplate\":\"https:\/\/www.gdirekt.se\/?s={search_term_string}\"},\"query-input\":{\"@type\":\"PropertyValueSpecification\",\"valueRequired\":true,\"valueName\":\"search_term_string\"}}],\"inLanguage\":\"da-DK\"}]}<\/script>\n<!-- \/ Yoast SEO plugin. -->","yoast_head_json":{"title":"Jordspyd beachflag - Fenan og Droppen | Gdirekt.se","robots":{"index":"index","follow":"follow","max-snippet":"max-snippet:-1","max-image-preview":"max-image-preview:large","max-video-preview":"max-video-preview:-1"},"canonical":"https:\/\/www.gdirekt.se\/da\/produkt\/jordspyd-beachflag-fenan-og-droppen\/","og_locale":"da_DK","og_type":"article","og_title":"Jordspyd beachflag - Fenan og Droppen | Gdirekt.se","og_description":"Jordspyd beachflag - Fenan og Droppen bruges udend\u00f8rs. Med roterende funktion til beachflag, f\u00f8lger de vinden godt. Bump i jord eller gr\u00e6s.","og_url":"https:\/\/www.gdirekt.se\/da\/produkt\/jordspyd-beachflag-fenan-og-droppen\/","og_site_name":"Gdirekt.se","article_modified_time":"2024-02-01T08:41:13+00:00","og_image":[{"width":1000,"height":1000,"url":"https:\/\/www.gdirekt.se\/wp-content\/uploads\/Matkspett-till-beachflaggor-Fenan-och-Droppen.png","type":"image\/png"}],"twitter_card":"summary_large_image","schema":{"@context":"https:\/\/schema.org","@graph":[{"@type":"WebPage","@id":"https:\/\/www.gdirekt.se\/da\/produkt\/jordspyd-beachflag-fenan-og-droppen\/","url":"https:\/\/www.gdirekt.se\/da\/produkt\/jordspyd-beachflag-fenan-og-droppen\/","name":"Jordspyd beachflag - Fenan og Droppen | Gdirekt.se","isPartOf":{"@id":"https:\/\/www.gdirekt.se\/#website"},"primaryImageOfPage":{"@id":"https:\/\/www.gdirekt.se\/da\/produkt\/jordspyd-beachflag-fenan-og-droppen\/#primaryimage"},"image":{"@id":"https:\/\/www.gdirekt.se\/da\/produkt\/jordspyd-beachflag-fenan-og-droppen\/#primaryimage"},"thumbnailUrl":"https:\/\/www.gdirekt.se\/wp-content\/uploads\/Matkspett-till-beachflaggor-Fenan-och-Droppen.png","datePublished":"2015-09-14T18:54:18+00:00","dateModified":"2024-02-01T08:41:13+00:00","breadcrumb":{"@id":"https:\/\/www.gdirekt.se\/da\/produkt\/jordspyd-beachflag-fenan-og-droppen\/#breadcrumb"},"inLanguage":"da-DK","potentialAction":[{"@type":"ReadAction","target":["https:\/\/www.gdirekt.se\/da\/produkt\/jordspyd-beachflag-fenan-og-droppen\/"]}]},{"@type":"ImageObject","inLanguage":"da-DK","@id":"https:\/\/www.gdirekt.se\/da\/produkt\/jordspyd-beachflag-fenan-og-droppen\/#primaryimage","url":"https:\/\/www.gdirekt.se\/wp-content\/uploads\/Matkspett-till-beachflaggor-Fenan-och-Droppen.png","contentUrl":"https:\/\/www.gdirekt.se\/wp-content\/uploads\/Matkspett-till-beachflaggor-Fenan-och-Droppen.png","width":1000,"height":1000,"caption":"Jordspyd beachflag - Fenan og Droppen"},{"@type":"BreadcrumbList","@id":"https:\/\/www.gdirekt.se\/da\/produkt\/jordspyd-beachflag-fenan-og-droppen\/#breadcrumb","itemListElement":[{"@type":"ListItem","position":1,"name":"Hem","item":"https:\/\/www.gdirekt.se\/da\/"},{"@type":"ListItem","position":2,"name":"Start","item":"https:\/\/www.gdirekt.se\/da\/"},{"@type":"ListItem","position":3,"name":"Jordspyd beachflag &#8211; Fenan og Droppen"}]},{"@type":"WebSite","@id":"https:\/\/www.gdirekt.se\/#website","url":"https:\/\/www.gdirekt.se\/","name":"Gdirekt.se","description":"Tryck snabbt \u00e5 l\u00e4tt = Gdirekt","potentialAction":[{"@type":"SearchAction","target":{"@type":"EntryPoint","urlTemplate":"https:\/\/www.gdirekt.se\/?s={search_term_string}"},"query-input":{"@type":"PropertyValueSpecification","valueRequired":true,"valueName":"search_term_string"}}],"inLanguage":"da-DK"}]}},"_links":{"self":[{"href":"https:\/\/www.gdirekt.se\/da\/wp-json\/wp\/v2\/product\/10930","targetHints":{"allow":["GET"]}}],"collection":[{"href":"https:\/\/www.gdirekt.se\/da\/wp-json\/wp\/v2\/product"}],"about":[{"href":"https:\/\/www.gdirekt.se\/da\/wp-json\/wp\/v2\/types\/product"}],"wp:featuredmedia":[{"embeddable":true,"href":"https:\/\/www.gdirekt.se\/da\/wp-json\/wp\/v2\/media\/8093"}],"wp:attachment":[{"href":"https:\/\/www.gdirekt.se\/da\/wp-json\/wp\/v2\/media?parent=10930"}],"wp:term":[{"taxonomy":"product_brand","embeddable":true,"href":"https:\/\/www.gdirekt.se\/da\/wp-json\/wp\/v2\/product_brand?post=10930"},{"taxonomy":"product_cat","embeddable":true,"href":"https:\/\/www.gdirekt.se\/da\/wp-json\/wp\/v2\/product_cat?post=10930"},{"taxonomy":"product_tag","embeddable":true,"href":"https:\/\/www.gdirekt.se\/da\/wp-json\/wp\/v2\/product_tag?post=10930"}],"curies":[{"name":"wp","href":"https:\/\/api.w.org\/{rel}","templated":true}]}}