{"id":10928,"date":"2016-01-21T09:34:11","date_gmt":"2016-01-21T08:34:11","guid":{"rendered":"http:\/\/gdirekt.hamstage.hamrenmedia.se\/produkt\/skruespyd-til\/"},"modified":"2024-02-01T09:41:03","modified_gmt":"2024-02-01T08:41:03","slug":"skruespyd-til","status":"publish","type":"product","link":"https:\/\/www.gdirekt.se\/da\/produkt\/skruespyd-til\/","title":{"rendered":"Skruespyd til sand og jord &#8211; beachflag"},"content":{"rendered":"<p>Skruespyd til sand og jord &#8211; beachflag er en holdbar jordskrue til beachflagge eller strandflagge med reklame og logoer. To smarte h\u00e5ndtag, der foldes ud, s\u00e5 du f\u00e5r kraft, n\u00e5r du skruer ned denne holder ned i jorden eller sneen. Flag roterer derefter p\u00e6nt med vinden i beslaget. Det virker ogs\u00e5 godt at feste jordskruen til gr\u00e6s i store omr\u00e5der af festivaler, kampagner og arrangementer, for eksempel. Skruerne er lavet af en holdbar plastik, s\u00e5 den kan skrues ordentligt ned i jorden. Uanset om det er for\u00e5r, sommer, vinter eller efter\u00e5r vejr.<\/p>\n<p>Se ogs\u00e5 vores andet tilbeh\u00f8r til vores <a href=\"https:\/\/www.gdirekt.se\/produkt-kategori\/beachflaggor\/\">beachflag<\/a>!<\/p>\n","protected":false},"excerpt":{"rendered":"<p>Skruespyd til sand og jord &#8211; beachflag er en holdbar jordskrue med smarte h\u00e5ndtag, der foldes ud, s\u00e5 du f\u00e5r kraft, n\u00e5r du skruer ned denne holder i jorden, sanden eller sneen. Flagget roterer derefter fint med vinden.<\/p>\n","protected":false},"featured_media":8170,"template":"","meta":{"_acf_changed":false},"product_brand":[],"product_cat":[371],"product_tag":[],"class_list":{"0":"post-10928","1":"product","2":"type-product","3":"status-publish","4":"has-post-thumbnail","6":"product_cat-beachflag-tilbehoer","7":"product_shipping_class-180sek","9":"first","10":"instock","11":"taxable","12":"shipping-taxable","13":"purchasable","14":"product-type-simple"},"exclude_global_add_ons":[],"addons":[],"acf":[],"yoast_head":"<!-- This site is optimized with the Yoast SEO plugin v27.2 - https:\/\/yoast.com\/product\/yoast-seo-wordpress\/ -->\n<title>Skruespyd til sand og jord - beachflag til billig pris | Gdirekt.se<\/title>\n<meta name=\"description\" content=\"Skruespyd til sand og jord - beachflag er en holdbar jordskrue med smarte h\u00e5ndtag, der foldes ud, s\u00e5 du f\u00e5r kraft, n\u00e5r du skruer ned denne holder i jorden, sanden eller sneen. Flagget roterer derefter fint med vinden. Bestil passende fod i dag, og vi vil sende beslaget med hurtig og sporbar fragt direkte fra vores lager.\" \/>\n<meta name=\"robots\" content=\"index, follow, max-snippet:-1, max-image-preview:large, max-video-preview:-1\" \/>\n<link rel=\"canonical\" href=\"https:\/\/www.gdirekt.se\/da\/produkt\/skruespyd-til\/\" \/>\n<meta property=\"og:locale\" content=\"da_DK\" \/>\n<meta property=\"og:type\" content=\"article\" \/>\n<meta property=\"og:title\" content=\"Skruespyd til sand og jord - beachflag til billig pris | Gdirekt.se\" \/>\n<meta property=\"og:description\" content=\"Skruespyd til sand og jord - beachflag er en holdbar jordskrue med smarte h\u00e5ndtag, der foldes ud, s\u00e5 du f\u00e5r kraft, n\u00e5r du skruer ned denne holder i jorden, sanden eller sneen. Flagget roterer derefter fint med vinden. Bestil passende fod i dag, og vi vil sende beslaget med hurtig og sporbar fragt direkte fra vores lager.\" \/>\n<meta property=\"og:url\" content=\"https:\/\/www.gdirekt.se\/da\/produkt\/skruespyd-til\/\" \/>\n<meta property=\"og:site_name\" content=\"Gdirekt.se\" \/>\n<meta property=\"article:modified_time\" content=\"2024-02-01T08:41:03+00:00\" \/>\n<meta property=\"og:image\" content=\"https:\/\/www.gdirekt.se\/wp-content\/uploads\/jordskruv-snoeskruv.png\" \/>\n\t<meta property=\"og:image:width\" content=\"1000\" \/>\n\t<meta property=\"og:image:height\" content=\"1000\" \/>\n\t<meta property=\"og:image:type\" content=\"image\/png\" \/>\n<meta name=\"twitter:card\" content=\"summary_large_image\" \/>\n<meta name=\"twitter:label1\" content=\"Estimeret l\u00e6setid\" \/>\n\t<meta name=\"twitter:data1\" content=\"1 minut\" \/>\n<script type=\"application\/ld+json\" class=\"yoast-schema-graph\">{\"@context\":\"https:\/\/schema.org\",\"@graph\":[{\"@type\":\"WebPage\",\"@id\":\"https:\/\/www.gdirekt.se\/da\/produkt\/skruespyd-til\/\",\"url\":\"https:\/\/www.gdirekt.se\/da\/produkt\/skruespyd-til\/\",\"name\":\"Skruespyd til sand og jord - beachflag til billig pris | Gdirekt.se\",\"isPartOf\":{\"@id\":\"https:\/\/www.gdirekt.se\/#website\"},\"primaryImageOfPage\":{\"@id\":\"https:\/\/www.gdirekt.se\/da\/produkt\/skruespyd-til\/#primaryimage\"},\"image\":{\"@id\":\"https:\/\/www.gdirekt.se\/da\/produkt\/skruespyd-til\/#primaryimage\"},\"thumbnailUrl\":\"https:\/\/www.gdirekt.se\/wp-content\/uploads\/jordskruv-snoeskruv.png\",\"datePublished\":\"2016-01-21T08:34:11+00:00\",\"dateModified\":\"2024-02-01T08:41:03+00:00\",\"description\":\"Skruespyd til sand og jord - beachflag er en holdbar jordskrue med smarte h\u00e5ndtag, der foldes ud, s\u00e5 du f\u00e5r kraft, n\u00e5r du skruer ned denne holder i jorden, sanden eller sneen. Flagget roterer derefter fint med vinden. Bestil passende fod i dag, og vi vil sende beslaget med hurtig og sporbar fragt direkte fra vores lager.\",\"breadcrumb\":{\"@id\":\"https:\/\/www.gdirekt.se\/da\/produkt\/skruespyd-til\/#breadcrumb\"},\"inLanguage\":\"da-DK\",\"potentialAction\":[{\"@type\":\"ReadAction\",\"target\":[\"https:\/\/www.gdirekt.se\/da\/produkt\/skruespyd-til\/\"]}]},{\"@type\":\"ImageObject\",\"inLanguage\":\"da-DK\",\"@id\":\"https:\/\/www.gdirekt.se\/da\/produkt\/skruespyd-til\/#primaryimage\",\"url\":\"https:\/\/www.gdirekt.se\/wp-content\/uploads\/jordskruv-snoeskruv.png\",\"contentUrl\":\"https:\/\/www.gdirekt.se\/wp-content\/uploads\/jordskruv-snoeskruv.png\",\"width\":1000,\"height\":1000,\"caption\":\"Skruespyd | Jordingsskruen | Sneskruetill beachflaggor\"},{\"@type\":\"BreadcrumbList\",\"@id\":\"https:\/\/www.gdirekt.se\/da\/produkt\/skruespyd-til\/#breadcrumb\",\"itemListElement\":[{\"@type\":\"ListItem\",\"position\":1,\"name\":\"Hem\",\"item\":\"https:\/\/www.gdirekt.se\/da\/\"},{\"@type\":\"ListItem\",\"position\":2,\"name\":\"Start\",\"item\":\"https:\/\/www.gdirekt.se\/da\/\"},{\"@type\":\"ListItem\",\"position\":3,\"name\":\"Skruespyd til sand og jord &#8211; beachflag\"}]},{\"@type\":\"WebSite\",\"@id\":\"https:\/\/www.gdirekt.se\/#website\",\"url\":\"https:\/\/www.gdirekt.se\/\",\"name\":\"Gdirekt.se\",\"description\":\"Tryck snabbt \u00e5 l\u00e4tt = Gdirekt\",\"potentialAction\":[{\"@type\":\"SearchAction\",\"target\":{\"@type\":\"EntryPoint\",\"urlTemplate\":\"https:\/\/www.gdirekt.se\/?s={search_term_string}\"},\"query-input\":{\"@type\":\"PropertyValueSpecification\",\"valueRequired\":true,\"valueName\":\"search_term_string\"}}],\"inLanguage\":\"da-DK\"}]}<\/script>\n<!-- \/ Yoast SEO plugin. -->","yoast_head_json":{"title":"Skruespyd til sand og jord - beachflag til billig pris | Gdirekt.se","description":"Skruespyd til sand og jord - beachflag er en holdbar jordskrue med smarte h\u00e5ndtag, der foldes ud, s\u00e5 du f\u00e5r kraft, n\u00e5r du skruer ned denne holder i jorden, sanden eller sneen. Flagget roterer derefter fint med vinden. Bestil passende fod i dag, og vi vil sende beslaget med hurtig og sporbar fragt direkte fra vores lager.","robots":{"index":"index","follow":"follow","max-snippet":"max-snippet:-1","max-image-preview":"max-image-preview:large","max-video-preview":"max-video-preview:-1"},"canonical":"https:\/\/www.gdirekt.se\/da\/produkt\/skruespyd-til\/","og_locale":"da_DK","og_type":"article","og_title":"Skruespyd til sand og jord - beachflag til billig pris | Gdirekt.se","og_description":"Skruespyd til sand og jord - beachflag er en holdbar jordskrue med smarte h\u00e5ndtag, der foldes ud, s\u00e5 du f\u00e5r kraft, n\u00e5r du skruer ned denne holder i jorden, sanden eller sneen. Flagget roterer derefter fint med vinden. Bestil passende fod i dag, og vi vil sende beslaget med hurtig og sporbar fragt direkte fra vores lager.","og_url":"https:\/\/www.gdirekt.se\/da\/produkt\/skruespyd-til\/","og_site_name":"Gdirekt.se","article_modified_time":"2024-02-01T08:41:03+00:00","og_image":[{"width":1000,"height":1000,"url":"https:\/\/www.gdirekt.se\/wp-content\/uploads\/jordskruv-snoeskruv.png","type":"image\/png"}],"twitter_card":"summary_large_image","twitter_misc":{"Estimeret l\u00e6setid":"1 minut"},"schema":{"@context":"https:\/\/schema.org","@graph":[{"@type":"WebPage","@id":"https:\/\/www.gdirekt.se\/da\/produkt\/skruespyd-til\/","url":"https:\/\/www.gdirekt.se\/da\/produkt\/skruespyd-til\/","name":"Skruespyd til sand og jord - beachflag til billig pris | Gdirekt.se","isPartOf":{"@id":"https:\/\/www.gdirekt.se\/#website"},"primaryImageOfPage":{"@id":"https:\/\/www.gdirekt.se\/da\/produkt\/skruespyd-til\/#primaryimage"},"image":{"@id":"https:\/\/www.gdirekt.se\/da\/produkt\/skruespyd-til\/#primaryimage"},"thumbnailUrl":"https:\/\/www.gdirekt.se\/wp-content\/uploads\/jordskruv-snoeskruv.png","datePublished":"2016-01-21T08:34:11+00:00","dateModified":"2024-02-01T08:41:03+00:00","description":"Skruespyd til sand og jord - beachflag er en holdbar jordskrue med smarte h\u00e5ndtag, der foldes ud, s\u00e5 du f\u00e5r kraft, n\u00e5r du skruer ned denne holder i jorden, sanden eller sneen. Flagget roterer derefter fint med vinden. Bestil passende fod i dag, og vi vil sende beslaget med hurtig og sporbar fragt direkte fra vores lager.","breadcrumb":{"@id":"https:\/\/www.gdirekt.se\/da\/produkt\/skruespyd-til\/#breadcrumb"},"inLanguage":"da-DK","potentialAction":[{"@type":"ReadAction","target":["https:\/\/www.gdirekt.se\/da\/produkt\/skruespyd-til\/"]}]},{"@type":"ImageObject","inLanguage":"da-DK","@id":"https:\/\/www.gdirekt.se\/da\/produkt\/skruespyd-til\/#primaryimage","url":"https:\/\/www.gdirekt.se\/wp-content\/uploads\/jordskruv-snoeskruv.png","contentUrl":"https:\/\/www.gdirekt.se\/wp-content\/uploads\/jordskruv-snoeskruv.png","width":1000,"height":1000,"caption":"Skruespyd | Jordingsskruen | Sneskruetill beachflaggor"},{"@type":"BreadcrumbList","@id":"https:\/\/www.gdirekt.se\/da\/produkt\/skruespyd-til\/#breadcrumb","itemListElement":[{"@type":"ListItem","position":1,"name":"Hem","item":"https:\/\/www.gdirekt.se\/da\/"},{"@type":"ListItem","position":2,"name":"Start","item":"https:\/\/www.gdirekt.se\/da\/"},{"@type":"ListItem","position":3,"name":"Skruespyd til sand og jord &#8211; beachflag"}]},{"@type":"WebSite","@id":"https:\/\/www.gdirekt.se\/#website","url":"https:\/\/www.gdirekt.se\/","name":"Gdirekt.se","description":"Tryck snabbt \u00e5 l\u00e4tt = Gdirekt","potentialAction":[{"@type":"SearchAction","target":{"@type":"EntryPoint","urlTemplate":"https:\/\/www.gdirekt.se\/?s={search_term_string}"},"query-input":{"@type":"PropertyValueSpecification","valueRequired":true,"valueName":"search_term_string"}}],"inLanguage":"da-DK"}]}},"_links":{"self":[{"href":"https:\/\/www.gdirekt.se\/da\/wp-json\/wp\/v2\/product\/10928","targetHints":{"allow":["GET"]}}],"collection":[{"href":"https:\/\/www.gdirekt.se\/da\/wp-json\/wp\/v2\/product"}],"about":[{"href":"https:\/\/www.gdirekt.se\/da\/wp-json\/wp\/v2\/types\/product"}],"wp:featuredmedia":[{"embeddable":true,"href":"https:\/\/www.gdirekt.se\/da\/wp-json\/wp\/v2\/media\/8170"}],"wp:attachment":[{"href":"https:\/\/www.gdirekt.se\/da\/wp-json\/wp\/v2\/media?parent=10928"}],"wp:term":[{"taxonomy":"product_brand","embeddable":true,"href":"https:\/\/www.gdirekt.se\/da\/wp-json\/wp\/v2\/product_brand?post=10928"},{"taxonomy":"product_cat","embeddable":true,"href":"https:\/\/www.gdirekt.se\/da\/wp-json\/wp\/v2\/product_cat?post=10928"},{"taxonomy":"product_tag","embeddable":true,"href":"https:\/\/www.gdirekt.se\/da\/wp-json\/wp\/v2\/product_tag?post=10928"}],"curies":[{"name":"wp","href":"https:\/\/api.w.org\/{rel}","templated":true}]}}