{"id":10927,"date":"2016-08-10T13:47:38","date_gmt":"2016-08-10T11:47:38","guid":{"rendered":"http:\/\/gdirekt.hamstage.hamrenmedia.se\/produkt\/vanddunk-til-beachflag\/"},"modified":"2024-02-01T09:41:01","modified_gmt":"2024-02-01T08:41:01","slug":"vanddunk-til-beachflag","status":"publish","type":"product","link":"https:\/\/www.gdirekt.se\/da\/produkt\/vanddunk-til-beachflag\/","title":{"rendered":"Vanddunk til beachflag"},"content":{"rendered":"<p>Vanddunk til beachflag \u00a0til beachflag er en vandbeholder til jorden plante og krydsfod til beachflag. Den vejer omkring 10 kg fyldt med vand. Det er ogs\u00e5 muligt at fylde vandkassen til beachflag med sand. Det bliver s\u00e5 en sandtaske, der virker som en v\u00e6gt p\u00e5 beachflaggernes jordbeslag. De passer til grundpladerne og de krydsfod, som du kan bestille til en god pris direkte fra vores fabrik!<\/p>\n","protected":false},"excerpt":{"rendered":"<p>Vanddunk til beachflag fyldt med vand og vejer omkring 10 kg ekstra. En ekstra v\u00e6gt til beachflag, s\u00e5 de forbliver i vinden ved arrangementet. Velegnet til jordplader og krydsf\u00f8dder.<\/p>\n","protected":false},"featured_media":8188,"template":"","meta":{"_acf_changed":false},"product_brand":[],"product_cat":[371],"product_tag":[],"class_list":{"0":"post-10927","1":"product","2":"type-product","3":"status-publish","4":"has-post-thumbnail","6":"product_cat-beachflag-tilbehoer","7":"product_shipping_class-180sek","9":"first","10":"instock","11":"taxable","12":"shipping-taxable","13":"purchasable","14":"product-type-simple"},"exclude_global_add_ons":[],"addons":[],"acf":[],"yoast_head":"<!-- This site is optimized with the Yoast SEO plugin v27.2 - https:\/\/yoast.com\/product\/yoast-seo-wordpress\/ -->\n<title>Vanddunk til beachflag, god pris online | Gdirekt.se<\/title>\n<meta name=\"description\" content=\"Vanddunk til beachflag fyldt med vand og vejer 10 kg ekstra. Det er en ekstra v\u00e6gt p\u00e5 strandflagsens grundplader eller kyssefod, s\u00e5 de forbliver i vinden ved arrangementet. Hvis du k\u00f8ber disse, sender vi dig hurtigt, n\u00e5r vanddunk er p\u00e5 lager.\" \/>\n<meta name=\"robots\" content=\"index, follow, max-snippet:-1, max-image-preview:large, max-video-preview:-1\" \/>\n<link rel=\"canonical\" href=\"https:\/\/www.gdirekt.se\/da\/produkt\/vanddunk-til-beachflag\/\" \/>\n<meta property=\"og:locale\" content=\"da_DK\" \/>\n<meta property=\"og:type\" content=\"article\" \/>\n<meta property=\"og:title\" content=\"Vanddunk til beachflag, god pris online | Gdirekt.se\" \/>\n<meta property=\"og:description\" content=\"Vanddunk til beachflag fyldt med vand og vejer 10 kg ekstra. Det er en ekstra v\u00e6gt p\u00e5 strandflagsens grundplader eller kyssefod, s\u00e5 de forbliver i vinden ved arrangementet. Hvis du k\u00f8ber disse, sender vi dig hurtigt, n\u00e5r vanddunk er p\u00e5 lager.\" \/>\n<meta property=\"og:url\" content=\"https:\/\/www.gdirekt.se\/da\/produkt\/vanddunk-til-beachflag\/\" \/>\n<meta property=\"og:site_name\" content=\"Gdirekt.se\" \/>\n<meta property=\"article:modified_time\" content=\"2024-02-01T08:41:01+00:00\" \/>\n<meta property=\"og:image\" content=\"https:\/\/www.gdirekt.se\/wp-content\/uploads\/Vattenssacktygnd-till-beachflaggor.png\" \/>\n\t<meta property=\"og:image:width\" content=\"1000\" \/>\n\t<meta property=\"og:image:height\" content=\"1000\" \/>\n\t<meta property=\"og:image:type\" content=\"image\/png\" \/>\n<meta name=\"twitter:card\" content=\"summary_large_image\" \/>\n<script type=\"application\/ld+json\" class=\"yoast-schema-graph\">{\"@context\":\"https:\/\/schema.org\",\"@graph\":[{\"@type\":\"WebPage\",\"@id\":\"https:\/\/www.gdirekt.se\/da\/produkt\/vanddunk-til-beachflag\/\",\"url\":\"https:\/\/www.gdirekt.se\/da\/produkt\/vanddunk-til-beachflag\/\",\"name\":\"Vanddunk til beachflag, god pris online | Gdirekt.se\",\"isPartOf\":{\"@id\":\"https:\/\/www.gdirekt.se\/#website\"},\"primaryImageOfPage\":{\"@id\":\"https:\/\/www.gdirekt.se\/da\/produkt\/vanddunk-til-beachflag\/#primaryimage\"},\"image\":{\"@id\":\"https:\/\/www.gdirekt.se\/da\/produkt\/vanddunk-til-beachflag\/#primaryimage\"},\"thumbnailUrl\":\"https:\/\/www.gdirekt.se\/wp-content\/uploads\/Vattenssacktygnd-till-beachflaggor.png\",\"datePublished\":\"2016-08-10T11:47:38+00:00\",\"dateModified\":\"2024-02-01T08:41:01+00:00\",\"description\":\"Vanddunk til beachflag fyldt med vand og vejer 10 kg ekstra. Det er en ekstra v\u00e6gt p\u00e5 strandflagsens grundplader eller kyssefod, s\u00e5 de forbliver i vinden ved arrangementet. Hvis du k\u00f8ber disse, sender vi dig hurtigt, n\u00e5r vanddunk er p\u00e5 lager.\",\"breadcrumb\":{\"@id\":\"https:\/\/www.gdirekt.se\/da\/produkt\/vanddunk-til-beachflag\/#breadcrumb\"},\"inLanguage\":\"da-DK\",\"potentialAction\":[{\"@type\":\"ReadAction\",\"target\":[\"https:\/\/www.gdirekt.se\/da\/produkt\/vanddunk-til-beachflag\/\"]}]},{\"@type\":\"ImageObject\",\"inLanguage\":\"da-DK\",\"@id\":\"https:\/\/www.gdirekt.se\/da\/produkt\/vanddunk-til-beachflag\/#primaryimage\",\"url\":\"https:\/\/www.gdirekt.se\/wp-content\/uploads\/Vattenssacktygnd-till-beachflaggor.png\",\"contentUrl\":\"https:\/\/www.gdirekt.se\/wp-content\/uploads\/Vattenssacktygnd-till-beachflaggor.png\",\"width\":1000,\"height\":1000,\"caption\":\"Vanddunk, ekstra v\u00e6gt til beachflag\"},{\"@type\":\"BreadcrumbList\",\"@id\":\"https:\/\/www.gdirekt.se\/da\/produkt\/vanddunk-til-beachflag\/#breadcrumb\",\"itemListElement\":[{\"@type\":\"ListItem\",\"position\":1,\"name\":\"Hem\",\"item\":\"https:\/\/www.gdirekt.se\/da\/\"},{\"@type\":\"ListItem\",\"position\":2,\"name\":\"Start\",\"item\":\"https:\/\/www.gdirekt.se\/da\/\"},{\"@type\":\"ListItem\",\"position\":3,\"name\":\"Vanddunk til beachflag\"}]},{\"@type\":\"WebSite\",\"@id\":\"https:\/\/www.gdirekt.se\/#website\",\"url\":\"https:\/\/www.gdirekt.se\/\",\"name\":\"Gdirekt.se\",\"description\":\"Tryck snabbt \u00e5 l\u00e4tt = Gdirekt\",\"potentialAction\":[{\"@type\":\"SearchAction\",\"target\":{\"@type\":\"EntryPoint\",\"urlTemplate\":\"https:\/\/www.gdirekt.se\/?s={search_term_string}\"},\"query-input\":{\"@type\":\"PropertyValueSpecification\",\"valueRequired\":true,\"valueName\":\"search_term_string\"}}],\"inLanguage\":\"da-DK\"}]}<\/script>\n<!-- \/ Yoast SEO plugin. -->","yoast_head_json":{"title":"Vanddunk til beachflag, god pris online | Gdirekt.se","description":"Vanddunk til beachflag fyldt med vand og vejer 10 kg ekstra. Det er en ekstra v\u00e6gt p\u00e5 strandflagsens grundplader eller kyssefod, s\u00e5 de forbliver i vinden ved arrangementet. Hvis du k\u00f8ber disse, sender vi dig hurtigt, n\u00e5r vanddunk er p\u00e5 lager.","robots":{"index":"index","follow":"follow","max-snippet":"max-snippet:-1","max-image-preview":"max-image-preview:large","max-video-preview":"max-video-preview:-1"},"canonical":"https:\/\/www.gdirekt.se\/da\/produkt\/vanddunk-til-beachflag\/","og_locale":"da_DK","og_type":"article","og_title":"Vanddunk til beachflag, god pris online | Gdirekt.se","og_description":"Vanddunk til beachflag fyldt med vand og vejer 10 kg ekstra. Det er en ekstra v\u00e6gt p\u00e5 strandflagsens grundplader eller kyssefod, s\u00e5 de forbliver i vinden ved arrangementet. Hvis du k\u00f8ber disse, sender vi dig hurtigt, n\u00e5r vanddunk er p\u00e5 lager.","og_url":"https:\/\/www.gdirekt.se\/da\/produkt\/vanddunk-til-beachflag\/","og_site_name":"Gdirekt.se","article_modified_time":"2024-02-01T08:41:01+00:00","og_image":[{"width":1000,"height":1000,"url":"https:\/\/www.gdirekt.se\/wp-content\/uploads\/Vattenssacktygnd-till-beachflaggor.png","type":"image\/png"}],"twitter_card":"summary_large_image","schema":{"@context":"https:\/\/schema.org","@graph":[{"@type":"WebPage","@id":"https:\/\/www.gdirekt.se\/da\/produkt\/vanddunk-til-beachflag\/","url":"https:\/\/www.gdirekt.se\/da\/produkt\/vanddunk-til-beachflag\/","name":"Vanddunk til beachflag, god pris online | Gdirekt.se","isPartOf":{"@id":"https:\/\/www.gdirekt.se\/#website"},"primaryImageOfPage":{"@id":"https:\/\/www.gdirekt.se\/da\/produkt\/vanddunk-til-beachflag\/#primaryimage"},"image":{"@id":"https:\/\/www.gdirekt.se\/da\/produkt\/vanddunk-til-beachflag\/#primaryimage"},"thumbnailUrl":"https:\/\/www.gdirekt.se\/wp-content\/uploads\/Vattenssacktygnd-till-beachflaggor.png","datePublished":"2016-08-10T11:47:38+00:00","dateModified":"2024-02-01T08:41:01+00:00","description":"Vanddunk til beachflag fyldt med vand og vejer 10 kg ekstra. Det er en ekstra v\u00e6gt p\u00e5 strandflagsens grundplader eller kyssefod, s\u00e5 de forbliver i vinden ved arrangementet. Hvis du k\u00f8ber disse, sender vi dig hurtigt, n\u00e5r vanddunk er p\u00e5 lager.","breadcrumb":{"@id":"https:\/\/www.gdirekt.se\/da\/produkt\/vanddunk-til-beachflag\/#breadcrumb"},"inLanguage":"da-DK","potentialAction":[{"@type":"ReadAction","target":["https:\/\/www.gdirekt.se\/da\/produkt\/vanddunk-til-beachflag\/"]}]},{"@type":"ImageObject","inLanguage":"da-DK","@id":"https:\/\/www.gdirekt.se\/da\/produkt\/vanddunk-til-beachflag\/#primaryimage","url":"https:\/\/www.gdirekt.se\/wp-content\/uploads\/Vattenssacktygnd-till-beachflaggor.png","contentUrl":"https:\/\/www.gdirekt.se\/wp-content\/uploads\/Vattenssacktygnd-till-beachflaggor.png","width":1000,"height":1000,"caption":"Vanddunk, ekstra v\u00e6gt til beachflag"},{"@type":"BreadcrumbList","@id":"https:\/\/www.gdirekt.se\/da\/produkt\/vanddunk-til-beachflag\/#breadcrumb","itemListElement":[{"@type":"ListItem","position":1,"name":"Hem","item":"https:\/\/www.gdirekt.se\/da\/"},{"@type":"ListItem","position":2,"name":"Start","item":"https:\/\/www.gdirekt.se\/da\/"},{"@type":"ListItem","position":3,"name":"Vanddunk til beachflag"}]},{"@type":"WebSite","@id":"https:\/\/www.gdirekt.se\/#website","url":"https:\/\/www.gdirekt.se\/","name":"Gdirekt.se","description":"Tryck snabbt \u00e5 l\u00e4tt = Gdirekt","potentialAction":[{"@type":"SearchAction","target":{"@type":"EntryPoint","urlTemplate":"https:\/\/www.gdirekt.se\/?s={search_term_string}"},"query-input":{"@type":"PropertyValueSpecification","valueRequired":true,"valueName":"search_term_string"}}],"inLanguage":"da-DK"}]}},"_links":{"self":[{"href":"https:\/\/www.gdirekt.se\/da\/wp-json\/wp\/v2\/product\/10927","targetHints":{"allow":["GET"]}}],"collection":[{"href":"https:\/\/www.gdirekt.se\/da\/wp-json\/wp\/v2\/product"}],"about":[{"href":"https:\/\/www.gdirekt.se\/da\/wp-json\/wp\/v2\/types\/product"}],"wp:featuredmedia":[{"embeddable":true,"href":"https:\/\/www.gdirekt.se\/da\/wp-json\/wp\/v2\/media\/8188"}],"wp:attachment":[{"href":"https:\/\/www.gdirekt.se\/da\/wp-json\/wp\/v2\/media?parent=10927"}],"wp:term":[{"taxonomy":"product_brand","embeddable":true,"href":"https:\/\/www.gdirekt.se\/da\/wp-json\/wp\/v2\/product_brand?post=10927"},{"taxonomy":"product_cat","embeddable":true,"href":"https:\/\/www.gdirekt.se\/da\/wp-json\/wp\/v2\/product_cat?post=10927"},{"taxonomy":"product_tag","embeddable":true,"href":"https:\/\/www.gdirekt.se\/da\/wp-json\/wp\/v2\/product_tag?post=10927"}],"curies":[{"name":"wp","href":"https:\/\/api.w.org\/{rel}","templated":true}]}}