{"id":10921,"date":"2018-07-13T09:25:32","date_gmt":"2018-07-13T07:25:32","guid":{"rendered":"http:\/\/gdirekt.hamstage.hamrenmedia.se\/produkt\/gadeskilt-a3-staende\/"},"modified":"2019-01-25T09:50:34","modified_gmt":"2019-01-25T08:50:34","slug":"gadeskilt-a3-staende","status":"publish","type":"product","link":"https:\/\/www.gdirekt.se\/da\/produkt\/gadeskilt-a3-staende\/","title":{"rendered":"Gadeskilt A3 st\u00e5ende"},"content":{"rendered":"<p>Gadeskilt A3 st\u00e5ende er en gulvstativ, der arbejder b\u00e5de indend\u00f8rs og udend\u00f8rs. Meddelelsen best\u00e5r normalt af et A3-udskrift i papir, som du nemt kan udskifte dig selv. Det tager kun et par sekunder, n\u00e5r bagcoveret har et lille hul. Du trykker med fingeren og pisker, s\u00e5 du \u00e6ndrer menuen eller tilbyder. Billederne holdes ved hj\u00e6lp af en beskyttende plastik med en magnetisk ramme. Dette er inkluderet i den allerede billige pris. Gadessilten er i portr\u00e6tformat, og plakatets f\u00f8rste er A3, som er 297x420mm. Det bruges til husvisninger af m\u00e6glere, s\u00e5kaldt m\u00e6glerskilte. Fungerer ogs\u00e5 som fortovsskilte indend\u00f8rs i k\u00f8bscentre, butikker og p\u00e5 messer. Du kan ogs\u00e5 bruge Gadeskilt A3 st\u00e5ende som et \u00e5bentskilt eller som menu til restauranter og caf\u00e9er.<\/p>\n<p>Se ogs\u00e5 alle andre modeller <em><strong><a href=\"https:\/\/www.gdirekt.se\/produkt-kategori\/gatupratare-och-trottoarpratare\/\">Gade- og fortovsskilte<\/a><\/strong><\/em><\/p>\n","protected":false},"excerpt":{"rendered":"<p>Gadeskilt A3 st\u00e5ende st\u00e5ende f\u00e5s i hvid og sort, v\u00e6lg nedenfor. Dobbeltsidet visning af A3-billeder og fungerer godt som m\u00e6glerskilt, \u00e5bentskilt og menuer samt information.<\/p>\n","protected":false},"featured_media":7999,"template":"","meta":{"_acf_changed":false},"product_brand":[],"product_cat":[355,357,356],"product_tag":[],"class_list":{"0":"post-10921","1":"product","2":"type-product","3":"status-publish","4":"has-post-thumbnail","6":"product_cat-gatupratare-og-fortovet-snak","7":"product_cat-reklamstall-og-butikdisplayer","8":"product_cat-udendoersskilte-og-expo","9":"product_shipping_class-180sek","11":"first","12":"instock","13":"taxable","14":"shipping-taxable","15":"purchasable","16":"product-type-variable","17":"has-default-attributes"},"exclude_global_add_ons":[],"addons":[],"acf":[],"yoast_head":"<!-- This site is optimized with the Yoast SEO plugin v27.2 - https:\/\/yoast.com\/product\/yoast-seo-wordpress\/ -->\n<title>Gadeskilt A3 st\u00e5ende er lille m\u00e6glerskilt k\u00f8b til billig pris | Gdirekt.se<\/title>\n<meta name=\"description\" content=\"Gadeskilt A3 st\u00e5ende en billig gadeholder til dobbeltsidet visning af A3-billeder. Egnet som m\u00e6glerskilt eller andre infoskilte. K\u00f8b denne fleksible fortovsbytter, der er lille og nem at b\u00e6re. Skift beskeden selv om sekunder.\" \/>\n<meta name=\"robots\" content=\"index, follow, max-snippet:-1, max-image-preview:large, max-video-preview:-1\" \/>\n<link rel=\"canonical\" href=\"https:\/\/www.gdirekt.se\/da\/produkt\/gadeskilt-a3-staende\/\" \/>\n<meta property=\"og:locale\" content=\"da_DK\" \/>\n<meta property=\"og:type\" content=\"article\" \/>\n<meta property=\"og:title\" content=\"Gadeskilt A3 st\u00e5ende er lille m\u00e6glerskilt k\u00f8b til billig pris | Gdirekt.se\" \/>\n<meta property=\"og:description\" content=\"Gadeskilt A3 st\u00e5ende en billig gadeholder til dobbeltsidet visning af A3-billeder. Egnet som m\u00e6glerskilt eller andre infoskilte. K\u00f8b denne fleksible fortovsbytter, der er lille og nem at b\u00e6re. Skift beskeden selv om sekunder.\" \/>\n<meta property=\"og:url\" content=\"https:\/\/www.gdirekt.se\/da\/produkt\/gadeskilt-a3-staende\/\" \/>\n<meta property=\"og:site_name\" content=\"Gdirekt.se\" \/>\n<meta property=\"article:modified_time\" content=\"2019-01-25T08:50:34+00:00\" \/>\n<meta property=\"og:image\" content=\"https:\/\/www.gdirekt.se\/wp-content\/uploads\/gatupratare-a3-st\u00e5ende.png\" \/>\n\t<meta property=\"og:image:width\" content=\"1000\" \/>\n\t<meta property=\"og:image:height\" content=\"1000\" \/>\n\t<meta property=\"og:image:type\" content=\"image\/png\" \/>\n<meta name=\"twitter:card\" content=\"summary_large_image\" \/>\n<meta name=\"twitter:label1\" content=\"Estimeret l\u00e6setid\" \/>\n\t<meta name=\"twitter:data1\" content=\"1 minut\" \/>\n<script type=\"application\/ld+json\" class=\"yoast-schema-graph\">{\"@context\":\"https:\/\/schema.org\",\"@graph\":[{\"@type\":\"WebPage\",\"@id\":\"https:\/\/www.gdirekt.se\/da\/produkt\/gadeskilt-a3-staende\/\",\"url\":\"https:\/\/www.gdirekt.se\/da\/produkt\/gadeskilt-a3-staende\/\",\"name\":\"Gadeskilt A3 st\u00e5ende er lille m\u00e6glerskilt k\u00f8b til billig pris | Gdirekt.se\",\"isPartOf\":{\"@id\":\"https:\/\/www.gdirekt.se\/#website\"},\"primaryImageOfPage\":{\"@id\":\"https:\/\/www.gdirekt.se\/da\/produkt\/gadeskilt-a3-staende\/#primaryimage\"},\"image\":{\"@id\":\"https:\/\/www.gdirekt.se\/da\/produkt\/gadeskilt-a3-staende\/#primaryimage\"},\"thumbnailUrl\":\"https:\/\/www.gdirekt.se\/wp-content\/uploads\/gatupratare-a3-st\u00e5ende.png\",\"datePublished\":\"2018-07-13T07:25:32+00:00\",\"dateModified\":\"2019-01-25T08:50:34+00:00\",\"description\":\"Gadeskilt A3 st\u00e5ende en billig gadeholder til dobbeltsidet visning af A3-billeder. Egnet som m\u00e6glerskilt eller andre infoskilte. K\u00f8b denne fleksible fortovsbytter, der er lille og nem at b\u00e6re. Skift beskeden selv om sekunder.\",\"breadcrumb\":{\"@id\":\"https:\/\/www.gdirekt.se\/da\/produkt\/gadeskilt-a3-staende\/#breadcrumb\"},\"inLanguage\":\"da-DK\",\"potentialAction\":[{\"@type\":\"ReadAction\",\"target\":[\"https:\/\/www.gdirekt.se\/da\/produkt\/gadeskilt-a3-staende\/\"]}]},{\"@type\":\"ImageObject\",\"inLanguage\":\"da-DK\",\"@id\":\"https:\/\/www.gdirekt.se\/da\/produkt\/gadeskilt-a3-staende\/#primaryimage\",\"url\":\"https:\/\/www.gdirekt.se\/wp-content\/uploads\/gatupratare-a3-st\u00e5ende.png\",\"contentUrl\":\"https:\/\/www.gdirekt.se\/wp-content\/uploads\/gatupratare-a3-st\u00e5ende.png\",\"width\":1000,\"height\":1000,\"caption\":\"Lille gadeskilt eller m\u00e6gleskilt\"},{\"@type\":\"BreadcrumbList\",\"@id\":\"https:\/\/www.gdirekt.se\/da\/produkt\/gadeskilt-a3-staende\/#breadcrumb\",\"itemListElement\":[{\"@type\":\"ListItem\",\"position\":1,\"name\":\"Hem\",\"item\":\"https:\/\/www.gdirekt.se\/da\/\"},{\"@type\":\"ListItem\",\"position\":2,\"name\":\"Start\",\"item\":\"https:\/\/www.gdirekt.se\/da\/\"},{\"@type\":\"ListItem\",\"position\":3,\"name\":\"Gadeskilt A3 st\u00e5ende\"}]},{\"@type\":\"WebSite\",\"@id\":\"https:\/\/www.gdirekt.se\/#website\",\"url\":\"https:\/\/www.gdirekt.se\/\",\"name\":\"Gdirekt.se\",\"description\":\"Tryck snabbt \u00e5 l\u00e4tt = Gdirekt\",\"potentialAction\":[{\"@type\":\"SearchAction\",\"target\":{\"@type\":\"EntryPoint\",\"urlTemplate\":\"https:\/\/www.gdirekt.se\/?s={search_term_string}\"},\"query-input\":{\"@type\":\"PropertyValueSpecification\",\"valueRequired\":true,\"valueName\":\"search_term_string\"}}],\"inLanguage\":\"da-DK\"}]}<\/script>\n<!-- \/ Yoast SEO plugin. -->","yoast_head_json":{"title":"Gadeskilt A3 st\u00e5ende er lille m\u00e6glerskilt k\u00f8b til billig pris | Gdirekt.se","description":"Gadeskilt A3 st\u00e5ende en billig gadeholder til dobbeltsidet visning af A3-billeder. Egnet som m\u00e6glerskilt eller andre infoskilte. K\u00f8b denne fleksible fortovsbytter, der er lille og nem at b\u00e6re. Skift beskeden selv om sekunder.","robots":{"index":"index","follow":"follow","max-snippet":"max-snippet:-1","max-image-preview":"max-image-preview:large","max-video-preview":"max-video-preview:-1"},"canonical":"https:\/\/www.gdirekt.se\/da\/produkt\/gadeskilt-a3-staende\/","og_locale":"da_DK","og_type":"article","og_title":"Gadeskilt A3 st\u00e5ende er lille m\u00e6glerskilt k\u00f8b til billig pris | Gdirekt.se","og_description":"Gadeskilt A3 st\u00e5ende en billig gadeholder til dobbeltsidet visning af A3-billeder. Egnet som m\u00e6glerskilt eller andre infoskilte. K\u00f8b denne fleksible fortovsbytter, der er lille og nem at b\u00e6re. Skift beskeden selv om sekunder.","og_url":"https:\/\/www.gdirekt.se\/da\/produkt\/gadeskilt-a3-staende\/","og_site_name":"Gdirekt.se","article_modified_time":"2019-01-25T08:50:34+00:00","og_image":[{"width":1000,"height":1000,"url":"https:\/\/www.gdirekt.se\/wp-content\/uploads\/gatupratare-a3-st\u00e5ende.png","type":"image\/png"}],"twitter_card":"summary_large_image","twitter_misc":{"Estimeret l\u00e6setid":"1 minut"},"schema":{"@context":"https:\/\/schema.org","@graph":[{"@type":"WebPage","@id":"https:\/\/www.gdirekt.se\/da\/produkt\/gadeskilt-a3-staende\/","url":"https:\/\/www.gdirekt.se\/da\/produkt\/gadeskilt-a3-staende\/","name":"Gadeskilt A3 st\u00e5ende er lille m\u00e6glerskilt k\u00f8b til billig pris | Gdirekt.se","isPartOf":{"@id":"https:\/\/www.gdirekt.se\/#website"},"primaryImageOfPage":{"@id":"https:\/\/www.gdirekt.se\/da\/produkt\/gadeskilt-a3-staende\/#primaryimage"},"image":{"@id":"https:\/\/www.gdirekt.se\/da\/produkt\/gadeskilt-a3-staende\/#primaryimage"},"thumbnailUrl":"https:\/\/www.gdirekt.se\/wp-content\/uploads\/gatupratare-a3-st\u00e5ende.png","datePublished":"2018-07-13T07:25:32+00:00","dateModified":"2019-01-25T08:50:34+00:00","description":"Gadeskilt A3 st\u00e5ende en billig gadeholder til dobbeltsidet visning af A3-billeder. Egnet som m\u00e6glerskilt eller andre infoskilte. K\u00f8b denne fleksible fortovsbytter, der er lille og nem at b\u00e6re. Skift beskeden selv om sekunder.","breadcrumb":{"@id":"https:\/\/www.gdirekt.se\/da\/produkt\/gadeskilt-a3-staende\/#breadcrumb"},"inLanguage":"da-DK","potentialAction":[{"@type":"ReadAction","target":["https:\/\/www.gdirekt.se\/da\/produkt\/gadeskilt-a3-staende\/"]}]},{"@type":"ImageObject","inLanguage":"da-DK","@id":"https:\/\/www.gdirekt.se\/da\/produkt\/gadeskilt-a3-staende\/#primaryimage","url":"https:\/\/www.gdirekt.se\/wp-content\/uploads\/gatupratare-a3-st\u00e5ende.png","contentUrl":"https:\/\/www.gdirekt.se\/wp-content\/uploads\/gatupratare-a3-st\u00e5ende.png","width":1000,"height":1000,"caption":"Lille gadeskilt eller m\u00e6gleskilt"},{"@type":"BreadcrumbList","@id":"https:\/\/www.gdirekt.se\/da\/produkt\/gadeskilt-a3-staende\/#breadcrumb","itemListElement":[{"@type":"ListItem","position":1,"name":"Hem","item":"https:\/\/www.gdirekt.se\/da\/"},{"@type":"ListItem","position":2,"name":"Start","item":"https:\/\/www.gdirekt.se\/da\/"},{"@type":"ListItem","position":3,"name":"Gadeskilt A3 st\u00e5ende"}]},{"@type":"WebSite","@id":"https:\/\/www.gdirekt.se\/#website","url":"https:\/\/www.gdirekt.se\/","name":"Gdirekt.se","description":"Tryck snabbt \u00e5 l\u00e4tt = Gdirekt","potentialAction":[{"@type":"SearchAction","target":{"@type":"EntryPoint","urlTemplate":"https:\/\/www.gdirekt.se\/?s={search_term_string}"},"query-input":{"@type":"PropertyValueSpecification","valueRequired":true,"valueName":"search_term_string"}}],"inLanguage":"da-DK"}]}},"_links":{"self":[{"href":"https:\/\/www.gdirekt.se\/da\/wp-json\/wp\/v2\/product\/10921","targetHints":{"allow":["GET"]}}],"collection":[{"href":"https:\/\/www.gdirekt.se\/da\/wp-json\/wp\/v2\/product"}],"about":[{"href":"https:\/\/www.gdirekt.se\/da\/wp-json\/wp\/v2\/types\/product"}],"wp:featuredmedia":[{"embeddable":true,"href":"https:\/\/www.gdirekt.se\/da\/wp-json\/wp\/v2\/media\/7999"}],"wp:attachment":[{"href":"https:\/\/www.gdirekt.se\/da\/wp-json\/wp\/v2\/media?parent=10921"}],"wp:term":[{"taxonomy":"product_brand","embeddable":true,"href":"https:\/\/www.gdirekt.se\/da\/wp-json\/wp\/v2\/product_brand?post=10921"},{"taxonomy":"product_cat","embeddable":true,"href":"https:\/\/www.gdirekt.se\/da\/wp-json\/wp\/v2\/product_cat?post=10921"},{"taxonomy":"product_tag","embeddable":true,"href":"https:\/\/www.gdirekt.se\/da\/wp-json\/wp\/v2\/product_tag?post=10921"}],"curies":[{"name":"wp","href":"https:\/\/api.w.org\/{rel}","templated":true}]}}