{"id":10895,"date":"2017-10-25T11:41:09","date_gmt":"2017-10-25T09:41:09","guid":{"rendered":"http:\/\/gdirekt.hamstage.hamrenmedia.se\/produkt\/affischlist-plast-snapplist-2\/"},"modified":"2024-09-27T11:13:33","modified_gmt":"2024-09-27T09:13:33","slug":"plakatliste-i-plast-med-klikfunktion","status":"publish","type":"product","link":"https:\/\/www.gdirekt.se\/da\/produkt\/plakatliste-i-plast-med-klikfunktion\/","title":{"rendered":"Plakatliste i plast med klikfunktion"},"content":{"rendered":"<p><span lang=\"DA\">Plakatliste i plast med klikfunktion f\u00e5s i gr\u00e5. Maksimuml\u00e6ngden p\u00e5 de enkle plastlister med klikfunktion er 320 cm. De er velegnede til papirbannere og plakater og er 18 mm brede og 8 mm tykke. Plastlisterne leveres altid med kroge til oph\u00e6ngning p\u00e5 v\u00e6g eller i loft.<\/span><\/p>\n<p><span lang=\"DA\">Listerne kan bruges til at h\u00e6nge trykte plakater op p\u00e5 v\u00e6ggen ved en messe eller til oph\u00e6ngning af bannere fra loftet i en butik eller et butikscenter. Plakatlisterne vil v\u00e6re flotte til oph\u00e6ngning af bannere fra loftet ved produktlanceringer eller demonstration af nye varem\u00e6rker. Brug eventuelt vores fjederkroge til at justere h\u00f8jden.<\/span><\/p>\n<h3><span lang=\"DA\">Plakatliste i plast med klikfunktion i valgfri l\u00e6ngde<\/span><\/h3>\n<p><span lang=\"DA\">Mange af vores lister lagerf\u00f8res i l\u00e6ngder p\u00e5 op til 320 cm og f\u00e5s i b\u00e5de sort, gr\u00e5 og hvid udgave. Hvis I har brug for gennemsigtige plakatlister, kan de ses<span class=\"apple-converted-space\">\u00a0<\/span><\/span><span lang=\"DA\"><a href=\"https:\/\/www.gdirekt.se\/produkt\/affischlist-plast\/\"><b><i>her!<\/i><\/b><\/a><\/span><i><\/i><\/p>\n","protected":false},"excerpt":{"rendered":"<p>Plakatliste i plast med klikfunktion f\u00e5s i gr\u00e5. Listen passer til papirplakater, og der medf\u00f8lger krog til oph\u00e6ngning p\u00e5 v\u00e6g eller i loft. St\u00f8rrelsen er 18 x 8 mm. V\u00e6lg m\u00e5l nedenfor. Maks. 320 cm lang. BEM\u00c6RK: V\u00e6lg det korrekt antal nedenfor, da de s\u00e6lges stykvis!<\/p>\n","protected":false},"featured_media":8863,"template":"","meta":{"_acf_changed":false},"product_brand":[],"product_cat":[365],"product_tag":[],"class_list":{"0":"post-10895","1":"product","2":"type-product","3":"status-publish","4":"has-post-thumbnail","6":"product_cat-posters-og-plakater","7":"product_shipping_class-85kr-da","9":"first","10":"instock","11":"taxable","12":"shipping-taxable","13":"purchasable","14":"product-type-variable","15":"has-default-attributes"},"exclude_global_add_ons":[],"addons":[],"acf":[],"yoast_head":"<!-- This site is optimized with the Yoast SEO plugin v27.2 - https:\/\/yoast.com\/product\/yoast-seo-wordpress\/ -->\n<title>Plakatliste i plast med klikfunktion til plakater og trykt papir, billig pris | Gdirekt.se<\/title>\n<meta name=\"description\" content=\"Plakatlisten i plast med klikfunktion f\u00e5s i sort og gennemsigtig udgave. Listen passer til posters, og der medf\u00f8lger krog til oph\u00e6ngning p\u00e5 v\u00e6g eller i loft. Perfekt til oph\u00e6ngning af posters og stofbannere p\u00e5 kontorv\u00e6gge eller andre steder.\" \/>\n<meta name=\"robots\" content=\"index, follow, max-snippet:-1, max-image-preview:large, max-video-preview:-1\" \/>\n<link rel=\"canonical\" href=\"https:\/\/www.gdirekt.se\/da\/produkt\/plakatliste-i-plast-med-klikfunktion\/\" \/>\n<meta property=\"og:locale\" content=\"da_DK\" \/>\n<meta property=\"og:type\" content=\"article\" \/>\n<meta property=\"og:title\" content=\"Plakatliste i plast med klikfunktion til plakater og trykt papir, billig pris | Gdirekt.se\" \/>\n<meta property=\"og:description\" content=\"Plakatlisten i plast med klikfunktion f\u00e5s i sort og gennemsigtig udgave. Listen passer til posters, og der medf\u00f8lger krog til oph\u00e6ngning p\u00e5 v\u00e6g eller i loft. Perfekt til oph\u00e6ngning af posters og stofbannere p\u00e5 kontorv\u00e6gge eller andre steder.\" \/>\n<meta property=\"og:url\" content=\"https:\/\/www.gdirekt.se\/da\/produkt\/plakatliste-i-plast-med-klikfunktion\/\" \/>\n<meta property=\"og:site_name\" content=\"Gdirekt.se\" \/>\n<meta property=\"article:modified_time\" content=\"2024-09-27T09:13:33+00:00\" \/>\n<meta property=\"og:image\" content=\"https:\/\/www.gdirekt.se\/wp-content\/uploads\/Vitt-affischlist.png\" \/>\n\t<meta property=\"og:image:width\" content=\"1000\" \/>\n\t<meta property=\"og:image:height\" content=\"1000\" \/>\n\t<meta property=\"og:image:type\" content=\"image\/png\" \/>\n<meta name=\"twitter:card\" content=\"summary_large_image\" \/>\n<meta name=\"twitter:label1\" content=\"Estimeret l\u00e6setid\" \/>\n\t<meta name=\"twitter:data1\" content=\"1 minut\" \/>\n<script type=\"application\/ld+json\" class=\"yoast-schema-graph\">{\"@context\":\"https:\/\/schema.org\",\"@graph\":[{\"@type\":\"WebPage\",\"@id\":\"https:\/\/www.gdirekt.se\/da\/produkt\/plakatliste-i-plast-med-klikfunktion\/\",\"url\":\"https:\/\/www.gdirekt.se\/da\/produkt\/plakatliste-i-plast-med-klikfunktion\/\",\"name\":\"Plakatliste i plast med klikfunktion til plakater og trykt papir, billig pris | Gdirekt.se\",\"isPartOf\":{\"@id\":\"https:\/\/www.gdirekt.se\/#website\"},\"primaryImageOfPage\":{\"@id\":\"https:\/\/www.gdirekt.se\/da\/produkt\/plakatliste-i-plast-med-klikfunktion\/#primaryimage\"},\"image\":{\"@id\":\"https:\/\/www.gdirekt.se\/da\/produkt\/plakatliste-i-plast-med-klikfunktion\/#primaryimage\"},\"thumbnailUrl\":\"https:\/\/www.gdirekt.se\/wp-content\/uploads\/Vitt-affischlist.png\",\"datePublished\":\"2017-10-25T09:41:09+00:00\",\"dateModified\":\"2024-09-27T09:13:33+00:00\",\"description\":\"Plakatlisten i plast med klikfunktion f\u00e5s i sort og gennemsigtig udgave. Listen passer til posters, og der medf\u00f8lger krog til oph\u00e6ngning p\u00e5 v\u00e6g eller i loft. Perfekt til oph\u00e6ngning af posters og stofbannere p\u00e5 kontorv\u00e6gge eller andre steder.\",\"breadcrumb\":{\"@id\":\"https:\/\/www.gdirekt.se\/da\/produkt\/plakatliste-i-plast-med-klikfunktion\/#breadcrumb\"},\"inLanguage\":\"da-DK\",\"potentialAction\":[{\"@type\":\"ReadAction\",\"target\":[\"https:\/\/www.gdirekt.se\/da\/produkt\/plakatliste-i-plast-med-klikfunktion\/\"]}]},{\"@type\":\"ImageObject\",\"inLanguage\":\"da-DK\",\"@id\":\"https:\/\/www.gdirekt.se\/da\/produkt\/plakatliste-i-plast-med-klikfunktion\/#primaryimage\",\"url\":\"https:\/\/www.gdirekt.se\/wp-content\/uploads\/Vitt-affischlist.png\",\"contentUrl\":\"https:\/\/www.gdirekt.se\/wp-content\/uploads\/Vitt-affischlist.png\",\"width\":1000,\"height\":1000,\"caption\":\"Plakatliste i plast med klikfunktion XL\"},{\"@type\":\"BreadcrumbList\",\"@id\":\"https:\/\/www.gdirekt.se\/da\/produkt\/plakatliste-i-plast-med-klikfunktion\/#breadcrumb\",\"itemListElement\":[{\"@type\":\"ListItem\",\"position\":1,\"name\":\"Hem\",\"item\":\"https:\/\/www.gdirekt.se\/da\/\"},{\"@type\":\"ListItem\",\"position\":2,\"name\":\"Start\",\"item\":\"https:\/\/www.gdirekt.se\/da\/\"},{\"@type\":\"ListItem\",\"position\":3,\"name\":\"Plakatliste i plast med klikfunktion\"}]},{\"@type\":\"WebSite\",\"@id\":\"https:\/\/www.gdirekt.se\/#website\",\"url\":\"https:\/\/www.gdirekt.se\/\",\"name\":\"Gdirekt.se\",\"description\":\"Tryck snabbt \u00e5 l\u00e4tt = Gdirekt\",\"potentialAction\":[{\"@type\":\"SearchAction\",\"target\":{\"@type\":\"EntryPoint\",\"urlTemplate\":\"https:\/\/www.gdirekt.se\/?s={search_term_string}\"},\"query-input\":{\"@type\":\"PropertyValueSpecification\",\"valueRequired\":true,\"valueName\":\"search_term_string\"}}],\"inLanguage\":\"da-DK\"}]}<\/script>\n<!-- \/ Yoast SEO plugin. -->","yoast_head_json":{"title":"Plakatliste i plast med klikfunktion til plakater og trykt papir, billig pris | Gdirekt.se","description":"Plakatlisten i plast med klikfunktion f\u00e5s i sort og gennemsigtig udgave. Listen passer til posters, og der medf\u00f8lger krog til oph\u00e6ngning p\u00e5 v\u00e6g eller i loft. Perfekt til oph\u00e6ngning af posters og stofbannere p\u00e5 kontorv\u00e6gge eller andre steder.","robots":{"index":"index","follow":"follow","max-snippet":"max-snippet:-1","max-image-preview":"max-image-preview:large","max-video-preview":"max-video-preview:-1"},"canonical":"https:\/\/www.gdirekt.se\/da\/produkt\/plakatliste-i-plast-med-klikfunktion\/","og_locale":"da_DK","og_type":"article","og_title":"Plakatliste i plast med klikfunktion til plakater og trykt papir, billig pris | Gdirekt.se","og_description":"Plakatlisten i plast med klikfunktion f\u00e5s i sort og gennemsigtig udgave. Listen passer til posters, og der medf\u00f8lger krog til oph\u00e6ngning p\u00e5 v\u00e6g eller i loft. Perfekt til oph\u00e6ngning af posters og stofbannere p\u00e5 kontorv\u00e6gge eller andre steder.","og_url":"https:\/\/www.gdirekt.se\/da\/produkt\/plakatliste-i-plast-med-klikfunktion\/","og_site_name":"Gdirekt.se","article_modified_time":"2024-09-27T09:13:33+00:00","og_image":[{"width":1000,"height":1000,"url":"https:\/\/www.gdirekt.se\/wp-content\/uploads\/Vitt-affischlist.png","type":"image\/png"}],"twitter_card":"summary_large_image","twitter_misc":{"Estimeret l\u00e6setid":"1 minut"},"schema":{"@context":"https:\/\/schema.org","@graph":[{"@type":"WebPage","@id":"https:\/\/www.gdirekt.se\/da\/produkt\/plakatliste-i-plast-med-klikfunktion\/","url":"https:\/\/www.gdirekt.se\/da\/produkt\/plakatliste-i-plast-med-klikfunktion\/","name":"Plakatliste i plast med klikfunktion til plakater og trykt papir, billig pris | Gdirekt.se","isPartOf":{"@id":"https:\/\/www.gdirekt.se\/#website"},"primaryImageOfPage":{"@id":"https:\/\/www.gdirekt.se\/da\/produkt\/plakatliste-i-plast-med-klikfunktion\/#primaryimage"},"image":{"@id":"https:\/\/www.gdirekt.se\/da\/produkt\/plakatliste-i-plast-med-klikfunktion\/#primaryimage"},"thumbnailUrl":"https:\/\/www.gdirekt.se\/wp-content\/uploads\/Vitt-affischlist.png","datePublished":"2017-10-25T09:41:09+00:00","dateModified":"2024-09-27T09:13:33+00:00","description":"Plakatlisten i plast med klikfunktion f\u00e5s i sort og gennemsigtig udgave. Listen passer til posters, og der medf\u00f8lger krog til oph\u00e6ngning p\u00e5 v\u00e6g eller i loft. Perfekt til oph\u00e6ngning af posters og stofbannere p\u00e5 kontorv\u00e6gge eller andre steder.","breadcrumb":{"@id":"https:\/\/www.gdirekt.se\/da\/produkt\/plakatliste-i-plast-med-klikfunktion\/#breadcrumb"},"inLanguage":"da-DK","potentialAction":[{"@type":"ReadAction","target":["https:\/\/www.gdirekt.se\/da\/produkt\/plakatliste-i-plast-med-klikfunktion\/"]}]},{"@type":"ImageObject","inLanguage":"da-DK","@id":"https:\/\/www.gdirekt.se\/da\/produkt\/plakatliste-i-plast-med-klikfunktion\/#primaryimage","url":"https:\/\/www.gdirekt.se\/wp-content\/uploads\/Vitt-affischlist.png","contentUrl":"https:\/\/www.gdirekt.se\/wp-content\/uploads\/Vitt-affischlist.png","width":1000,"height":1000,"caption":"Plakatliste i plast med klikfunktion XL"},{"@type":"BreadcrumbList","@id":"https:\/\/www.gdirekt.se\/da\/produkt\/plakatliste-i-plast-med-klikfunktion\/#breadcrumb","itemListElement":[{"@type":"ListItem","position":1,"name":"Hem","item":"https:\/\/www.gdirekt.se\/da\/"},{"@type":"ListItem","position":2,"name":"Start","item":"https:\/\/www.gdirekt.se\/da\/"},{"@type":"ListItem","position":3,"name":"Plakatliste i plast med klikfunktion"}]},{"@type":"WebSite","@id":"https:\/\/www.gdirekt.se\/#website","url":"https:\/\/www.gdirekt.se\/","name":"Gdirekt.se","description":"Tryck snabbt \u00e5 l\u00e4tt = Gdirekt","potentialAction":[{"@type":"SearchAction","target":{"@type":"EntryPoint","urlTemplate":"https:\/\/www.gdirekt.se\/?s={search_term_string}"},"query-input":{"@type":"PropertyValueSpecification","valueRequired":true,"valueName":"search_term_string"}}],"inLanguage":"da-DK"}]}},"_links":{"self":[{"href":"https:\/\/www.gdirekt.se\/da\/wp-json\/wp\/v2\/product\/10895","targetHints":{"allow":["GET"]}}],"collection":[{"href":"https:\/\/www.gdirekt.se\/da\/wp-json\/wp\/v2\/product"}],"about":[{"href":"https:\/\/www.gdirekt.se\/da\/wp-json\/wp\/v2\/types\/product"}],"wp:featuredmedia":[{"embeddable":true,"href":"https:\/\/www.gdirekt.se\/da\/wp-json\/wp\/v2\/media\/8863"}],"wp:attachment":[{"href":"https:\/\/www.gdirekt.se\/da\/wp-json\/wp\/v2\/media?parent=10895"}],"wp:term":[{"taxonomy":"product_brand","embeddable":true,"href":"https:\/\/www.gdirekt.se\/da\/wp-json\/wp\/v2\/product_brand?post=10895"},{"taxonomy":"product_cat","embeddable":true,"href":"https:\/\/www.gdirekt.se\/da\/wp-json\/wp\/v2\/product_cat?post=10895"},{"taxonomy":"product_tag","embeddable":true,"href":"https:\/\/www.gdirekt.se\/da\/wp-json\/wp\/v2\/product_tag?post=10895"}],"curies":[{"name":"wp","href":"https:\/\/api.w.org\/{rel}","templated":true}]}}