{"id":10882,"date":"2016-12-21T21:57:31","date_gmt":"2016-12-21T20:57:31","guid":{"rendered":"http:\/\/gdirekt.hamstage.hamrenmedia.se\/produkt\/backdrop-med-tygtryck\/"},"modified":"2019-09-11T16:17:42","modified_gmt":"2019-09-11T14:17:42","slug":"scenetaeppe-med-stoftryk","status":"publish","type":"product","link":"https:\/\/www.gdirekt.se\/da\/produkt\/scenetaeppe-med-stoftryk\/","title":{"rendered":"Scenet\u00e6ppe med stoftryk"},"content":{"rendered":"<p><span lang=\"DA\">Scenet\u00e6ppe med stoftryk til bands bruges ofte som scenebanner til koncerter og andre events. Vi bruger et robust stof af polyester, n\u00e5r vi producerer disse bannere til musikarrangementer. Det kan v\u00e6re sm\u00e5 stofbannere med et budskab eller logo p\u00e5. Vi har store stofmaskiner, s\u00e5 st\u00f8rrelsen p\u00e5 et gigantisk banner kan vi ogs\u00e5 klare. De maskiner, der trykker p\u00e5 stof, er hele fem meter brede. Hvis I vil bestille endnu st\u00f8rre stofprint til et scenet\u00e6ppe, syr vi delene sammen med en s\u00e5kaldt usynlig samling og leverer stofbilledet i \u00e9t stykke. Disse trykte billeder kaldes ogs\u00e5 for stofbanderoler eller tekstiltryk og er brandgodkendt iht. regler p\u00e5 messer og i offentlige milj\u00f8er.<\/span><\/p>\n<p><span lang=\"DA\">Kontakt os med jeres \u00f8nsker til efterbehandling. Vi er professionelle inden for dette omr\u00e5de og har leveret hundredvis af scenet\u00e6pper til kunstnere og bands. Trykket p\u00e5 disse scenebannere er B1-brandgodkendt, s\u00e5 de er godkendt til oph\u00e6ngning i offentlige lokaler. Disse trykte stoffer bruges ogs\u00e5 som fotobaggrunde og fotov\u00e6gge med logoer p\u00e5 ved produktlanceringer. Farvetrykket p\u00e5 scenet\u00e6ppet er milj\u00f8venligt, og trykkvaliteten har den h\u00f8jeste og bedste opl\u00f8sning. Andre anvendelsesomr\u00e5der til disse scenet\u00e6pper med stoftryk er baggrundsbilleder med logoer p\u00e5 til pressev\u00e6gge og fotobaggrunde.<\/span><\/p>\n<p><span lang=\"DA\">N\u00e5r man skal bestille et scenet\u00e6ppe til en scene, skal det m\u00e5ske kun bruges en enkelt gang, og da kan man bruge et<span class=\"apple-converted-space\">\u00a0<\/span><\/span><span lang=\"DA\"><a href=\"https:\/\/www.gdirekt.se\/produkt-kategori\/banderoller-och-fasadvepor\/\"><b><i>banner<\/i><\/b><\/a><\/span><span lang=\"DA\">! Vi har leveret trykte scenet\u00e6pper til alle typer events, konkurrencer og musikscener. Hvis du gerne vil have ideer til et vellykket arrangement, kan du hente inspiration p\u00e5 vores moderselskabs side<span class=\"apple-converted-space\">\u00a0<\/span><\/span><span lang=\"DA\"><a href=\"http:\/\/www.gigantprint.se\/\"><b><i>GigantPrint<\/i><\/b><\/a><\/span><span lang=\"DA\">! Og du kan naturligvis ogs\u00e5 ringe til os p\u00e5 +46 (0) 11-251515 eller sende en e-mail til<span class=\"apple-converted-space\">\u00a0<\/span><\/span><span lang=\"DA\"><a>info@gdirekt.se<\/a><\/span><\/p>\n","protected":false},"excerpt":{"rendered":"<p>K\u00f8b scenet\u00e6pper med stoftryk til brug som baggrund p\u00e5 scenen til koncerter. Bestil jeres egen stofv\u00e6g, der er holdbar. Vi har leveret til masser af kunstnere og bands. Bestil st\u00f8rrelse, og scenen er jeres.<\/p>\n","protected":false},"featured_media":8318,"template":"","meta":{"_acf_changed":false},"product_brand":[],"product_cat":[380],"product_tag":[],"class_list":{"0":"post-10882","1":"product","2":"type-product","3":"status-publish","4":"has-post-thumbnail","6":"product_cat-tekstiltryk-og-scenetaepper","8":"first","9":"instock","10":"taxable","11":"shipping-taxable","12":"purchasable","13":"product-type-variable","14":"has-default-attributes"},"exclude_global_add_ons":[],"addons":[],"acf":[],"yoast_head":"<!-- This site is optimized with the Yoast SEO plugin v27.2 - https:\/\/yoast.com\/product\/yoast-seo-wordpress\/ -->\n<title>Scenet\u00e6ppe med stoftryk til messen, bestil en stof banner | Gdirekt.se<\/title>\n<meta name=\"description\" content=\"Scenet\u00e6pper med stoftryk bruges som baggrund p\u00e5 scenen til koncerter! Bestil jeres egen stofv\u00e6g, der er holdbar. Vi har leveret til masser af kunstnere og bands.\" \/>\n<meta name=\"robots\" content=\"index, follow, max-snippet:-1, max-image-preview:large, max-video-preview:-1\" \/>\n<link rel=\"canonical\" href=\"https:\/\/www.gdirekt.se\/da\/produkt\/scenetaeppe-med-stoftryk\/\" \/>\n<meta property=\"og:locale\" content=\"da_DK\" \/>\n<meta property=\"og:type\" content=\"article\" \/>\n<meta property=\"og:title\" content=\"Scenet\u00e6ppe med stoftryk til messen, bestil en stof banner | Gdirekt.se\" \/>\n<meta property=\"og:description\" content=\"Scenet\u00e6pper med stoftryk bruges som baggrund p\u00e5 scenen til koncerter! Bestil jeres egen stofv\u00e6g, der er holdbar. Vi har leveret til masser af kunstnere og bands.\" \/>\n<meta property=\"og:url\" content=\"https:\/\/www.gdirekt.se\/da\/produkt\/scenetaeppe-med-stoftryk\/\" \/>\n<meta property=\"og:site_name\" content=\"Gdirekt.se\" \/>\n<meta property=\"article:modified_time\" content=\"2019-09-11T14:17:42+00:00\" \/>\n<meta property=\"og:image\" content=\"https:\/\/www.gdirekt.se\/wp-content\/uploads\/tygvepa-1.png\" \/>\n\t<meta property=\"og:image:width\" content=\"1000\" \/>\n\t<meta property=\"og:image:height\" content=\"1000\" \/>\n\t<meta property=\"og:image:type\" content=\"image\/png\" \/>\n<meta name=\"twitter:card\" content=\"summary_large_image\" \/>\n<meta name=\"twitter:label1\" content=\"Estimeret l\u00e6setid\" \/>\n\t<meta name=\"twitter:data1\" content=\"1 minut\" \/>\n<script type=\"application\/ld+json\" class=\"yoast-schema-graph\">{\"@context\":\"https:\/\/schema.org\",\"@graph\":[{\"@type\":\"WebPage\",\"@id\":\"https:\/\/www.gdirekt.se\/da\/produkt\/scenetaeppe-med-stoftryk\/\",\"url\":\"https:\/\/www.gdirekt.se\/da\/produkt\/scenetaeppe-med-stoftryk\/\",\"name\":\"Scenet\u00e6ppe med stoftryk til messen, bestil en stof banner | Gdirekt.se\",\"isPartOf\":{\"@id\":\"https:\/\/www.gdirekt.se\/#website\"},\"primaryImageOfPage\":{\"@id\":\"https:\/\/www.gdirekt.se\/da\/produkt\/scenetaeppe-med-stoftryk\/#primaryimage\"},\"image\":{\"@id\":\"https:\/\/www.gdirekt.se\/da\/produkt\/scenetaeppe-med-stoftryk\/#primaryimage\"},\"thumbnailUrl\":\"https:\/\/www.gdirekt.se\/wp-content\/uploads\/tygvepa-1.png\",\"datePublished\":\"2016-12-21T20:57:31+00:00\",\"dateModified\":\"2019-09-11T14:17:42+00:00\",\"description\":\"Scenet\u00e6pper med stoftryk bruges som baggrund p\u00e5 scenen til koncerter! Bestil jeres egen stofv\u00e6g, der er holdbar. Vi har leveret til masser af kunstnere og bands.\",\"breadcrumb\":{\"@id\":\"https:\/\/www.gdirekt.se\/da\/produkt\/scenetaeppe-med-stoftryk\/#breadcrumb\"},\"inLanguage\":\"da-DK\",\"potentialAction\":[{\"@type\":\"ReadAction\",\"target\":[\"https:\/\/www.gdirekt.se\/da\/produkt\/scenetaeppe-med-stoftryk\/\"]}]},{\"@type\":\"ImageObject\",\"inLanguage\":\"da-DK\",\"@id\":\"https:\/\/www.gdirekt.se\/da\/produkt\/scenetaeppe-med-stoftryk\/#primaryimage\",\"url\":\"https:\/\/www.gdirekt.se\/wp-content\/uploads\/tygvepa-1.png\",\"contentUrl\":\"https:\/\/www.gdirekt.se\/wp-content\/uploads\/tygvepa-1.png\",\"width\":1000,\"height\":1000,\"caption\":\"Stoffer og banner til koncerter, scener og arrangementer\"},{\"@type\":\"BreadcrumbList\",\"@id\":\"https:\/\/www.gdirekt.se\/da\/produkt\/scenetaeppe-med-stoftryk\/#breadcrumb\",\"itemListElement\":[{\"@type\":\"ListItem\",\"position\":1,\"name\":\"Hem\",\"item\":\"https:\/\/www.gdirekt.se\/da\/\"},{\"@type\":\"ListItem\",\"position\":2,\"name\":\"Start\",\"item\":\"https:\/\/www.gdirekt.se\/da\/\"},{\"@type\":\"ListItem\",\"position\":3,\"name\":\"Scenet\u00e6ppe med stoftryk\"}]},{\"@type\":\"WebSite\",\"@id\":\"https:\/\/www.gdirekt.se\/#website\",\"url\":\"https:\/\/www.gdirekt.se\/\",\"name\":\"Gdirekt.se\",\"description\":\"Tryck snabbt \u00e5 l\u00e4tt = Gdirekt\",\"potentialAction\":[{\"@type\":\"SearchAction\",\"target\":{\"@type\":\"EntryPoint\",\"urlTemplate\":\"https:\/\/www.gdirekt.se\/?s={search_term_string}\"},\"query-input\":{\"@type\":\"PropertyValueSpecification\",\"valueRequired\":true,\"valueName\":\"search_term_string\"}}],\"inLanguage\":\"da-DK\"}]}<\/script>\n<!-- \/ Yoast SEO plugin. -->","yoast_head_json":{"title":"Scenet\u00e6ppe med stoftryk til messen, bestil en stof banner | Gdirekt.se","description":"Scenet\u00e6pper med stoftryk bruges som baggrund p\u00e5 scenen til koncerter! Bestil jeres egen stofv\u00e6g, der er holdbar. Vi har leveret til masser af kunstnere og bands.","robots":{"index":"index","follow":"follow","max-snippet":"max-snippet:-1","max-image-preview":"max-image-preview:large","max-video-preview":"max-video-preview:-1"},"canonical":"https:\/\/www.gdirekt.se\/da\/produkt\/scenetaeppe-med-stoftryk\/","og_locale":"da_DK","og_type":"article","og_title":"Scenet\u00e6ppe med stoftryk til messen, bestil en stof banner | Gdirekt.se","og_description":"Scenet\u00e6pper med stoftryk bruges som baggrund p\u00e5 scenen til koncerter! Bestil jeres egen stofv\u00e6g, der er holdbar. Vi har leveret til masser af kunstnere og bands.","og_url":"https:\/\/www.gdirekt.se\/da\/produkt\/scenetaeppe-med-stoftryk\/","og_site_name":"Gdirekt.se","article_modified_time":"2019-09-11T14:17:42+00:00","og_image":[{"width":1000,"height":1000,"url":"https:\/\/www.gdirekt.se\/wp-content\/uploads\/tygvepa-1.png","type":"image\/png"}],"twitter_card":"summary_large_image","twitter_misc":{"Estimeret l\u00e6setid":"1 minut"},"schema":{"@context":"https:\/\/schema.org","@graph":[{"@type":"WebPage","@id":"https:\/\/www.gdirekt.se\/da\/produkt\/scenetaeppe-med-stoftryk\/","url":"https:\/\/www.gdirekt.se\/da\/produkt\/scenetaeppe-med-stoftryk\/","name":"Scenet\u00e6ppe med stoftryk til messen, bestil en stof banner | Gdirekt.se","isPartOf":{"@id":"https:\/\/www.gdirekt.se\/#website"},"primaryImageOfPage":{"@id":"https:\/\/www.gdirekt.se\/da\/produkt\/scenetaeppe-med-stoftryk\/#primaryimage"},"image":{"@id":"https:\/\/www.gdirekt.se\/da\/produkt\/scenetaeppe-med-stoftryk\/#primaryimage"},"thumbnailUrl":"https:\/\/www.gdirekt.se\/wp-content\/uploads\/tygvepa-1.png","datePublished":"2016-12-21T20:57:31+00:00","dateModified":"2019-09-11T14:17:42+00:00","description":"Scenet\u00e6pper med stoftryk bruges som baggrund p\u00e5 scenen til koncerter! Bestil jeres egen stofv\u00e6g, der er holdbar. Vi har leveret til masser af kunstnere og bands.","breadcrumb":{"@id":"https:\/\/www.gdirekt.se\/da\/produkt\/scenetaeppe-med-stoftryk\/#breadcrumb"},"inLanguage":"da-DK","potentialAction":[{"@type":"ReadAction","target":["https:\/\/www.gdirekt.se\/da\/produkt\/scenetaeppe-med-stoftryk\/"]}]},{"@type":"ImageObject","inLanguage":"da-DK","@id":"https:\/\/www.gdirekt.se\/da\/produkt\/scenetaeppe-med-stoftryk\/#primaryimage","url":"https:\/\/www.gdirekt.se\/wp-content\/uploads\/tygvepa-1.png","contentUrl":"https:\/\/www.gdirekt.se\/wp-content\/uploads\/tygvepa-1.png","width":1000,"height":1000,"caption":"Stoffer og banner til koncerter, scener og arrangementer"},{"@type":"BreadcrumbList","@id":"https:\/\/www.gdirekt.se\/da\/produkt\/scenetaeppe-med-stoftryk\/#breadcrumb","itemListElement":[{"@type":"ListItem","position":1,"name":"Hem","item":"https:\/\/www.gdirekt.se\/da\/"},{"@type":"ListItem","position":2,"name":"Start","item":"https:\/\/www.gdirekt.se\/da\/"},{"@type":"ListItem","position":3,"name":"Scenet\u00e6ppe med stoftryk"}]},{"@type":"WebSite","@id":"https:\/\/www.gdirekt.se\/#website","url":"https:\/\/www.gdirekt.se\/","name":"Gdirekt.se","description":"Tryck snabbt \u00e5 l\u00e4tt = Gdirekt","potentialAction":[{"@type":"SearchAction","target":{"@type":"EntryPoint","urlTemplate":"https:\/\/www.gdirekt.se\/?s={search_term_string}"},"query-input":{"@type":"PropertyValueSpecification","valueRequired":true,"valueName":"search_term_string"}}],"inLanguage":"da-DK"}]}},"_links":{"self":[{"href":"https:\/\/www.gdirekt.se\/da\/wp-json\/wp\/v2\/product\/10882","targetHints":{"allow":["GET"]}}],"collection":[{"href":"https:\/\/www.gdirekt.se\/da\/wp-json\/wp\/v2\/product"}],"about":[{"href":"https:\/\/www.gdirekt.se\/da\/wp-json\/wp\/v2\/types\/product"}],"wp:featuredmedia":[{"embeddable":true,"href":"https:\/\/www.gdirekt.se\/da\/wp-json\/wp\/v2\/media\/8318"}],"wp:attachment":[{"href":"https:\/\/www.gdirekt.se\/da\/wp-json\/wp\/v2\/media?parent=10882"}],"wp:term":[{"taxonomy":"product_brand","embeddable":true,"href":"https:\/\/www.gdirekt.se\/da\/wp-json\/wp\/v2\/product_brand?post=10882"},{"taxonomy":"product_cat","embeddable":true,"href":"https:\/\/www.gdirekt.se\/da\/wp-json\/wp\/v2\/product_cat?post=10882"},{"taxonomy":"product_tag","embeddable":true,"href":"https:\/\/www.gdirekt.se\/da\/wp-json\/wp\/v2\/product_tag?post=10882"}],"curies":[{"name":"wp","href":"https:\/\/api.w.org\/{rel}","templated":true}]}}