{"id":10877,"date":"2016-12-21T20:02:38","date_gmt":"2016-12-21T19:02:38","guid":{"rendered":"http:\/\/gdirekt.hamstage.hamrenmedia.se\/produkt\/meshbanderoll-i-egen-storlek-kopia\/"},"modified":"2019-03-20T16:42:17","modified_gmt":"2019-03-20T15:42:17","slug":"banner-i-trykt-stof-polyester","status":"publish","type":"product","link":"https:\/\/www.gdirekt.se\/da\/produkt\/banner-i-trykt-stof-polyester\/","title":{"rendered":"Banner i trykt stof \u2013 polyester"},"content":{"rendered":"<p>Banner i trykt stof \u2013 polyester: Det er vi specialister i at levere! Eget tryk p\u00e5 stof er en del af vores hverdag, og vi h\u00e5ndterer bestillinger p\u00e5 flere tusinde kvadratmeter hver m\u00e5ned.Vi digitaltrykker alle stoffer selv p\u00e5 vores trykkeri i Norrk\u00f6ping. Alle stoffer er B1-brandgodkendte, hvilket betyder, at man kan bruge det k\u00f8bte stoftryk p\u00e5 messer og i offentlige milj\u00f8er som f.eks. butikker og indk\u00f8bscentre.<\/p>\n<p>Disse polyesterbannere er op til 3 meter brede, og har man brug for at printe p\u00e5 bredere stoffer, syr vi dem sammen til \u00e9t stort stofbanner. Vi har flere symaskiner, og vores egne medarbejdere efterbehandler stofferne, der er af h\u00f8jeste kvalitet.<\/p>\n<p>Trykte stofbannere bruges i mange milj\u00f8er og indretninger. Messebannere er almindelige, n\u00e5r man skal d\u00e6kke en v\u00e6g.Bannerne kan h\u00e6nges op eller fastg\u00f8res p\u00e5 flere m\u00e5der. En m\u00e5de er at sy velcrob\u00e5nd p\u00e5 bagsiden og benytte det medf\u00f8lgende modhold, som er selvkl\u00e6bende, og som s\u00e6ttes fast p\u00e5 v\u00e6ggen. En anden m\u00e5de er at bruge bannerlister i aluminium, hvor vi forneden syr en kanal til et r\u00f8r som tyngde.<\/p>\n<p>Banner i trykt stof \u2014 polyester bruges ogs\u00e5 som butiksmateriale til at trykke bannere med produkter eller logoer p\u00e5. Det stof, vi trykker p\u00e5, har en tykkelse p\u00e5 220 g, og man kan ikke se igennem det. Disse stofbannere har h\u00f8j opl\u00f8sning med h\u00f8jeste skarphed, og vi garanterer, at I bliver tilfredse efter jeres bestilling p\u00e5 nettet.<\/p>\n<p>Kontakt os endelig for at h\u00f8re, om disse polyesterbannere passer til netop jeres kampagne eller event: Ring til os p\u00e5 +46 (0) 11-251515.<\/p>\n","protected":false},"excerpt":{"rendered":"<p>K\u00f8b bannere med eget stoftryk! Vi bruger brandgodkendt polyester til scenet\u00e6pper og butiksbannere! Bestil eget tryk p\u00e5 jeres stofbanner til den bedste pris. Nordens st\u00f8rste trykkeri for polyesterstof.<\/p>\n","protected":false},"featured_media":8320,"template":"","meta":{"_acf_changed":false},"product_brand":[],"product_cat":[380],"product_tag":[],"class_list":{"0":"post-10877","1":"product","2":"type-product","3":"status-publish","4":"has-post-thumbnail","6":"product_cat-tekstiltryk-og-scenetaepper","8":"first","9":"instock","10":"taxable","11":"shipping-taxable","12":"purchasable","13":"product-type-variable","14":"has-default-attributes"},"exclude_global_add_ons":[],"addons":[],"acf":[],"yoast_head":"<!-- This site is optimized with the Yoast SEO plugin v27.2 - https:\/\/yoast.com\/product\/yoast-seo-wordpress\/ -->\n<title>Banner i trykt stof \u2013 polyester til messen med meddelelser | Gdirekt.se<\/title>\n<meta name=\"description\" content=\"Banner i trykt stof \u2013 polyester bruges som scenet\u00e6ppe og butiksbanner! Bestil eget tryk p\u00e5 jeres stofbanner til den bedste pris. Nordens st\u00f8rste trykkeri for polyesterstof.\" \/>\n<meta name=\"robots\" content=\"index, follow, max-snippet:-1, max-image-preview:large, max-video-preview:-1\" \/>\n<link rel=\"canonical\" href=\"https:\/\/www.gdirekt.se\/da\/produkt\/banner-i-trykt-stof-polyester\/\" \/>\n<meta property=\"og:locale\" content=\"da_DK\" \/>\n<meta property=\"og:type\" content=\"article\" \/>\n<meta property=\"og:title\" content=\"Banner i trykt stof \u2013 polyester til messen med meddelelser | Gdirekt.se\" \/>\n<meta property=\"og:description\" content=\"Banner i trykt stof \u2013 polyester bruges som scenet\u00e6ppe og butiksbanner! Bestil eget tryk p\u00e5 jeres stofbanner til den bedste pris. Nordens st\u00f8rste trykkeri for polyesterstof.\" \/>\n<meta property=\"og:url\" content=\"https:\/\/www.gdirekt.se\/da\/produkt\/banner-i-trykt-stof-polyester\/\" \/>\n<meta property=\"og:site_name\" content=\"Gdirekt.se\" \/>\n<meta property=\"article:modified_time\" content=\"2019-03-20T15:42:17+00:00\" \/>\n<meta property=\"og:image\" content=\"https:\/\/www.gdirekt.se\/wp-content\/uploads\/tygvepan.png\" \/>\n\t<meta property=\"og:image:width\" content=\"1000\" \/>\n\t<meta property=\"og:image:height\" content=\"1000\" \/>\n\t<meta property=\"og:image:type\" content=\"image\/png\" \/>\n<meta name=\"twitter:card\" content=\"summary_large_image\" \/>\n<meta name=\"twitter:label1\" content=\"Estimeret l\u00e6setid\" \/>\n\t<meta name=\"twitter:data1\" content=\"1 minut\" \/>\n<script type=\"application\/ld+json\" class=\"yoast-schema-graph\">{\"@context\":\"https:\/\/schema.org\",\"@graph\":[{\"@type\":\"WebPage\",\"@id\":\"https:\/\/www.gdirekt.se\/da\/produkt\/banner-i-trykt-stof-polyester\/\",\"url\":\"https:\/\/www.gdirekt.se\/da\/produkt\/banner-i-trykt-stof-polyester\/\",\"name\":\"Banner i trykt stof \u2013 polyester til messen med meddelelser | Gdirekt.se\",\"isPartOf\":{\"@id\":\"https:\/\/www.gdirekt.se\/#website\"},\"primaryImageOfPage\":{\"@id\":\"https:\/\/www.gdirekt.se\/da\/produkt\/banner-i-trykt-stof-polyester\/#primaryimage\"},\"image\":{\"@id\":\"https:\/\/www.gdirekt.se\/da\/produkt\/banner-i-trykt-stof-polyester\/#primaryimage\"},\"thumbnailUrl\":\"https:\/\/www.gdirekt.se\/wp-content\/uploads\/tygvepan.png\",\"datePublished\":\"2016-12-21T19:02:38+00:00\",\"dateModified\":\"2019-03-20T15:42:17+00:00\",\"description\":\"Banner i trykt stof \u2013 polyester bruges som scenet\u00e6ppe og butiksbanner! Bestil eget tryk p\u00e5 jeres stofbanner til den bedste pris. Nordens st\u00f8rste trykkeri for polyesterstof.\",\"breadcrumb\":{\"@id\":\"https:\/\/www.gdirekt.se\/da\/produkt\/banner-i-trykt-stof-polyester\/#breadcrumb\"},\"inLanguage\":\"da-DK\",\"potentialAction\":[{\"@type\":\"ReadAction\",\"target\":[\"https:\/\/www.gdirekt.se\/da\/produkt\/banner-i-trykt-stof-polyester\/\"]}]},{\"@type\":\"ImageObject\",\"inLanguage\":\"da-DK\",\"@id\":\"https:\/\/www.gdirekt.se\/da\/produkt\/banner-i-trykt-stof-polyester\/#primaryimage\",\"url\":\"https:\/\/www.gdirekt.se\/wp-content\/uploads\/tygvepan.png\",\"contentUrl\":\"https:\/\/www.gdirekt.se\/wp-content\/uploads\/tygvepan.png\",\"width\":1000,\"height\":1000,\"caption\":\"Polyesterstof i tyk polyester\"},{\"@type\":\"BreadcrumbList\",\"@id\":\"https:\/\/www.gdirekt.se\/da\/produkt\/banner-i-trykt-stof-polyester\/#breadcrumb\",\"itemListElement\":[{\"@type\":\"ListItem\",\"position\":1,\"name\":\"Hem\",\"item\":\"https:\/\/www.gdirekt.se\/da\/\"},{\"@type\":\"ListItem\",\"position\":2,\"name\":\"Start\",\"item\":\"https:\/\/www.gdirekt.se\/da\/\"},{\"@type\":\"ListItem\",\"position\":3,\"name\":\"Banner i trykt stof \u2013 polyester\"}]},{\"@type\":\"WebSite\",\"@id\":\"https:\/\/www.gdirekt.se\/#website\",\"url\":\"https:\/\/www.gdirekt.se\/\",\"name\":\"Gdirekt.se\",\"description\":\"Tryck snabbt \u00e5 l\u00e4tt = Gdirekt\",\"potentialAction\":[{\"@type\":\"SearchAction\",\"target\":{\"@type\":\"EntryPoint\",\"urlTemplate\":\"https:\/\/www.gdirekt.se\/?s={search_term_string}\"},\"query-input\":{\"@type\":\"PropertyValueSpecification\",\"valueRequired\":true,\"valueName\":\"search_term_string\"}}],\"inLanguage\":\"da-DK\"}]}<\/script>\n<!-- \/ Yoast SEO plugin. -->","yoast_head_json":{"title":"Banner i trykt stof \u2013 polyester til messen med meddelelser | Gdirekt.se","description":"Banner i trykt stof \u2013 polyester bruges som scenet\u00e6ppe og butiksbanner! Bestil eget tryk p\u00e5 jeres stofbanner til den bedste pris. Nordens st\u00f8rste trykkeri for polyesterstof.","robots":{"index":"index","follow":"follow","max-snippet":"max-snippet:-1","max-image-preview":"max-image-preview:large","max-video-preview":"max-video-preview:-1"},"canonical":"https:\/\/www.gdirekt.se\/da\/produkt\/banner-i-trykt-stof-polyester\/","og_locale":"da_DK","og_type":"article","og_title":"Banner i trykt stof \u2013 polyester til messen med meddelelser | Gdirekt.se","og_description":"Banner i trykt stof \u2013 polyester bruges som scenet\u00e6ppe og butiksbanner! Bestil eget tryk p\u00e5 jeres stofbanner til den bedste pris. Nordens st\u00f8rste trykkeri for polyesterstof.","og_url":"https:\/\/www.gdirekt.se\/da\/produkt\/banner-i-trykt-stof-polyester\/","og_site_name":"Gdirekt.se","article_modified_time":"2019-03-20T15:42:17+00:00","og_image":[{"width":1000,"height":1000,"url":"https:\/\/www.gdirekt.se\/wp-content\/uploads\/tygvepan.png","type":"image\/png"}],"twitter_card":"summary_large_image","twitter_misc":{"Estimeret l\u00e6setid":"1 minut"},"schema":{"@context":"https:\/\/schema.org","@graph":[{"@type":"WebPage","@id":"https:\/\/www.gdirekt.se\/da\/produkt\/banner-i-trykt-stof-polyester\/","url":"https:\/\/www.gdirekt.se\/da\/produkt\/banner-i-trykt-stof-polyester\/","name":"Banner i trykt stof \u2013 polyester til messen med meddelelser | Gdirekt.se","isPartOf":{"@id":"https:\/\/www.gdirekt.se\/#website"},"primaryImageOfPage":{"@id":"https:\/\/www.gdirekt.se\/da\/produkt\/banner-i-trykt-stof-polyester\/#primaryimage"},"image":{"@id":"https:\/\/www.gdirekt.se\/da\/produkt\/banner-i-trykt-stof-polyester\/#primaryimage"},"thumbnailUrl":"https:\/\/www.gdirekt.se\/wp-content\/uploads\/tygvepan.png","datePublished":"2016-12-21T19:02:38+00:00","dateModified":"2019-03-20T15:42:17+00:00","description":"Banner i trykt stof \u2013 polyester bruges som scenet\u00e6ppe og butiksbanner! Bestil eget tryk p\u00e5 jeres stofbanner til den bedste pris. Nordens st\u00f8rste trykkeri for polyesterstof.","breadcrumb":{"@id":"https:\/\/www.gdirekt.se\/da\/produkt\/banner-i-trykt-stof-polyester\/#breadcrumb"},"inLanguage":"da-DK","potentialAction":[{"@type":"ReadAction","target":["https:\/\/www.gdirekt.se\/da\/produkt\/banner-i-trykt-stof-polyester\/"]}]},{"@type":"ImageObject","inLanguage":"da-DK","@id":"https:\/\/www.gdirekt.se\/da\/produkt\/banner-i-trykt-stof-polyester\/#primaryimage","url":"https:\/\/www.gdirekt.se\/wp-content\/uploads\/tygvepan.png","contentUrl":"https:\/\/www.gdirekt.se\/wp-content\/uploads\/tygvepan.png","width":1000,"height":1000,"caption":"Polyesterstof i tyk polyester"},{"@type":"BreadcrumbList","@id":"https:\/\/www.gdirekt.se\/da\/produkt\/banner-i-trykt-stof-polyester\/#breadcrumb","itemListElement":[{"@type":"ListItem","position":1,"name":"Hem","item":"https:\/\/www.gdirekt.se\/da\/"},{"@type":"ListItem","position":2,"name":"Start","item":"https:\/\/www.gdirekt.se\/da\/"},{"@type":"ListItem","position":3,"name":"Banner i trykt stof \u2013 polyester"}]},{"@type":"WebSite","@id":"https:\/\/www.gdirekt.se\/#website","url":"https:\/\/www.gdirekt.se\/","name":"Gdirekt.se","description":"Tryck snabbt \u00e5 l\u00e4tt = Gdirekt","potentialAction":[{"@type":"SearchAction","target":{"@type":"EntryPoint","urlTemplate":"https:\/\/www.gdirekt.se\/?s={search_term_string}"},"query-input":{"@type":"PropertyValueSpecification","valueRequired":true,"valueName":"search_term_string"}}],"inLanguage":"da-DK"}]}},"_links":{"self":[{"href":"https:\/\/www.gdirekt.se\/da\/wp-json\/wp\/v2\/product\/10877","targetHints":{"allow":["GET"]}}],"collection":[{"href":"https:\/\/www.gdirekt.se\/da\/wp-json\/wp\/v2\/product"}],"about":[{"href":"https:\/\/www.gdirekt.se\/da\/wp-json\/wp\/v2\/types\/product"}],"wp:featuredmedia":[{"embeddable":true,"href":"https:\/\/www.gdirekt.se\/da\/wp-json\/wp\/v2\/media\/8320"}],"wp:attachment":[{"href":"https:\/\/www.gdirekt.se\/da\/wp-json\/wp\/v2\/media?parent=10877"}],"wp:term":[{"taxonomy":"product_brand","embeddable":true,"href":"https:\/\/www.gdirekt.se\/da\/wp-json\/wp\/v2\/product_brand?post=10877"},{"taxonomy":"product_cat","embeddable":true,"href":"https:\/\/www.gdirekt.se\/da\/wp-json\/wp\/v2\/product_cat?post=10877"},{"taxonomy":"product_tag","embeddable":true,"href":"https:\/\/www.gdirekt.se\/da\/wp-json\/wp\/v2\/product_tag?post=10877"}],"curies":[{"name":"wp","href":"https:\/\/api.w.org\/{rel}","templated":true}]}}