{"id":10868,"date":"2017-05-18T10:18:25","date_gmt":"2017-05-18T08:18:25","guid":{"rendered":"http:\/\/gdirekt.hamstage.hamrenmedia.se\/produkt\/vaggdekor-text-och-bild\/"},"modified":"2019-03-20T16:06:27","modified_gmt":"2019-03-20T15:06:27","slug":"vaegdekoration-tekst-og-billede","status":"publish","type":"product","link":"https:\/\/www.gdirekt.se\/da\/produkt\/vaegdekoration-tekst-og-billede\/","title":{"rendered":"V\u00e6gdekoration, tekst og billede"},"content":{"rendered":"<p><span lang=\"DA\">V\u00e6gdekoration som tekst og billede er kontursk\u00e5rne klisterm\u00e6rker, som s\u00e6ttes p\u00e5 v\u00e6ggen. Vi har mange \u00e5rs erfaring med overf\u00f8ringsbilleder med kl\u00e6bestof til v\u00e6gge. Gdirekt har billige priser, s\u00e5 du er havnet det rigtige sted p\u00e5 nettet. Vi har overf\u00f8ringsbilleder eller klisterm\u00e6rker til v\u00e6gge i hjemmet og udsk\u00e5ret tekst, som sidder fast. V\u00e6lg mellem blankt eller mat beskyttelseslaminat. Mat er mest almindeligt, idet farven p\u00e5 v\u00e6ggen oftest er noget mat. Sp\u00f8rg os, hvis I har sp\u00f8rgsm\u00e5l om v\u00e6gdekorationer til indretningen.<\/span><\/p>\n<p><span lang=\"DA\">Vi leverer de udsk\u00e5rne biloverf\u00f8ringsbilleder med en s\u00e5kaldt overf\u00f8ringsfilm eller applikationsfilm. Hvis det kun er et billede med lige eller andre former, er der ikke behov for monteringsfilmen. Den er kun n\u00f8dvendig, hvis der er l\u00f8se delelementer som p\u00e5 bildekorationer med tekst eller visse logoer. F\u00e5 inspiration ved at f\u00f8lge os p\u00e5<span class=\"apple-converted-space\">\u00a0<\/span><\/span><span lang=\"DA\"><a href=\"https:\/\/www.instagram.com\/gigantprint\/\"><b><i>Instagram<\/i><\/b><\/a><\/span><span lang=\"DA\">!<\/span><\/p>\n<p><strong><span lang=\"DA\">Monteringsanvisning til v\u00e6gdekoration med tekst og billede.<\/span><\/strong><\/p>\n<p><span lang=\"DA\">1. N\u00e5r du har k\u00f8bt v\u00e6gdekoration og skal montere den p\u00e5 v\u00e6ggen i b\u00f8rnev\u00e6relset eller p\u00e5 kontoret, har dekorationen en monteringsfilm p\u00e5 forsiden.<\/span><\/p>\n<p><span lang=\"DA\">2. Derefter m\u00e5ler og s\u00f8rger du for, at v\u00e6gvinylen fastg\u00f8res lige eller p\u00e5 rette sted.<\/span><\/p>\n<p><span lang=\"DA\">3. Du kan b\u00f8je nogle centimeter af monteringsfilmens bagside\/bagstykke til siden og fastg\u00f8re det p\u00e5 v\u00e6ggen eller bruge en smule tape.<\/span><\/p>\n<p><span lang=\"DA\">5. Derefter begynder du fra den side, du b\u00f8jede uden bagsiden\/arket og tr\u00e6kker bagsiden langsomt v\u00e6k, og derefter stryges monteringsfilmen p\u00e5, hvor den skal sidde.<span class=\"apple-converted-space\">\u00a0<\/span><\/span><span lang=\"DA\"><a href=\"https:\/\/www.gdirekt.se\/butik\/dekaler-dekor-vinyl-klistermarken\/vinylskrapa-med-filt\/\"><b><i>K\u00f8b en vinylskraber med filt,<\/i><\/b><\/a><\/span><span lang=\"DA\">s\u00e5 er det meget lettere.<\/span><\/p>\n<p><span lang=\"DA\">6. N\u00e5r hele arket er fastgjort p\u00e5 v\u00e6ggen, gnider du endnu en gang hen over overf\u00f8ringsbilledet, s\u00e5 det sidder godt fast. Derefter tr\u00e6kker du forsigtigt monteringsfilmen af, og v\u00e6gdekorationen sidder tilbage p\u00e5 v\u00e6ggen.<\/span><\/p>\n<p><span lang=\"DA\">Er det et st\u00f8rre antal til en virksomhed, hotel eller offentligt rum, som skal indrettes med v\u00e6gdekorationer, er det lettest, at du kontakter os. S\u00e5 giver vi dig et tilbud. Ring til os p\u00e5 +46 (0)11-251515, eller send os en e-mail p\u00e5<span class=\"apple-converted-space\">\u00a0<\/span><\/span><span lang=\"DA\"><a><b><i>info@gdirekt.se<\/i><\/b><\/a><\/span><\/p>\n<p><span lang=\"DA\">Har I brug for andre vinyler eller klisterm\u00e6rker, har vi til alle milj\u00f8er og form\u00e5l,<span class=\"apple-converted-space\">\u00a0<\/span><\/span><span lang=\"DA\"><a href=\"https:\/\/www.gdirekt.se\/produkt-kategori\/dekaler-dekor-vinyl-klistermarken\/\"><b><i>klik her!<\/i><\/b><\/a><\/span><\/p>\n<p><span lang=\"DA\">I kan bestille jeres egne v\u00e6gdekorationer til kontoret, sovev\u00e6relset, b\u00f8rnev\u00e6relset, ventev\u00e6relset, messer, butikscentre, skoler og butikker. Ja, i princippet til alle v\u00e6gge hvor I \u00f8nsker en dekoration med tekst eller billede. Vi kan lave rigtig store samt sm\u00e5 overf\u00f8ringsbilleder.<\/span><\/p>\n","protected":false},"excerpt":{"rendered":"<p>V\u00e6gdekoration, tekst og billede er konturerede klisterm\u00e6rker til at s\u00e6tte p\u00e5 v\u00e6ggen. Dekaler eller klisterm\u00e6rker til v\u00e6gge, hjemme og kontorer. Leveres med beskyttende laminat, v\u00e6lges mat eller blankt. Kontakt os, hvis du vil have svar p\u00e5 sp\u00f8rgsm\u00e5l om v\u00e6gdekaler til interi\u00f8ret. V\u00e6lg din egen st\u00f8rrelse nedenfor.<\/p>\n","protected":false},"featured_media":8738,"template":"","meta":{"_acf_changed":false},"product_brand":[],"product_cat":[369],"product_tag":[],"class_list":{"0":"post-10868","1":"product","2":"type-product","3":"status-publish","4":"has-post-thumbnail","6":"product_cat-klistermaerker-vinyl-og-folie","7":"product_shipping_class-180sek","9":"first","10":"instock","11":"taxable","12":"shipping-taxable","13":"purchasable","14":"product-type-variable","15":"has-default-attributes"},"exclude_global_add_ons":[],"addons":[],"acf":[],"yoast_head":"<!-- This site is optimized with the Yoast SEO plugin v27.2 - https:\/\/yoast.com\/product\/yoast-seo-wordpress\/ -->\n<title>V\u00e6gdekoration, tekst og billede, billig pris online. Tryk dit eget emne | Gdirekt.se<\/title>\n<meta name=\"description\" content=\"V\u00e6gdekoration, tekst og billede til billig pris. Overf\u00f8ringsbilleder og klisterm\u00e6rker, som monteres p\u00e5 v\u00e6ggen. K\u00f8b overf\u00f8ringsbillede, som kl\u00e6bes p\u00e5 v\u00e6ggen, med hurtig levering fra vores trykkeri. Klisterm\u00e6rkerne sidder godt fast p\u00e5 v\u00e6gge i kontorer og butikslokaler.\" \/>\n<meta name=\"robots\" content=\"index, follow, max-snippet:-1, max-image-preview:large, max-video-preview:-1\" \/>\n<link rel=\"canonical\" href=\"https:\/\/www.gdirekt.se\/da\/produkt\/vaegdekoration-tekst-og-billede\/\" \/>\n<meta property=\"og:locale\" content=\"da_DK\" \/>\n<meta property=\"og:type\" content=\"article\" \/>\n<meta property=\"og:title\" content=\"V\u00e6gdekoration, tekst og billede, billig pris online. Tryk dit eget emne | Gdirekt.se\" \/>\n<meta property=\"og:description\" content=\"V\u00e6gdekoration, tekst og billede til billig pris. Overf\u00f8ringsbilleder og klisterm\u00e6rker, som monteres p\u00e5 v\u00e6ggen. K\u00f8b overf\u00f8ringsbillede, som kl\u00e6bes p\u00e5 v\u00e6ggen, med hurtig levering fra vores trykkeri. Klisterm\u00e6rkerne sidder godt fast p\u00e5 v\u00e6gge i kontorer og butikslokaler.\" \/>\n<meta property=\"og:url\" content=\"https:\/\/www.gdirekt.se\/da\/produkt\/vaegdekoration-tekst-og-billede\/\" \/>\n<meta property=\"og:site_name\" content=\"Gdirekt.se\" \/>\n<meta property=\"article:modified_time\" content=\"2019-03-20T15:06:27+00:00\" \/>\n<meta property=\"og:image\" content=\"https:\/\/www.gdirekt.se\/wp-content\/uploads\/dekor.png\" \/>\n\t<meta property=\"og:image:width\" content=\"1000\" \/>\n\t<meta property=\"og:image:height\" content=\"1000\" \/>\n\t<meta property=\"og:image:type\" content=\"image\/png\" \/>\n<meta name=\"twitter:card\" content=\"summary_large_image\" \/>\n<meta name=\"twitter:label1\" content=\"Estimeret l\u00e6setid\" \/>\n\t<meta name=\"twitter:data1\" content=\"2 minutter\" \/>\n<script type=\"application\/ld+json\" class=\"yoast-schema-graph\">{\"@context\":\"https:\/\/schema.org\",\"@graph\":[{\"@type\":\"WebPage\",\"@id\":\"https:\/\/www.gdirekt.se\/da\/produkt\/vaegdekoration-tekst-og-billede\/\",\"url\":\"https:\/\/www.gdirekt.se\/da\/produkt\/vaegdekoration-tekst-og-billede\/\",\"name\":\"V\u00e6gdekoration, tekst og billede, billig pris online. Tryk dit eget emne | Gdirekt.se\",\"isPartOf\":{\"@id\":\"https:\/\/www.gdirekt.se\/#website\"},\"primaryImageOfPage\":{\"@id\":\"https:\/\/www.gdirekt.se\/da\/produkt\/vaegdekoration-tekst-og-billede\/#primaryimage\"},\"image\":{\"@id\":\"https:\/\/www.gdirekt.se\/da\/produkt\/vaegdekoration-tekst-og-billede\/#primaryimage\"},\"thumbnailUrl\":\"https:\/\/www.gdirekt.se\/wp-content\/uploads\/dekor.png\",\"datePublished\":\"2017-05-18T08:18:25+00:00\",\"dateModified\":\"2019-03-20T15:06:27+00:00\",\"description\":\"V\u00e6gdekoration, tekst og billede til billig pris. Overf\u00f8ringsbilleder og klisterm\u00e6rker, som monteres p\u00e5 v\u00e6ggen. K\u00f8b overf\u00f8ringsbillede, som kl\u00e6bes p\u00e5 v\u00e6ggen, med hurtig levering fra vores trykkeri. Klisterm\u00e6rkerne sidder godt fast p\u00e5 v\u00e6gge i kontorer og butikslokaler.\",\"breadcrumb\":{\"@id\":\"https:\/\/www.gdirekt.se\/da\/produkt\/vaegdekoration-tekst-og-billede\/#breadcrumb\"},\"inLanguage\":\"da-DK\",\"potentialAction\":[{\"@type\":\"ReadAction\",\"target\":[\"https:\/\/www.gdirekt.se\/da\/produkt\/vaegdekoration-tekst-og-billede\/\"]}]},{\"@type\":\"ImageObject\",\"inLanguage\":\"da-DK\",\"@id\":\"https:\/\/www.gdirekt.se\/da\/produkt\/vaegdekoration-tekst-og-billede\/#primaryimage\",\"url\":\"https:\/\/www.gdirekt.se\/wp-content\/uploads\/dekor.png\",\"contentUrl\":\"https:\/\/www.gdirekt.se\/wp-content\/uploads\/dekor.png\",\"width\":1000,\"height\":1000,\"caption\":\"Vinyl, der er limet til v\u00e6gge\"},{\"@type\":\"BreadcrumbList\",\"@id\":\"https:\/\/www.gdirekt.se\/da\/produkt\/vaegdekoration-tekst-og-billede\/#breadcrumb\",\"itemListElement\":[{\"@type\":\"ListItem\",\"position\":1,\"name\":\"Hem\",\"item\":\"https:\/\/www.gdirekt.se\/da\/\"},{\"@type\":\"ListItem\",\"position\":2,\"name\":\"Start\",\"item\":\"https:\/\/www.gdirekt.se\/da\/\"},{\"@type\":\"ListItem\",\"position\":3,\"name\":\"V\u00e6gdekoration, tekst og billede\"}]},{\"@type\":\"WebSite\",\"@id\":\"https:\/\/www.gdirekt.se\/#website\",\"url\":\"https:\/\/www.gdirekt.se\/\",\"name\":\"Gdirekt.se\",\"description\":\"Tryck snabbt \u00e5 l\u00e4tt = Gdirekt\",\"potentialAction\":[{\"@type\":\"SearchAction\",\"target\":{\"@type\":\"EntryPoint\",\"urlTemplate\":\"https:\/\/www.gdirekt.se\/?s={search_term_string}\"},\"query-input\":{\"@type\":\"PropertyValueSpecification\",\"valueRequired\":true,\"valueName\":\"search_term_string\"}}],\"inLanguage\":\"da-DK\"}]}<\/script>\n<!-- \/ Yoast SEO plugin. -->","yoast_head_json":{"title":"V\u00e6gdekoration, tekst og billede, billig pris online. Tryk dit eget emne | Gdirekt.se","description":"V\u00e6gdekoration, tekst og billede til billig pris. Overf\u00f8ringsbilleder og klisterm\u00e6rker, som monteres p\u00e5 v\u00e6ggen. K\u00f8b overf\u00f8ringsbillede, som kl\u00e6bes p\u00e5 v\u00e6ggen, med hurtig levering fra vores trykkeri. Klisterm\u00e6rkerne sidder godt fast p\u00e5 v\u00e6gge i kontorer og butikslokaler.","robots":{"index":"index","follow":"follow","max-snippet":"max-snippet:-1","max-image-preview":"max-image-preview:large","max-video-preview":"max-video-preview:-1"},"canonical":"https:\/\/www.gdirekt.se\/da\/produkt\/vaegdekoration-tekst-og-billede\/","og_locale":"da_DK","og_type":"article","og_title":"V\u00e6gdekoration, tekst og billede, billig pris online. Tryk dit eget emne | Gdirekt.se","og_description":"V\u00e6gdekoration, tekst og billede til billig pris. Overf\u00f8ringsbilleder og klisterm\u00e6rker, som monteres p\u00e5 v\u00e6ggen. K\u00f8b overf\u00f8ringsbillede, som kl\u00e6bes p\u00e5 v\u00e6ggen, med hurtig levering fra vores trykkeri. Klisterm\u00e6rkerne sidder godt fast p\u00e5 v\u00e6gge i kontorer og butikslokaler.","og_url":"https:\/\/www.gdirekt.se\/da\/produkt\/vaegdekoration-tekst-og-billede\/","og_site_name":"Gdirekt.se","article_modified_time":"2019-03-20T15:06:27+00:00","og_image":[{"width":1000,"height":1000,"url":"https:\/\/www.gdirekt.se\/wp-content\/uploads\/dekor.png","type":"image\/png"}],"twitter_card":"summary_large_image","twitter_misc":{"Estimeret l\u00e6setid":"2 minutter"},"schema":{"@context":"https:\/\/schema.org","@graph":[{"@type":"WebPage","@id":"https:\/\/www.gdirekt.se\/da\/produkt\/vaegdekoration-tekst-og-billede\/","url":"https:\/\/www.gdirekt.se\/da\/produkt\/vaegdekoration-tekst-og-billede\/","name":"V\u00e6gdekoration, tekst og billede, billig pris online. Tryk dit eget emne | Gdirekt.se","isPartOf":{"@id":"https:\/\/www.gdirekt.se\/#website"},"primaryImageOfPage":{"@id":"https:\/\/www.gdirekt.se\/da\/produkt\/vaegdekoration-tekst-og-billede\/#primaryimage"},"image":{"@id":"https:\/\/www.gdirekt.se\/da\/produkt\/vaegdekoration-tekst-og-billede\/#primaryimage"},"thumbnailUrl":"https:\/\/www.gdirekt.se\/wp-content\/uploads\/dekor.png","datePublished":"2017-05-18T08:18:25+00:00","dateModified":"2019-03-20T15:06:27+00:00","description":"V\u00e6gdekoration, tekst og billede til billig pris. Overf\u00f8ringsbilleder og klisterm\u00e6rker, som monteres p\u00e5 v\u00e6ggen. K\u00f8b overf\u00f8ringsbillede, som kl\u00e6bes p\u00e5 v\u00e6ggen, med hurtig levering fra vores trykkeri. Klisterm\u00e6rkerne sidder godt fast p\u00e5 v\u00e6gge i kontorer og butikslokaler.","breadcrumb":{"@id":"https:\/\/www.gdirekt.se\/da\/produkt\/vaegdekoration-tekst-og-billede\/#breadcrumb"},"inLanguage":"da-DK","potentialAction":[{"@type":"ReadAction","target":["https:\/\/www.gdirekt.se\/da\/produkt\/vaegdekoration-tekst-og-billede\/"]}]},{"@type":"ImageObject","inLanguage":"da-DK","@id":"https:\/\/www.gdirekt.se\/da\/produkt\/vaegdekoration-tekst-og-billede\/#primaryimage","url":"https:\/\/www.gdirekt.se\/wp-content\/uploads\/dekor.png","contentUrl":"https:\/\/www.gdirekt.se\/wp-content\/uploads\/dekor.png","width":1000,"height":1000,"caption":"Vinyl, der er limet til v\u00e6gge"},{"@type":"BreadcrumbList","@id":"https:\/\/www.gdirekt.se\/da\/produkt\/vaegdekoration-tekst-og-billede\/#breadcrumb","itemListElement":[{"@type":"ListItem","position":1,"name":"Hem","item":"https:\/\/www.gdirekt.se\/da\/"},{"@type":"ListItem","position":2,"name":"Start","item":"https:\/\/www.gdirekt.se\/da\/"},{"@type":"ListItem","position":3,"name":"V\u00e6gdekoration, tekst og billede"}]},{"@type":"WebSite","@id":"https:\/\/www.gdirekt.se\/#website","url":"https:\/\/www.gdirekt.se\/","name":"Gdirekt.se","description":"Tryck snabbt \u00e5 l\u00e4tt = Gdirekt","potentialAction":[{"@type":"SearchAction","target":{"@type":"EntryPoint","urlTemplate":"https:\/\/www.gdirekt.se\/?s={search_term_string}"},"query-input":{"@type":"PropertyValueSpecification","valueRequired":true,"valueName":"search_term_string"}}],"inLanguage":"da-DK"}]}},"_links":{"self":[{"href":"https:\/\/www.gdirekt.se\/da\/wp-json\/wp\/v2\/product\/10868","targetHints":{"allow":["GET"]}}],"collection":[{"href":"https:\/\/www.gdirekt.se\/da\/wp-json\/wp\/v2\/product"}],"about":[{"href":"https:\/\/www.gdirekt.se\/da\/wp-json\/wp\/v2\/types\/product"}],"wp:featuredmedia":[{"embeddable":true,"href":"https:\/\/www.gdirekt.se\/da\/wp-json\/wp\/v2\/media\/8738"}],"wp:attachment":[{"href":"https:\/\/www.gdirekt.se\/da\/wp-json\/wp\/v2\/media?parent=10868"}],"wp:term":[{"taxonomy":"product_brand","embeddable":true,"href":"https:\/\/www.gdirekt.se\/da\/wp-json\/wp\/v2\/product_brand?post=10868"},{"taxonomy":"product_cat","embeddable":true,"href":"https:\/\/www.gdirekt.se\/da\/wp-json\/wp\/v2\/product_cat?post=10868"},{"taxonomy":"product_tag","embeddable":true,"href":"https:\/\/www.gdirekt.se\/da\/wp-json\/wp\/v2\/product_tag?post=10868"}],"curies":[{"name":"wp","href":"https:\/\/api.w.org\/{rel}","templated":true}]}}