{"id":10858,"date":"2016-12-23T09:06:17","date_gmt":"2016-12-23T08:06:17","guid":{"rendered":"http:\/\/gdirekt.hamstage.hamrenmedia.se\/produkt\/fonsterdekor-och-dekaler\/"},"modified":"2019-03-20T16:39:28","modified_gmt":"2019-03-20T15:39:28","slug":"vinduesdekoration-og-vinylfolie","status":"publish","type":"product","link":"https:\/\/www.gdirekt.se\/da\/produkt\/vinduesdekoration-og-vinylfolie\/","title":{"rendered":"Vinduesdekoration og vinylfolie"},"content":{"rendered":"<p><span lang=\"DA\">Vinduesdekoration og vinylfolie, som anvendes til at udsmykke eller s\u00e6tte vinylstribe p\u00e5 vindue. N\u00e5r I bestiller vinduesdekoration af os, leveres de altid med et laminat, der beskytter overfladen. I v\u00e6lger mellem mat eller blank overflade p\u00e5 vinylfolien. Det er mest almindeligt at anvende blankt laminat, hvilket giver et flottere indtryk. Mat er naturligvis ogs\u00e5 flot, og man undg\u00e5r, at det glimter og reflekterer. P\u00e5 vores trykkeri anvender vi kun milj\u00f8venlig farve, n\u00e5r I k\u00f8ber vinyl eller film til vinduer.<\/span><\/p>\n<p><span lang=\"DA\">\u00a0<\/span><\/p>\n<p><strong><span lang=\"DA\">D\u00e6kkende dekoration<\/span><\/strong><span lang=\"DA\">er et hvidt vinduesdekoration med digitaltrykt farve p\u00e5, som man ikke kan se igennem, idet materialet har et s\u00e5kaldt blockout-lag med gr\u00e5 nuance. Mat eller blankt beskyttelseslaminat er inkluderet i prisen, hvilket betyder, at den trykte vinyl, som I har k\u00f8bt, kan t\u00e5le fysisk slitage og fint kan vaskes og t\u00f8rres af.<\/span><\/p>\n<p><strong><span lang=\"DA\">Perforeret\/hullet dekoration\u00a0<\/span><\/strong><span lang=\"DA\">er et hvidt vinduesdekoration med sm\u00e5 huller. Det g\u00f8r, at man kan se ud fra indersiden gennem vinylen med en vis gr\u00e5tone, idet filmens bagside er sort. Fra ydersiden, hvor det trykte motiv er, kan man ikke se ind, men billedet tr\u00e6der frem. Denne perforerede hulvinyl slipper lys ind i lokalet. Den trykte farve er milj\u00f8venlig, og kvaliteten er den h\u00f8jeste, der findes. Mat eller blankt beskyttelseslaminat er inkluderet i prisen, hvilket betyder, at den trykte vinyl, som I har k\u00f8bt, kan t\u00e5le fysisk slitage og fint kan vaskes og t\u00f8rres af.<\/span><\/p>\n<p><span lang=\"DA\">Har I brug for andre vinyler eller klisterm\u00e6rker, har vi til alle milj\u00f8er og form\u00e5l,<span class=\"apple-converted-space\">\u00a0<\/span><\/span><span lang=\"DA\"><a href=\"https:\/\/www.gdirekt.se\/produkt-kategori\/dekaler-dekor-vinyl-klistermarken\/\"><b><i>klik her!<\/i><\/b><\/a><\/span><\/p>\n","protected":false},"excerpt":{"rendered":"<p><span lang=\"DA\">Vinduesdekoration og vinylfolie\u00a0bruger dig i butiksvinduer eller vinduer i kontorer. Bestil klisterm\u00e6rkerne i en hvilken som helst st\u00f8rrelse, og vi sender straks de udskrevne dekaler.<\/span><\/p>\n","protected":false},"featured_media":8331,"template":"","meta":{"_acf_changed":false},"product_brand":[],"product_cat":[369,356],"product_tag":[],"class_list":{"0":"post-10858","1":"product","2":"type-product","3":"status-publish","4":"has-post-thumbnail","6":"product_cat-klistermaerker-vinyl-og-folie","7":"product_cat-udendoersskilte-og-expo","8":"product_shipping_class-180sek","10":"first","11":"instock","12":"taxable","13":"shipping-taxable","14":"purchasable","15":"product-type-variable","16":"has-default-attributes"},"exclude_global_add_ons":[],"addons":[],"acf":[],"yoast_head":"<!-- This site is optimized with the Yoast SEO plugin v27.2 - https:\/\/yoast.com\/product\/yoast-seo-wordpress\/ -->\n<title>Vinduesdekoration og vinylfolie med trykt gennemsigtighed beskyttelse | Gdirekt.se<\/title>\n<meta name=\"description\" content=\"I kan anvende vinduesdekoration og vinylfolie p\u00e5 udstillingsvinduer eller kontorvinduer. Bestil klisterm\u00e6rkerne i valgfri st\u00f8rrelse. S\u00e5 sender vi de trykte vindusdekorer. Klisterm\u00e6rke kan k\u00f8bes som Window Graphic med hul i, s\u00e5 man kan se ud, men ikke ind, eller som d\u00e6kkende.\" \/>\n<meta name=\"robots\" content=\"index, follow, max-snippet:-1, max-image-preview:large, max-video-preview:-1\" \/>\n<link rel=\"canonical\" href=\"https:\/\/www.gdirekt.se\/da\/produkt\/vinduesdekoration-og-vinylfolie\/\" \/>\n<meta property=\"og:locale\" content=\"da_DK\" \/>\n<meta property=\"og:type\" content=\"article\" \/>\n<meta property=\"og:title\" content=\"Vinduesdekoration og vinylfolie med trykt gennemsigtighed beskyttelse | Gdirekt.se\" \/>\n<meta property=\"og:description\" content=\"I kan anvende vinduesdekoration og vinylfolie p\u00e5 udstillingsvinduer eller kontorvinduer. Bestil klisterm\u00e6rkerne i valgfri st\u00f8rrelse. S\u00e5 sender vi de trykte vindusdekorer. Klisterm\u00e6rke kan k\u00f8bes som Window Graphic med hul i, s\u00e5 man kan se ud, men ikke ind, eller som d\u00e6kkende.\" \/>\n<meta property=\"og:url\" content=\"https:\/\/www.gdirekt.se\/da\/produkt\/vinduesdekoration-og-vinylfolie\/\" \/>\n<meta property=\"og:site_name\" content=\"Gdirekt.se\" \/>\n<meta property=\"article:modified_time\" content=\"2019-03-20T15:39:28+00:00\" \/>\n<meta property=\"og:image\" content=\"https:\/\/www.gdirekt.se\/wp-content\/uploads\/Fonsterdekal.png\" \/>\n\t<meta property=\"og:image:width\" content=\"1000\" \/>\n\t<meta property=\"og:image:height\" content=\"1000\" \/>\n\t<meta property=\"og:image:type\" content=\"image\/png\" \/>\n<meta name=\"twitter:card\" content=\"summary_large_image\" \/>\n<meta name=\"twitter:label1\" content=\"Estimeret l\u00e6setid\" \/>\n\t<meta name=\"twitter:data1\" content=\"1 minut\" \/>\n<script type=\"application\/ld+json\" class=\"yoast-schema-graph\">{\"@context\":\"https:\/\/schema.org\",\"@graph\":[{\"@type\":\"WebPage\",\"@id\":\"https:\/\/www.gdirekt.se\/da\/produkt\/vinduesdekoration-og-vinylfolie\/\",\"url\":\"https:\/\/www.gdirekt.se\/da\/produkt\/vinduesdekoration-og-vinylfolie\/\",\"name\":\"Vinduesdekoration og vinylfolie med trykt gennemsigtighed beskyttelse | Gdirekt.se\",\"isPartOf\":{\"@id\":\"https:\/\/www.gdirekt.se\/#website\"},\"primaryImageOfPage\":{\"@id\":\"https:\/\/www.gdirekt.se\/da\/produkt\/vinduesdekoration-og-vinylfolie\/#primaryimage\"},\"image\":{\"@id\":\"https:\/\/www.gdirekt.se\/da\/produkt\/vinduesdekoration-og-vinylfolie\/#primaryimage\"},\"thumbnailUrl\":\"https:\/\/www.gdirekt.se\/wp-content\/uploads\/Fonsterdekal.png\",\"datePublished\":\"2016-12-23T08:06:17+00:00\",\"dateModified\":\"2019-03-20T15:39:28+00:00\",\"description\":\"I kan anvende vinduesdekoration og vinylfolie p\u00e5 udstillingsvinduer eller kontorvinduer. Bestil klisterm\u00e6rkerne i valgfri st\u00f8rrelse. S\u00e5 sender vi de trykte vindusdekorer. Klisterm\u00e6rke kan k\u00f8bes som Window Graphic med hul i, s\u00e5 man kan se ud, men ikke ind, eller som d\u00e6kkende.\",\"breadcrumb\":{\"@id\":\"https:\/\/www.gdirekt.se\/da\/produkt\/vinduesdekoration-og-vinylfolie\/#breadcrumb\"},\"inLanguage\":\"da-DK\",\"potentialAction\":[{\"@type\":\"ReadAction\",\"target\":[\"https:\/\/www.gdirekt.se\/da\/produkt\/vinduesdekoration-og-vinylfolie\/\"]}]},{\"@type\":\"ImageObject\",\"inLanguage\":\"da-DK\",\"@id\":\"https:\/\/www.gdirekt.se\/da\/produkt\/vinduesdekoration-og-vinylfolie\/#primaryimage\",\"url\":\"https:\/\/www.gdirekt.se\/wp-content\/uploads\/Fonsterdekal.png\",\"contentUrl\":\"https:\/\/www.gdirekt.se\/wp-content\/uploads\/Fonsterdekal.png\",\"width\":1000,\"height\":1000,\"caption\":\"Trykt vinduesdekal af enhver st\u00f8rrelse\"},{\"@type\":\"BreadcrumbList\",\"@id\":\"https:\/\/www.gdirekt.se\/da\/produkt\/vinduesdekoration-og-vinylfolie\/#breadcrumb\",\"itemListElement\":[{\"@type\":\"ListItem\",\"position\":1,\"name\":\"Hem\",\"item\":\"https:\/\/www.gdirekt.se\/da\/\"},{\"@type\":\"ListItem\",\"position\":2,\"name\":\"Start\",\"item\":\"https:\/\/www.gdirekt.se\/da\/\"},{\"@type\":\"ListItem\",\"position\":3,\"name\":\"Vinduesdekoration og vinylfolie\"}]},{\"@type\":\"WebSite\",\"@id\":\"https:\/\/www.gdirekt.se\/#website\",\"url\":\"https:\/\/www.gdirekt.se\/\",\"name\":\"Gdirekt.se\",\"description\":\"Tryck snabbt \u00e5 l\u00e4tt = Gdirekt\",\"potentialAction\":[{\"@type\":\"SearchAction\",\"target\":{\"@type\":\"EntryPoint\",\"urlTemplate\":\"https:\/\/www.gdirekt.se\/?s={search_term_string}\"},\"query-input\":{\"@type\":\"PropertyValueSpecification\",\"valueRequired\":true,\"valueName\":\"search_term_string\"}}],\"inLanguage\":\"da-DK\"}]}<\/script>\n<!-- \/ Yoast SEO plugin. -->","yoast_head_json":{"title":"Vinduesdekoration og vinylfolie med trykt gennemsigtighed beskyttelse | Gdirekt.se","description":"I kan anvende vinduesdekoration og vinylfolie p\u00e5 udstillingsvinduer eller kontorvinduer. Bestil klisterm\u00e6rkerne i valgfri st\u00f8rrelse. S\u00e5 sender vi de trykte vindusdekorer. Klisterm\u00e6rke kan k\u00f8bes som Window Graphic med hul i, s\u00e5 man kan se ud, men ikke ind, eller som d\u00e6kkende.","robots":{"index":"index","follow":"follow","max-snippet":"max-snippet:-1","max-image-preview":"max-image-preview:large","max-video-preview":"max-video-preview:-1"},"canonical":"https:\/\/www.gdirekt.se\/da\/produkt\/vinduesdekoration-og-vinylfolie\/","og_locale":"da_DK","og_type":"article","og_title":"Vinduesdekoration og vinylfolie med trykt gennemsigtighed beskyttelse | Gdirekt.se","og_description":"I kan anvende vinduesdekoration og vinylfolie p\u00e5 udstillingsvinduer eller kontorvinduer. Bestil klisterm\u00e6rkerne i valgfri st\u00f8rrelse. S\u00e5 sender vi de trykte vindusdekorer. Klisterm\u00e6rke kan k\u00f8bes som Window Graphic med hul i, s\u00e5 man kan se ud, men ikke ind, eller som d\u00e6kkende.","og_url":"https:\/\/www.gdirekt.se\/da\/produkt\/vinduesdekoration-og-vinylfolie\/","og_site_name":"Gdirekt.se","article_modified_time":"2019-03-20T15:39:28+00:00","og_image":[{"width":1000,"height":1000,"url":"https:\/\/www.gdirekt.se\/wp-content\/uploads\/Fonsterdekal.png","type":"image\/png"}],"twitter_card":"summary_large_image","twitter_misc":{"Estimeret l\u00e6setid":"1 minut"},"schema":{"@context":"https:\/\/schema.org","@graph":[{"@type":"WebPage","@id":"https:\/\/www.gdirekt.se\/da\/produkt\/vinduesdekoration-og-vinylfolie\/","url":"https:\/\/www.gdirekt.se\/da\/produkt\/vinduesdekoration-og-vinylfolie\/","name":"Vinduesdekoration og vinylfolie med trykt gennemsigtighed beskyttelse | Gdirekt.se","isPartOf":{"@id":"https:\/\/www.gdirekt.se\/#website"},"primaryImageOfPage":{"@id":"https:\/\/www.gdirekt.se\/da\/produkt\/vinduesdekoration-og-vinylfolie\/#primaryimage"},"image":{"@id":"https:\/\/www.gdirekt.se\/da\/produkt\/vinduesdekoration-og-vinylfolie\/#primaryimage"},"thumbnailUrl":"https:\/\/www.gdirekt.se\/wp-content\/uploads\/Fonsterdekal.png","datePublished":"2016-12-23T08:06:17+00:00","dateModified":"2019-03-20T15:39:28+00:00","description":"I kan anvende vinduesdekoration og vinylfolie p\u00e5 udstillingsvinduer eller kontorvinduer. Bestil klisterm\u00e6rkerne i valgfri st\u00f8rrelse. S\u00e5 sender vi de trykte vindusdekorer. Klisterm\u00e6rke kan k\u00f8bes som Window Graphic med hul i, s\u00e5 man kan se ud, men ikke ind, eller som d\u00e6kkende.","breadcrumb":{"@id":"https:\/\/www.gdirekt.se\/da\/produkt\/vinduesdekoration-og-vinylfolie\/#breadcrumb"},"inLanguage":"da-DK","potentialAction":[{"@type":"ReadAction","target":["https:\/\/www.gdirekt.se\/da\/produkt\/vinduesdekoration-og-vinylfolie\/"]}]},{"@type":"ImageObject","inLanguage":"da-DK","@id":"https:\/\/www.gdirekt.se\/da\/produkt\/vinduesdekoration-og-vinylfolie\/#primaryimage","url":"https:\/\/www.gdirekt.se\/wp-content\/uploads\/Fonsterdekal.png","contentUrl":"https:\/\/www.gdirekt.se\/wp-content\/uploads\/Fonsterdekal.png","width":1000,"height":1000,"caption":"Trykt vinduesdekal af enhver st\u00f8rrelse"},{"@type":"BreadcrumbList","@id":"https:\/\/www.gdirekt.se\/da\/produkt\/vinduesdekoration-og-vinylfolie\/#breadcrumb","itemListElement":[{"@type":"ListItem","position":1,"name":"Hem","item":"https:\/\/www.gdirekt.se\/da\/"},{"@type":"ListItem","position":2,"name":"Start","item":"https:\/\/www.gdirekt.se\/da\/"},{"@type":"ListItem","position":3,"name":"Vinduesdekoration og vinylfolie"}]},{"@type":"WebSite","@id":"https:\/\/www.gdirekt.se\/#website","url":"https:\/\/www.gdirekt.se\/","name":"Gdirekt.se","description":"Tryck snabbt \u00e5 l\u00e4tt = Gdirekt","potentialAction":[{"@type":"SearchAction","target":{"@type":"EntryPoint","urlTemplate":"https:\/\/www.gdirekt.se\/?s={search_term_string}"},"query-input":{"@type":"PropertyValueSpecification","valueRequired":true,"valueName":"search_term_string"}}],"inLanguage":"da-DK"}]}},"_links":{"self":[{"href":"https:\/\/www.gdirekt.se\/da\/wp-json\/wp\/v2\/product\/10858","targetHints":{"allow":["GET"]}}],"collection":[{"href":"https:\/\/www.gdirekt.se\/da\/wp-json\/wp\/v2\/product"}],"about":[{"href":"https:\/\/www.gdirekt.se\/da\/wp-json\/wp\/v2\/types\/product"}],"wp:featuredmedia":[{"embeddable":true,"href":"https:\/\/www.gdirekt.se\/da\/wp-json\/wp\/v2\/media\/8331"}],"wp:attachment":[{"href":"https:\/\/www.gdirekt.se\/da\/wp-json\/wp\/v2\/media?parent=10858"}],"wp:term":[{"taxonomy":"product_brand","embeddable":true,"href":"https:\/\/www.gdirekt.se\/da\/wp-json\/wp\/v2\/product_brand?post=10858"},{"taxonomy":"product_cat","embeddable":true,"href":"https:\/\/www.gdirekt.se\/da\/wp-json\/wp\/v2\/product_cat?post=10858"},{"taxonomy":"product_tag","embeddable":true,"href":"https:\/\/www.gdirekt.se\/da\/wp-json\/wp\/v2\/product_tag?post=10858"}],"curies":[{"name":"wp","href":"https:\/\/api.w.org\/{rel}","templated":true}]}}