{"id":10850,"date":"2017-05-26T09:33:40","date_gmt":"2017-05-26T07:33:40","guid":{"rendered":"http:\/\/gdirekt.hamstage.hamrenmedia.se\/produkt\/heltackande-vaggdekor-och-vaggfolie\/"},"modified":"2019-01-22T18:19:54","modified_gmt":"2019-01-22T17:19:54","slug":"heldaekkende-vaegdekoration-og-vaegfolie","status":"publish","type":"product","link":"https:\/\/www.gdirekt.se\/da\/produkt\/heldaekkende-vaegdekoration-og-vaegfolie\/","title":{"rendered":"Held\u00e6kkende v\u00e6gdekoration og v\u00e6gfolie"},"content":{"rendered":"<p><span lang=\"DA\">Held\u00e6kkende v\u00e6gdekoration og v\u00e6gfolie er klisterm\u00e6rker, som man s\u00e6tter op p\u00e5 v\u00e6ggen. Vi har mange \u00e5rs erfaring med overf\u00f8ringsbilleder med kl\u00e6bestof til v\u00e6gge. Gdirekt har billige priser, s\u00e5 du er havnet det rigtige sted p\u00e5 nettet. Vi har overf\u00f8ringsbilleder eller klisterm\u00e6rker, der sidder godt, til v\u00e6gge i hjemmet og p\u00e5 kontoret samt andre lokaler s\u00e5som ventev\u00e6relser. V\u00e6lg mellem blankt eller mat beskyttelseslaminat. Mat er mest almindeligt, idet farven p\u00e5 v\u00e6ggen oftest er noget mat. Sp\u00f8rg os, hvis I har sp\u00f8rgsm\u00e5l om v\u00e6gdekorationer til indretningen.<\/span><\/p>\n<p><span lang=\"DA\">Vi leverer de held\u00e6kkende v\u00e6gdekorationer i bredder op til 150 cm brede ruller. Hvis det er store v\u00e6gge, der skal bekl\u00e6des med folie, er det mest almindeligt, at vi leverer de trykte baner med v\u00e6gfolie med et overlap p\u00e5 en centimeter.<\/span><\/p>\n<p><strong><span lang=\"DA\">Monteringsanvisning\u00a0til held\u00e6kkende v\u00e6gdekoration og v\u00e6gfolie<\/span><\/strong><\/p>\n<p><span lang=\"DA\">1. N\u00e5r du har k\u00f8bt v\u00e6gdekoration og skal montere den p\u00e5 v\u00e6ggen p\u00e5 kontoret eller i hjemmet, er det vigtigt, at overfladen er ren og t\u00f8r.<\/span><\/p>\n<p><span lang=\"DA\">2. Derefter m\u00e5ler og s\u00f8rger du for, at v\u00e6gvinylen fastg\u00f8res lige eller p\u00e5 rette sted.<\/span><\/p>\n<p><span lang=\"DA\">3. Du kan b\u00f8je nogle centimeter af bagsiden\/bagstykket til siden og fastg\u00f8re det p\u00e5 v\u00e6ggen eller bruge en smule tape.<\/span><\/p>\n<p><span lang=\"DA\">5. Derefter begynder du fra den side, du b\u00f8jede uden bagsiden\/arket og tr\u00e6kker bagsiden langsomt v\u00e6k, og derefter stryges v\u00e6gdekorationen p\u00e5, hvor den skal sidde.<span class=\"apple-converted-space\">\u00a0<\/span><\/span><span lang=\"DA\"><a href=\"https:\/\/www.gdirekt.se\/butik\/dekaler-dekor-vinyl-klistermarken\/vinylskrapa-med-filt\/\"><i>K\u00f8b en vinylskraber med filt,<\/i><\/a><\/span><span lang=\"DA\">s\u00e5 er det meget lettere.<\/span><\/p>\n<p><span lang=\"DA\">6. N\u00e5r hele arket er fastgjort p\u00e5 v\u00e6ggen, gnider du endnu en gang hen over overf\u00f8ringsbilledet, s\u00e5 det sidder godt fast.<\/span><\/p>\n<p><span lang=\"DA\">\u00a0<\/span><\/p>\n<p><span lang=\"DA\">Er det et st\u00f8rre antal til en virksomhed, hotel eller offentligt rum, som skal indrettes med held\u00e6kkende v\u00e6gdekorationer, er det lettest, at du kontakter os. S\u00e5 giver vi dig et tilbud. Ring til os p\u00e5 +46 (0)11-251515, eller send os en e-mail p\u00e5<span class=\"apple-converted-space\">\u00a0<\/span><\/span><span lang=\"DA\"><a><i>info@gdirekt.se<\/i><\/a><\/span><\/p>\n<p><span lang=\"DA\">Har I brug for andre vinyler eller klisterm\u00e6rker, har vi til alle milj\u00f8er og form\u00e5l,<span class=\"apple-converted-space\">\u00a0<\/span><\/span><span lang=\"DA\"><a href=\"https:\/\/www.gdirekt.se\/produkt-kategori\/dekaler-dekor-vinyl-klistermarken\/\"><i>klik her!<\/i><\/a><\/span><\/p>\n<p><span lang=\"DA\">I kan bestille held\u00e6kkende v\u00e6gdekorationer og v\u00e6gfolie til kontoret, sovev\u00e6relset, b\u00f8rnev\u00e6relset, ventev\u00e6relset, messer, butikscentre, skoler og butikker. Ja, i princippet til alle v\u00e6gge, hvor man vil have en dekoration med tekst eller billede. Vi kan lave rigtig store samt sm\u00e5 overf\u00f8ringsbilleder.<\/span><\/p>\n","protected":false},"excerpt":{"rendered":"<p>Held\u00e6kkende v\u00e6gdekoration og v\u00e6gfolie er klisterm\u00e6rker til at s\u00e6tte p\u00e5 v\u00e6ggen. Klisterm\u00e6rkerne passer til v\u00e6gge, hjemme og kontorer. Leveres med beskyttende laminat, v\u00e6lges mat eller blankt. Kontakt os, hvis du vil have svar p\u00e5 sp\u00f8rgsm\u00e5l om v\u00e6gdekaler til interi\u00f8ret. V\u00e6lg din egen st\u00f8rrelse nedenfor.<\/p>\n","protected":false},"featured_media":8745,"template":"","meta":{"_acf_changed":false},"product_brand":[],"product_cat":[369],"product_tag":[],"class_list":{"0":"post-10850","1":"product","2":"type-product","3":"status-publish","4":"has-post-thumbnail","6":"product_cat-klistermaerker-vinyl-og-folie","7":"product_shipping_class-180sek","9":"first","10":"instock","11":"taxable","12":"shipping-taxable","13":"purchasable","14":"product-type-variable","15":"has-default-attributes"},"exclude_global_add_ons":[],"addons":[],"acf":[],"yoast_head":"<!-- This site is optimized with the Yoast SEO plugin v27.2 - https:\/\/yoast.com\/product\/yoast-seo-wordpress\/ -->\n<title>Held\u00e6kkende v\u00e6gdekoration og v\u00e6gfolie. Bestil med lav pris | Gdirekt.se<\/title>\n<meta name=\"description\" content=\"Held\u00e6kkende v\u00e6gdekoration og v\u00e6gfolie til billig pris. Overf\u00f8ringsbillederne og klisterm\u00e6rkerne sidder godt fast. K\u00f8b overf\u00f8ringsbillede, som klistres p\u00e5 v\u00e6g, med hurtig levering direkte fra trykkeriet. Bestil flotte billeder, og bekl\u00e6d v\u00e6ggen med folie af fotos, som har en beskyttelsesfilm mod slitage.\" \/>\n<meta name=\"robots\" content=\"index, follow, max-snippet:-1, max-image-preview:large, max-video-preview:-1\" \/>\n<link rel=\"canonical\" href=\"https:\/\/www.gdirekt.se\/da\/produkt\/heldaekkende-vaegdekoration-og-vaegfolie\/\" \/>\n<meta property=\"og:locale\" content=\"da_DK\" \/>\n<meta property=\"og:type\" content=\"article\" \/>\n<meta property=\"og:title\" content=\"Held\u00e6kkende v\u00e6gdekoration og v\u00e6gfolie. Bestil med lav pris | Gdirekt.se\" \/>\n<meta property=\"og:description\" content=\"Held\u00e6kkende v\u00e6gdekoration og v\u00e6gfolie til billig pris. Overf\u00f8ringsbillederne og klisterm\u00e6rkerne sidder godt fast. K\u00f8b overf\u00f8ringsbillede, som klistres p\u00e5 v\u00e6g, med hurtig levering direkte fra trykkeriet. Bestil flotte billeder, og bekl\u00e6d v\u00e6ggen med folie af fotos, som har en beskyttelsesfilm mod slitage.\" \/>\n<meta property=\"og:url\" content=\"https:\/\/www.gdirekt.se\/da\/produkt\/heldaekkende-vaegdekoration-og-vaegfolie\/\" \/>\n<meta property=\"og:site_name\" content=\"Gdirekt.se\" \/>\n<meta property=\"article:modified_time\" content=\"2019-01-22T17:19:54+00:00\" \/>\n<meta property=\"og:image\" content=\"https:\/\/www.gdirekt.se\/wp-content\/uploads\/vaggdekor.png\" \/>\n\t<meta property=\"og:image:width\" content=\"1000\" \/>\n\t<meta property=\"og:image:height\" content=\"1000\" \/>\n\t<meta property=\"og:image:type\" content=\"image\/png\" \/>\n<meta name=\"twitter:card\" content=\"summary_large_image\" \/>\n<meta name=\"twitter:label1\" content=\"Estimeret l\u00e6setid\" \/>\n\t<meta name=\"twitter:data1\" content=\"2 minutter\" \/>\n<script type=\"application\/ld+json\" class=\"yoast-schema-graph\">{\"@context\":\"https:\/\/schema.org\",\"@graph\":[{\"@type\":\"WebPage\",\"@id\":\"https:\/\/www.gdirekt.se\/da\/produkt\/heldaekkende-vaegdekoration-og-vaegfolie\/\",\"url\":\"https:\/\/www.gdirekt.se\/da\/produkt\/heldaekkende-vaegdekoration-og-vaegfolie\/\",\"name\":\"Held\u00e6kkende v\u00e6gdekoration og v\u00e6gfolie. Bestil med lav pris | Gdirekt.se\",\"isPartOf\":{\"@id\":\"https:\/\/www.gdirekt.se\/#website\"},\"primaryImageOfPage\":{\"@id\":\"https:\/\/www.gdirekt.se\/da\/produkt\/heldaekkende-vaegdekoration-og-vaegfolie\/#primaryimage\"},\"image\":{\"@id\":\"https:\/\/www.gdirekt.se\/da\/produkt\/heldaekkende-vaegdekoration-og-vaegfolie\/#primaryimage\"},\"thumbnailUrl\":\"https:\/\/www.gdirekt.se\/wp-content\/uploads\/vaggdekor.png\",\"datePublished\":\"2017-05-26T07:33:40+00:00\",\"dateModified\":\"2019-01-22T17:19:54+00:00\",\"description\":\"Held\u00e6kkende v\u00e6gdekoration og v\u00e6gfolie til billig pris. Overf\u00f8ringsbillederne og klisterm\u00e6rkerne sidder godt fast. K\u00f8b overf\u00f8ringsbillede, som klistres p\u00e5 v\u00e6g, med hurtig levering direkte fra trykkeriet. Bestil flotte billeder, og bekl\u00e6d v\u00e6ggen med folie af fotos, som har en beskyttelsesfilm mod slitage.\",\"breadcrumb\":{\"@id\":\"https:\/\/www.gdirekt.se\/da\/produkt\/heldaekkende-vaegdekoration-og-vaegfolie\/#breadcrumb\"},\"inLanguage\":\"da-DK\",\"potentialAction\":[{\"@type\":\"ReadAction\",\"target\":[\"https:\/\/www.gdirekt.se\/da\/produkt\/heldaekkende-vaegdekoration-og-vaegfolie\/\"]}]},{\"@type\":\"ImageObject\",\"inLanguage\":\"da-DK\",\"@id\":\"https:\/\/www.gdirekt.se\/da\/produkt\/heldaekkende-vaegdekoration-og-vaegfolie\/#primaryimage\",\"url\":\"https:\/\/www.gdirekt.se\/wp-content\/uploads\/vaggdekor.png\",\"contentUrl\":\"https:\/\/www.gdirekt.se\/wp-content\/uploads\/vaggdekor.png\",\"width\":1000,\"height\":1000,\"caption\":\"Held\u00e6kkende v\u00e6gvinyl til v\u00e6gge\"},{\"@type\":\"BreadcrumbList\",\"@id\":\"https:\/\/www.gdirekt.se\/da\/produkt\/heldaekkende-vaegdekoration-og-vaegfolie\/#breadcrumb\",\"itemListElement\":[{\"@type\":\"ListItem\",\"position\":1,\"name\":\"Hem\",\"item\":\"https:\/\/www.gdirekt.se\/da\/\"},{\"@type\":\"ListItem\",\"position\":2,\"name\":\"Start\",\"item\":\"https:\/\/www.gdirekt.se\/da\/\"},{\"@type\":\"ListItem\",\"position\":3,\"name\":\"Held\u00e6kkende v\u00e6gdekoration og v\u00e6gfolie\"}]},{\"@type\":\"WebSite\",\"@id\":\"https:\/\/www.gdirekt.se\/#website\",\"url\":\"https:\/\/www.gdirekt.se\/\",\"name\":\"Gdirekt.se\",\"description\":\"Tryck snabbt \u00e5 l\u00e4tt = Gdirekt\",\"potentialAction\":[{\"@type\":\"SearchAction\",\"target\":{\"@type\":\"EntryPoint\",\"urlTemplate\":\"https:\/\/www.gdirekt.se\/?s={search_term_string}\"},\"query-input\":{\"@type\":\"PropertyValueSpecification\",\"valueRequired\":true,\"valueName\":\"search_term_string\"}}],\"inLanguage\":\"da-DK\"}]}<\/script>\n<!-- \/ Yoast SEO plugin. -->","yoast_head_json":{"title":"Held\u00e6kkende v\u00e6gdekoration og v\u00e6gfolie. Bestil med lav pris | Gdirekt.se","description":"Held\u00e6kkende v\u00e6gdekoration og v\u00e6gfolie til billig pris. Overf\u00f8ringsbillederne og klisterm\u00e6rkerne sidder godt fast. K\u00f8b overf\u00f8ringsbillede, som klistres p\u00e5 v\u00e6g, med hurtig levering direkte fra trykkeriet. Bestil flotte billeder, og bekl\u00e6d v\u00e6ggen med folie af fotos, som har en beskyttelsesfilm mod slitage.","robots":{"index":"index","follow":"follow","max-snippet":"max-snippet:-1","max-image-preview":"max-image-preview:large","max-video-preview":"max-video-preview:-1"},"canonical":"https:\/\/www.gdirekt.se\/da\/produkt\/heldaekkende-vaegdekoration-og-vaegfolie\/","og_locale":"da_DK","og_type":"article","og_title":"Held\u00e6kkende v\u00e6gdekoration og v\u00e6gfolie. Bestil med lav pris | Gdirekt.se","og_description":"Held\u00e6kkende v\u00e6gdekoration og v\u00e6gfolie til billig pris. Overf\u00f8ringsbillederne og klisterm\u00e6rkerne sidder godt fast. K\u00f8b overf\u00f8ringsbillede, som klistres p\u00e5 v\u00e6g, med hurtig levering direkte fra trykkeriet. Bestil flotte billeder, og bekl\u00e6d v\u00e6ggen med folie af fotos, som har en beskyttelsesfilm mod slitage.","og_url":"https:\/\/www.gdirekt.se\/da\/produkt\/heldaekkende-vaegdekoration-og-vaegfolie\/","og_site_name":"Gdirekt.se","article_modified_time":"2019-01-22T17:19:54+00:00","og_image":[{"width":1000,"height":1000,"url":"https:\/\/www.gdirekt.se\/wp-content\/uploads\/vaggdekor.png","type":"image\/png"}],"twitter_card":"summary_large_image","twitter_misc":{"Estimeret l\u00e6setid":"2 minutter"},"schema":{"@context":"https:\/\/schema.org","@graph":[{"@type":"WebPage","@id":"https:\/\/www.gdirekt.se\/da\/produkt\/heldaekkende-vaegdekoration-og-vaegfolie\/","url":"https:\/\/www.gdirekt.se\/da\/produkt\/heldaekkende-vaegdekoration-og-vaegfolie\/","name":"Held\u00e6kkende v\u00e6gdekoration og v\u00e6gfolie. Bestil med lav pris | Gdirekt.se","isPartOf":{"@id":"https:\/\/www.gdirekt.se\/#website"},"primaryImageOfPage":{"@id":"https:\/\/www.gdirekt.se\/da\/produkt\/heldaekkende-vaegdekoration-og-vaegfolie\/#primaryimage"},"image":{"@id":"https:\/\/www.gdirekt.se\/da\/produkt\/heldaekkende-vaegdekoration-og-vaegfolie\/#primaryimage"},"thumbnailUrl":"https:\/\/www.gdirekt.se\/wp-content\/uploads\/vaggdekor.png","datePublished":"2017-05-26T07:33:40+00:00","dateModified":"2019-01-22T17:19:54+00:00","description":"Held\u00e6kkende v\u00e6gdekoration og v\u00e6gfolie til billig pris. Overf\u00f8ringsbillederne og klisterm\u00e6rkerne sidder godt fast. K\u00f8b overf\u00f8ringsbillede, som klistres p\u00e5 v\u00e6g, med hurtig levering direkte fra trykkeriet. Bestil flotte billeder, og bekl\u00e6d v\u00e6ggen med folie af fotos, som har en beskyttelsesfilm mod slitage.","breadcrumb":{"@id":"https:\/\/www.gdirekt.se\/da\/produkt\/heldaekkende-vaegdekoration-og-vaegfolie\/#breadcrumb"},"inLanguage":"da-DK","potentialAction":[{"@type":"ReadAction","target":["https:\/\/www.gdirekt.se\/da\/produkt\/heldaekkende-vaegdekoration-og-vaegfolie\/"]}]},{"@type":"ImageObject","inLanguage":"da-DK","@id":"https:\/\/www.gdirekt.se\/da\/produkt\/heldaekkende-vaegdekoration-og-vaegfolie\/#primaryimage","url":"https:\/\/www.gdirekt.se\/wp-content\/uploads\/vaggdekor.png","contentUrl":"https:\/\/www.gdirekt.se\/wp-content\/uploads\/vaggdekor.png","width":1000,"height":1000,"caption":"Held\u00e6kkende v\u00e6gvinyl til v\u00e6gge"},{"@type":"BreadcrumbList","@id":"https:\/\/www.gdirekt.se\/da\/produkt\/heldaekkende-vaegdekoration-og-vaegfolie\/#breadcrumb","itemListElement":[{"@type":"ListItem","position":1,"name":"Hem","item":"https:\/\/www.gdirekt.se\/da\/"},{"@type":"ListItem","position":2,"name":"Start","item":"https:\/\/www.gdirekt.se\/da\/"},{"@type":"ListItem","position":3,"name":"Held\u00e6kkende v\u00e6gdekoration og v\u00e6gfolie"}]},{"@type":"WebSite","@id":"https:\/\/www.gdirekt.se\/#website","url":"https:\/\/www.gdirekt.se\/","name":"Gdirekt.se","description":"Tryck snabbt \u00e5 l\u00e4tt = Gdirekt","potentialAction":[{"@type":"SearchAction","target":{"@type":"EntryPoint","urlTemplate":"https:\/\/www.gdirekt.se\/?s={search_term_string}"},"query-input":{"@type":"PropertyValueSpecification","valueRequired":true,"valueName":"search_term_string"}}],"inLanguage":"da-DK"}]}},"_links":{"self":[{"href":"https:\/\/www.gdirekt.se\/da\/wp-json\/wp\/v2\/product\/10850","targetHints":{"allow":["GET"]}}],"collection":[{"href":"https:\/\/www.gdirekt.se\/da\/wp-json\/wp\/v2\/product"}],"about":[{"href":"https:\/\/www.gdirekt.se\/da\/wp-json\/wp\/v2\/types\/product"}],"wp:featuredmedia":[{"embeddable":true,"href":"https:\/\/www.gdirekt.se\/da\/wp-json\/wp\/v2\/media\/8745"}],"wp:attachment":[{"href":"https:\/\/www.gdirekt.se\/da\/wp-json\/wp\/v2\/media?parent=10850"}],"wp:term":[{"taxonomy":"product_brand","embeddable":true,"href":"https:\/\/www.gdirekt.se\/da\/wp-json\/wp\/v2\/product_brand?post=10850"},{"taxonomy":"product_cat","embeddable":true,"href":"https:\/\/www.gdirekt.se\/da\/wp-json\/wp\/v2\/product_cat?post=10850"},{"taxonomy":"product_tag","embeddable":true,"href":"https:\/\/www.gdirekt.se\/da\/wp-json\/wp\/v2\/product_tag?post=10850"}],"curies":[{"name":"wp","href":"https:\/\/api.w.org\/{rel}","templated":true}]}}