{"id":10844,"date":"2016-12-23T16:03:00","date_gmt":"2016-12-23T15:03:00","guid":{"rendered":"http:\/\/gdirekt.hamstage.hamrenmedia.se\/produkt\/golvdekor-och-golvreklam\/"},"modified":"2019-03-20T16:35:46","modified_gmt":"2019-03-20T15:35:46","slug":"gulvdekoration-og-gulvreklame","status":"publish","type":"product","link":"https:\/\/www.gdirekt.se\/da\/produkt\/gulvdekoration-og-gulvreklame\/","title":{"rendered":"Gulvdekoration og gulvreklame"},"content":{"rendered":"<p><span lang=\"DA\">Gulvdekoration og gulvreklame produceres med milj\u00f8venlig farve p\u00e5 vores trykkeri. Vi laminerer alle gulvoverf\u00f8ringsbilleder med en kraftig glidebeskyttelse, som ogs\u00e5 beskytter mod slitage. Overfladen bliver mat, idet glidelaminatet har et struktureret m\u00f8nster, som g\u00f8r, at overf\u00f8ringsbillederne ikke bliver glatte. Det\u00a0kan fint anvendes i butikker, indgangspartier, p\u00e5 messer og i butikscentre for at pr\u00e6sentere budskaber og tilbud. Der kan k\u00f8bes alle forskellige st\u00f8rrelser fra sm\u00e5 kontursk\u00e5rne figurer og cirkler til k\u00e6mpestore, som skal d\u00e6kke hele gulvet med tekst og fotografiske billeder. Vi har stor erfaring med klisterm\u00e6rkeoverf\u00f8ringsbilleder og ved, hvad der skal bruges.<\/span><\/p>\n<h3><span lang=\"DA\">Montering af gulvdekoration og gulvreklame<\/span><\/h3>\n<p><span lang=\"DA\">Det er forholdsvist let at montere gulvdekorationer, hvis man er lidt fingernem. Det allervigtigste for, at de skal sidde s\u00e5 godt som muligt, er, at overfladen skal v\u00e6re s\u00e5 ren som muligt. Det er lettest at anvende et godt reng\u00f8ringsmiddel til at skure eller t\u00f8rre gulvet af med. Derefter skal man vente til underlaget er fuldst\u00e6ndigt t\u00f8rt.<\/span><\/p>\n<p><span lang=\"DA\">Vi trykker disse gulvoverf\u00f8ringsbilleder i h\u00f8jeste trykkvalitet i alle farver med fotokvalitet. De trykte overf\u00f8ringsbilleder har en h\u00f8j opl\u00f8sning. N\u00e5r du k\u00f8ber gulvreklame hos www.gdirekt.se, bliver du med garanti tilfreds. Gulvdekorationen holder normalt flere m\u00e5neder p\u00e5 butikssteder. De slides hurtigere n\u00e6rmere indgangen til butikken. I kan altid sende en e-mail eller ringe til vores venlige personale. Hvis der er noget, vi er gode til, s\u00e5 er det service, og m\u00e5let er altid at have tilfredse kunder. Vores kundeforhold bygger p\u00e5 tillid, og I kan stole p\u00e5, at vi leverer. Vi sender nemlig alle vores pakker med sporbar transport, som vi kan f\u00f8lge. Vi siger, at transporten inden for Danmark tager 2-3 dage, men over 90 % af alle pakker, som vi sender, kommer frem allerede dagen efter. S\u00e5 hvis det haster at bestille gulvdekoration og gulvreklamer, er I havnet det helt rigtige sted.<\/span><\/p>\n<p><span lang=\"DA\">Har I brug for andre vinyler eller klisterm\u00e6rker, har vi til alle milj\u00f8er og form\u00e5l,<span class=\"apple-converted-space\">\u00a0<\/span><\/span><span lang=\"DA\"><a href=\"https:\/\/www.gdirekt.se\/da\/produkt-kategori\/klistermaerker-vinyl-og-folie\/\"><b><i>klik her!<\/i><\/b><\/a><\/span><\/p>\n","protected":false},"excerpt":{"rendered":"<p>Gulvdekoration og gulvreklame leverer vi i bedste og mest holdbare kvalitet med beskyttende laminat. Bruges hyppigt i butikker og indk\u00f8bscentre. Bestil klisterm\u00e6rkerne i enhver st\u00f8rrelse.<\/p>\n","protected":false},"featured_media":8338,"template":"","meta":{"_acf_changed":false},"product_brand":[],"product_cat":[369],"product_tag":[],"class_list":{"0":"post-10844","1":"product","2":"type-product","3":"status-publish","4":"has-post-thumbnail","6":"product_cat-klistermaerker-vinyl-og-folie","7":"product_shipping_class-180sek","9":"first","10":"instock","11":"taxable","12":"shipping-taxable","13":"purchasable","14":"product-type-variable","15":"has-default-attributes"},"exclude_global_add_ons":[],"addons":[],"acf":[],"yoast_head":"<!-- This site is optimized with the Yoast SEO plugin v27.2 - https:\/\/yoast.com\/product\/yoast-seo-wordpress\/ -->\n<title>Gulvdekoration og gulvreklame med trykt reklametekst | Gdirekt.se<\/title>\n<meta name=\"description\" content=\"I bestiller gulvdekoration og gulvreklame med hurtig levering. Vi laminerer gulvoverf\u00f8ringsbillederne med en slidst\u00e6rk glidebeskyttelse, som passer godt i butikker og butikscentre. Vores vinyl til gulv er godkendt og holder godt til vask og slitage. Eget tryk i farve er inkluderet i prisen\" \/>\n<meta name=\"robots\" content=\"index, follow, max-snippet:-1, max-image-preview:large, max-video-preview:-1\" \/>\n<link rel=\"canonical\" href=\"https:\/\/www.gdirekt.se\/da\/produkt\/gulvdekoration-og-gulvreklame\/\" \/>\n<meta property=\"og:locale\" content=\"da_DK\" \/>\n<meta property=\"og:type\" content=\"article\" \/>\n<meta property=\"og:title\" content=\"Gulvdekoration og gulvreklame med trykt reklametekst | Gdirekt.se\" \/>\n<meta property=\"og:description\" content=\"I bestiller gulvdekoration og gulvreklame med hurtig levering. Vi laminerer gulvoverf\u00f8ringsbillederne med en slidst\u00e6rk glidebeskyttelse, som passer godt i butikker og butikscentre. Vores vinyl til gulv er godkendt og holder godt til vask og slitage. Eget tryk i farve er inkluderet i prisen\" \/>\n<meta property=\"og:url\" content=\"https:\/\/www.gdirekt.se\/da\/produkt\/gulvdekoration-og-gulvreklame\/\" \/>\n<meta property=\"og:site_name\" content=\"Gdirekt.se\" \/>\n<meta property=\"article:modified_time\" content=\"2019-03-20T15:35:46+00:00\" \/>\n<meta property=\"og:image\" content=\"https:\/\/www.gdirekt.se\/wp-content\/uploads\/golvdekor.png\" \/>\n\t<meta property=\"og:image:width\" content=\"1000\" \/>\n\t<meta property=\"og:image:height\" content=\"1000\" \/>\n\t<meta property=\"og:image:type\" content=\"image\/png\" \/>\n<meta name=\"twitter:card\" content=\"summary_large_image\" \/>\n<meta name=\"twitter:label1\" content=\"Estimeret l\u00e6setid\" \/>\n\t<meta name=\"twitter:data1\" content=\"2 minutter\" \/>\n<script type=\"application\/ld+json\" class=\"yoast-schema-graph\">{\"@context\":\"https:\/\/schema.org\",\"@graph\":[{\"@type\":\"WebPage\",\"@id\":\"https:\/\/www.gdirekt.se\/da\/produkt\/gulvdekoration-og-gulvreklame\/\",\"url\":\"https:\/\/www.gdirekt.se\/da\/produkt\/gulvdekoration-og-gulvreklame\/\",\"name\":\"Gulvdekoration og gulvreklame med trykt reklametekst | Gdirekt.se\",\"isPartOf\":{\"@id\":\"https:\/\/www.gdirekt.se\/#website\"},\"primaryImageOfPage\":{\"@id\":\"https:\/\/www.gdirekt.se\/da\/produkt\/gulvdekoration-og-gulvreklame\/#primaryimage\"},\"image\":{\"@id\":\"https:\/\/www.gdirekt.se\/da\/produkt\/gulvdekoration-og-gulvreklame\/#primaryimage\"},\"thumbnailUrl\":\"https:\/\/www.gdirekt.se\/wp-content\/uploads\/golvdekor.png\",\"datePublished\":\"2016-12-23T15:03:00+00:00\",\"dateModified\":\"2019-03-20T15:35:46+00:00\",\"description\":\"I bestiller gulvdekoration og gulvreklame med hurtig levering. Vi laminerer gulvoverf\u00f8ringsbillederne med en slidst\u00e6rk glidebeskyttelse, som passer godt i butikker og butikscentre. Vores vinyl til gulv er godkendt og holder godt til vask og slitage. Eget tryk i farve er inkluderet i prisen\",\"breadcrumb\":{\"@id\":\"https:\/\/www.gdirekt.se\/da\/produkt\/gulvdekoration-og-gulvreklame\/#breadcrumb\"},\"inLanguage\":\"da-DK\",\"potentialAction\":[{\"@type\":\"ReadAction\",\"target\":[\"https:\/\/www.gdirekt.se\/da\/produkt\/gulvdekoration-og-gulvreklame\/\"]}]},{\"@type\":\"ImageObject\",\"inLanguage\":\"da-DK\",\"@id\":\"https:\/\/www.gdirekt.se\/da\/produkt\/gulvdekoration-og-gulvreklame\/#primaryimage\",\"url\":\"https:\/\/www.gdirekt.se\/wp-content\/uploads\/golvdekor.png\",\"contentUrl\":\"https:\/\/www.gdirekt.se\/wp-content\/uploads\/golvdekor.png\",\"width\":1000,\"height\":1000,\"caption\":\"Gulvdekoration trykt med skridsikker beskyttelse\"},{\"@type\":\"BreadcrumbList\",\"@id\":\"https:\/\/www.gdirekt.se\/da\/produkt\/gulvdekoration-og-gulvreklame\/#breadcrumb\",\"itemListElement\":[{\"@type\":\"ListItem\",\"position\":1,\"name\":\"Hem\",\"item\":\"https:\/\/www.gdirekt.se\/da\/\"},{\"@type\":\"ListItem\",\"position\":2,\"name\":\"Start\",\"item\":\"https:\/\/www.gdirekt.se\/da\/\"},{\"@type\":\"ListItem\",\"position\":3,\"name\":\"Gulvdekoration og gulvreklame\"}]},{\"@type\":\"WebSite\",\"@id\":\"https:\/\/www.gdirekt.se\/#website\",\"url\":\"https:\/\/www.gdirekt.se\/\",\"name\":\"Gdirekt.se\",\"description\":\"Tryck snabbt \u00e5 l\u00e4tt = Gdirekt\",\"potentialAction\":[{\"@type\":\"SearchAction\",\"target\":{\"@type\":\"EntryPoint\",\"urlTemplate\":\"https:\/\/www.gdirekt.se\/?s={search_term_string}\"},\"query-input\":{\"@type\":\"PropertyValueSpecification\",\"valueRequired\":true,\"valueName\":\"search_term_string\"}}],\"inLanguage\":\"da-DK\"}]}<\/script>\n<!-- \/ Yoast SEO plugin. -->","yoast_head_json":{"title":"Gulvdekoration og gulvreklame med trykt reklametekst | Gdirekt.se","description":"I bestiller gulvdekoration og gulvreklame med hurtig levering. Vi laminerer gulvoverf\u00f8ringsbillederne med en slidst\u00e6rk glidebeskyttelse, som passer godt i butikker og butikscentre. Vores vinyl til gulv er godkendt og holder godt til vask og slitage. Eget tryk i farve er inkluderet i prisen","robots":{"index":"index","follow":"follow","max-snippet":"max-snippet:-1","max-image-preview":"max-image-preview:large","max-video-preview":"max-video-preview:-1"},"canonical":"https:\/\/www.gdirekt.se\/da\/produkt\/gulvdekoration-og-gulvreklame\/","og_locale":"da_DK","og_type":"article","og_title":"Gulvdekoration og gulvreklame med trykt reklametekst | Gdirekt.se","og_description":"I bestiller gulvdekoration og gulvreklame med hurtig levering. Vi laminerer gulvoverf\u00f8ringsbillederne med en slidst\u00e6rk glidebeskyttelse, som passer godt i butikker og butikscentre. Vores vinyl til gulv er godkendt og holder godt til vask og slitage. Eget tryk i farve er inkluderet i prisen","og_url":"https:\/\/www.gdirekt.se\/da\/produkt\/gulvdekoration-og-gulvreklame\/","og_site_name":"Gdirekt.se","article_modified_time":"2019-03-20T15:35:46+00:00","og_image":[{"width":1000,"height":1000,"url":"https:\/\/www.gdirekt.se\/wp-content\/uploads\/golvdekor.png","type":"image\/png"}],"twitter_card":"summary_large_image","twitter_misc":{"Estimeret l\u00e6setid":"2 minutter"},"schema":{"@context":"https:\/\/schema.org","@graph":[{"@type":"WebPage","@id":"https:\/\/www.gdirekt.se\/da\/produkt\/gulvdekoration-og-gulvreklame\/","url":"https:\/\/www.gdirekt.se\/da\/produkt\/gulvdekoration-og-gulvreklame\/","name":"Gulvdekoration og gulvreklame med trykt reklametekst | Gdirekt.se","isPartOf":{"@id":"https:\/\/www.gdirekt.se\/#website"},"primaryImageOfPage":{"@id":"https:\/\/www.gdirekt.se\/da\/produkt\/gulvdekoration-og-gulvreklame\/#primaryimage"},"image":{"@id":"https:\/\/www.gdirekt.se\/da\/produkt\/gulvdekoration-og-gulvreklame\/#primaryimage"},"thumbnailUrl":"https:\/\/www.gdirekt.se\/wp-content\/uploads\/golvdekor.png","datePublished":"2016-12-23T15:03:00+00:00","dateModified":"2019-03-20T15:35:46+00:00","description":"I bestiller gulvdekoration og gulvreklame med hurtig levering. Vi laminerer gulvoverf\u00f8ringsbillederne med en slidst\u00e6rk glidebeskyttelse, som passer godt i butikker og butikscentre. Vores vinyl til gulv er godkendt og holder godt til vask og slitage. Eget tryk i farve er inkluderet i prisen","breadcrumb":{"@id":"https:\/\/www.gdirekt.se\/da\/produkt\/gulvdekoration-og-gulvreklame\/#breadcrumb"},"inLanguage":"da-DK","potentialAction":[{"@type":"ReadAction","target":["https:\/\/www.gdirekt.se\/da\/produkt\/gulvdekoration-og-gulvreklame\/"]}]},{"@type":"ImageObject","inLanguage":"da-DK","@id":"https:\/\/www.gdirekt.se\/da\/produkt\/gulvdekoration-og-gulvreklame\/#primaryimage","url":"https:\/\/www.gdirekt.se\/wp-content\/uploads\/golvdekor.png","contentUrl":"https:\/\/www.gdirekt.se\/wp-content\/uploads\/golvdekor.png","width":1000,"height":1000,"caption":"Gulvdekoration trykt med skridsikker beskyttelse"},{"@type":"BreadcrumbList","@id":"https:\/\/www.gdirekt.se\/da\/produkt\/gulvdekoration-og-gulvreklame\/#breadcrumb","itemListElement":[{"@type":"ListItem","position":1,"name":"Hem","item":"https:\/\/www.gdirekt.se\/da\/"},{"@type":"ListItem","position":2,"name":"Start","item":"https:\/\/www.gdirekt.se\/da\/"},{"@type":"ListItem","position":3,"name":"Gulvdekoration og gulvreklame"}]},{"@type":"WebSite","@id":"https:\/\/www.gdirekt.se\/#website","url":"https:\/\/www.gdirekt.se\/","name":"Gdirekt.se","description":"Tryck snabbt \u00e5 l\u00e4tt = Gdirekt","potentialAction":[{"@type":"SearchAction","target":{"@type":"EntryPoint","urlTemplate":"https:\/\/www.gdirekt.se\/?s={search_term_string}"},"query-input":{"@type":"PropertyValueSpecification","valueRequired":true,"valueName":"search_term_string"}}],"inLanguage":"da-DK"}]}},"_links":{"self":[{"href":"https:\/\/www.gdirekt.se\/da\/wp-json\/wp\/v2\/product\/10844","targetHints":{"allow":["GET"]}}],"collection":[{"href":"https:\/\/www.gdirekt.se\/da\/wp-json\/wp\/v2\/product"}],"about":[{"href":"https:\/\/www.gdirekt.se\/da\/wp-json\/wp\/v2\/types\/product"}],"wp:featuredmedia":[{"embeddable":true,"href":"https:\/\/www.gdirekt.se\/da\/wp-json\/wp\/v2\/media\/8338"}],"wp:attachment":[{"href":"https:\/\/www.gdirekt.se\/da\/wp-json\/wp\/v2\/media?parent=10844"}],"wp:term":[{"taxonomy":"product_brand","embeddable":true,"href":"https:\/\/www.gdirekt.se\/da\/wp-json\/wp\/v2\/product_brand?post=10844"},{"taxonomy":"product_cat","embeddable":true,"href":"https:\/\/www.gdirekt.se\/da\/wp-json\/wp\/v2\/product_cat?post=10844"},{"taxonomy":"product_tag","embeddable":true,"href":"https:\/\/www.gdirekt.se\/da\/wp-json\/wp\/v2\/product_tag?post=10844"}],"curies":[{"name":"wp","href":"https:\/\/api.w.org\/{rel}","templated":true}]}}