{"id":10840,"date":"2016-12-23T13:48:06","date_gmt":"2016-12-23T12:48:06","guid":{"rendered":"http:\/\/gdirekt.hamstage.hamrenmedia.se\/produkt\/frostad-fonsterfilm-och-dekal\/"},"modified":"2019-03-20T16:37:25","modified_gmt":"2019-03-20T15:37:25","slug":"frostet-vinduesfilm-og-vinylfolie","status":"publish","type":"product","link":"https:\/\/www.gdirekt.se\/da\/produkt\/frostet-vinduesfilm-og-vinylfolie\/","title":{"rendered":"Frostet vinduesfilm og vinylfolie"},"content":{"rendered":"<p><span lang=\"DA\">Frostet vinduesfilm og <a name=\"OLE_LINK2\"><\/a><a name=\"OLE_LINK1\"><\/a>vinylfoliegiver god indsynsbeskyttelse uden at tage for meget af lyset i lokalet. Vi udsk\u00e6rer teksten eller virksomhedens logo, og d\u00e9r ser man igennem.<\/span><\/p>\n<p><span lang=\"DA\">Effekten af disse udsk\u00e5rne frostede vinylfolie bliver meget flot og bidrager til en p\u00e6nt interi\u00f8r. Man kan v\u00e6lge at montere det frostede vinylfolie p\u00e5<span class=\"apple-converted-space\">\u00a0<\/span><strong>ydersiden<\/strong>af et vindue, hvilket er mest almindeligt indend\u00f8rs p\u00e5 kontorer og i butikker.\u00a0Hvis man skal s\u00e6tte en frostet vinduesfilm p\u00e5 et udstillingsvindue, b\u00f8r man g\u00f8re det p\u00e5<span class=\"apple-converted-space\">\u00a0<\/span><strong>indersiden<\/strong>. S\u00e5 bliver den beskyttet af vinduesruden, og for at teksten skal se korrekt ud udefra, sk\u00e6rer vi den ud spejlvendt.<\/span><\/p>\n<p><span lang=\"DA\">Det er let at s\u00e6tte disse frostede klisterm\u00e6rke i frostet gr\u00e5tone p\u00e5, hvis man er lidt fingernem. Oftest handler det om at v\u00e6re forsigtig og n\u00f8jagtig. Vi har en billig vinylskraber med en filtoverflade p\u00e5 den ene side, som er rigtig god at bruge. Den kan I bestille p\u00e5 f\u00f8lgende<span class=\"apple-converted-space\">\u00a0<\/span><\/span><span lang=\"DA\"><a href=\"https:\/\/www.gdirekt.se\/da\/produkt\/vinylskraber-med-filt\/\"><b><i>link<\/i><\/b><\/a><\/span><span lang=\"DA\">.<\/span><\/p>\n<p><span lang=\"DA\">Har I brug for andre vinyler eller klisterm\u00e6rker, har vi til alle milj\u00f8er og form\u00e5l,<span class=\"apple-converted-space\">\u00a0<\/span><\/span><span lang=\"DA\"><a href=\"https:\/\/www.gdirekt.se\/da\/produkt-kategori\/klistermaerker-vinyl-og-folie\/\"><b><i>klik her!<\/i><\/b><\/a><\/span><i><\/i><\/p>\n","protected":false},"excerpt":{"rendered":"<p><span lang=\"DA\">Frostet vinduesfilm og vinylfolie giver indsynsbeskyttelse p\u00e5 glasruder og interi\u00f8r p\u00e5 kontorer. Bestil frostet film\/vinyl, der er udsk\u00e5ret med virksomhedens logo eller tekst.<\/span><\/p>\n","protected":false},"featured_media":8337,"template":"","meta":{"_acf_changed":false},"product_brand":[],"product_cat":[369,356],"product_tag":[],"class_list":{"0":"post-10840","1":"product","2":"type-product","3":"status-publish","4":"has-post-thumbnail","6":"product_cat-klistermaerker-vinyl-og-folie","7":"product_cat-udendoersskilte-og-expo","8":"product_shipping_class-180sek","10":"first","11":"instock","12":"taxable","13":"shipping-taxable","14":"purchasable","15":"product-type-variable","16":"has-default-attributes"},"exclude_global_add_ons":[],"addons":[],"acf":[],"yoast_head":"<!-- This site is optimized with the Yoast SEO plugin v27.2 - https:\/\/yoast.com\/product\/yoast-seo-wordpress\/ -->\n<title>Frostet vinduesfilm og vinylfolie som indsigt beskyttelse, lav pris | Gdirekt.se<\/title>\n<meta name=\"description\" content=\"Frostet vinduesfilm og vinylfolie giver indsynsbeskyttelse p\u00e5 glasruder og interi\u00f8r p\u00e5 kontorer. Bestil frostet film\/vinyl, der er udsk\u00e5ret med virksomhedens logo eller tekst til en rigtig god pris. Derudover leverer vi hurtigt med sporbar forsendelse til virksomheder og privatpersoner.\" \/>\n<meta name=\"robots\" content=\"index, follow, max-snippet:-1, max-image-preview:large, max-video-preview:-1\" \/>\n<link rel=\"canonical\" href=\"https:\/\/www.gdirekt.se\/da\/produkt\/frostet-vinduesfilm-og-vinylfolie\/\" \/>\n<meta property=\"og:locale\" content=\"da_DK\" \/>\n<meta property=\"og:type\" content=\"article\" \/>\n<meta property=\"og:title\" content=\"Frostet vinduesfilm og vinylfolie som indsigt beskyttelse, lav pris | Gdirekt.se\" \/>\n<meta property=\"og:description\" content=\"Frostet vinduesfilm og vinylfolie giver indsynsbeskyttelse p\u00e5 glasruder og interi\u00f8r p\u00e5 kontorer. Bestil frostet film\/vinyl, der er udsk\u00e5ret med virksomhedens logo eller tekst til en rigtig god pris. Derudover leverer vi hurtigt med sporbar forsendelse til virksomheder og privatpersoner.\" \/>\n<meta property=\"og:url\" content=\"https:\/\/www.gdirekt.se\/da\/produkt\/frostet-vinduesfilm-og-vinylfolie\/\" \/>\n<meta property=\"og:site_name\" content=\"Gdirekt.se\" \/>\n<meta property=\"article:modified_time\" content=\"2019-03-20T15:37:25+00:00\" \/>\n<meta property=\"og:image\" content=\"https:\/\/www.gdirekt.se\/wp-content\/uploads\/frostad-fonsterfilm.png\" \/>\n\t<meta property=\"og:image:width\" content=\"1000\" \/>\n\t<meta property=\"og:image:height\" content=\"1000\" \/>\n\t<meta property=\"og:image:type\" content=\"image\/png\" \/>\n<meta name=\"twitter:card\" content=\"summary_large_image\" \/>\n<meta name=\"twitter:label1\" content=\"Estimeret l\u00e6setid\" \/>\n\t<meta name=\"twitter:data1\" content=\"1 minut\" \/>\n<script type=\"application\/ld+json\" class=\"yoast-schema-graph\">{\"@context\":\"https:\/\/schema.org\",\"@graph\":[{\"@type\":\"WebPage\",\"@id\":\"https:\/\/www.gdirekt.se\/da\/produkt\/frostet-vinduesfilm-og-vinylfolie\/\",\"url\":\"https:\/\/www.gdirekt.se\/da\/produkt\/frostet-vinduesfilm-og-vinylfolie\/\",\"name\":\"Frostet vinduesfilm og vinylfolie som indsigt beskyttelse, lav pris | Gdirekt.se\",\"isPartOf\":{\"@id\":\"https:\/\/www.gdirekt.se\/#website\"},\"primaryImageOfPage\":{\"@id\":\"https:\/\/www.gdirekt.se\/da\/produkt\/frostet-vinduesfilm-og-vinylfolie\/#primaryimage\"},\"image\":{\"@id\":\"https:\/\/www.gdirekt.se\/da\/produkt\/frostet-vinduesfilm-og-vinylfolie\/#primaryimage\"},\"thumbnailUrl\":\"https:\/\/www.gdirekt.se\/wp-content\/uploads\/frostad-fonsterfilm.png\",\"datePublished\":\"2016-12-23T12:48:06+00:00\",\"dateModified\":\"2019-03-20T15:37:25+00:00\",\"description\":\"Frostet vinduesfilm og vinylfolie giver indsynsbeskyttelse p\u00e5 glasruder og interi\u00f8r p\u00e5 kontorer. Bestil frostet film\/vinyl, der er udsk\u00e5ret med virksomhedens logo eller tekst til en rigtig god pris. Derudover leverer vi hurtigt med sporbar forsendelse til virksomheder og privatpersoner.\",\"breadcrumb\":{\"@id\":\"https:\/\/www.gdirekt.se\/da\/produkt\/frostet-vinduesfilm-og-vinylfolie\/#breadcrumb\"},\"inLanguage\":\"da-DK\",\"potentialAction\":[{\"@type\":\"ReadAction\",\"target\":[\"https:\/\/www.gdirekt.se\/da\/produkt\/frostet-vinduesfilm-og-vinylfolie\/\"]}]},{\"@type\":\"ImageObject\",\"inLanguage\":\"da-DK\",\"@id\":\"https:\/\/www.gdirekt.se\/da\/produkt\/frostet-vinduesfilm-og-vinylfolie\/#primaryimage\",\"url\":\"https:\/\/www.gdirekt.se\/wp-content\/uploads\/frostad-fonsterfilm.png\",\"contentUrl\":\"https:\/\/www.gdirekt.se\/wp-content\/uploads\/frostad-fonsterfilm.png\",\"width\":1000,\"height\":1000,\"caption\":\"Sk\u00e6re vinduesfilm i frostet kvalitet\"},{\"@type\":\"BreadcrumbList\",\"@id\":\"https:\/\/www.gdirekt.se\/da\/produkt\/frostet-vinduesfilm-og-vinylfolie\/#breadcrumb\",\"itemListElement\":[{\"@type\":\"ListItem\",\"position\":1,\"name\":\"Hem\",\"item\":\"https:\/\/www.gdirekt.se\/da\/\"},{\"@type\":\"ListItem\",\"position\":2,\"name\":\"Start\",\"item\":\"https:\/\/www.gdirekt.se\/da\/\"},{\"@type\":\"ListItem\",\"position\":3,\"name\":\"Frostet vinduesfilm og vinylfolie\"}]},{\"@type\":\"WebSite\",\"@id\":\"https:\/\/www.gdirekt.se\/#website\",\"url\":\"https:\/\/www.gdirekt.se\/\",\"name\":\"Gdirekt.se\",\"description\":\"Tryck snabbt \u00e5 l\u00e4tt = Gdirekt\",\"potentialAction\":[{\"@type\":\"SearchAction\",\"target\":{\"@type\":\"EntryPoint\",\"urlTemplate\":\"https:\/\/www.gdirekt.se\/?s={search_term_string}\"},\"query-input\":{\"@type\":\"PropertyValueSpecification\",\"valueRequired\":true,\"valueName\":\"search_term_string\"}}],\"inLanguage\":\"da-DK\"}]}<\/script>\n<!-- \/ Yoast SEO plugin. -->","yoast_head_json":{"title":"Frostet vinduesfilm og vinylfolie som indsigt beskyttelse, lav pris | Gdirekt.se","description":"Frostet vinduesfilm og vinylfolie giver indsynsbeskyttelse p\u00e5 glasruder og interi\u00f8r p\u00e5 kontorer. Bestil frostet film\/vinyl, der er udsk\u00e5ret med virksomhedens logo eller tekst til en rigtig god pris. Derudover leverer vi hurtigt med sporbar forsendelse til virksomheder og privatpersoner.","robots":{"index":"index","follow":"follow","max-snippet":"max-snippet:-1","max-image-preview":"max-image-preview:large","max-video-preview":"max-video-preview:-1"},"canonical":"https:\/\/www.gdirekt.se\/da\/produkt\/frostet-vinduesfilm-og-vinylfolie\/","og_locale":"da_DK","og_type":"article","og_title":"Frostet vinduesfilm og vinylfolie som indsigt beskyttelse, lav pris | Gdirekt.se","og_description":"Frostet vinduesfilm og vinylfolie giver indsynsbeskyttelse p\u00e5 glasruder og interi\u00f8r p\u00e5 kontorer. Bestil frostet film\/vinyl, der er udsk\u00e5ret med virksomhedens logo eller tekst til en rigtig god pris. Derudover leverer vi hurtigt med sporbar forsendelse til virksomheder og privatpersoner.","og_url":"https:\/\/www.gdirekt.se\/da\/produkt\/frostet-vinduesfilm-og-vinylfolie\/","og_site_name":"Gdirekt.se","article_modified_time":"2019-03-20T15:37:25+00:00","og_image":[{"width":1000,"height":1000,"url":"https:\/\/www.gdirekt.se\/wp-content\/uploads\/frostad-fonsterfilm.png","type":"image\/png"}],"twitter_card":"summary_large_image","twitter_misc":{"Estimeret l\u00e6setid":"1 minut"},"schema":{"@context":"https:\/\/schema.org","@graph":[{"@type":"WebPage","@id":"https:\/\/www.gdirekt.se\/da\/produkt\/frostet-vinduesfilm-og-vinylfolie\/","url":"https:\/\/www.gdirekt.se\/da\/produkt\/frostet-vinduesfilm-og-vinylfolie\/","name":"Frostet vinduesfilm og vinylfolie som indsigt beskyttelse, lav pris | Gdirekt.se","isPartOf":{"@id":"https:\/\/www.gdirekt.se\/#website"},"primaryImageOfPage":{"@id":"https:\/\/www.gdirekt.se\/da\/produkt\/frostet-vinduesfilm-og-vinylfolie\/#primaryimage"},"image":{"@id":"https:\/\/www.gdirekt.se\/da\/produkt\/frostet-vinduesfilm-og-vinylfolie\/#primaryimage"},"thumbnailUrl":"https:\/\/www.gdirekt.se\/wp-content\/uploads\/frostad-fonsterfilm.png","datePublished":"2016-12-23T12:48:06+00:00","dateModified":"2019-03-20T15:37:25+00:00","description":"Frostet vinduesfilm og vinylfolie giver indsynsbeskyttelse p\u00e5 glasruder og interi\u00f8r p\u00e5 kontorer. Bestil frostet film\/vinyl, der er udsk\u00e5ret med virksomhedens logo eller tekst til en rigtig god pris. Derudover leverer vi hurtigt med sporbar forsendelse til virksomheder og privatpersoner.","breadcrumb":{"@id":"https:\/\/www.gdirekt.se\/da\/produkt\/frostet-vinduesfilm-og-vinylfolie\/#breadcrumb"},"inLanguage":"da-DK","potentialAction":[{"@type":"ReadAction","target":["https:\/\/www.gdirekt.se\/da\/produkt\/frostet-vinduesfilm-og-vinylfolie\/"]}]},{"@type":"ImageObject","inLanguage":"da-DK","@id":"https:\/\/www.gdirekt.se\/da\/produkt\/frostet-vinduesfilm-og-vinylfolie\/#primaryimage","url":"https:\/\/www.gdirekt.se\/wp-content\/uploads\/frostad-fonsterfilm.png","contentUrl":"https:\/\/www.gdirekt.se\/wp-content\/uploads\/frostad-fonsterfilm.png","width":1000,"height":1000,"caption":"Sk\u00e6re vinduesfilm i frostet kvalitet"},{"@type":"BreadcrumbList","@id":"https:\/\/www.gdirekt.se\/da\/produkt\/frostet-vinduesfilm-og-vinylfolie\/#breadcrumb","itemListElement":[{"@type":"ListItem","position":1,"name":"Hem","item":"https:\/\/www.gdirekt.se\/da\/"},{"@type":"ListItem","position":2,"name":"Start","item":"https:\/\/www.gdirekt.se\/da\/"},{"@type":"ListItem","position":3,"name":"Frostet vinduesfilm og vinylfolie"}]},{"@type":"WebSite","@id":"https:\/\/www.gdirekt.se\/#website","url":"https:\/\/www.gdirekt.se\/","name":"Gdirekt.se","description":"Tryck snabbt \u00e5 l\u00e4tt = Gdirekt","potentialAction":[{"@type":"SearchAction","target":{"@type":"EntryPoint","urlTemplate":"https:\/\/www.gdirekt.se\/?s={search_term_string}"},"query-input":{"@type":"PropertyValueSpecification","valueRequired":true,"valueName":"search_term_string"}}],"inLanguage":"da-DK"}]}},"_links":{"self":[{"href":"https:\/\/www.gdirekt.se\/da\/wp-json\/wp\/v2\/product\/10840","targetHints":{"allow":["GET"]}}],"collection":[{"href":"https:\/\/www.gdirekt.se\/da\/wp-json\/wp\/v2\/product"}],"about":[{"href":"https:\/\/www.gdirekt.se\/da\/wp-json\/wp\/v2\/types\/product"}],"wp:featuredmedia":[{"embeddable":true,"href":"https:\/\/www.gdirekt.se\/da\/wp-json\/wp\/v2\/media\/8337"}],"wp:attachment":[{"href":"https:\/\/www.gdirekt.se\/da\/wp-json\/wp\/v2\/media?parent=10840"}],"wp:term":[{"taxonomy":"product_brand","embeddable":true,"href":"https:\/\/www.gdirekt.se\/da\/wp-json\/wp\/v2\/product_brand?post=10840"},{"taxonomy":"product_cat","embeddable":true,"href":"https:\/\/www.gdirekt.se\/da\/wp-json\/wp\/v2\/product_cat?post=10840"},{"taxonomy":"product_tag","embeddable":true,"href":"https:\/\/www.gdirekt.se\/da\/wp-json\/wp\/v2\/product_tag?post=10840"}],"curies":[{"name":"wp","href":"https:\/\/api.w.org\/{rel}","templated":true}]}}