{"id":10838,"date":"2017-01-11T15:16:49","date_gmt":"2017-01-11T14:16:49","guid":{"rendered":"http:\/\/gdirekt.hamstage.hamrenmedia.se\/produkt\/bildekor-och-skuren-text\/"},"modified":"2019-03-20T16:18:06","modified_gmt":"2019-03-20T15:18:06","slug":"bildekoration-og-udskaaret-tekst","status":"publish","type":"product","link":"https:\/\/www.gdirekt.se\/da\/produkt\/bildekoration-og-udskaaret-tekst\/","title":{"rendered":"Bildekoration og udsk\u00e5ret tekst"},"content":{"rendered":"<p><span lang=\"DA\">Bildekoration og udsk\u00e5ret tekst, som t\u00e5ler bilvask. Vi har mange \u00e5rs erfaring med bildekoration eller tekstdekoration, og skal du bruge en bilstreamer til en god pris, er du kommet til det rette sted. Vi har overf\u00f8ringsbilleder eller klisterm\u00e6rker til bilindpakning og udsk\u00e5ret tekst, som t\u00e5ler bilvask. V\u00e6lg mellem blankt eller mat beskyttelseslaminat. Blankt er mest almindeligt, idet bilens lak oftest er blank. Vi har den rette vinyl til bildekorationen, s\u00e5 den sidder fast. Det vigtigste er, at I g\u00f8r rent, inden I pakker bilen ind. Sp\u00f8rg os, hvis I har sp\u00f8rgsm\u00e5l om klisterm\u00e6rker til biler.<\/span><\/p>\n<p><span lang=\"DA\">Vi leverer de udsk\u00e5rne biloverf\u00f8ringsbilleder med en s\u00e5kaldt overf\u00f8ringsfilm eller applikationsfilm. Hvis det kun er et billede med lige eller andre former, er der ikke behov for monteringsfilmen. Den er kun n\u00f8dvendig, hvis der er l\u00f8se dele som i bildekoration med tekst eller visse logoer.<\/span><\/p>\n<p><strong><span lang=\"DA\">Monteringsanvisning til indpakning af bil med biloverf\u00f8ringsbillede:<\/span><\/strong><\/p>\n<p><span lang=\"DA\">1. Har du aldrig pakket ind med en bildekoration med udsk\u00e5ren tekst og finder det sv\u00e6rt, kan du kontakte os inden, tlf.: +46 (0)11-251515.<\/span><\/p>\n<p><span lang=\"DA\">2. N\u00e5r du har k\u00f8bt bildekorationer og skal montere eller pakke bilen ind i dem, skal du f\u00f8rst vaske og reng\u00f8re bilen grundigt.<\/span><\/p>\n<p><span lang=\"DA\">3. Derefter m\u00e5ler og s\u00f8rger du for, at biloverf\u00f8ringsbilledet monteres lige\/p\u00e5 rette sted.<\/span><\/p>\n<p><span lang=\"DA\">4. Du kan b\u00f8je nogle centimeter af monteringsfilmens bagside\/bagstykke af og fastg\u00f8re det p\u00e5 bilen eller bruge en smule tape.<\/span><\/p>\n<p><span lang=\"DA\">5.\u00a0Derefter begynder du fra den side, du b\u00f8jede uden bagsiden\/arket og tr\u00e6kker bagsiden langsomt v\u00e6k, og derefter stryges monteringsfilmen p\u00e5, hvor biloverf\u00f8ringsbilledet skal sidde.<span class=\"apple-converted-space\">\u00a0<\/span><\/span><span lang=\"DA\"><a href=\"https:\/\/www.gdirekt.se\/butik\/dekaler-dekor-vinyl-klistermarken\/vinylskrapa-med-filt\/\"><i>K\u00f8b en vinylskraber med filt,<\/i><\/a><\/span><span lang=\"DA\">s\u00e5 er det meget lettere.<\/span><\/p>\n<p><span lang=\"DA\">6. N\u00e5r hele arket er fastgjort p\u00e5 bilen, gnider du endnu en gang hen over overf\u00f8ringsbilledet, s\u00e5 det sidder godt fast. Derefter tr\u00e6kker du forsigtigt monteringsfilmen af, og bildekorationen sidder tilbage p\u00e5 bilen.<\/span><\/p>\n<p><span lang=\"DA\">\u00a0<\/span><\/p>\n<p><span lang=\"DA\">Er det et st\u00f8rre antal bildekorationer og udsk\u00e5ret tekst til firmabiler eller lastbiler, som skal d\u00e6kkes med bildekoration, er det lettest, at du kontakter os. S\u00e5 giver vi dig et tilbud. Hvis du har brug for at komme forbi og vise bilen, finder du os p\u00e5<span class=\"apple-converted-space\">\u00a0<\/span><\/span><span lang=\"DA\"><a href=\"https:\/\/maps.apple.com\/place?address=Platinagatan%206%20Norrk%F6ping,%20Sverige&amp;ll=58.611179,16.155418&amp;lsp=6489\">Platinagatan 6 i Norrk\u00f6ping, Sverige<\/a><\/span><span lang=\"DA\">. Ring til os p\u00e5 +46 (0)11-251515, eller send os en e-mail p\u00e5<span class=\"apple-converted-space\">\u00a0<\/span><\/span><span lang=\"DA\"><a><i>info@gdirekt.se<\/i><\/a><\/span><\/p>\n<p><span lang=\"DA\">Har I brug for andre vinyler eller klisterm\u00e6rker, har vi til alle milj\u00f8er og form\u00e5l,<span class=\"apple-converted-space\">\u00a0<\/span><\/span><span lang=\"DA\"><a href=\"https:\/\/www.gdirekt.se\/da\/produkt-kategori\/klistermaerker-vinyl-og-folie\/\"><i>klik her!<\/i><\/a><\/span><i><\/i><\/p>\n","protected":false},"excerpt":{"rendered":"<p><span lang=\"DA\">Bildekoration og udsk\u00e5ret tekst til den rette pris. Bilstreamer med overf\u00f8ringsbilleder og klisterm\u00e6rker til bilindpakning eller tekstdekoration. K\u00f8b bildekorationer, som t\u00e5ler vask, med beskyttelseslaminat, som er inkluderet i den billige pris.\u00a0 <\/span><\/p>\n","protected":false},"featured_media":8426,"template":"","meta":{"_acf_changed":false},"product_brand":[],"product_cat":[369,356],"product_tag":[],"class_list":{"0":"post-10838","1":"product","2":"type-product","3":"status-publish","4":"has-post-thumbnail","6":"product_cat-klistermaerker-vinyl-og-folie","7":"product_cat-udendoersskilte-og-expo","8":"product_shipping_class-180sek","10":"first","11":"instock","12":"taxable","13":"shipping-taxable","14":"purchasable","15":"product-type-variable"},"exclude_global_add_ons":[],"addons":[],"acf":[],"yoast_head":"<!-- This site is optimized with the Yoast SEO plugin v27.2 - https:\/\/yoast.com\/product\/yoast-seo-wordpress\/ -->\n<title>Bildekoration og udsk\u00e5ret tekst God pris til bilstripes online | Gdirekt.se<\/title>\n<meta name=\"description\" content=\"Bildekoration og udsk\u00e5ret tekst til den rette pris. Bilstreamer med overf\u00f8ringsbilleder og klisterm\u00e6rker til bilindpakning eller tekstdekoration. K\u00f8b bildekorationer, som t\u00e5ler vask, med beskyttelseslaminat, som er inkluderet i den billige pris.\" \/>\n<meta name=\"robots\" content=\"index, follow, max-snippet:-1, max-image-preview:large, max-video-preview:-1\" \/>\n<link rel=\"canonical\" href=\"https:\/\/www.gdirekt.se\/da\/produkt\/bildekoration-og-udskaaret-tekst\/\" \/>\n<meta property=\"og:locale\" content=\"da_DK\" \/>\n<meta property=\"og:type\" content=\"article\" \/>\n<meta property=\"og:title\" content=\"Bildekoration og udsk\u00e5ret tekst God pris til bilstripes online | Gdirekt.se\" \/>\n<meta property=\"og:description\" content=\"Bildekoration og udsk\u00e5ret tekst til den rette pris. Bilstreamer med overf\u00f8ringsbilleder og klisterm\u00e6rker til bilindpakning eller tekstdekoration. K\u00f8b bildekorationer, som t\u00e5ler vask, med beskyttelseslaminat, som er inkluderet i den billige pris.\" \/>\n<meta property=\"og:url\" content=\"https:\/\/www.gdirekt.se\/da\/produkt\/bildekoration-og-udskaaret-tekst\/\" \/>\n<meta property=\"og:site_name\" content=\"Gdirekt.se\" \/>\n<meta property=\"article:modified_time\" content=\"2019-03-20T15:18:06+00:00\" \/>\n<meta property=\"og:image\" content=\"https:\/\/www.gdirekt.se\/wp-content\/uploads\/skuren_text.png\" \/>\n\t<meta property=\"og:image:width\" content=\"1000\" \/>\n\t<meta property=\"og:image:height\" content=\"1000\" \/>\n\t<meta property=\"og:image:type\" content=\"image\/png\" \/>\n<meta name=\"twitter:card\" content=\"summary_large_image\" \/>\n<meta name=\"twitter:label1\" content=\"Estimeret l\u00e6setid\" \/>\n\t<meta name=\"twitter:data1\" content=\"2 minutter\" \/>\n<script type=\"application\/ld+json\" class=\"yoast-schema-graph\">{\"@context\":\"https:\/\/schema.org\",\"@graph\":[{\"@type\":\"WebPage\",\"@id\":\"https:\/\/www.gdirekt.se\/da\/produkt\/bildekoration-og-udskaaret-tekst\/\",\"url\":\"https:\/\/www.gdirekt.se\/da\/produkt\/bildekoration-og-udskaaret-tekst\/\",\"name\":\"Bildekoration og udsk\u00e5ret tekst God pris til bilstripes online | Gdirekt.se\",\"isPartOf\":{\"@id\":\"https:\/\/www.gdirekt.se\/#website\"},\"primaryImageOfPage\":{\"@id\":\"https:\/\/www.gdirekt.se\/da\/produkt\/bildekoration-og-udskaaret-tekst\/#primaryimage\"},\"image\":{\"@id\":\"https:\/\/www.gdirekt.se\/da\/produkt\/bildekoration-og-udskaaret-tekst\/#primaryimage\"},\"thumbnailUrl\":\"https:\/\/www.gdirekt.se\/wp-content\/uploads\/skuren_text.png\",\"datePublished\":\"2017-01-11T14:16:49+00:00\",\"dateModified\":\"2019-03-20T15:18:06+00:00\",\"description\":\"Bildekoration og udsk\u00e5ret tekst til den rette pris. Bilstreamer med overf\u00f8ringsbilleder og klisterm\u00e6rker til bilindpakning eller tekstdekoration. K\u00f8b bildekorationer, som t\u00e5ler vask, med beskyttelseslaminat, som er inkluderet i den billige pris.\",\"breadcrumb\":{\"@id\":\"https:\/\/www.gdirekt.se\/da\/produkt\/bildekoration-og-udskaaret-tekst\/#breadcrumb\"},\"inLanguage\":\"da-DK\",\"potentialAction\":[{\"@type\":\"ReadAction\",\"target\":[\"https:\/\/www.gdirekt.se\/da\/produkt\/bildekoration-og-udskaaret-tekst\/\"]}]},{\"@type\":\"ImageObject\",\"inLanguage\":\"da-DK\",\"@id\":\"https:\/\/www.gdirekt.se\/da\/produkt\/bildekoration-og-udskaaret-tekst\/#primaryimage\",\"url\":\"https:\/\/www.gdirekt.se\/wp-content\/uploads\/skuren_text.png\",\"contentUrl\":\"https:\/\/www.gdirekt.se\/wp-content\/uploads\/skuren_text.png\",\"width\":1000,\"height\":1000,\"caption\":\"Bildekoration som udsk\u00e5ret tekst\"},{\"@type\":\"BreadcrumbList\",\"@id\":\"https:\/\/www.gdirekt.se\/da\/produkt\/bildekoration-og-udskaaret-tekst\/#breadcrumb\",\"itemListElement\":[{\"@type\":\"ListItem\",\"position\":1,\"name\":\"Hem\",\"item\":\"https:\/\/www.gdirekt.se\/da\/\"},{\"@type\":\"ListItem\",\"position\":2,\"name\":\"Start\",\"item\":\"https:\/\/www.gdirekt.se\/da\/\"},{\"@type\":\"ListItem\",\"position\":3,\"name\":\"Bildekoration og udsk\u00e5ret tekst\"}]},{\"@type\":\"WebSite\",\"@id\":\"https:\/\/www.gdirekt.se\/#website\",\"url\":\"https:\/\/www.gdirekt.se\/\",\"name\":\"Gdirekt.se\",\"description\":\"Tryck snabbt \u00e5 l\u00e4tt = Gdirekt\",\"potentialAction\":[{\"@type\":\"SearchAction\",\"target\":{\"@type\":\"EntryPoint\",\"urlTemplate\":\"https:\/\/www.gdirekt.se\/?s={search_term_string}\"},\"query-input\":{\"@type\":\"PropertyValueSpecification\",\"valueRequired\":true,\"valueName\":\"search_term_string\"}}],\"inLanguage\":\"da-DK\"}]}<\/script>\n<!-- \/ Yoast SEO plugin. -->","yoast_head_json":{"title":"Bildekoration og udsk\u00e5ret tekst God pris til bilstripes online | Gdirekt.se","description":"Bildekoration og udsk\u00e5ret tekst til den rette pris. Bilstreamer med overf\u00f8ringsbilleder og klisterm\u00e6rker til bilindpakning eller tekstdekoration. K\u00f8b bildekorationer, som t\u00e5ler vask, med beskyttelseslaminat, som er inkluderet i den billige pris.","robots":{"index":"index","follow":"follow","max-snippet":"max-snippet:-1","max-image-preview":"max-image-preview:large","max-video-preview":"max-video-preview:-1"},"canonical":"https:\/\/www.gdirekt.se\/da\/produkt\/bildekoration-og-udskaaret-tekst\/","og_locale":"da_DK","og_type":"article","og_title":"Bildekoration og udsk\u00e5ret tekst God pris til bilstripes online | Gdirekt.se","og_description":"Bildekoration og udsk\u00e5ret tekst til den rette pris. Bilstreamer med overf\u00f8ringsbilleder og klisterm\u00e6rker til bilindpakning eller tekstdekoration. K\u00f8b bildekorationer, som t\u00e5ler vask, med beskyttelseslaminat, som er inkluderet i den billige pris.","og_url":"https:\/\/www.gdirekt.se\/da\/produkt\/bildekoration-og-udskaaret-tekst\/","og_site_name":"Gdirekt.se","article_modified_time":"2019-03-20T15:18:06+00:00","og_image":[{"width":1000,"height":1000,"url":"https:\/\/www.gdirekt.se\/wp-content\/uploads\/skuren_text.png","type":"image\/png"}],"twitter_card":"summary_large_image","twitter_misc":{"Estimeret l\u00e6setid":"2 minutter"},"schema":{"@context":"https:\/\/schema.org","@graph":[{"@type":"WebPage","@id":"https:\/\/www.gdirekt.se\/da\/produkt\/bildekoration-og-udskaaret-tekst\/","url":"https:\/\/www.gdirekt.se\/da\/produkt\/bildekoration-og-udskaaret-tekst\/","name":"Bildekoration og udsk\u00e5ret tekst God pris til bilstripes online | Gdirekt.se","isPartOf":{"@id":"https:\/\/www.gdirekt.se\/#website"},"primaryImageOfPage":{"@id":"https:\/\/www.gdirekt.se\/da\/produkt\/bildekoration-og-udskaaret-tekst\/#primaryimage"},"image":{"@id":"https:\/\/www.gdirekt.se\/da\/produkt\/bildekoration-og-udskaaret-tekst\/#primaryimage"},"thumbnailUrl":"https:\/\/www.gdirekt.se\/wp-content\/uploads\/skuren_text.png","datePublished":"2017-01-11T14:16:49+00:00","dateModified":"2019-03-20T15:18:06+00:00","description":"Bildekoration og udsk\u00e5ret tekst til den rette pris. Bilstreamer med overf\u00f8ringsbilleder og klisterm\u00e6rker til bilindpakning eller tekstdekoration. K\u00f8b bildekorationer, som t\u00e5ler vask, med beskyttelseslaminat, som er inkluderet i den billige pris.","breadcrumb":{"@id":"https:\/\/www.gdirekt.se\/da\/produkt\/bildekoration-og-udskaaret-tekst\/#breadcrumb"},"inLanguage":"da-DK","potentialAction":[{"@type":"ReadAction","target":["https:\/\/www.gdirekt.se\/da\/produkt\/bildekoration-og-udskaaret-tekst\/"]}]},{"@type":"ImageObject","inLanguage":"da-DK","@id":"https:\/\/www.gdirekt.se\/da\/produkt\/bildekoration-og-udskaaret-tekst\/#primaryimage","url":"https:\/\/www.gdirekt.se\/wp-content\/uploads\/skuren_text.png","contentUrl":"https:\/\/www.gdirekt.se\/wp-content\/uploads\/skuren_text.png","width":1000,"height":1000,"caption":"Bildekoration som udsk\u00e5ret tekst"},{"@type":"BreadcrumbList","@id":"https:\/\/www.gdirekt.se\/da\/produkt\/bildekoration-og-udskaaret-tekst\/#breadcrumb","itemListElement":[{"@type":"ListItem","position":1,"name":"Hem","item":"https:\/\/www.gdirekt.se\/da\/"},{"@type":"ListItem","position":2,"name":"Start","item":"https:\/\/www.gdirekt.se\/da\/"},{"@type":"ListItem","position":3,"name":"Bildekoration og udsk\u00e5ret tekst"}]},{"@type":"WebSite","@id":"https:\/\/www.gdirekt.se\/#website","url":"https:\/\/www.gdirekt.se\/","name":"Gdirekt.se","description":"Tryck snabbt \u00e5 l\u00e4tt = Gdirekt","potentialAction":[{"@type":"SearchAction","target":{"@type":"EntryPoint","urlTemplate":"https:\/\/www.gdirekt.se\/?s={search_term_string}"},"query-input":{"@type":"PropertyValueSpecification","valueRequired":true,"valueName":"search_term_string"}}],"inLanguage":"da-DK"}]}},"_links":{"self":[{"href":"https:\/\/www.gdirekt.se\/da\/wp-json\/wp\/v2\/product\/10838","targetHints":{"allow":["GET"]}}],"collection":[{"href":"https:\/\/www.gdirekt.se\/da\/wp-json\/wp\/v2\/product"}],"about":[{"href":"https:\/\/www.gdirekt.se\/da\/wp-json\/wp\/v2\/types\/product"}],"wp:featuredmedia":[{"embeddable":true,"href":"https:\/\/www.gdirekt.se\/da\/wp-json\/wp\/v2\/media\/8426"}],"wp:attachment":[{"href":"https:\/\/www.gdirekt.se\/da\/wp-json\/wp\/v2\/media?parent=10838"}],"wp:term":[{"taxonomy":"product_brand","embeddable":true,"href":"https:\/\/www.gdirekt.se\/da\/wp-json\/wp\/v2\/product_brand?post=10838"},{"taxonomy":"product_cat","embeddable":true,"href":"https:\/\/www.gdirekt.se\/da\/wp-json\/wp\/v2\/product_cat?post=10838"},{"taxonomy":"product_tag","embeddable":true,"href":"https:\/\/www.gdirekt.se\/da\/wp-json\/wp\/v2\/product_tag?post=10838"}],"curies":[{"name":"wp","href":"https:\/\/api.w.org\/{rel}","templated":true}]}}