{"id":10769,"date":"2016-12-13T14:55:18","date_gmt":"2016-12-13T13:55:18","guid":{"rendered":"http:\/\/gdirekt.hamstage.hamrenmedia.se\/produkt\/jordspyd-beachflag-aventos-og-urban\/"},"modified":"2024-02-01T09:37:12","modified_gmt":"2024-02-01T08:37:12","slug":"jordspyd-beachflag-aventos-og-urban","status":"publish","type":"product","link":"https:\/\/www.gdirekt.se\/da\/produkt\/jordspyd-beachflag-aventos-og-urban\/","title":{"rendered":"Jordspyd beachflag &#8211; Aventos og Urban"},"content":{"rendered":"<p>Jordspyd beachflag &#8211; Aventos og Urban bruges til at sl\u00e5 ned beachflag i marken. De er fremstillet i holdbart st\u00e5l og er udsat for st\u00e6rk belastning. Strandflaggene tr\u00e6nes p\u00e5 dissejordspyd, s\u00e5 flagene roterer godt med vinden. De glider let rundt om de lave vinde og fungerer godt, n\u00e5r det bl\u00e6ser ordentligt. Hvis du skal k\u00f8be nye strandflagg, kan du g\u00f8re det ved at klikke her.<\/p>\n","protected":false},"excerpt":{"rendered":"<p>Jordspyd beachflag &#8211; Aventos og Urban bruges udend\u00f8rs. Med roterende funktion til beachflag, f\u00f8lger de vinden godt. Bump i jord eller gr\u00e6s.<\/p>\n","protected":false},"featured_media":8274,"template":"","meta":{"_acf_changed":false},"product_brand":[],"product_cat":[371],"product_tag":[],"class_list":{"0":"post-10769","1":"product","2":"type-product","3":"status-publish","4":"has-post-thumbnail","6":"product_cat-beachflag-tilbehoer","8":"first","9":"instock","10":"taxable","11":"shipping-taxable","12":"purchasable","13":"product-type-simple"},"exclude_global_add_ons":[],"addons":[],"acf":[],"yoast_head":"<!-- This site is optimized with the Yoast SEO plugin v27.2 - https:\/\/yoast.com\/product\/yoast-seo-wordpress\/ -->\n<title>Jordspyd beachflag - Aventos og Urban, den rigtige tilbeh\u00f8rsfod | Gdirekt.se<\/title>\n<meta name=\"description\" content=\"Jordspyd beachflag - Aventos og Urban bruges udend\u00f8rs. Med roterende funktion til strandflag, f\u00f8lger de vinden godt. Bump i jord, sne eller gr\u00e6spl\u00e6ne. Bestil til den rigtige pris online. Tilbeh\u00f8r til beachflag direkte fra lageret.\" \/>\n<meta name=\"robots\" content=\"index, follow, max-snippet:-1, max-image-preview:large, max-video-preview:-1\" \/>\n<link rel=\"canonical\" href=\"https:\/\/www.gdirekt.se\/da\/produkt\/jordspyd-beachflag-aventos-og-urban\/\" \/>\n<meta property=\"og:locale\" content=\"da_DK\" \/>\n<meta property=\"og:type\" content=\"article\" \/>\n<meta property=\"og:title\" content=\"Jordspyd beachflag - Aventos og Urban, den rigtige tilbeh\u00f8rsfod | Gdirekt.se\" \/>\n<meta property=\"og:description\" content=\"Jordspyd beachflag - Aventos og Urban bruges udend\u00f8rs. Med roterende funktion til strandflag, f\u00f8lger de vinden godt. Bump i jord, sne eller gr\u00e6spl\u00e6ne. Bestil til den rigtige pris online. Tilbeh\u00f8r til beachflag direkte fra lageret.\" \/>\n<meta property=\"og:url\" content=\"https:\/\/www.gdirekt.se\/da\/produkt\/jordspyd-beachflag-aventos-og-urban\/\" \/>\n<meta property=\"og:site_name\" content=\"Gdirekt.se\" \/>\n<meta property=\"article:modified_time\" content=\"2024-02-01T08:37:12+00:00\" \/>\n<meta property=\"og:image\" content=\"https:\/\/www.gdirekt.se\/wp-content\/uploads\/markspett_aventos_urban.png\" \/>\n\t<meta property=\"og:image:width\" content=\"1000\" \/>\n\t<meta property=\"og:image:height\" content=\"1000\" \/>\n\t<meta property=\"og:image:type\" content=\"image\/png\" \/>\n<meta name=\"twitter:card\" content=\"summary_large_image\" \/>\n<script type=\"application\/ld+json\" class=\"yoast-schema-graph\">{\"@context\":\"https:\/\/schema.org\",\"@graph\":[{\"@type\":\"WebPage\",\"@id\":\"https:\/\/www.gdirekt.se\/da\/produkt\/jordspyd-beachflag-aventos-og-urban\/\",\"url\":\"https:\/\/www.gdirekt.se\/da\/produkt\/jordspyd-beachflag-aventos-og-urban\/\",\"name\":\"Jordspyd beachflag - Aventos og Urban, den rigtige tilbeh\u00f8rsfod | Gdirekt.se\",\"isPartOf\":{\"@id\":\"https:\/\/www.gdirekt.se\/#website\"},\"primaryImageOfPage\":{\"@id\":\"https:\/\/www.gdirekt.se\/da\/produkt\/jordspyd-beachflag-aventos-og-urban\/#primaryimage\"},\"image\":{\"@id\":\"https:\/\/www.gdirekt.se\/da\/produkt\/jordspyd-beachflag-aventos-og-urban\/#primaryimage\"},\"thumbnailUrl\":\"https:\/\/www.gdirekt.se\/wp-content\/uploads\/markspett_aventos_urban.png\",\"datePublished\":\"2016-12-13T13:55:18+00:00\",\"dateModified\":\"2024-02-01T08:37:12+00:00\",\"description\":\"Jordspyd beachflag - Aventos og Urban bruges udend\u00f8rs. Med roterende funktion til strandflag, f\u00f8lger de vinden godt. Bump i jord, sne eller gr\u00e6spl\u00e6ne. Bestil til den rigtige pris online. Tilbeh\u00f8r til beachflag direkte fra lageret.\",\"breadcrumb\":{\"@id\":\"https:\/\/www.gdirekt.se\/da\/produkt\/jordspyd-beachflag-aventos-og-urban\/#breadcrumb\"},\"inLanguage\":\"da-DK\",\"potentialAction\":[{\"@type\":\"ReadAction\",\"target\":[\"https:\/\/www.gdirekt.se\/da\/produkt\/jordspyd-beachflag-aventos-og-urban\/\"]}]},{\"@type\":\"ImageObject\",\"inLanguage\":\"da-DK\",\"@id\":\"https:\/\/www.gdirekt.se\/da\/produkt\/jordspyd-beachflag-aventos-og-urban\/#primaryimage\",\"url\":\"https:\/\/www.gdirekt.se\/wp-content\/uploads\/markspett_aventos_urban.png\",\"contentUrl\":\"https:\/\/www.gdirekt.se\/wp-content\/uploads\/markspett_aventos_urban.png\",\"width\":1000,\"height\":1000,\"caption\":\"Jordspyd til beachflag\"},{\"@type\":\"BreadcrumbList\",\"@id\":\"https:\/\/www.gdirekt.se\/da\/produkt\/jordspyd-beachflag-aventos-og-urban\/#breadcrumb\",\"itemListElement\":[{\"@type\":\"ListItem\",\"position\":1,\"name\":\"Hem\",\"item\":\"https:\/\/www.gdirekt.se\/da\/\"},{\"@type\":\"ListItem\",\"position\":2,\"name\":\"Start\",\"item\":\"https:\/\/www.gdirekt.se\/da\/\"},{\"@type\":\"ListItem\",\"position\":3,\"name\":\"Jordspyd beachflag &#8211; Aventos og Urban\"}]},{\"@type\":\"WebSite\",\"@id\":\"https:\/\/www.gdirekt.se\/#website\",\"url\":\"https:\/\/www.gdirekt.se\/\",\"name\":\"Gdirekt.se\",\"description\":\"Tryck snabbt \u00e5 l\u00e4tt = Gdirekt\",\"potentialAction\":[{\"@type\":\"SearchAction\",\"target\":{\"@type\":\"EntryPoint\",\"urlTemplate\":\"https:\/\/www.gdirekt.se\/?s={search_term_string}\"},\"query-input\":{\"@type\":\"PropertyValueSpecification\",\"valueRequired\":true,\"valueName\":\"search_term_string\"}}],\"inLanguage\":\"da-DK\"}]}<\/script>\n<!-- \/ Yoast SEO plugin. -->","yoast_head_json":{"title":"Jordspyd beachflag - Aventos og Urban, den rigtige tilbeh\u00f8rsfod | Gdirekt.se","description":"Jordspyd beachflag - Aventos og Urban bruges udend\u00f8rs. Med roterende funktion til strandflag, f\u00f8lger de vinden godt. Bump i jord, sne eller gr\u00e6spl\u00e6ne. Bestil til den rigtige pris online. Tilbeh\u00f8r til beachflag direkte fra lageret.","robots":{"index":"index","follow":"follow","max-snippet":"max-snippet:-1","max-image-preview":"max-image-preview:large","max-video-preview":"max-video-preview:-1"},"canonical":"https:\/\/www.gdirekt.se\/da\/produkt\/jordspyd-beachflag-aventos-og-urban\/","og_locale":"da_DK","og_type":"article","og_title":"Jordspyd beachflag - Aventos og Urban, den rigtige tilbeh\u00f8rsfod | Gdirekt.se","og_description":"Jordspyd beachflag - Aventos og Urban bruges udend\u00f8rs. Med roterende funktion til strandflag, f\u00f8lger de vinden godt. Bump i jord, sne eller gr\u00e6spl\u00e6ne. Bestil til den rigtige pris online. Tilbeh\u00f8r til beachflag direkte fra lageret.","og_url":"https:\/\/www.gdirekt.se\/da\/produkt\/jordspyd-beachflag-aventos-og-urban\/","og_site_name":"Gdirekt.se","article_modified_time":"2024-02-01T08:37:12+00:00","og_image":[{"width":1000,"height":1000,"url":"https:\/\/www.gdirekt.se\/wp-content\/uploads\/markspett_aventos_urban.png","type":"image\/png"}],"twitter_card":"summary_large_image","schema":{"@context":"https:\/\/schema.org","@graph":[{"@type":"WebPage","@id":"https:\/\/www.gdirekt.se\/da\/produkt\/jordspyd-beachflag-aventos-og-urban\/","url":"https:\/\/www.gdirekt.se\/da\/produkt\/jordspyd-beachflag-aventos-og-urban\/","name":"Jordspyd beachflag - Aventos og Urban, den rigtige tilbeh\u00f8rsfod | Gdirekt.se","isPartOf":{"@id":"https:\/\/www.gdirekt.se\/#website"},"primaryImageOfPage":{"@id":"https:\/\/www.gdirekt.se\/da\/produkt\/jordspyd-beachflag-aventos-og-urban\/#primaryimage"},"image":{"@id":"https:\/\/www.gdirekt.se\/da\/produkt\/jordspyd-beachflag-aventos-og-urban\/#primaryimage"},"thumbnailUrl":"https:\/\/www.gdirekt.se\/wp-content\/uploads\/markspett_aventos_urban.png","datePublished":"2016-12-13T13:55:18+00:00","dateModified":"2024-02-01T08:37:12+00:00","description":"Jordspyd beachflag - Aventos og Urban bruges udend\u00f8rs. Med roterende funktion til strandflag, f\u00f8lger de vinden godt. Bump i jord, sne eller gr\u00e6spl\u00e6ne. Bestil til den rigtige pris online. Tilbeh\u00f8r til beachflag direkte fra lageret.","breadcrumb":{"@id":"https:\/\/www.gdirekt.se\/da\/produkt\/jordspyd-beachflag-aventos-og-urban\/#breadcrumb"},"inLanguage":"da-DK","potentialAction":[{"@type":"ReadAction","target":["https:\/\/www.gdirekt.se\/da\/produkt\/jordspyd-beachflag-aventos-og-urban\/"]}]},{"@type":"ImageObject","inLanguage":"da-DK","@id":"https:\/\/www.gdirekt.se\/da\/produkt\/jordspyd-beachflag-aventos-og-urban\/#primaryimage","url":"https:\/\/www.gdirekt.se\/wp-content\/uploads\/markspett_aventos_urban.png","contentUrl":"https:\/\/www.gdirekt.se\/wp-content\/uploads\/markspett_aventos_urban.png","width":1000,"height":1000,"caption":"Jordspyd til beachflag"},{"@type":"BreadcrumbList","@id":"https:\/\/www.gdirekt.se\/da\/produkt\/jordspyd-beachflag-aventos-og-urban\/#breadcrumb","itemListElement":[{"@type":"ListItem","position":1,"name":"Hem","item":"https:\/\/www.gdirekt.se\/da\/"},{"@type":"ListItem","position":2,"name":"Start","item":"https:\/\/www.gdirekt.se\/da\/"},{"@type":"ListItem","position":3,"name":"Jordspyd beachflag &#8211; Aventos og Urban"}]},{"@type":"WebSite","@id":"https:\/\/www.gdirekt.se\/#website","url":"https:\/\/www.gdirekt.se\/","name":"Gdirekt.se","description":"Tryck snabbt \u00e5 l\u00e4tt = Gdirekt","potentialAction":[{"@type":"SearchAction","target":{"@type":"EntryPoint","urlTemplate":"https:\/\/www.gdirekt.se\/?s={search_term_string}"},"query-input":{"@type":"PropertyValueSpecification","valueRequired":true,"valueName":"search_term_string"}}],"inLanguage":"da-DK"}]}},"_links":{"self":[{"href":"https:\/\/www.gdirekt.se\/da\/wp-json\/wp\/v2\/product\/10769","targetHints":{"allow":["GET"]}}],"collection":[{"href":"https:\/\/www.gdirekt.se\/da\/wp-json\/wp\/v2\/product"}],"about":[{"href":"https:\/\/www.gdirekt.se\/da\/wp-json\/wp\/v2\/types\/product"}],"wp:featuredmedia":[{"embeddable":true,"href":"https:\/\/www.gdirekt.se\/da\/wp-json\/wp\/v2\/media\/8274"}],"wp:attachment":[{"href":"https:\/\/www.gdirekt.se\/da\/wp-json\/wp\/v2\/media?parent=10769"}],"wp:term":[{"taxonomy":"product_brand","embeddable":true,"href":"https:\/\/www.gdirekt.se\/da\/wp-json\/wp\/v2\/product_brand?post=10769"},{"taxonomy":"product_cat","embeddable":true,"href":"https:\/\/www.gdirekt.se\/da\/wp-json\/wp\/v2\/product_cat?post=10769"},{"taxonomy":"product_tag","embeddable":true,"href":"https:\/\/www.gdirekt.se\/da\/wp-json\/wp\/v2\/product_tag?post=10769"}],"curies":[{"name":"wp","href":"https:\/\/api.w.org\/{rel}","templated":true}]}}