{"id":10758,"date":"2017-02-17T13:20:56","date_gmt":"2017-02-17T12:20:56","guid":{"rendered":"http:\/\/gdirekt.hamstage.hamrenmedia.se\/produkt\/billede-til-bannerstativ-eventsarg\/"},"modified":"2024-02-01T09:33:50","modified_gmt":"2024-02-01T08:33:50","slug":"billede-til-bannerstativ-eventsarg","status":"publish","type":"product","link":"https:\/\/www.gdirekt.se\/da\/produkt\/billede-til-bannerstativ-eventsarg\/","title":{"rendered":"Billede til bannerstativ \u2013 Eventsarg"},"content":{"rendered":"<p>Billede til bannerstativ \u2013 EXL Event eller Seosarg, som dette varige reklamekald hedder, er kraftigt og holdbart. St\u00f8rrelsen p\u00e5 banneret er 300x100cm og er produceret i et b\u00e6redygtigt milj\u00f8venligt bannerstof.<\/p>\n<p>&nbsp;<\/p>\n","protected":false},"excerpt":{"rendered":"<p>Billede til bannerstativ \u2013 EXL Event eller Seosarg med dimensioner 300x100cm og er meget holdbar. Hvis du allerede har stillingen, kan du nemt bestille nye billeder med meddelelser og logo. Kampagnen er til sports konkurrencer, messer, golf og events. Prisen g\u00e6lder for en sides tryk.<\/p>\n","protected":false},"featured_media":8551,"template":"","meta":{"_acf_changed":false},"product_brand":[],"product_cat":[936],"product_tag":[],"class_list":{"0":"post-10758","1":"product","2":"type-product","3":"status-publish","4":"has-post-thumbnail","6":"product_cat-okategoriserad-da","7":"product_shipping_class-180sek","9":"first","10":"instock","11":"taxable","12":"shipping-taxable","13":"purchasable","14":"product-type-simple"},"exclude_global_add_ons":[],"addons":[],"acf":[],"yoast_head":"<!-- This site is optimized with the Yoast SEO plugin v27.2 - https:\/\/yoast.com\/product\/yoast-seo-wordpress\/ -->\n<title>Billede til bannerstativ \u2013 Eventsarg eller Seosarg, dobbeltsidet til reklame p\u00e5 sports konkurrence, messer, golf | Gdirekt.se<\/title>\n<meta name=\"description\" content=\"Eventarg &amp; Seosarg er et bannerstand. Dobbeltsidet bannerholder til reklame til sportskonkurrencer, messer, golf og arrangementer.\" \/>\n<meta name=\"robots\" content=\"index, follow, max-snippet:-1, max-image-preview:large, max-video-preview:-1\" \/>\n<link rel=\"canonical\" href=\"https:\/\/www.gdirekt.se\/da\/produkt\/billede-til-bannerstativ-eventsarg\/\" \/>\n<meta property=\"og:locale\" content=\"da_DK\" \/>\n<meta property=\"og:type\" content=\"article\" \/>\n<meta property=\"og:title\" content=\"Billede til bannerstativ \u2013 Eventsarg eller Seosarg, dobbeltsidet til reklame p\u00e5 sports konkurrence, messer, golf | Gdirekt.se\" \/>\n<meta property=\"og:description\" content=\"Eventarg &amp; Seosarg er et bannerstand. Dobbeltsidet bannerholder til reklame til sportskonkurrencer, messer, golf og arrangementer.\" \/>\n<meta property=\"og:url\" content=\"https:\/\/www.gdirekt.se\/da\/produkt\/billede-til-bannerstativ-eventsarg\/\" \/>\n<meta property=\"og:site_name\" content=\"Gdirekt.se\" \/>\n<meta property=\"article:modified_time\" content=\"2024-02-01T08:33:50+00:00\" \/>\n<meta property=\"og:image\" content=\"https:\/\/www.gdirekt.se\/wp-content\/uploads\/seosarg_bild.png\" \/>\n\t<meta property=\"og:image:width\" content=\"1000\" \/>\n\t<meta property=\"og:image:height\" content=\"1000\" \/>\n\t<meta property=\"og:image:type\" content=\"image\/png\" \/>\n<meta name=\"twitter:card\" content=\"summary_large_image\" \/>\n<script type=\"application\/ld+json\" class=\"yoast-schema-graph\">{\"@context\":\"https:\/\/schema.org\",\"@graph\":[{\"@type\":\"WebPage\",\"@id\":\"https:\/\/www.gdirekt.se\/da\/produkt\/billede-til-bannerstativ-eventsarg\/\",\"url\":\"https:\/\/www.gdirekt.se\/da\/produkt\/billede-til-bannerstativ-eventsarg\/\",\"name\":\"Billede til bannerstativ \u2013 Eventsarg eller Seosarg, dobbeltsidet til reklame p\u00e5 sports konkurrence, messer, golf | Gdirekt.se\",\"isPartOf\":{\"@id\":\"https:\/\/www.gdirekt.se\/#website\"},\"primaryImageOfPage\":{\"@id\":\"https:\/\/www.gdirekt.se\/da\/produkt\/billede-til-bannerstativ-eventsarg\/#primaryimage\"},\"image\":{\"@id\":\"https:\/\/www.gdirekt.se\/da\/produkt\/billede-til-bannerstativ-eventsarg\/#primaryimage\"},\"thumbnailUrl\":\"https:\/\/www.gdirekt.se\/wp-content\/uploads\/seosarg_bild.png\",\"datePublished\":\"2017-02-17T12:20:56+00:00\",\"dateModified\":\"2024-02-01T08:33:50+00:00\",\"description\":\"Eventarg & Seosarg er et bannerstand. Dobbeltsidet bannerholder til reklame til sportskonkurrencer, messer, golf og arrangementer.\",\"breadcrumb\":{\"@id\":\"https:\/\/www.gdirekt.se\/da\/produkt\/billede-til-bannerstativ-eventsarg\/#breadcrumb\"},\"inLanguage\":\"da-DK\",\"potentialAction\":[{\"@type\":\"ReadAction\",\"target\":[\"https:\/\/www.gdirekt.se\/da\/produkt\/billede-til-bannerstativ-eventsarg\/\"]}]},{\"@type\":\"ImageObject\",\"inLanguage\":\"da-DK\",\"@id\":\"https:\/\/www.gdirekt.se\/da\/produkt\/billede-til-bannerstativ-eventsarg\/#primaryimage\",\"url\":\"https:\/\/www.gdirekt.se\/wp-content\/uploads\/seosarg_bild.png\",\"contentUrl\":\"https:\/\/www.gdirekt.se\/wp-content\/uploads\/seosarg_bild.png\",\"width\":1000,\"height\":1000,\"caption\":\"Bannnere till Seosarg og Eventsarg\"},{\"@type\":\"BreadcrumbList\",\"@id\":\"https:\/\/www.gdirekt.se\/da\/produkt\/billede-til-bannerstativ-eventsarg\/#breadcrumb\",\"itemListElement\":[{\"@type\":\"ListItem\",\"position\":1,\"name\":\"Hem\",\"item\":\"https:\/\/www.gdirekt.se\/da\/\"},{\"@type\":\"ListItem\",\"position\":2,\"name\":\"Start\",\"item\":\"https:\/\/www.gdirekt.se\/da\/\"},{\"@type\":\"ListItem\",\"position\":3,\"name\":\"Billede til bannerstativ \u2013 Eventsarg\"}]},{\"@type\":\"WebSite\",\"@id\":\"https:\/\/www.gdirekt.se\/#website\",\"url\":\"https:\/\/www.gdirekt.se\/\",\"name\":\"Gdirekt.se\",\"description\":\"Tryck snabbt \u00e5 l\u00e4tt = Gdirekt\",\"potentialAction\":[{\"@type\":\"SearchAction\",\"target\":{\"@type\":\"EntryPoint\",\"urlTemplate\":\"https:\/\/www.gdirekt.se\/?s={search_term_string}\"},\"query-input\":{\"@type\":\"PropertyValueSpecification\",\"valueRequired\":true,\"valueName\":\"search_term_string\"}}],\"inLanguage\":\"da-DK\"}]}<\/script>\n<!-- \/ Yoast SEO plugin. -->","yoast_head_json":{"title":"Billede til bannerstativ \u2013 Eventsarg eller Seosarg, dobbeltsidet til reklame p\u00e5 sports konkurrence, messer, golf | Gdirekt.se","description":"Eventarg & Seosarg er et bannerstand. Dobbeltsidet bannerholder til reklame til sportskonkurrencer, messer, golf og arrangementer.","robots":{"index":"index","follow":"follow","max-snippet":"max-snippet:-1","max-image-preview":"max-image-preview:large","max-video-preview":"max-video-preview:-1"},"canonical":"https:\/\/www.gdirekt.se\/da\/produkt\/billede-til-bannerstativ-eventsarg\/","og_locale":"da_DK","og_type":"article","og_title":"Billede til bannerstativ \u2013 Eventsarg eller Seosarg, dobbeltsidet til reklame p\u00e5 sports konkurrence, messer, golf | Gdirekt.se","og_description":"Eventarg & Seosarg er et bannerstand. Dobbeltsidet bannerholder til reklame til sportskonkurrencer, messer, golf og arrangementer.","og_url":"https:\/\/www.gdirekt.se\/da\/produkt\/billede-til-bannerstativ-eventsarg\/","og_site_name":"Gdirekt.se","article_modified_time":"2024-02-01T08:33:50+00:00","og_image":[{"width":1000,"height":1000,"url":"https:\/\/www.gdirekt.se\/wp-content\/uploads\/seosarg_bild.png","type":"image\/png"}],"twitter_card":"summary_large_image","schema":{"@context":"https:\/\/schema.org","@graph":[{"@type":"WebPage","@id":"https:\/\/www.gdirekt.se\/da\/produkt\/billede-til-bannerstativ-eventsarg\/","url":"https:\/\/www.gdirekt.se\/da\/produkt\/billede-til-bannerstativ-eventsarg\/","name":"Billede til bannerstativ \u2013 Eventsarg eller Seosarg, dobbeltsidet til reklame p\u00e5 sports konkurrence, messer, golf | Gdirekt.se","isPartOf":{"@id":"https:\/\/www.gdirekt.se\/#website"},"primaryImageOfPage":{"@id":"https:\/\/www.gdirekt.se\/da\/produkt\/billede-til-bannerstativ-eventsarg\/#primaryimage"},"image":{"@id":"https:\/\/www.gdirekt.se\/da\/produkt\/billede-til-bannerstativ-eventsarg\/#primaryimage"},"thumbnailUrl":"https:\/\/www.gdirekt.se\/wp-content\/uploads\/seosarg_bild.png","datePublished":"2017-02-17T12:20:56+00:00","dateModified":"2024-02-01T08:33:50+00:00","description":"Eventarg & Seosarg er et bannerstand. Dobbeltsidet bannerholder til reklame til sportskonkurrencer, messer, golf og arrangementer.","breadcrumb":{"@id":"https:\/\/www.gdirekt.se\/da\/produkt\/billede-til-bannerstativ-eventsarg\/#breadcrumb"},"inLanguage":"da-DK","potentialAction":[{"@type":"ReadAction","target":["https:\/\/www.gdirekt.se\/da\/produkt\/billede-til-bannerstativ-eventsarg\/"]}]},{"@type":"ImageObject","inLanguage":"da-DK","@id":"https:\/\/www.gdirekt.se\/da\/produkt\/billede-til-bannerstativ-eventsarg\/#primaryimage","url":"https:\/\/www.gdirekt.se\/wp-content\/uploads\/seosarg_bild.png","contentUrl":"https:\/\/www.gdirekt.se\/wp-content\/uploads\/seosarg_bild.png","width":1000,"height":1000,"caption":"Bannnere till Seosarg og Eventsarg"},{"@type":"BreadcrumbList","@id":"https:\/\/www.gdirekt.se\/da\/produkt\/billede-til-bannerstativ-eventsarg\/#breadcrumb","itemListElement":[{"@type":"ListItem","position":1,"name":"Hem","item":"https:\/\/www.gdirekt.se\/da\/"},{"@type":"ListItem","position":2,"name":"Start","item":"https:\/\/www.gdirekt.se\/da\/"},{"@type":"ListItem","position":3,"name":"Billede til bannerstativ \u2013 Eventsarg"}]},{"@type":"WebSite","@id":"https:\/\/www.gdirekt.se\/#website","url":"https:\/\/www.gdirekt.se\/","name":"Gdirekt.se","description":"Tryck snabbt \u00e5 l\u00e4tt = Gdirekt","potentialAction":[{"@type":"SearchAction","target":{"@type":"EntryPoint","urlTemplate":"https:\/\/www.gdirekt.se\/?s={search_term_string}"},"query-input":{"@type":"PropertyValueSpecification","valueRequired":true,"valueName":"search_term_string"}}],"inLanguage":"da-DK"}]}},"_links":{"self":[{"href":"https:\/\/www.gdirekt.se\/da\/wp-json\/wp\/v2\/product\/10758","targetHints":{"allow":["GET"]}}],"collection":[{"href":"https:\/\/www.gdirekt.se\/da\/wp-json\/wp\/v2\/product"}],"about":[{"href":"https:\/\/www.gdirekt.se\/da\/wp-json\/wp\/v2\/types\/product"}],"wp:featuredmedia":[{"embeddable":true,"href":"https:\/\/www.gdirekt.se\/da\/wp-json\/wp\/v2\/media\/8551"}],"wp:attachment":[{"href":"https:\/\/www.gdirekt.se\/da\/wp-json\/wp\/v2\/media?parent=10758"}],"wp:term":[{"taxonomy":"product_brand","embeddable":true,"href":"https:\/\/www.gdirekt.se\/da\/wp-json\/wp\/v2\/product_brand?post=10758"},{"taxonomy":"product_cat","embeddable":true,"href":"https:\/\/www.gdirekt.se\/da\/wp-json\/wp\/v2\/product_cat?post=10758"},{"taxonomy":"product_tag","embeddable":true,"href":"https:\/\/www.gdirekt.se\/da\/wp-json\/wp\/v2\/product_tag?post=10758"}],"curies":[{"name":"wp","href":"https:\/\/api.w.org\/{rel}","templated":true}]}}