{"id":10750,"date":"2018-03-22T14:39:55","date_gmt":"2018-03-22T13:39:55","guid":{"rendered":"http:\/\/gdirekt.hamstage.hamrenmedia.se\/produkt\/plakatklemme-solv\/"},"modified":"2018-03-22T14:39:55","modified_gmt":"2018-03-22T13:39:55","slug":"plakatklemme-solv","status":"publish","type":"product","link":"https:\/\/www.gdirekt.se\/da\/produkt\/plakatklemme-solv\/","title":{"rendered":"Plakatklemme &#8211; S\u00f8lv"},"content":{"rendered":"<p>Plakatklemme &#8211; S\u00f8lv bruges til at h\u00e6nge op trykte plakater og posters. Det skaber et moderne interi\u00f8r med denne detalje. Den store fordel ved at vedh\u00e6fte et billede med en plakatklemme er, at det er s\u00e5 simpelt. Vores s\u00f8lvklemmer f\u00e5s i to forskellige bredder, 50 mm og 62 mm. Det v\u00e6lger bare lidt eller stort. Det er ogs\u00e5 godt at h\u00e6nge skilte med disse klip.<\/p>\n<p>Her kan du se alle de varer og tilbeh\u00f8r vi har p\u00e5 vores hjemmeside! Til anden inspiration har vi en hjemmeside med dit eget design kaldet dinprint!<\/p>\n","protected":false},"excerpt":{"rendered":"<p>Plakatklemme &#8211; Sort, bestille online hos os. Vedh\u00e6ft dine trykte plakater og posters p\u00e5 en enkel og moderne vej. Den f\u00e5s i to forskellige bredder fra sm\u00e5 til store.<\/p>\n","protected":false},"featured_media":8911,"template":"","meta":{"_acf_changed":false},"product_brand":[],"product_cat":[365],"product_tag":[],"class_list":{"0":"post-10750","1":"product","2":"type-product","3":"status-publish","4":"has-post-thumbnail","6":"product_cat-posters-og-plakater","7":"product_shipping_class-49kr","9":"first","10":"instock","11":"taxable","12":"shipping-taxable","13":"purchasable","14":"product-type-variable","15":"has-default-attributes"},"exclude_global_add_ons":[],"addons":[],"acf":[],"yoast_head":"<!-- This site is optimized with the Yoast SEO plugin v27.2 - https:\/\/yoast.com\/product\/yoast-seo-wordpress\/ -->\n<title>Plakatklemme - S\u00f8lv k\u00f8ber du her til en billig pris | Gdirekt.se<\/title>\n<meta name=\"description\" content=\"Plakatklemme - S\u00f8lv, du k\u00f8ber online. Vi leverer hurtigt og der er flere st\u00f8rrelser. Moderne design til din egen indretning. Smart m\u00e5de at h\u00e6nge fotoprint og skilte. Plakatholdere sender Vi med hurtig forsendelse.\" \/>\n<meta name=\"robots\" content=\"index, follow, max-snippet:-1, max-image-preview:large, max-video-preview:-1\" \/>\n<link rel=\"canonical\" href=\"https:\/\/www.gdirekt.se\/da\/produkt\/plakatklemme-solv\/\" \/>\n<meta property=\"og:locale\" content=\"da_DK\" \/>\n<meta property=\"og:type\" content=\"article\" \/>\n<meta property=\"og:title\" content=\"Plakatklemme - S\u00f8lv k\u00f8ber du her til en billig pris | Gdirekt.se\" \/>\n<meta property=\"og:description\" content=\"Plakatklemme - S\u00f8lv, du k\u00f8ber online. Vi leverer hurtigt og der er flere st\u00f8rrelser. Moderne design til din egen indretning. Smart m\u00e5de at h\u00e6nge fotoprint og skilte. Plakatholdere sender Vi med hurtig forsendelse.\" \/>\n<meta property=\"og:url\" content=\"https:\/\/www.gdirekt.se\/da\/produkt\/plakatklemme-solv\/\" \/>\n<meta property=\"og:site_name\" content=\"Gdirekt.se\" \/>\n<meta property=\"og:image\" content=\"https:\/\/www.gdirekt.se\/wp-content\/uploads\/posterklamma_silver.png\" \/>\n\t<meta property=\"og:image:width\" content=\"1000\" \/>\n\t<meta property=\"og:image:height\" content=\"1000\" \/>\n\t<meta property=\"og:image:type\" content=\"image\/png\" \/>\n<meta name=\"twitter:card\" content=\"summary_large_image\" \/>\n<script type=\"application\/ld+json\" class=\"yoast-schema-graph\">{\"@context\":\"https:\/\/schema.org\",\"@graph\":[{\"@type\":\"WebPage\",\"@id\":\"https:\/\/www.gdirekt.se\/da\/produkt\/plakatklemme-solv\/\",\"url\":\"https:\/\/www.gdirekt.se\/da\/produkt\/plakatklemme-solv\/\",\"name\":\"Plakatklemme - S\u00f8lv k\u00f8ber du her til en billig pris | Gdirekt.se\",\"isPartOf\":{\"@id\":\"https:\/\/www.gdirekt.se\/#website\"},\"primaryImageOfPage\":{\"@id\":\"https:\/\/www.gdirekt.se\/da\/produkt\/plakatklemme-solv\/#primaryimage\"},\"image\":{\"@id\":\"https:\/\/www.gdirekt.se\/da\/produkt\/plakatklemme-solv\/#primaryimage\"},\"thumbnailUrl\":\"https:\/\/www.gdirekt.se\/wp-content\/uploads\/posterklamma_silver.png\",\"datePublished\":\"2018-03-22T13:39:55+00:00\",\"description\":\"Plakatklemme - S\u00f8lv, du k\u00f8ber online. Vi leverer hurtigt og der er flere st\u00f8rrelser. Moderne design til din egen indretning. Smart m\u00e5de at h\u00e6nge fotoprint og skilte. Plakatholdere sender Vi med hurtig forsendelse.\",\"breadcrumb\":{\"@id\":\"https:\/\/www.gdirekt.se\/da\/produkt\/plakatklemme-solv\/#breadcrumb\"},\"inLanguage\":\"da-DK\",\"potentialAction\":[{\"@type\":\"ReadAction\",\"target\":[\"https:\/\/www.gdirekt.se\/da\/produkt\/plakatklemme-solv\/\"]}]},{\"@type\":\"ImageObject\",\"inLanguage\":\"da-DK\",\"@id\":\"https:\/\/www.gdirekt.se\/da\/produkt\/plakatklemme-solv\/#primaryimage\",\"url\":\"https:\/\/www.gdirekt.se\/wp-content\/uploads\/posterklamma_silver.png\",\"contentUrl\":\"https:\/\/www.gdirekt.se\/wp-content\/uploads\/posterklamma_silver.png\",\"width\":1000,\"height\":1000,\"caption\":\"Moderne og stilfuld klemme til plakat og billeder i s\u00f8lv\"},{\"@type\":\"BreadcrumbList\",\"@id\":\"https:\/\/www.gdirekt.se\/da\/produkt\/plakatklemme-solv\/#breadcrumb\",\"itemListElement\":[{\"@type\":\"ListItem\",\"position\":1,\"name\":\"Hem\",\"item\":\"https:\/\/www.gdirekt.se\/da\/\"},{\"@type\":\"ListItem\",\"position\":2,\"name\":\"Start\",\"item\":\"https:\/\/www.gdirekt.se\/da\/\"},{\"@type\":\"ListItem\",\"position\":3,\"name\":\"Plakatklemme &#8211; S\u00f8lv\"}]},{\"@type\":\"WebSite\",\"@id\":\"https:\/\/www.gdirekt.se\/#website\",\"url\":\"https:\/\/www.gdirekt.se\/\",\"name\":\"Gdirekt.se\",\"description\":\"Tryck snabbt \u00e5 l\u00e4tt = Gdirekt\",\"potentialAction\":[{\"@type\":\"SearchAction\",\"target\":{\"@type\":\"EntryPoint\",\"urlTemplate\":\"https:\/\/www.gdirekt.se\/?s={search_term_string}\"},\"query-input\":{\"@type\":\"PropertyValueSpecification\",\"valueRequired\":true,\"valueName\":\"search_term_string\"}}],\"inLanguage\":\"da-DK\"}]}<\/script>\n<!-- \/ Yoast SEO plugin. -->","yoast_head_json":{"title":"Plakatklemme - S\u00f8lv k\u00f8ber du her til en billig pris | Gdirekt.se","description":"Plakatklemme - S\u00f8lv, du k\u00f8ber online. Vi leverer hurtigt og der er flere st\u00f8rrelser. Moderne design til din egen indretning. Smart m\u00e5de at h\u00e6nge fotoprint og skilte. Plakatholdere sender Vi med hurtig forsendelse.","robots":{"index":"index","follow":"follow","max-snippet":"max-snippet:-1","max-image-preview":"max-image-preview:large","max-video-preview":"max-video-preview:-1"},"canonical":"https:\/\/www.gdirekt.se\/da\/produkt\/plakatklemme-solv\/","og_locale":"da_DK","og_type":"article","og_title":"Plakatklemme - S\u00f8lv k\u00f8ber du her til en billig pris | Gdirekt.se","og_description":"Plakatklemme - S\u00f8lv, du k\u00f8ber online. Vi leverer hurtigt og der er flere st\u00f8rrelser. Moderne design til din egen indretning. Smart m\u00e5de at h\u00e6nge fotoprint og skilte. Plakatholdere sender Vi med hurtig forsendelse.","og_url":"https:\/\/www.gdirekt.se\/da\/produkt\/plakatklemme-solv\/","og_site_name":"Gdirekt.se","og_image":[{"width":1000,"height":1000,"url":"https:\/\/www.gdirekt.se\/wp-content\/uploads\/posterklamma_silver.png","type":"image\/png"}],"twitter_card":"summary_large_image","schema":{"@context":"https:\/\/schema.org","@graph":[{"@type":"WebPage","@id":"https:\/\/www.gdirekt.se\/da\/produkt\/plakatklemme-solv\/","url":"https:\/\/www.gdirekt.se\/da\/produkt\/plakatklemme-solv\/","name":"Plakatklemme - S\u00f8lv k\u00f8ber du her til en billig pris | Gdirekt.se","isPartOf":{"@id":"https:\/\/www.gdirekt.se\/#website"},"primaryImageOfPage":{"@id":"https:\/\/www.gdirekt.se\/da\/produkt\/plakatklemme-solv\/#primaryimage"},"image":{"@id":"https:\/\/www.gdirekt.se\/da\/produkt\/plakatklemme-solv\/#primaryimage"},"thumbnailUrl":"https:\/\/www.gdirekt.se\/wp-content\/uploads\/posterklamma_silver.png","datePublished":"2018-03-22T13:39:55+00:00","description":"Plakatklemme - S\u00f8lv, du k\u00f8ber online. Vi leverer hurtigt og der er flere st\u00f8rrelser. Moderne design til din egen indretning. Smart m\u00e5de at h\u00e6nge fotoprint og skilte. Plakatholdere sender Vi med hurtig forsendelse.","breadcrumb":{"@id":"https:\/\/www.gdirekt.se\/da\/produkt\/plakatklemme-solv\/#breadcrumb"},"inLanguage":"da-DK","potentialAction":[{"@type":"ReadAction","target":["https:\/\/www.gdirekt.se\/da\/produkt\/plakatklemme-solv\/"]}]},{"@type":"ImageObject","inLanguage":"da-DK","@id":"https:\/\/www.gdirekt.se\/da\/produkt\/plakatklemme-solv\/#primaryimage","url":"https:\/\/www.gdirekt.se\/wp-content\/uploads\/posterklamma_silver.png","contentUrl":"https:\/\/www.gdirekt.se\/wp-content\/uploads\/posterklamma_silver.png","width":1000,"height":1000,"caption":"Moderne og stilfuld klemme til plakat og billeder i s\u00f8lv"},{"@type":"BreadcrumbList","@id":"https:\/\/www.gdirekt.se\/da\/produkt\/plakatklemme-solv\/#breadcrumb","itemListElement":[{"@type":"ListItem","position":1,"name":"Hem","item":"https:\/\/www.gdirekt.se\/da\/"},{"@type":"ListItem","position":2,"name":"Start","item":"https:\/\/www.gdirekt.se\/da\/"},{"@type":"ListItem","position":3,"name":"Plakatklemme &#8211; S\u00f8lv"}]},{"@type":"WebSite","@id":"https:\/\/www.gdirekt.se\/#website","url":"https:\/\/www.gdirekt.se\/","name":"Gdirekt.se","description":"Tryck snabbt \u00e5 l\u00e4tt = Gdirekt","potentialAction":[{"@type":"SearchAction","target":{"@type":"EntryPoint","urlTemplate":"https:\/\/www.gdirekt.se\/?s={search_term_string}"},"query-input":{"@type":"PropertyValueSpecification","valueRequired":true,"valueName":"search_term_string"}}],"inLanguage":"da-DK"}]}},"_links":{"self":[{"href":"https:\/\/www.gdirekt.se\/da\/wp-json\/wp\/v2\/product\/10750","targetHints":{"allow":["GET"]}}],"collection":[{"href":"https:\/\/www.gdirekt.se\/da\/wp-json\/wp\/v2\/product"}],"about":[{"href":"https:\/\/www.gdirekt.se\/da\/wp-json\/wp\/v2\/types\/product"}],"wp:featuredmedia":[{"embeddable":true,"href":"https:\/\/www.gdirekt.se\/da\/wp-json\/wp\/v2\/media\/8911"}],"wp:attachment":[{"href":"https:\/\/www.gdirekt.se\/da\/wp-json\/wp\/v2\/media?parent=10750"}],"wp:term":[{"taxonomy":"product_brand","embeddable":true,"href":"https:\/\/www.gdirekt.se\/da\/wp-json\/wp\/v2\/product_brand?post=10750"},{"taxonomy":"product_cat","embeddable":true,"href":"https:\/\/www.gdirekt.se\/da\/wp-json\/wp\/v2\/product_cat?post=10750"},{"taxonomy":"product_tag","embeddable":true,"href":"https:\/\/www.gdirekt.se\/da\/wp-json\/wp\/v2\/product_tag?post=10750"}],"curies":[{"name":"wp","href":"https:\/\/api.w.org\/{rel}","templated":true}]}}