{"id":10737,"date":"2017-01-09T15:32:05","date_gmt":"2017-01-09T14:32:05","guid":{"rendered":"http:\/\/gdirekt.hamstage.hamrenmedia.se\/produkt\/stadurlon-skilt\/"},"modified":"2021-06-08T09:14:53","modified_gmt":"2021-06-08T07:14:53","slug":"stadurl-skilt","status":"publish","type":"product","link":"https:\/\/www.gdirekt.se\/da\/produkt\/stadurl-skilt\/","title":{"rendered":"Stadur-skilt"},"content":{"rendered":"<p><span lang=\"DA\">Stadur-skilte bruges som butiksskilte og interi\u00f8r i butikker. Ogs\u00e5 kaldet vikudur skilt. Plastskiltene er milj\u00f8venlige letv\u00e6gtsplader med en h\u00e5rdere overflade end skumplader! Skiltene er fugtbestandige og holder sig lige. Man bruger disse lette plader, der er holdbare, til butiksskilte og butiksramper samt reklameskilte. Man skaber en flot indretning med billeder p\u00e5 disse skilte. Kan bestilles i tykkelserne 5 mm, 10 mm og 15 mm. Dette er standardst\u00f8rrelser, men det er ogs\u00e5 muligt at k\u00f8be store skilte i Stadur-plast, kontakt os p\u00e5 +46 (0) 11-251515 eller info@gdirekt.se<\/span><\/p>\n<p><span lang=\"DA\">Materialerne f\u00e5s i f\u00f8lgende st\u00f8rrelser:<\/span><\/p>\n<p><span lang=\"DA\">5 mm tykke: 203 x 152 cm<\/span><\/p>\n<p><span lang=\"DA\">10 mm tykke 203 x 152 cm<\/span><\/p>\n<p><span lang=\"DA\">15 mm 305 x 152 cm<\/span><\/p>\n<p><strong><span lang=\"DA\">Ved st\u00f8rre oplag kan I kontakte os for at f\u00e5 et tilbud:<\/span><\/strong><span class=\"apple-converted-space\"><b><span lang=\"DA\">\u00a0<\/span><\/b><\/span><span lang=\"DA\"><a><i>info@gdirekt.se<\/i><\/a><\/span><strong><span lang=\"DA\">.\u00a0<\/span><\/strong><span lang=\"DA\">Se ogs\u00e5 vores andre materialevalg til skilte ved at f\u00f8lge<span class=\"apple-converted-space\">\u00a0<\/span><\/span><span lang=\"DA\"><a href=\"https:\/\/www.gdirekt.se\/produkt-kategori\/skyltar\/\"><i>dette link:<\/i><\/a><\/span><span lang=\"DA\">.<\/span><\/p>\n<p><span lang=\"DA\">Har I behov for at bestille standardskilte til n\u00f8dsituationer, brand, p\u00e5bud eller vejmarkeringer, s\u00e5 bes\u00f8g gerne vores anden side<span class=\"apple-converted-space\">\u00a0<\/span><\/span><span lang=\"DA\"><a href=\"https:\/\/shop.svasab.se\/\"><i>SVASAB<\/i><\/a><\/span><span lang=\"DA\">.<\/span><\/p>\n","protected":false},"excerpt":{"rendered":"<p>Stadurlon-skiltet er en milj\u00f8venlig letv\u00e6gtsplade med en h\u00e5rdere overflade end skumplader! Skiltene er fugtbestandige og holder sig lige. Kan bestilles i tykkelse 5, 10 eller 15 mm.<\/p>\n","protected":false},"featured_media":8415,"template":"","meta":{"_acf_changed":false},"product_brand":[],"product_cat":[378],"product_tag":[],"class_list":{"0":"post-10737","1":"product","2":"type-product","3":"status-publish","4":"has-post-thumbnail","6":"product_cat-skilte","8":"first","9":"instock","10":"taxable","11":"shipping-taxable","12":"purchasable","13":"product-type-variable","14":"has-default-attributes"},"exclude_global_add_ons":[],"addons":[],"acf":[],"yoast_head":"<!-- This site is optimized with the Yoast SEO plugin v27.2 - https:\/\/yoast.com\/product\/yoast-seo-wordpress\/ -->\n<title>Stadur-skilt eller trykte stadur er letv\u00e6gtskilte | Gdirekt.se<\/title>\n<meta name=\"description\" content=\"Stadur-skilt eller vikudur er et milj\u00f8venligt letv\u00e6gplade med h\u00e5rdere end Kapaskilt! Plastskiltene er fugtbestandige. F\u00e5es i tykkelse 5, 10 eller 15 mm.\" \/>\n<meta name=\"robots\" content=\"index, follow, max-snippet:-1, max-image-preview:large, max-video-preview:-1\" \/>\n<link rel=\"canonical\" href=\"https:\/\/www.gdirekt.se\/da\/produkt\/stadurl-skilt\/\" \/>\n<meta property=\"og:locale\" content=\"da_DK\" \/>\n<meta property=\"og:type\" content=\"article\" \/>\n<meta property=\"og:title\" content=\"Stadur-skilt eller trykte stadur er letv\u00e6gtskilte | Gdirekt.se\" \/>\n<meta property=\"og:description\" content=\"Stadur-skilt eller vikudur er et milj\u00f8venligt letv\u00e6gplade med h\u00e5rdere end Kapaskilt! Plastskiltene er fugtbestandige. F\u00e5es i tykkelse 5, 10 eller 15 mm.\" \/>\n<meta property=\"og:url\" content=\"https:\/\/www.gdirekt.se\/da\/produkt\/stadurl-skilt\/\" \/>\n<meta property=\"og:site_name\" content=\"Gdirekt.se\" \/>\n<meta property=\"article:modified_time\" content=\"2021-06-08T07:14:53+00:00\" \/>\n<meta property=\"og:image\" content=\"https:\/\/www.gdirekt.se\/wp-content\/uploads\/stadurlon.png\" \/>\n\t<meta property=\"og:image:width\" content=\"1000\" \/>\n\t<meta property=\"og:image:height\" content=\"1000\" \/>\n\t<meta property=\"og:image:type\" content=\"image\/png\" \/>\n<meta name=\"twitter:card\" content=\"summary_large_image\" \/>\n<meta name=\"twitter:label1\" content=\"Estimeret l\u00e6setid\" \/>\n\t<meta name=\"twitter:data1\" content=\"1 minut\" \/>\n<script type=\"application\/ld+json\" class=\"yoast-schema-graph\">{\"@context\":\"https:\/\/schema.org\",\"@graph\":[{\"@type\":\"WebPage\",\"@id\":\"https:\/\/www.gdirekt.se\/da\/produkt\/stadurl-skilt\/\",\"url\":\"https:\/\/www.gdirekt.se\/da\/produkt\/stadurl-skilt\/\",\"name\":\"Stadur-skilt eller trykte stadur er letv\u00e6gtskilte | Gdirekt.se\",\"isPartOf\":{\"@id\":\"https:\/\/www.gdirekt.se\/#website\"},\"primaryImageOfPage\":{\"@id\":\"https:\/\/www.gdirekt.se\/da\/produkt\/stadurl-skilt\/#primaryimage\"},\"image\":{\"@id\":\"https:\/\/www.gdirekt.se\/da\/produkt\/stadurl-skilt\/#primaryimage\"},\"thumbnailUrl\":\"https:\/\/www.gdirekt.se\/wp-content\/uploads\/stadurlon.png\",\"datePublished\":\"2017-01-09T14:32:05+00:00\",\"dateModified\":\"2021-06-08T07:14:53+00:00\",\"description\":\"Stadur-skilt eller vikudur er et milj\u00f8venligt letv\u00e6gplade med h\u00e5rdere end Kapaskilt! Plastskiltene er fugtbestandige. F\u00e5es i tykkelse 5, 10 eller 15 mm.\",\"breadcrumb\":{\"@id\":\"https:\/\/www.gdirekt.se\/da\/produkt\/stadurl-skilt\/#breadcrumb\"},\"inLanguage\":\"da-DK\",\"potentialAction\":[{\"@type\":\"ReadAction\",\"target\":[\"https:\/\/www.gdirekt.se\/da\/produkt\/stadurl-skilt\/\"]}]},{\"@type\":\"ImageObject\",\"inLanguage\":\"da-DK\",\"@id\":\"https:\/\/www.gdirekt.se\/da\/produkt\/stadurl-skilt\/#primaryimage\",\"url\":\"https:\/\/www.gdirekt.se\/wp-content\/uploads\/stadurlon.png\",\"contentUrl\":\"https:\/\/www.gdirekt.se\/wp-content\/uploads\/stadurlon.png\",\"width\":1000,\"height\":1000,\"caption\":\"Letv\u00e6gts plade stadurlon\"},{\"@type\":\"BreadcrumbList\",\"@id\":\"https:\/\/www.gdirekt.se\/da\/produkt\/stadurl-skilt\/#breadcrumb\",\"itemListElement\":[{\"@type\":\"ListItem\",\"position\":1,\"name\":\"Hem\",\"item\":\"https:\/\/www.gdirekt.se\/da\/\"},{\"@type\":\"ListItem\",\"position\":2,\"name\":\"Start\",\"item\":\"https:\/\/www.gdirekt.se\/da\/\"},{\"@type\":\"ListItem\",\"position\":3,\"name\":\"Stadur-skilt\"}]},{\"@type\":\"WebSite\",\"@id\":\"https:\/\/www.gdirekt.se\/#website\",\"url\":\"https:\/\/www.gdirekt.se\/\",\"name\":\"Gdirekt.se\",\"description\":\"Tryck snabbt \u00e5 l\u00e4tt = Gdirekt\",\"potentialAction\":[{\"@type\":\"SearchAction\",\"target\":{\"@type\":\"EntryPoint\",\"urlTemplate\":\"https:\/\/www.gdirekt.se\/?s={search_term_string}\"},\"query-input\":{\"@type\":\"PropertyValueSpecification\",\"valueRequired\":true,\"valueName\":\"search_term_string\"}}],\"inLanguage\":\"da-DK\"}]}<\/script>\n<!-- \/ Yoast SEO plugin. -->","yoast_head_json":{"title":"Stadur-skilt eller trykte stadur er letv\u00e6gtskilte | Gdirekt.se","description":"Stadur-skilt eller vikudur er et milj\u00f8venligt letv\u00e6gplade med h\u00e5rdere end Kapaskilt! Plastskiltene er fugtbestandige. F\u00e5es i tykkelse 5, 10 eller 15 mm.","robots":{"index":"index","follow":"follow","max-snippet":"max-snippet:-1","max-image-preview":"max-image-preview:large","max-video-preview":"max-video-preview:-1"},"canonical":"https:\/\/www.gdirekt.se\/da\/produkt\/stadurl-skilt\/","og_locale":"da_DK","og_type":"article","og_title":"Stadur-skilt eller trykte stadur er letv\u00e6gtskilte | Gdirekt.se","og_description":"Stadur-skilt eller vikudur er et milj\u00f8venligt letv\u00e6gplade med h\u00e5rdere end Kapaskilt! Plastskiltene er fugtbestandige. F\u00e5es i tykkelse 5, 10 eller 15 mm.","og_url":"https:\/\/www.gdirekt.se\/da\/produkt\/stadurl-skilt\/","og_site_name":"Gdirekt.se","article_modified_time":"2021-06-08T07:14:53+00:00","og_image":[{"width":1000,"height":1000,"url":"https:\/\/www.gdirekt.se\/wp-content\/uploads\/stadurlon.png","type":"image\/png"}],"twitter_card":"summary_large_image","twitter_misc":{"Estimeret l\u00e6setid":"1 minut"},"schema":{"@context":"https:\/\/schema.org","@graph":[{"@type":"WebPage","@id":"https:\/\/www.gdirekt.se\/da\/produkt\/stadurl-skilt\/","url":"https:\/\/www.gdirekt.se\/da\/produkt\/stadurl-skilt\/","name":"Stadur-skilt eller trykte stadur er letv\u00e6gtskilte | Gdirekt.se","isPartOf":{"@id":"https:\/\/www.gdirekt.se\/#website"},"primaryImageOfPage":{"@id":"https:\/\/www.gdirekt.se\/da\/produkt\/stadurl-skilt\/#primaryimage"},"image":{"@id":"https:\/\/www.gdirekt.se\/da\/produkt\/stadurl-skilt\/#primaryimage"},"thumbnailUrl":"https:\/\/www.gdirekt.se\/wp-content\/uploads\/stadurlon.png","datePublished":"2017-01-09T14:32:05+00:00","dateModified":"2021-06-08T07:14:53+00:00","description":"Stadur-skilt eller vikudur er et milj\u00f8venligt letv\u00e6gplade med h\u00e5rdere end Kapaskilt! Plastskiltene er fugtbestandige. F\u00e5es i tykkelse 5, 10 eller 15 mm.","breadcrumb":{"@id":"https:\/\/www.gdirekt.se\/da\/produkt\/stadurl-skilt\/#breadcrumb"},"inLanguage":"da-DK","potentialAction":[{"@type":"ReadAction","target":["https:\/\/www.gdirekt.se\/da\/produkt\/stadurl-skilt\/"]}]},{"@type":"ImageObject","inLanguage":"da-DK","@id":"https:\/\/www.gdirekt.se\/da\/produkt\/stadurl-skilt\/#primaryimage","url":"https:\/\/www.gdirekt.se\/wp-content\/uploads\/stadurlon.png","contentUrl":"https:\/\/www.gdirekt.se\/wp-content\/uploads\/stadurlon.png","width":1000,"height":1000,"caption":"Letv\u00e6gts plade stadurlon"},{"@type":"BreadcrumbList","@id":"https:\/\/www.gdirekt.se\/da\/produkt\/stadurl-skilt\/#breadcrumb","itemListElement":[{"@type":"ListItem","position":1,"name":"Hem","item":"https:\/\/www.gdirekt.se\/da\/"},{"@type":"ListItem","position":2,"name":"Start","item":"https:\/\/www.gdirekt.se\/da\/"},{"@type":"ListItem","position":3,"name":"Stadur-skilt"}]},{"@type":"WebSite","@id":"https:\/\/www.gdirekt.se\/#website","url":"https:\/\/www.gdirekt.se\/","name":"Gdirekt.se","description":"Tryck snabbt \u00e5 l\u00e4tt = Gdirekt","potentialAction":[{"@type":"SearchAction","target":{"@type":"EntryPoint","urlTemplate":"https:\/\/www.gdirekt.se\/?s={search_term_string}"},"query-input":{"@type":"PropertyValueSpecification","valueRequired":true,"valueName":"search_term_string"}}],"inLanguage":"da-DK"}]}},"_links":{"self":[{"href":"https:\/\/www.gdirekt.se\/da\/wp-json\/wp\/v2\/product\/10737","targetHints":{"allow":["GET"]}}],"collection":[{"href":"https:\/\/www.gdirekt.se\/da\/wp-json\/wp\/v2\/product"}],"about":[{"href":"https:\/\/www.gdirekt.se\/da\/wp-json\/wp\/v2\/types\/product"}],"wp:featuredmedia":[{"embeddable":true,"href":"https:\/\/www.gdirekt.se\/da\/wp-json\/wp\/v2\/media\/8415"}],"wp:attachment":[{"href":"https:\/\/www.gdirekt.se\/da\/wp-json\/wp\/v2\/media?parent=10737"}],"wp:term":[{"taxonomy":"product_brand","embeddable":true,"href":"https:\/\/www.gdirekt.se\/da\/wp-json\/wp\/v2\/product_brand?post=10737"},{"taxonomy":"product_cat","embeddable":true,"href":"https:\/\/www.gdirekt.se\/da\/wp-json\/wp\/v2\/product_cat?post=10737"},{"taxonomy":"product_tag","embeddable":true,"href":"https:\/\/www.gdirekt.se\/da\/wp-json\/wp\/v2\/product_tag?post=10737"}],"curies":[{"name":"wp","href":"https:\/\/api.w.org\/{rel}","templated":true}]}}