{"id":10729,"date":"2017-02-15T11:41:24","date_gmt":"2017-02-15T10:41:24","guid":{"rendered":"http:\/\/gdirekt.hamstage.hamrenmedia.se\/produkt\/spotlight-pop-up-spennare\/"},"modified":"2017-02-15T11:41:24","modified_gmt":"2017-02-15T10:41:24","slug":"spotlight-pop-up-spennare","status":"publish","type":"product","link":"https:\/\/www.gdirekt.se\/da\/produkt\/spotlight-pop-up-spennare\/","title":{"rendered":"Spotlight Pop Up Spennare"},"content":{"rendered":"<p>Spotlight Pop Up Spennare passer til deres messev\u00e6gg. Modellerne hedder Pop up s10, s20 og Textile s30. Lampen kommer i en karton og er nem at montere. V\u00e6lg mellem 12 watt LED drevet med 220v eller 150W halogen.<\/p>\n<p>Kontakt og kabel medf\u00f8lger. N\u00e5r det kommer til at finde og bestille den rigtige belysning til messer, vil resultatet v\u00e6re det bedste, hvis du v\u00e6lger producentens spotlights. De er designet til at passe monteringssystemerne og designet til at give den bedste belysning med korrekt lyspredning. Nogle gange kan man tro at prisen er lidt dyr for en almindelig lampe, men disse egnede lamper er designet til at give et godt og st\u00e6rkt lys. Kvaliteten er den bedste, og de er godkendt med de korrekte markeringer, som CE-symbolerne. Dette giver sikkerhed, n\u00e5r det bruges i offentlige milj\u00f8er som messer, indk\u00f8bscentre, sportsarealer samt displays og produktlanceringer. Hvis du vil se flere gode eksempler p\u00e5 messe- og v\u00e6gsystemer til udstillinger, klik HER!<\/p>\n<p>Vi s\u00e6lger displaysystemer fra de bedste producenter som Spennare, Expolinc, Expand Media System og Mark Brick.<\/p>\n<p>Vi har ogs\u00e5 andre lamper og spotlights til rolluper<\/p>\n","protected":false},"excerpt":{"rendered":"<p>Spotlight Pop Up Spenners passer ogs\u00e5 deres stofstativ! V\u00e6lg mellem 12 watt LED drevet med 220v eller 150W halogen. Kontakt og kabel er altid inkluderet i prisen og s\u00e6lges separat.<\/p>\n","protected":false},"featured_media":8536,"template":"","meta":{"_acf_changed":false},"product_brand":[],"product_cat":[936],"product_tag":[],"class_list":{"0":"post-10729","1":"product","2":"type-product","3":"status-publish","4":"has-post-thumbnail","6":"product_cat-okategoriserad-da","7":"product_shipping_class-250kr","9":"first","10":"instock","11":"taxable","12":"shipping-taxable","13":"purchasable","14":"product-type-variable","15":"has-default-attributes"},"exclude_global_add_ons":[],"addons":[],"acf":[],"yoast_head":"<!-- This site is optimized with the Yoast SEO plugin v27.2 - https:\/\/yoast.com\/product\/yoast-seo-wordpress\/ -->\n<title>Spotlight Pop Up Spennare messev\u00e6gg, k\u00f8b til den rigtige pris i dag | Gdirekt.se<\/title>\n<meta name=\"description\" content=\"Spotlight Pop Up Spennare leveres i sort taske. K\u00f8b 12 watt LED drevet med 220v eller 150W halogen. Kontakt og kabel er inkluderet i bestilling.\" \/>\n<meta name=\"robots\" content=\"index, follow, max-snippet:-1, max-image-preview:large, max-video-preview:-1\" \/>\n<link rel=\"canonical\" href=\"https:\/\/www.gdirekt.se\/da\/produkt\/spotlight-pop-up-spennare\/\" \/>\n<meta property=\"og:locale\" content=\"da_DK\" \/>\n<meta property=\"og:type\" content=\"article\" \/>\n<meta property=\"og:title\" content=\"Spotlight Pop Up Spennare messev\u00e6gg, k\u00f8b til den rigtige pris i dag | Gdirekt.se\" \/>\n<meta property=\"og:description\" content=\"Spotlight Pop Up Spennare leveres i sort taske. K\u00f8b 12 watt LED drevet med 220v eller 150W halogen. Kontakt og kabel er inkluderet i bestilling.\" \/>\n<meta property=\"og:url\" content=\"https:\/\/www.gdirekt.se\/da\/produkt\/spotlight-pop-up-spennare\/\" \/>\n<meta property=\"og:site_name\" content=\"Gdirekt.se\" \/>\n<meta property=\"og:image\" content=\"https:\/\/www.gdirekt.se\/wp-content\/uploads\/spotlight_halogen.png\" \/>\n\t<meta property=\"og:image:width\" content=\"1000\" \/>\n\t<meta property=\"og:image:height\" content=\"1000\" \/>\n\t<meta property=\"og:image:type\" content=\"image\/png\" \/>\n<meta name=\"twitter:card\" content=\"summary_large_image\" \/>\n<meta name=\"twitter:label1\" content=\"Estimeret l\u00e6setid\" \/>\n\t<meta name=\"twitter:data1\" content=\"1 minut\" \/>\n<script type=\"application\/ld+json\" class=\"yoast-schema-graph\">{\"@context\":\"https:\/\/schema.org\",\"@graph\":[{\"@type\":\"WebPage\",\"@id\":\"https:\/\/www.gdirekt.se\/da\/produkt\/spotlight-pop-up-spennare\/\",\"url\":\"https:\/\/www.gdirekt.se\/da\/produkt\/spotlight-pop-up-spennare\/\",\"name\":\"Spotlight Pop Up Spennare messev\u00e6gg, k\u00f8b til den rigtige pris i dag | Gdirekt.se\",\"isPartOf\":{\"@id\":\"https:\/\/www.gdirekt.se\/#website\"},\"primaryImageOfPage\":{\"@id\":\"https:\/\/www.gdirekt.se\/da\/produkt\/spotlight-pop-up-spennare\/#primaryimage\"},\"image\":{\"@id\":\"https:\/\/www.gdirekt.se\/da\/produkt\/spotlight-pop-up-spennare\/#primaryimage\"},\"thumbnailUrl\":\"https:\/\/www.gdirekt.se\/wp-content\/uploads\/spotlight_halogen.png\",\"datePublished\":\"2017-02-15T10:41:24+00:00\",\"description\":\"Spotlight Pop Up Spennare leveres i sort taske. K\u00f8b 12 watt LED drevet med 220v eller 150W halogen. Kontakt og kabel er inkluderet i bestilling.\",\"breadcrumb\":{\"@id\":\"https:\/\/www.gdirekt.se\/da\/produkt\/spotlight-pop-up-spennare\/#breadcrumb\"},\"inLanguage\":\"da-DK\",\"potentialAction\":[{\"@type\":\"ReadAction\",\"target\":[\"https:\/\/www.gdirekt.se\/da\/produkt\/spotlight-pop-up-spennare\/\"]}]},{\"@type\":\"ImageObject\",\"inLanguage\":\"da-DK\",\"@id\":\"https:\/\/www.gdirekt.se\/da\/produkt\/spotlight-pop-up-spennare\/#primaryimage\",\"url\":\"https:\/\/www.gdirekt.se\/wp-content\/uploads\/spotlight_halogen.png\",\"contentUrl\":\"https:\/\/www.gdirekt.se\/wp-content\/uploads\/spotlight_halogen.png\",\"width\":1000,\"height\":1000,\"caption\":\"Halogen lampe til Spennares pop up\"},{\"@type\":\"BreadcrumbList\",\"@id\":\"https:\/\/www.gdirekt.se\/da\/produkt\/spotlight-pop-up-spennare\/#breadcrumb\",\"itemListElement\":[{\"@type\":\"ListItem\",\"position\":1,\"name\":\"Hem\",\"item\":\"https:\/\/www.gdirekt.se\/da\/\"},{\"@type\":\"ListItem\",\"position\":2,\"name\":\"Start\",\"item\":\"https:\/\/www.gdirekt.se\/da\/\"},{\"@type\":\"ListItem\",\"position\":3,\"name\":\"Spotlight Pop Up Spennare\"}]},{\"@type\":\"WebSite\",\"@id\":\"https:\/\/www.gdirekt.se\/#website\",\"url\":\"https:\/\/www.gdirekt.se\/\",\"name\":\"Gdirekt.se\",\"description\":\"Tryck snabbt \u00e5 l\u00e4tt = Gdirekt\",\"potentialAction\":[{\"@type\":\"SearchAction\",\"target\":{\"@type\":\"EntryPoint\",\"urlTemplate\":\"https:\/\/www.gdirekt.se\/?s={search_term_string}\"},\"query-input\":{\"@type\":\"PropertyValueSpecification\",\"valueRequired\":true,\"valueName\":\"search_term_string\"}}],\"inLanguage\":\"da-DK\"}]}<\/script>\n<!-- \/ Yoast SEO plugin. -->","yoast_head_json":{"title":"Spotlight Pop Up Spennare messev\u00e6gg, k\u00f8b til den rigtige pris i dag | Gdirekt.se","description":"Spotlight Pop Up Spennare leveres i sort taske. K\u00f8b 12 watt LED drevet med 220v eller 150W halogen. Kontakt og kabel er inkluderet i bestilling.","robots":{"index":"index","follow":"follow","max-snippet":"max-snippet:-1","max-image-preview":"max-image-preview:large","max-video-preview":"max-video-preview:-1"},"canonical":"https:\/\/www.gdirekt.se\/da\/produkt\/spotlight-pop-up-spennare\/","og_locale":"da_DK","og_type":"article","og_title":"Spotlight Pop Up Spennare messev\u00e6gg, k\u00f8b til den rigtige pris i dag | Gdirekt.se","og_description":"Spotlight Pop Up Spennare leveres i sort taske. K\u00f8b 12 watt LED drevet med 220v eller 150W halogen. Kontakt og kabel er inkluderet i bestilling.","og_url":"https:\/\/www.gdirekt.se\/da\/produkt\/spotlight-pop-up-spennare\/","og_site_name":"Gdirekt.se","og_image":[{"width":1000,"height":1000,"url":"https:\/\/www.gdirekt.se\/wp-content\/uploads\/spotlight_halogen.png","type":"image\/png"}],"twitter_card":"summary_large_image","twitter_misc":{"Estimeret l\u00e6setid":"1 minut"},"schema":{"@context":"https:\/\/schema.org","@graph":[{"@type":"WebPage","@id":"https:\/\/www.gdirekt.se\/da\/produkt\/spotlight-pop-up-spennare\/","url":"https:\/\/www.gdirekt.se\/da\/produkt\/spotlight-pop-up-spennare\/","name":"Spotlight Pop Up Spennare messev\u00e6gg, k\u00f8b til den rigtige pris i dag | Gdirekt.se","isPartOf":{"@id":"https:\/\/www.gdirekt.se\/#website"},"primaryImageOfPage":{"@id":"https:\/\/www.gdirekt.se\/da\/produkt\/spotlight-pop-up-spennare\/#primaryimage"},"image":{"@id":"https:\/\/www.gdirekt.se\/da\/produkt\/spotlight-pop-up-spennare\/#primaryimage"},"thumbnailUrl":"https:\/\/www.gdirekt.se\/wp-content\/uploads\/spotlight_halogen.png","datePublished":"2017-02-15T10:41:24+00:00","description":"Spotlight Pop Up Spennare leveres i sort taske. K\u00f8b 12 watt LED drevet med 220v eller 150W halogen. Kontakt og kabel er inkluderet i bestilling.","breadcrumb":{"@id":"https:\/\/www.gdirekt.se\/da\/produkt\/spotlight-pop-up-spennare\/#breadcrumb"},"inLanguage":"da-DK","potentialAction":[{"@type":"ReadAction","target":["https:\/\/www.gdirekt.se\/da\/produkt\/spotlight-pop-up-spennare\/"]}]},{"@type":"ImageObject","inLanguage":"da-DK","@id":"https:\/\/www.gdirekt.se\/da\/produkt\/spotlight-pop-up-spennare\/#primaryimage","url":"https:\/\/www.gdirekt.se\/wp-content\/uploads\/spotlight_halogen.png","contentUrl":"https:\/\/www.gdirekt.se\/wp-content\/uploads\/spotlight_halogen.png","width":1000,"height":1000,"caption":"Halogen lampe til Spennares pop up"},{"@type":"BreadcrumbList","@id":"https:\/\/www.gdirekt.se\/da\/produkt\/spotlight-pop-up-spennare\/#breadcrumb","itemListElement":[{"@type":"ListItem","position":1,"name":"Hem","item":"https:\/\/www.gdirekt.se\/da\/"},{"@type":"ListItem","position":2,"name":"Start","item":"https:\/\/www.gdirekt.se\/da\/"},{"@type":"ListItem","position":3,"name":"Spotlight Pop Up Spennare"}]},{"@type":"WebSite","@id":"https:\/\/www.gdirekt.se\/#website","url":"https:\/\/www.gdirekt.se\/","name":"Gdirekt.se","description":"Tryck snabbt \u00e5 l\u00e4tt = Gdirekt","potentialAction":[{"@type":"SearchAction","target":{"@type":"EntryPoint","urlTemplate":"https:\/\/www.gdirekt.se\/?s={search_term_string}"},"query-input":{"@type":"PropertyValueSpecification","valueRequired":true,"valueName":"search_term_string"}}],"inLanguage":"da-DK"}]}},"_links":{"self":[{"href":"https:\/\/www.gdirekt.se\/da\/wp-json\/wp\/v2\/product\/10729","targetHints":{"allow":["GET"]}}],"collection":[{"href":"https:\/\/www.gdirekt.se\/da\/wp-json\/wp\/v2\/product"}],"about":[{"href":"https:\/\/www.gdirekt.se\/da\/wp-json\/wp\/v2\/types\/product"}],"wp:featuredmedia":[{"embeddable":true,"href":"https:\/\/www.gdirekt.se\/da\/wp-json\/wp\/v2\/media\/8536"}],"wp:attachment":[{"href":"https:\/\/www.gdirekt.se\/da\/wp-json\/wp\/v2\/media?parent=10729"}],"wp:term":[{"taxonomy":"product_brand","embeddable":true,"href":"https:\/\/www.gdirekt.se\/da\/wp-json\/wp\/v2\/product_brand?post=10729"},{"taxonomy":"product_cat","embeddable":true,"href":"https:\/\/www.gdirekt.se\/da\/wp-json\/wp\/v2\/product_cat?post=10729"},{"taxonomy":"product_tag","embeddable":true,"href":"https:\/\/www.gdirekt.se\/da\/wp-json\/wp\/v2\/product_tag?post=10729"}],"curies":[{"name":"wp","href":"https:\/\/api.w.org\/{rel}","templated":true}]}}