{"id":10727,"date":"2017-04-13T09:51:40","date_gmt":"2017-04-13T07:51:40","guid":{"rendered":"http:\/\/gdirekt.hamstage.hamrenmedia.se\/produkt\/sandsaekke\/"},"modified":"2024-02-01T09:33:39","modified_gmt":"2024-02-01T08:33:39","slug":"sandsaekke","status":"publish","type":"product","link":"https:\/\/www.gdirekt.se\/da\/produkt\/sandsaekke\/","title":{"rendered":"Sands\u00e6kke"},"content":{"rendered":"<p>Sands\u00e6kke for v\u00e6gt til strand flag og dens grundplader. Produktet leveres med en plastindsats, der kan fyldes med sand eller grus. Grus eller sand er ikke inkluderet i leveransen.Vikten vil derefter v\u00e6re mellem 5-6 kg, afh\u00e6ngigt af hvilken type sand, grus eller sm\u00e5sten p\u00e5fyldning. St\u00f8rrelsen er 45 x 20 x 8 cm, og sands\u00e6kken er lavet af sort st\u00e6rk nylon med h\u00e5ndtag, hvor den kan b\u00e6res.<\/p>\n<p>Sands\u00e6kke er meget velegnet som v\u00e6gte for beachflag og lignende produkter, fordi de er plastisk og vejer ned landebrikker uanset det omgivende terr\u00e6n. En sandtaske kan bruges selv i tunge skr\u00e5ninger uden problemer. Fordi sandet placeres i en indre pose er let at genopfylde \/ l\u00f8be ud af posen uden den ydre bekl\u00e6dning er snavset &#8211; en bagatel, m\u00e5ske, men hvorfor ikke holde den ren og p\u00e6n, n\u00e5r det stadig er muligt?<\/p>\n<p>Sands\u00e6kke med ekstra v\u00e6gt<\/p>\n<p>Hvis du \u00f8nsker ekstra v\u00e6gt p\u00e5 din taske, kan du udfylde den med bly hagl i stedet. Det er ogs\u00e5 lettere at k\u00f8be en billig taske online end at k\u00f8be den i en fysisk butik eller til at lave din egen sandtaske. Hvis du har brug for et nyt strandflag med print, bestiller du det p\u00e5 dette <em><strong><a href=\"https:\/\/www.gdirekt.se\/produkt-kategori\/beachflaggor\/\">l\u00e4nk<\/a><\/strong><\/em>!<\/p>\n","protected":false},"excerpt":{"rendered":"<p>Sands\u00e6kke for ekstra tyngde til beachflag og plader samt til andre eksponeringer. Fylder med sand eller grus (medf\u00f8lger ikke). V\u00e6gt 5-6 kg og st\u00f8rrelse 45x20x8cm. Fremstillet i st\u00e6rk nylon med h\u00e5ndtag med plast inde.<\/p>\n","protected":false},"featured_media":8704,"template":"","meta":{"_acf_changed":false},"product_brand":[],"product_cat":[371],"product_tag":[],"class_list":{"0":"post-10727","1":"product","2":"type-product","3":"status-publish","4":"has-post-thumbnail","6":"product_cat-beachflag-tilbehoer","7":"product_shipping_class-180sek","9":"first","10":"instock","11":"taxable","12":"shipping-taxable","13":"purchasable","14":"product-type-simple"},"exclude_global_add_ons":[],"addons":[],"acf":[],"yoast_head":"<!-- This site is optimized with the Yoast SEO plugin v27.2 - https:\/\/yoast.com\/product\/yoast-seo-wordpress\/ -->\n<title>Sands\u00e6kke som ekstra v\u00e6gt til beachflag | Gdirekt.se<\/title>\n<meta name=\"description\" content=\"Sands\u00e6kke for v\u00e6gt til beachflag og plader. Plastpose, du fylder med sand. V\u00e6gt 5-6 kg. St\u00f8rrelse 45x20x8cm i st\u00e6rk nylon med h\u00e5ndtag. Disse tilbeh\u00f8r til strandflagge leveres direkte til kunder fra vores lager p\u00e5 trykkeriet.\" \/>\n<meta name=\"robots\" content=\"index, follow, max-snippet:-1, max-image-preview:large, max-video-preview:-1\" \/>\n<link rel=\"canonical\" href=\"https:\/\/www.gdirekt.se\/da\/produkt\/sandsaekke\/\" \/>\n<meta property=\"og:locale\" content=\"da_DK\" \/>\n<meta property=\"og:type\" content=\"article\" \/>\n<meta property=\"og:title\" content=\"Sands\u00e6kke som ekstra v\u00e6gt til beachflag | Gdirekt.se\" \/>\n<meta property=\"og:description\" content=\"Sands\u00e6kke for v\u00e6gt til beachflag og plader. Plastpose, du fylder med sand. V\u00e6gt 5-6 kg. St\u00f8rrelse 45x20x8cm i st\u00e6rk nylon med h\u00e5ndtag. Disse tilbeh\u00f8r til strandflagge leveres direkte til kunder fra vores lager p\u00e5 trykkeriet.\" \/>\n<meta property=\"og:url\" content=\"https:\/\/www.gdirekt.se\/da\/produkt\/sandsaekke\/\" \/>\n<meta property=\"og:site_name\" content=\"Gdirekt.se\" \/>\n<meta property=\"article:modified_time\" content=\"2024-02-01T08:33:39+00:00\" \/>\n<meta property=\"og:image\" content=\"https:\/\/www.gdirekt.se\/wp-content\/uploads\/sandsack.png\" \/>\n\t<meta property=\"og:image:width\" content=\"1000\" \/>\n\t<meta property=\"og:image:height\" content=\"1000\" \/>\n\t<meta property=\"og:image:type\" content=\"image\/png\" \/>\n<meta name=\"twitter:card\" content=\"summary_large_image\" \/>\n<meta name=\"twitter:label1\" content=\"Estimeret l\u00e6setid\" \/>\n\t<meta name=\"twitter:data1\" content=\"1 minut\" \/>\n<script type=\"application\/ld+json\" class=\"yoast-schema-graph\">{\"@context\":\"https:\/\/schema.org\",\"@graph\":[{\"@type\":\"WebPage\",\"@id\":\"https:\/\/www.gdirekt.se\/da\/produkt\/sandsaekke\/\",\"url\":\"https:\/\/www.gdirekt.se\/da\/produkt\/sandsaekke\/\",\"name\":\"Sands\u00e6kke som ekstra v\u00e6gt til beachflag | Gdirekt.se\",\"isPartOf\":{\"@id\":\"https:\/\/www.gdirekt.se\/#website\"},\"primaryImageOfPage\":{\"@id\":\"https:\/\/www.gdirekt.se\/da\/produkt\/sandsaekke\/#primaryimage\"},\"image\":{\"@id\":\"https:\/\/www.gdirekt.se\/da\/produkt\/sandsaekke\/#primaryimage\"},\"thumbnailUrl\":\"https:\/\/www.gdirekt.se\/wp-content\/uploads\/sandsack.png\",\"datePublished\":\"2017-04-13T07:51:40+00:00\",\"dateModified\":\"2024-02-01T08:33:39+00:00\",\"description\":\"Sands\u00e6kke for v\u00e6gt til beachflag og plader. Plastpose, du fylder med sand. V\u00e6gt 5-6 kg. St\u00f8rrelse 45x20x8cm i st\u00e6rk nylon med h\u00e5ndtag. Disse tilbeh\u00f8r til strandflagge leveres direkte til kunder fra vores lager p\u00e5 trykkeriet.\",\"breadcrumb\":{\"@id\":\"https:\/\/www.gdirekt.se\/da\/produkt\/sandsaekke\/#breadcrumb\"},\"inLanguage\":\"da-DK\",\"potentialAction\":[{\"@type\":\"ReadAction\",\"target\":[\"https:\/\/www.gdirekt.se\/da\/produkt\/sandsaekke\/\"]}]},{\"@type\":\"ImageObject\",\"inLanguage\":\"da-DK\",\"@id\":\"https:\/\/www.gdirekt.se\/da\/produkt\/sandsaekke\/#primaryimage\",\"url\":\"https:\/\/www.gdirekt.se\/wp-content\/uploads\/sandsack.png\",\"contentUrl\":\"https:\/\/www.gdirekt.se\/wp-content\/uploads\/sandsack.png\",\"width\":1000,\"height\":1000,\"caption\":\"Sandpose med plastpose, som du fylder med sand\"},{\"@type\":\"BreadcrumbList\",\"@id\":\"https:\/\/www.gdirekt.se\/da\/produkt\/sandsaekke\/#breadcrumb\",\"itemListElement\":[{\"@type\":\"ListItem\",\"position\":1,\"name\":\"Hem\",\"item\":\"https:\/\/www.gdirekt.se\/da\/\"},{\"@type\":\"ListItem\",\"position\":2,\"name\":\"Start\",\"item\":\"https:\/\/www.gdirekt.se\/da\/\"},{\"@type\":\"ListItem\",\"position\":3,\"name\":\"Sands\u00e6kke\"}]},{\"@type\":\"WebSite\",\"@id\":\"https:\/\/www.gdirekt.se\/#website\",\"url\":\"https:\/\/www.gdirekt.se\/\",\"name\":\"Gdirekt.se\",\"description\":\"Tryck snabbt \u00e5 l\u00e4tt = Gdirekt\",\"potentialAction\":[{\"@type\":\"SearchAction\",\"target\":{\"@type\":\"EntryPoint\",\"urlTemplate\":\"https:\/\/www.gdirekt.se\/?s={search_term_string}\"},\"query-input\":{\"@type\":\"PropertyValueSpecification\",\"valueRequired\":true,\"valueName\":\"search_term_string\"}}],\"inLanguage\":\"da-DK\"}]}<\/script>\n<!-- \/ Yoast SEO plugin. -->","yoast_head_json":{"title":"Sands\u00e6kke som ekstra v\u00e6gt til beachflag | Gdirekt.se","description":"Sands\u00e6kke for v\u00e6gt til beachflag og plader. Plastpose, du fylder med sand. V\u00e6gt 5-6 kg. St\u00f8rrelse 45x20x8cm i st\u00e6rk nylon med h\u00e5ndtag. Disse tilbeh\u00f8r til strandflagge leveres direkte til kunder fra vores lager p\u00e5 trykkeriet.","robots":{"index":"index","follow":"follow","max-snippet":"max-snippet:-1","max-image-preview":"max-image-preview:large","max-video-preview":"max-video-preview:-1"},"canonical":"https:\/\/www.gdirekt.se\/da\/produkt\/sandsaekke\/","og_locale":"da_DK","og_type":"article","og_title":"Sands\u00e6kke som ekstra v\u00e6gt til beachflag | Gdirekt.se","og_description":"Sands\u00e6kke for v\u00e6gt til beachflag og plader. Plastpose, du fylder med sand. V\u00e6gt 5-6 kg. St\u00f8rrelse 45x20x8cm i st\u00e6rk nylon med h\u00e5ndtag. Disse tilbeh\u00f8r til strandflagge leveres direkte til kunder fra vores lager p\u00e5 trykkeriet.","og_url":"https:\/\/www.gdirekt.se\/da\/produkt\/sandsaekke\/","og_site_name":"Gdirekt.se","article_modified_time":"2024-02-01T08:33:39+00:00","og_image":[{"width":1000,"height":1000,"url":"https:\/\/www.gdirekt.se\/wp-content\/uploads\/sandsack.png","type":"image\/png"}],"twitter_card":"summary_large_image","twitter_misc":{"Estimeret l\u00e6setid":"1 minut"},"schema":{"@context":"https:\/\/schema.org","@graph":[{"@type":"WebPage","@id":"https:\/\/www.gdirekt.se\/da\/produkt\/sandsaekke\/","url":"https:\/\/www.gdirekt.se\/da\/produkt\/sandsaekke\/","name":"Sands\u00e6kke som ekstra v\u00e6gt til beachflag | Gdirekt.se","isPartOf":{"@id":"https:\/\/www.gdirekt.se\/#website"},"primaryImageOfPage":{"@id":"https:\/\/www.gdirekt.se\/da\/produkt\/sandsaekke\/#primaryimage"},"image":{"@id":"https:\/\/www.gdirekt.se\/da\/produkt\/sandsaekke\/#primaryimage"},"thumbnailUrl":"https:\/\/www.gdirekt.se\/wp-content\/uploads\/sandsack.png","datePublished":"2017-04-13T07:51:40+00:00","dateModified":"2024-02-01T08:33:39+00:00","description":"Sands\u00e6kke for v\u00e6gt til beachflag og plader. Plastpose, du fylder med sand. V\u00e6gt 5-6 kg. St\u00f8rrelse 45x20x8cm i st\u00e6rk nylon med h\u00e5ndtag. Disse tilbeh\u00f8r til strandflagge leveres direkte til kunder fra vores lager p\u00e5 trykkeriet.","breadcrumb":{"@id":"https:\/\/www.gdirekt.se\/da\/produkt\/sandsaekke\/#breadcrumb"},"inLanguage":"da-DK","potentialAction":[{"@type":"ReadAction","target":["https:\/\/www.gdirekt.se\/da\/produkt\/sandsaekke\/"]}]},{"@type":"ImageObject","inLanguage":"da-DK","@id":"https:\/\/www.gdirekt.se\/da\/produkt\/sandsaekke\/#primaryimage","url":"https:\/\/www.gdirekt.se\/wp-content\/uploads\/sandsack.png","contentUrl":"https:\/\/www.gdirekt.se\/wp-content\/uploads\/sandsack.png","width":1000,"height":1000,"caption":"Sandpose med plastpose, som du fylder med sand"},{"@type":"BreadcrumbList","@id":"https:\/\/www.gdirekt.se\/da\/produkt\/sandsaekke\/#breadcrumb","itemListElement":[{"@type":"ListItem","position":1,"name":"Hem","item":"https:\/\/www.gdirekt.se\/da\/"},{"@type":"ListItem","position":2,"name":"Start","item":"https:\/\/www.gdirekt.se\/da\/"},{"@type":"ListItem","position":3,"name":"Sands\u00e6kke"}]},{"@type":"WebSite","@id":"https:\/\/www.gdirekt.se\/#website","url":"https:\/\/www.gdirekt.se\/","name":"Gdirekt.se","description":"Tryck snabbt \u00e5 l\u00e4tt = Gdirekt","potentialAction":[{"@type":"SearchAction","target":{"@type":"EntryPoint","urlTemplate":"https:\/\/www.gdirekt.se\/?s={search_term_string}"},"query-input":{"@type":"PropertyValueSpecification","valueRequired":true,"valueName":"search_term_string"}}],"inLanguage":"da-DK"}]}},"_links":{"self":[{"href":"https:\/\/www.gdirekt.se\/da\/wp-json\/wp\/v2\/product\/10727","targetHints":{"allow":["GET"]}}],"collection":[{"href":"https:\/\/www.gdirekt.se\/da\/wp-json\/wp\/v2\/product"}],"about":[{"href":"https:\/\/www.gdirekt.se\/da\/wp-json\/wp\/v2\/types\/product"}],"wp:featuredmedia":[{"embeddable":true,"href":"https:\/\/www.gdirekt.se\/da\/wp-json\/wp\/v2\/media\/8704"}],"wp:attachment":[{"href":"https:\/\/www.gdirekt.se\/da\/wp-json\/wp\/v2\/media?parent=10727"}],"wp:term":[{"taxonomy":"product_brand","embeddable":true,"href":"https:\/\/www.gdirekt.se\/da\/wp-json\/wp\/v2\/product_brand?post=10727"},{"taxonomy":"product_cat","embeddable":true,"href":"https:\/\/www.gdirekt.se\/da\/wp-json\/wp\/v2\/product_cat?post=10727"},{"taxonomy":"product_tag","embeddable":true,"href":"https:\/\/www.gdirekt.se\/da\/wp-json\/wp\/v2\/product_tag?post=10727"}],"curies":[{"name":"wp","href":"https:\/\/api.w.org\/{rel}","templated":true}]}}