{"id":10713,"date":"2015-12-07T11:05:45","date_gmt":"2015-12-07T10:05:45","guid":{"rendered":"http:\/\/gdirekt.hamstage.hamrenmedia.se\/produkt\/visitkort-trykt-med-de-rette-mal\/"},"modified":"2019-01-16T16:41:25","modified_gmt":"2019-01-16T15:41:25","slug":"visitkort-trykt-med-de-rette-mal","status":"publish","type":"product","link":"https:\/\/www.gdirekt.se\/da\/produkt\/visitkort-trykt-med-de-rette-mal\/","title":{"rendered":"Visitkort \u2013 Trykt med de rette m\u00e5l"},"content":{"rendered":"<p>Visitkort \u2013 Trykt med de rette m\u00e5l \u2013 90 x 55 mm. Bestil online direkte fra vores trykkeri Gdirekt. Blanke eller matte p\u00e5 et 300 g tykt papir. Se vores visitkortskabelon for at f\u00e5 den korrekte st\u00f8rrelse. Visitkort til store virksomheder eller sm\u00e5 s\u00e5som fris\u00f8rer samt til privatpersoner til en billig pris. Visitkort med de rette m\u00e5l til omg\u00e5ende levering eller snarere altid med hurtig levering ved bestilling online.<\/p>\n","protected":false},"excerpt":{"rendered":"<p>Visitkort \u2013 Trykt med de rette m\u00e5l. Bestil online billigt p\u00e5 nettet hos Gdirekt med hurtig levering. Blanke eller matte, se vores visitkortskabelon. V\u00e6lg antal nedenfor.<\/p>\n","protected":false},"featured_media":8155,"template":"","meta":{"_acf_changed":false},"product_brand":[],"product_cat":[381],"product_tag":[],"class_list":{"0":"post-10713","1":"product","2":"type-product","3":"status-publish","4":"has-post-thumbnail","6":"product_cat-tryksager-visitkort-brochurer","8":"first","9":"instock","10":"taxable","11":"shipping-taxable","12":"purchasable","13":"product-type-variable","14":"has-default-attributes"},"exclude_global_add_ons":[],"addons":[],"acf":[],"yoast_head":"<!-- This site is optimized with the Yoast SEO plugin v27.2 - https:\/\/yoast.com\/product\/yoast-seo-wordpress\/ -->\n<title>Visitkort \u2013 Trykt med de rette m\u00e5l, bestilling og k\u00f8b | Gdirekt.se<\/title>\n<meta name=\"description\" content=\"Visitkort \u2013 Trykt med de rette m\u00e5l. Bestil online billigt p\u00e5 nettet hos Gdirekt med hurtig levering. Blanke eller matte, se vores visitkortskabelon.\" \/>\n<meta name=\"robots\" content=\"index, follow, max-snippet:-1, max-image-preview:large, max-video-preview:-1\" \/>\n<link rel=\"canonical\" href=\"https:\/\/www.gdirekt.se\/da\/produkt\/visitkort-trykt-med-de-rette-mal\/\" \/>\n<meta property=\"og:locale\" content=\"da_DK\" \/>\n<meta property=\"og:type\" content=\"article\" \/>\n<meta property=\"og:title\" content=\"Visitkort \u2013 Trykt med de rette m\u00e5l, bestilling og k\u00f8b | Gdirekt.se\" \/>\n<meta property=\"og:description\" content=\"Visitkort \u2013 Trykt med de rette m\u00e5l. Bestil online billigt p\u00e5 nettet hos Gdirekt med hurtig levering. Blanke eller matte, se vores visitkortskabelon.\" \/>\n<meta property=\"og:url\" content=\"https:\/\/www.gdirekt.se\/da\/produkt\/visitkort-trykt-med-de-rette-mal\/\" \/>\n<meta property=\"og:site_name\" content=\"Gdirekt.se\" \/>\n<meta property=\"article:modified_time\" content=\"2019-01-16T15:41:25+00:00\" \/>\n<meta property=\"og:image\" content=\"https:\/\/www.gdirekt.se\/wp-content\/uploads\/visitkort.png\" \/>\n\t<meta property=\"og:image:width\" content=\"1000\" \/>\n\t<meta property=\"og:image:height\" content=\"1000\" \/>\n\t<meta property=\"og:image:type\" content=\"image\/png\" \/>\n<meta name=\"twitter:card\" content=\"summary_large_image\" \/>\n<script type=\"application\/ld+json\" class=\"yoast-schema-graph\">{\"@context\":\"https:\/\/schema.org\",\"@graph\":[{\"@type\":\"WebPage\",\"@id\":\"https:\/\/www.gdirekt.se\/da\/produkt\/visitkort-trykt-med-de-rette-mal\/\",\"url\":\"https:\/\/www.gdirekt.se\/da\/produkt\/visitkort-trykt-med-de-rette-mal\/\",\"name\":\"Visitkort \u2013 Trykt med de rette m\u00e5l, bestilling og k\u00f8b | Gdirekt.se\",\"isPartOf\":{\"@id\":\"https:\/\/www.gdirekt.se\/#website\"},\"primaryImageOfPage\":{\"@id\":\"https:\/\/www.gdirekt.se\/da\/produkt\/visitkort-trykt-med-de-rette-mal\/#primaryimage\"},\"image\":{\"@id\":\"https:\/\/www.gdirekt.se\/da\/produkt\/visitkort-trykt-med-de-rette-mal\/#primaryimage\"},\"thumbnailUrl\":\"https:\/\/www.gdirekt.se\/wp-content\/uploads\/visitkort.png\",\"datePublished\":\"2015-12-07T10:05:45+00:00\",\"dateModified\":\"2019-01-16T15:41:25+00:00\",\"description\":\"Visitkort \u2013 Trykt med de rette m\u00e5l. Bestil online billigt p\u00e5 nettet hos Gdirekt med hurtig levering. Blanke eller matte, se vores visitkortskabelon.\",\"breadcrumb\":{\"@id\":\"https:\/\/www.gdirekt.se\/da\/produkt\/visitkort-trykt-med-de-rette-mal\/#breadcrumb\"},\"inLanguage\":\"da-DK\",\"potentialAction\":[{\"@type\":\"ReadAction\",\"target\":[\"https:\/\/www.gdirekt.se\/da\/produkt\/visitkort-trykt-med-de-rette-mal\/\"]}]},{\"@type\":\"ImageObject\",\"inLanguage\":\"da-DK\",\"@id\":\"https:\/\/www.gdirekt.se\/da\/produkt\/visitkort-trykt-med-de-rette-mal\/#primaryimage\",\"url\":\"https:\/\/www.gdirekt.se\/wp-content\/uploads\/visitkort.png\",\"contentUrl\":\"https:\/\/www.gdirekt.se\/wp-content\/uploads\/visitkort.png\",\"width\":1000,\"height\":1000,\"caption\":\"Bestil visitkort online - let p\u00e5 Gdirekt\"},{\"@type\":\"BreadcrumbList\",\"@id\":\"https:\/\/www.gdirekt.se\/da\/produkt\/visitkort-trykt-med-de-rette-mal\/#breadcrumb\",\"itemListElement\":[{\"@type\":\"ListItem\",\"position\":1,\"name\":\"Hem\",\"item\":\"https:\/\/www.gdirekt.se\/da\/\"},{\"@type\":\"ListItem\",\"position\":2,\"name\":\"Start\",\"item\":\"https:\/\/www.gdirekt.se\/da\/\"},{\"@type\":\"ListItem\",\"position\":3,\"name\":\"Visitkort \u2013 Trykt med de rette m\u00e5l\"}]},{\"@type\":\"WebSite\",\"@id\":\"https:\/\/www.gdirekt.se\/#website\",\"url\":\"https:\/\/www.gdirekt.se\/\",\"name\":\"Gdirekt.se\",\"description\":\"Tryck snabbt \u00e5 l\u00e4tt = Gdirekt\",\"potentialAction\":[{\"@type\":\"SearchAction\",\"target\":{\"@type\":\"EntryPoint\",\"urlTemplate\":\"https:\/\/www.gdirekt.se\/?s={search_term_string}\"},\"query-input\":{\"@type\":\"PropertyValueSpecification\",\"valueRequired\":true,\"valueName\":\"search_term_string\"}}],\"inLanguage\":\"da-DK\"}]}<\/script>\n<!-- \/ Yoast SEO plugin. -->","yoast_head_json":{"title":"Visitkort \u2013 Trykt med de rette m\u00e5l, bestilling og k\u00f8b | Gdirekt.se","description":"Visitkort \u2013 Trykt med de rette m\u00e5l. Bestil online billigt p\u00e5 nettet hos Gdirekt med hurtig levering. Blanke eller matte, se vores visitkortskabelon.","robots":{"index":"index","follow":"follow","max-snippet":"max-snippet:-1","max-image-preview":"max-image-preview:large","max-video-preview":"max-video-preview:-1"},"canonical":"https:\/\/www.gdirekt.se\/da\/produkt\/visitkort-trykt-med-de-rette-mal\/","og_locale":"da_DK","og_type":"article","og_title":"Visitkort \u2013 Trykt med de rette m\u00e5l, bestilling og k\u00f8b | Gdirekt.se","og_description":"Visitkort \u2013 Trykt med de rette m\u00e5l. Bestil online billigt p\u00e5 nettet hos Gdirekt med hurtig levering. Blanke eller matte, se vores visitkortskabelon.","og_url":"https:\/\/www.gdirekt.se\/da\/produkt\/visitkort-trykt-med-de-rette-mal\/","og_site_name":"Gdirekt.se","article_modified_time":"2019-01-16T15:41:25+00:00","og_image":[{"width":1000,"height":1000,"url":"https:\/\/www.gdirekt.se\/wp-content\/uploads\/visitkort.png","type":"image\/png"}],"twitter_card":"summary_large_image","schema":{"@context":"https:\/\/schema.org","@graph":[{"@type":"WebPage","@id":"https:\/\/www.gdirekt.se\/da\/produkt\/visitkort-trykt-med-de-rette-mal\/","url":"https:\/\/www.gdirekt.se\/da\/produkt\/visitkort-trykt-med-de-rette-mal\/","name":"Visitkort \u2013 Trykt med de rette m\u00e5l, bestilling og k\u00f8b | Gdirekt.se","isPartOf":{"@id":"https:\/\/www.gdirekt.se\/#website"},"primaryImageOfPage":{"@id":"https:\/\/www.gdirekt.se\/da\/produkt\/visitkort-trykt-med-de-rette-mal\/#primaryimage"},"image":{"@id":"https:\/\/www.gdirekt.se\/da\/produkt\/visitkort-trykt-med-de-rette-mal\/#primaryimage"},"thumbnailUrl":"https:\/\/www.gdirekt.se\/wp-content\/uploads\/visitkort.png","datePublished":"2015-12-07T10:05:45+00:00","dateModified":"2019-01-16T15:41:25+00:00","description":"Visitkort \u2013 Trykt med de rette m\u00e5l. Bestil online billigt p\u00e5 nettet hos Gdirekt med hurtig levering. Blanke eller matte, se vores visitkortskabelon.","breadcrumb":{"@id":"https:\/\/www.gdirekt.se\/da\/produkt\/visitkort-trykt-med-de-rette-mal\/#breadcrumb"},"inLanguage":"da-DK","potentialAction":[{"@type":"ReadAction","target":["https:\/\/www.gdirekt.se\/da\/produkt\/visitkort-trykt-med-de-rette-mal\/"]}]},{"@type":"ImageObject","inLanguage":"da-DK","@id":"https:\/\/www.gdirekt.se\/da\/produkt\/visitkort-trykt-med-de-rette-mal\/#primaryimage","url":"https:\/\/www.gdirekt.se\/wp-content\/uploads\/visitkort.png","contentUrl":"https:\/\/www.gdirekt.se\/wp-content\/uploads\/visitkort.png","width":1000,"height":1000,"caption":"Bestil visitkort online - let p\u00e5 Gdirekt"},{"@type":"BreadcrumbList","@id":"https:\/\/www.gdirekt.se\/da\/produkt\/visitkort-trykt-med-de-rette-mal\/#breadcrumb","itemListElement":[{"@type":"ListItem","position":1,"name":"Hem","item":"https:\/\/www.gdirekt.se\/da\/"},{"@type":"ListItem","position":2,"name":"Start","item":"https:\/\/www.gdirekt.se\/da\/"},{"@type":"ListItem","position":3,"name":"Visitkort \u2013 Trykt med de rette m\u00e5l"}]},{"@type":"WebSite","@id":"https:\/\/www.gdirekt.se\/#website","url":"https:\/\/www.gdirekt.se\/","name":"Gdirekt.se","description":"Tryck snabbt \u00e5 l\u00e4tt = Gdirekt","potentialAction":[{"@type":"SearchAction","target":{"@type":"EntryPoint","urlTemplate":"https:\/\/www.gdirekt.se\/?s={search_term_string}"},"query-input":{"@type":"PropertyValueSpecification","valueRequired":true,"valueName":"search_term_string"}}],"inLanguage":"da-DK"}]}},"_links":{"self":[{"href":"https:\/\/www.gdirekt.se\/da\/wp-json\/wp\/v2\/product\/10713","targetHints":{"allow":["GET"]}}],"collection":[{"href":"https:\/\/www.gdirekt.se\/da\/wp-json\/wp\/v2\/product"}],"about":[{"href":"https:\/\/www.gdirekt.se\/da\/wp-json\/wp\/v2\/types\/product"}],"wp:featuredmedia":[{"embeddable":true,"href":"https:\/\/www.gdirekt.se\/da\/wp-json\/wp\/v2\/media\/8155"}],"wp:attachment":[{"href":"https:\/\/www.gdirekt.se\/da\/wp-json\/wp\/v2\/media?parent=10713"}],"wp:term":[{"taxonomy":"product_brand","embeddable":true,"href":"https:\/\/www.gdirekt.se\/da\/wp-json\/wp\/v2\/product_brand?post=10713"},{"taxonomy":"product_cat","embeddable":true,"href":"https:\/\/www.gdirekt.se\/da\/wp-json\/wp\/v2\/product_cat?post=10713"},{"taxonomy":"product_tag","embeddable":true,"href":"https:\/\/www.gdirekt.se\/da\/wp-json\/wp\/v2\/product_tag?post=10713"}],"curies":[{"name":"wp","href":"https:\/\/api.w.org\/{rel}","templated":true}]}}