{"id":10620,"date":"2015-12-10T15:21:36","date_gmt":"2015-12-10T14:21:36","guid":{"rendered":"http:\/\/gdirekt.hamstage.hamrenmedia.se\/produkt\/brochure-folder-katalog-i-a4-4-til-24-sider\/"},"modified":"2019-01-16T16:39:41","modified_gmt":"2019-01-16T15:39:41","slug":"brochure-folder-katalog-i-a4-4-til-24-sider","status":"publish","type":"product","link":"https:\/\/www.gdirekt.se\/da\/produkt\/brochure-folder-katalog-i-a4-4-til-24-sider\/","title":{"rendered":"Brochure, folder, katalog i A4 \u2013 4 til 24 sider"},"content":{"rendered":"<p>Brochure, folder, katalog i A4 \u2013 4 til 24 sider. Hos os p\u00e5 Gdirekt er det nemt at bestille online.Vi bruger et silkepapir af bedste kvalitet, et halvblank silkepapir p\u00e5 250 g som omslag og et 150-g-papir til indl\u00e6g.A4-formatet m\u00e5ler 21 x 29,7 cm, og I kan v\u00e6lge fra 4 op til 24 sider. Upload originalen, s\u00e5 leverer vi inden for nogle dage! Det g\u00e6lder om at have en brochure med et flot design, s\u00e5 kontakt os, hvis I har sp\u00f8rgsm\u00e5l ang\u00e5ende originalen.<\/p>\n","protected":false},"excerpt":{"rendered":"<p>Hvis du skal trykke en A4-brochure, en folder eller et katalog, s\u00e5 er du kommet til det rette sted. V\u00e6lg fra 4 til 24 sider.Vi g\u00f8r det p\u00e5 en nem og enkel m\u00e5de; omslaget er et kraftigt halvblankt silkepapir p\u00e5\u00a0250 g, og indl\u00e6gget er et fint silkepapir p\u00e5 150 gram. A4-format, der m\u00e5ler 21 x 29,7 cm.<\/p>\n","protected":false},"featured_media":8159,"template":"","meta":{"_acf_changed":false},"product_brand":[],"product_cat":[381],"product_tag":[],"class_list":{"0":"post-10620","1":"product","2":"type-product","3":"status-publish","4":"has-post-thumbnail","6":"product_cat-tryksager-visitkort-brochurer","8":"first","9":"instock","10":"taxable","11":"shipping-taxable","12":"purchasable","13":"product-type-variable","14":"has-default-attributes"},"exclude_global_add_ons":[],"addons":[],"acf":[],"yoast_head":"<!-- This site is optimized with the Yoast SEO plugin v27.2 - https:\/\/yoast.com\/product\/yoast-seo-wordpress\/ -->\n<title>Brochure, folder, katalog i A4 \u2013 4 til 24 sider, bestil af | Gdirekt.se<\/title>\n<meta name=\"description\" content=\"Brochure, folder, katalog i A4 \u2013 4 til 24 sider. Omslag i halvblankt silkepapir 250 g og indl\u00e6g i 150 g silkepapir. A4-format, der m\u00e5ler 21 x 29,7 cm. Bestil til billig pris online p\u00e5 nettet!\" \/>\n<meta name=\"robots\" content=\"index, follow, max-snippet:-1, max-image-preview:large, max-video-preview:-1\" \/>\n<link rel=\"canonical\" href=\"https:\/\/www.gdirekt.se\/da\/produkt\/brochure-folder-katalog-i-a4-4-til-24-sider\/\" \/>\n<meta property=\"og:locale\" content=\"da_DK\" \/>\n<meta property=\"og:type\" content=\"article\" \/>\n<meta property=\"og:title\" content=\"Brochure, folder, katalog i A4 \u2013 4 til 24 sider, bestil af | Gdirekt.se\" \/>\n<meta property=\"og:description\" content=\"Brochure, folder, katalog i A4 \u2013 4 til 24 sider. Omslag i halvblankt silkepapir 250 g og indl\u00e6g i 150 g silkepapir. A4-format, der m\u00e5ler 21 x 29,7 cm. Bestil til billig pris online p\u00e5 nettet!\" \/>\n<meta property=\"og:url\" content=\"https:\/\/www.gdirekt.se\/da\/produkt\/brochure-folder-katalog-i-a4-4-til-24-sider\/\" \/>\n<meta property=\"og:site_name\" content=\"Gdirekt.se\" \/>\n<meta property=\"article:modified_time\" content=\"2019-01-16T15:39:41+00:00\" \/>\n<meta property=\"og:image\" content=\"https:\/\/www.gdirekt.se\/wp-content\/uploads\/A4-broschyr.png\" \/>\n\t<meta property=\"og:image:width\" content=\"1000\" \/>\n\t<meta property=\"og:image:height\" content=\"1000\" \/>\n\t<meta property=\"og:image:type\" content=\"image\/png\" \/>\n<meta name=\"twitter:card\" content=\"summary_large_image\" \/>\n<script type=\"application\/ld+json\" class=\"yoast-schema-graph\">{\"@context\":\"https:\/\/schema.org\",\"@graph\":[{\"@type\":\"WebPage\",\"@id\":\"https:\/\/www.gdirekt.se\/da\/produkt\/brochure-folder-katalog-i-a4-4-til-24-sider\/\",\"url\":\"https:\/\/www.gdirekt.se\/da\/produkt\/brochure-folder-katalog-i-a4-4-til-24-sider\/\",\"name\":\"Brochure, folder, katalog i A4 \u2013 4 til 24 sider, bestil af | Gdirekt.se\",\"isPartOf\":{\"@id\":\"https:\/\/www.gdirekt.se\/#website\"},\"primaryImageOfPage\":{\"@id\":\"https:\/\/www.gdirekt.se\/da\/produkt\/brochure-folder-katalog-i-a4-4-til-24-sider\/#primaryimage\"},\"image\":{\"@id\":\"https:\/\/www.gdirekt.se\/da\/produkt\/brochure-folder-katalog-i-a4-4-til-24-sider\/#primaryimage\"},\"thumbnailUrl\":\"https:\/\/www.gdirekt.se\/wp-content\/uploads\/A4-broschyr.png\",\"datePublished\":\"2015-12-10T14:21:36+00:00\",\"dateModified\":\"2019-01-16T15:39:41+00:00\",\"description\":\"Brochure, folder, katalog i A4 \u2013 4 til 24 sider. Omslag i halvblankt silkepapir 250 g og indl\u00e6g i 150 g silkepapir. A4-format, der m\u00e5ler 21 x 29,7 cm. Bestil til billig pris online p\u00e5 nettet!\",\"breadcrumb\":{\"@id\":\"https:\/\/www.gdirekt.se\/da\/produkt\/brochure-folder-katalog-i-a4-4-til-24-sider\/#breadcrumb\"},\"inLanguage\":\"da-DK\",\"potentialAction\":[{\"@type\":\"ReadAction\",\"target\":[\"https:\/\/www.gdirekt.se\/da\/produkt\/brochure-folder-katalog-i-a4-4-til-24-sider\/\"]}]},{\"@type\":\"ImageObject\",\"inLanguage\":\"da-DK\",\"@id\":\"https:\/\/www.gdirekt.se\/da\/produkt\/brochure-folder-katalog-i-a4-4-til-24-sider\/#primaryimage\",\"url\":\"https:\/\/www.gdirekt.se\/wp-content\/uploads\/A4-broschyr.png\",\"contentUrl\":\"https:\/\/www.gdirekt.se\/wp-content\/uploads\/A4-broschyr.png\",\"width\":1000,\"height\":1000,\"caption\":\"A4 brochure, folder eller katalog\"},{\"@type\":\"BreadcrumbList\",\"@id\":\"https:\/\/www.gdirekt.se\/da\/produkt\/brochure-folder-katalog-i-a4-4-til-24-sider\/#breadcrumb\",\"itemListElement\":[{\"@type\":\"ListItem\",\"position\":1,\"name\":\"Hem\",\"item\":\"https:\/\/www.gdirekt.se\/da\/\"},{\"@type\":\"ListItem\",\"position\":2,\"name\":\"Start\",\"item\":\"https:\/\/www.gdirekt.se\/da\/\"},{\"@type\":\"ListItem\",\"position\":3,\"name\":\"Brochure, folder, katalog i A4 \u2013 4 til 24 sider\"}]},{\"@type\":\"WebSite\",\"@id\":\"https:\/\/www.gdirekt.se\/#website\",\"url\":\"https:\/\/www.gdirekt.se\/\",\"name\":\"Gdirekt.se\",\"description\":\"Tryck snabbt \u00e5 l\u00e4tt = Gdirekt\",\"potentialAction\":[{\"@type\":\"SearchAction\",\"target\":{\"@type\":\"EntryPoint\",\"urlTemplate\":\"https:\/\/www.gdirekt.se\/?s={search_term_string}\"},\"query-input\":{\"@type\":\"PropertyValueSpecification\",\"valueRequired\":true,\"valueName\":\"search_term_string\"}}],\"inLanguage\":\"da-DK\"}]}<\/script>\n<!-- \/ Yoast SEO plugin. -->","yoast_head_json":{"title":"Brochure, folder, katalog i A4 \u2013 4 til 24 sider, bestil af | Gdirekt.se","description":"Brochure, folder, katalog i A4 \u2013 4 til 24 sider. Omslag i halvblankt silkepapir 250 g og indl\u00e6g i 150 g silkepapir. A4-format, der m\u00e5ler 21 x 29,7 cm. Bestil til billig pris online p\u00e5 nettet!","robots":{"index":"index","follow":"follow","max-snippet":"max-snippet:-1","max-image-preview":"max-image-preview:large","max-video-preview":"max-video-preview:-1"},"canonical":"https:\/\/www.gdirekt.se\/da\/produkt\/brochure-folder-katalog-i-a4-4-til-24-sider\/","og_locale":"da_DK","og_type":"article","og_title":"Brochure, folder, katalog i A4 \u2013 4 til 24 sider, bestil af | Gdirekt.se","og_description":"Brochure, folder, katalog i A4 \u2013 4 til 24 sider. Omslag i halvblankt silkepapir 250 g og indl\u00e6g i 150 g silkepapir. A4-format, der m\u00e5ler 21 x 29,7 cm. Bestil til billig pris online p\u00e5 nettet!","og_url":"https:\/\/www.gdirekt.se\/da\/produkt\/brochure-folder-katalog-i-a4-4-til-24-sider\/","og_site_name":"Gdirekt.se","article_modified_time":"2019-01-16T15:39:41+00:00","og_image":[{"width":1000,"height":1000,"url":"https:\/\/www.gdirekt.se\/wp-content\/uploads\/A4-broschyr.png","type":"image\/png"}],"twitter_card":"summary_large_image","schema":{"@context":"https:\/\/schema.org","@graph":[{"@type":"WebPage","@id":"https:\/\/www.gdirekt.se\/da\/produkt\/brochure-folder-katalog-i-a4-4-til-24-sider\/","url":"https:\/\/www.gdirekt.se\/da\/produkt\/brochure-folder-katalog-i-a4-4-til-24-sider\/","name":"Brochure, folder, katalog i A4 \u2013 4 til 24 sider, bestil af | Gdirekt.se","isPartOf":{"@id":"https:\/\/www.gdirekt.se\/#website"},"primaryImageOfPage":{"@id":"https:\/\/www.gdirekt.se\/da\/produkt\/brochure-folder-katalog-i-a4-4-til-24-sider\/#primaryimage"},"image":{"@id":"https:\/\/www.gdirekt.se\/da\/produkt\/brochure-folder-katalog-i-a4-4-til-24-sider\/#primaryimage"},"thumbnailUrl":"https:\/\/www.gdirekt.se\/wp-content\/uploads\/A4-broschyr.png","datePublished":"2015-12-10T14:21:36+00:00","dateModified":"2019-01-16T15:39:41+00:00","description":"Brochure, folder, katalog i A4 \u2013 4 til 24 sider. Omslag i halvblankt silkepapir 250 g og indl\u00e6g i 150 g silkepapir. A4-format, der m\u00e5ler 21 x 29,7 cm. Bestil til billig pris online p\u00e5 nettet!","breadcrumb":{"@id":"https:\/\/www.gdirekt.se\/da\/produkt\/brochure-folder-katalog-i-a4-4-til-24-sider\/#breadcrumb"},"inLanguage":"da-DK","potentialAction":[{"@type":"ReadAction","target":["https:\/\/www.gdirekt.se\/da\/produkt\/brochure-folder-katalog-i-a4-4-til-24-sider\/"]}]},{"@type":"ImageObject","inLanguage":"da-DK","@id":"https:\/\/www.gdirekt.se\/da\/produkt\/brochure-folder-katalog-i-a4-4-til-24-sider\/#primaryimage","url":"https:\/\/www.gdirekt.se\/wp-content\/uploads\/A4-broschyr.png","contentUrl":"https:\/\/www.gdirekt.se\/wp-content\/uploads\/A4-broschyr.png","width":1000,"height":1000,"caption":"A4 brochure, folder eller katalog"},{"@type":"BreadcrumbList","@id":"https:\/\/www.gdirekt.se\/da\/produkt\/brochure-folder-katalog-i-a4-4-til-24-sider\/#breadcrumb","itemListElement":[{"@type":"ListItem","position":1,"name":"Hem","item":"https:\/\/www.gdirekt.se\/da\/"},{"@type":"ListItem","position":2,"name":"Start","item":"https:\/\/www.gdirekt.se\/da\/"},{"@type":"ListItem","position":3,"name":"Brochure, folder, katalog i A4 \u2013 4 til 24 sider"}]},{"@type":"WebSite","@id":"https:\/\/www.gdirekt.se\/#website","url":"https:\/\/www.gdirekt.se\/","name":"Gdirekt.se","description":"Tryck snabbt \u00e5 l\u00e4tt = Gdirekt","potentialAction":[{"@type":"SearchAction","target":{"@type":"EntryPoint","urlTemplate":"https:\/\/www.gdirekt.se\/?s={search_term_string}"},"query-input":{"@type":"PropertyValueSpecification","valueRequired":true,"valueName":"search_term_string"}}],"inLanguage":"da-DK"}]}},"_links":{"self":[{"href":"https:\/\/www.gdirekt.se\/da\/wp-json\/wp\/v2\/product\/10620","targetHints":{"allow":["GET"]}}],"collection":[{"href":"https:\/\/www.gdirekt.se\/da\/wp-json\/wp\/v2\/product"}],"about":[{"href":"https:\/\/www.gdirekt.se\/da\/wp-json\/wp\/v2\/types\/product"}],"wp:featuredmedia":[{"embeddable":true,"href":"https:\/\/www.gdirekt.se\/da\/wp-json\/wp\/v2\/media\/8159"}],"wp:attachment":[{"href":"https:\/\/www.gdirekt.se\/da\/wp-json\/wp\/v2\/media?parent=10620"}],"wp:term":[{"taxonomy":"product_brand","embeddable":true,"href":"https:\/\/www.gdirekt.se\/da\/wp-json\/wp\/v2\/product_brand?post=10620"},{"taxonomy":"product_cat","embeddable":true,"href":"https:\/\/www.gdirekt.se\/da\/wp-json\/wp\/v2\/product_cat?post=10620"},{"taxonomy":"product_tag","embeddable":true,"href":"https:\/\/www.gdirekt.se\/da\/wp-json\/wp\/v2\/product_tag?post=10620"}],"curies":[{"name":"wp","href":"https:\/\/api.w.org\/{rel}","templated":true}]}}