{"id":10583,"date":"2016-11-30T09:42:24","date_gmt":"2016-11-30T08:42:24","guid":{"rendered":"http:\/\/gdirekt.hamstage.hamrenmedia.se\/produkt\/a5-tryk-enkeltsidet-reklameblade-flyveblade-og-flyers\/"},"modified":"2019-01-16T16:40:15","modified_gmt":"2019-01-16T15:40:15","slug":"a5-tryk-enkeltsidet-reklameblade-flyveblade-og-flyers","status":"publish","type":"product","link":"https:\/\/www.gdirekt.se\/da\/produkt\/a5-tryk-enkeltsidet-reklameblade-flyveblade-og-flyers\/","title":{"rendered":"A5-tryk enkeltsidet \u2013 Reklameblade, flyveblade og flyers"},"content":{"rendered":"<p>A5-tryk enkeltsidet \u2013 Reklameblade, flyveblade og flyers trykker vi digitalt p\u00e5 vores trykkeri i Norrk\u00f6ping. N\u00e5r du har bestilt tryk p\u00e5 nettet hos os, leverer vi sikkert i hele Norden inden for et par dage.\u00a0\u00a0Disse trykte reklameblade, flyers eller flyveblade er i A5-format, der m\u00e5ler 14,8 x 21 cm. Enkeltsidede tryksager, der er lidt mindre, er nemme at give v\u00e6k som virksomhedspr\u00e6sentation eller som produktbeskrivelse. Det trykte papir er nemt at dele ud som l\u00f8sblad p\u00e5 messer, madtilbud i form af menuer og flyers p\u00e5 bilruder. Hvis du har brug for dobbeltsidede A5-tryk, skal du klikke\u00a0<a href=\"https:\/\/www.gdirekt.se\/butik\/tryck-visitkort\/ny-a5-tryck-dubbelsidig-reklamblad-flygblad-flyers\/\"><strong><em>her!<\/em><\/strong><\/a><\/p>\n","protected":false},"excerpt":{"rendered":"<p>Digitalt trykte l\u00f8sblade med enkeltsidet tryk.Disse trykte reklameblade, flyers eller flyveblade i A5 har et format, der m\u00e5ler 14,8 x 21 cm. Bestil nemt og enkelt hos Gdirekt. Et trykkeri p\u00e5 nettet til nem og enkel bestilling.<\/p>\n","protected":false},"featured_media":8228,"template":"","meta":{"_acf_changed":false},"product_brand":[],"product_cat":[381],"product_tag":[],"class_list":{"0":"post-10583","1":"product","2":"type-product","3":"status-publish","4":"has-post-thumbnail","6":"product_cat-tryksager-visitkort-brochurer","8":"first","9":"instock","10":"taxable","11":"shipping-taxable","12":"purchasable","13":"product-type-variable","14":"has-default-attributes"},"exclude_global_add_ons":[],"addons":[],"acf":[],"yoast_head":"<!-- This site is optimized with the Yoast SEO plugin v27.2 - https:\/\/yoast.com\/product\/yoast-seo-wordpress\/ -->\n<title>A5-tryk enkeltsidet \u2013 Reklameblade, flyveblade og flyers | Gdirekt.se<\/title>\n<meta name=\"description\" content=\"A5-tryk enkeltsidet \u2013 Reklameblade, flyveblade og flyers. Bestil digitalt trykte l\u00f8sblade fra trykkeri p\u00e5 nettet. Formatet p\u00e5 A5 m\u00e5ler 14,8 x 21 cm.\" \/>\n<meta name=\"robots\" content=\"index, follow, max-snippet:-1, max-image-preview:large, max-video-preview:-1\" \/>\n<link rel=\"canonical\" href=\"https:\/\/www.gdirekt.se\/da\/produkt\/a5-tryk-enkeltsidet-reklameblade-flyveblade-og-flyers\/\" \/>\n<meta property=\"og:locale\" content=\"da_DK\" \/>\n<meta property=\"og:type\" content=\"article\" \/>\n<meta property=\"og:title\" content=\"A5-tryk enkeltsidet \u2013 Reklameblade, flyveblade og flyers | Gdirekt.se\" \/>\n<meta property=\"og:description\" content=\"A5-tryk enkeltsidet \u2013 Reklameblade, flyveblade og flyers. Bestil digitalt trykte l\u00f8sblade fra trykkeri p\u00e5 nettet. Formatet p\u00e5 A5 m\u00e5ler 14,8 x 21 cm.\" \/>\n<meta property=\"og:url\" content=\"https:\/\/www.gdirekt.se\/da\/produkt\/a5-tryk-enkeltsidet-reklameblade-flyveblade-og-flyers\/\" \/>\n<meta property=\"og:site_name\" content=\"Gdirekt.se\" \/>\n<meta property=\"article:modified_time\" content=\"2019-01-16T15:40:15+00:00\" \/>\n<meta property=\"og:image\" content=\"https:\/\/www.gdirekt.se\/wp-content\/uploads\/A5-tryck.png\" \/>\n\t<meta property=\"og:image:width\" content=\"1000\" \/>\n\t<meta property=\"og:image:height\" content=\"1000\" \/>\n\t<meta property=\"og:image:type\" content=\"image\/png\" \/>\n<meta name=\"twitter:card\" content=\"summary_large_image\" \/>\n<meta name=\"twitter:label1\" content=\"Estimeret l\u00e6setid\" \/>\n\t<meta name=\"twitter:data1\" content=\"1 minut\" \/>\n<script type=\"application\/ld+json\" class=\"yoast-schema-graph\">{\"@context\":\"https:\/\/schema.org\",\"@graph\":[{\"@type\":\"WebPage\",\"@id\":\"https:\/\/www.gdirekt.se\/da\/produkt\/a5-tryk-enkeltsidet-reklameblade-flyveblade-og-flyers\/\",\"url\":\"https:\/\/www.gdirekt.se\/da\/produkt\/a5-tryk-enkeltsidet-reklameblade-flyveblade-og-flyers\/\",\"name\":\"A5-tryk enkeltsidet \u2013 Reklameblade, flyveblade og flyers | Gdirekt.se\",\"isPartOf\":{\"@id\":\"https:\/\/www.gdirekt.se\/#website\"},\"primaryImageOfPage\":{\"@id\":\"https:\/\/www.gdirekt.se\/da\/produkt\/a5-tryk-enkeltsidet-reklameblade-flyveblade-og-flyers\/#primaryimage\"},\"image\":{\"@id\":\"https:\/\/www.gdirekt.se\/da\/produkt\/a5-tryk-enkeltsidet-reklameblade-flyveblade-og-flyers\/#primaryimage\"},\"thumbnailUrl\":\"https:\/\/www.gdirekt.se\/wp-content\/uploads\/A5-tryck.png\",\"datePublished\":\"2016-11-30T08:42:24+00:00\",\"dateModified\":\"2019-01-16T15:40:15+00:00\",\"description\":\"A5-tryk enkeltsidet \u2013 Reklameblade, flyveblade og flyers. Bestil digitalt trykte l\u00f8sblade fra trykkeri p\u00e5 nettet. Formatet p\u00e5 A5 m\u00e5ler 14,8 x 21 cm.\",\"breadcrumb\":{\"@id\":\"https:\/\/www.gdirekt.se\/da\/produkt\/a5-tryk-enkeltsidet-reklameblade-flyveblade-og-flyers\/#breadcrumb\"},\"inLanguage\":\"da-DK\",\"potentialAction\":[{\"@type\":\"ReadAction\",\"target\":[\"https:\/\/www.gdirekt.se\/da\/produkt\/a5-tryk-enkeltsidet-reklameblade-flyveblade-og-flyers\/\"]}]},{\"@type\":\"ImageObject\",\"inLanguage\":\"da-DK\",\"@id\":\"https:\/\/www.gdirekt.se\/da\/produkt\/a5-tryk-enkeltsidet-reklameblade-flyveblade-og-flyers\/#primaryimage\",\"url\":\"https:\/\/www.gdirekt.se\/wp-content\/uploads\/A5-tryck.png\",\"contentUrl\":\"https:\/\/www.gdirekt.se\/wp-content\/uploads\/A5-tryck.png\",\"width\":1000,\"height\":1000,\"caption\":\"Flyers, flyers & flyers i A5\"},{\"@type\":\"BreadcrumbList\",\"@id\":\"https:\/\/www.gdirekt.se\/da\/produkt\/a5-tryk-enkeltsidet-reklameblade-flyveblade-og-flyers\/#breadcrumb\",\"itemListElement\":[{\"@type\":\"ListItem\",\"position\":1,\"name\":\"Hem\",\"item\":\"https:\/\/www.gdirekt.se\/da\/\"},{\"@type\":\"ListItem\",\"position\":2,\"name\":\"Start\",\"item\":\"https:\/\/www.gdirekt.se\/da\/\"},{\"@type\":\"ListItem\",\"position\":3,\"name\":\"A5-tryk enkeltsidet \u2013 Reklameblade, flyveblade og flyers\"}]},{\"@type\":\"WebSite\",\"@id\":\"https:\/\/www.gdirekt.se\/#website\",\"url\":\"https:\/\/www.gdirekt.se\/\",\"name\":\"Gdirekt.se\",\"description\":\"Tryck snabbt \u00e5 l\u00e4tt = Gdirekt\",\"potentialAction\":[{\"@type\":\"SearchAction\",\"target\":{\"@type\":\"EntryPoint\",\"urlTemplate\":\"https:\/\/www.gdirekt.se\/?s={search_term_string}\"},\"query-input\":{\"@type\":\"PropertyValueSpecification\",\"valueRequired\":true,\"valueName\":\"search_term_string\"}}],\"inLanguage\":\"da-DK\"}]}<\/script>\n<!-- \/ Yoast SEO plugin. -->","yoast_head_json":{"title":"A5-tryk enkeltsidet \u2013 Reklameblade, flyveblade og flyers | Gdirekt.se","description":"A5-tryk enkeltsidet \u2013 Reklameblade, flyveblade og flyers. Bestil digitalt trykte l\u00f8sblade fra trykkeri p\u00e5 nettet. Formatet p\u00e5 A5 m\u00e5ler 14,8 x 21 cm.","robots":{"index":"index","follow":"follow","max-snippet":"max-snippet:-1","max-image-preview":"max-image-preview:large","max-video-preview":"max-video-preview:-1"},"canonical":"https:\/\/www.gdirekt.se\/da\/produkt\/a5-tryk-enkeltsidet-reklameblade-flyveblade-og-flyers\/","og_locale":"da_DK","og_type":"article","og_title":"A5-tryk enkeltsidet \u2013 Reklameblade, flyveblade og flyers | Gdirekt.se","og_description":"A5-tryk enkeltsidet \u2013 Reklameblade, flyveblade og flyers. Bestil digitalt trykte l\u00f8sblade fra trykkeri p\u00e5 nettet. Formatet p\u00e5 A5 m\u00e5ler 14,8 x 21 cm.","og_url":"https:\/\/www.gdirekt.se\/da\/produkt\/a5-tryk-enkeltsidet-reklameblade-flyveblade-og-flyers\/","og_site_name":"Gdirekt.se","article_modified_time":"2019-01-16T15:40:15+00:00","og_image":[{"width":1000,"height":1000,"url":"https:\/\/www.gdirekt.se\/wp-content\/uploads\/A5-tryck.png","type":"image\/png"}],"twitter_card":"summary_large_image","twitter_misc":{"Estimeret l\u00e6setid":"1 minut"},"schema":{"@context":"https:\/\/schema.org","@graph":[{"@type":"WebPage","@id":"https:\/\/www.gdirekt.se\/da\/produkt\/a5-tryk-enkeltsidet-reklameblade-flyveblade-og-flyers\/","url":"https:\/\/www.gdirekt.se\/da\/produkt\/a5-tryk-enkeltsidet-reklameblade-flyveblade-og-flyers\/","name":"A5-tryk enkeltsidet \u2013 Reklameblade, flyveblade og flyers | Gdirekt.se","isPartOf":{"@id":"https:\/\/www.gdirekt.se\/#website"},"primaryImageOfPage":{"@id":"https:\/\/www.gdirekt.se\/da\/produkt\/a5-tryk-enkeltsidet-reklameblade-flyveblade-og-flyers\/#primaryimage"},"image":{"@id":"https:\/\/www.gdirekt.se\/da\/produkt\/a5-tryk-enkeltsidet-reklameblade-flyveblade-og-flyers\/#primaryimage"},"thumbnailUrl":"https:\/\/www.gdirekt.se\/wp-content\/uploads\/A5-tryck.png","datePublished":"2016-11-30T08:42:24+00:00","dateModified":"2019-01-16T15:40:15+00:00","description":"A5-tryk enkeltsidet \u2013 Reklameblade, flyveblade og flyers. Bestil digitalt trykte l\u00f8sblade fra trykkeri p\u00e5 nettet. Formatet p\u00e5 A5 m\u00e5ler 14,8 x 21 cm.","breadcrumb":{"@id":"https:\/\/www.gdirekt.se\/da\/produkt\/a5-tryk-enkeltsidet-reklameblade-flyveblade-og-flyers\/#breadcrumb"},"inLanguage":"da-DK","potentialAction":[{"@type":"ReadAction","target":["https:\/\/www.gdirekt.se\/da\/produkt\/a5-tryk-enkeltsidet-reklameblade-flyveblade-og-flyers\/"]}]},{"@type":"ImageObject","inLanguage":"da-DK","@id":"https:\/\/www.gdirekt.se\/da\/produkt\/a5-tryk-enkeltsidet-reklameblade-flyveblade-og-flyers\/#primaryimage","url":"https:\/\/www.gdirekt.se\/wp-content\/uploads\/A5-tryck.png","contentUrl":"https:\/\/www.gdirekt.se\/wp-content\/uploads\/A5-tryck.png","width":1000,"height":1000,"caption":"Flyers, flyers & flyers i A5"},{"@type":"BreadcrumbList","@id":"https:\/\/www.gdirekt.se\/da\/produkt\/a5-tryk-enkeltsidet-reklameblade-flyveblade-og-flyers\/#breadcrumb","itemListElement":[{"@type":"ListItem","position":1,"name":"Hem","item":"https:\/\/www.gdirekt.se\/da\/"},{"@type":"ListItem","position":2,"name":"Start","item":"https:\/\/www.gdirekt.se\/da\/"},{"@type":"ListItem","position":3,"name":"A5-tryk enkeltsidet \u2013 Reklameblade, flyveblade og flyers"}]},{"@type":"WebSite","@id":"https:\/\/www.gdirekt.se\/#website","url":"https:\/\/www.gdirekt.se\/","name":"Gdirekt.se","description":"Tryck snabbt \u00e5 l\u00e4tt = Gdirekt","potentialAction":[{"@type":"SearchAction","target":{"@type":"EntryPoint","urlTemplate":"https:\/\/www.gdirekt.se\/?s={search_term_string}"},"query-input":{"@type":"PropertyValueSpecification","valueRequired":true,"valueName":"search_term_string"}}],"inLanguage":"da-DK"}]}},"_links":{"self":[{"href":"https:\/\/www.gdirekt.se\/da\/wp-json\/wp\/v2\/product\/10583","targetHints":{"allow":["GET"]}}],"collection":[{"href":"https:\/\/www.gdirekt.se\/da\/wp-json\/wp\/v2\/product"}],"about":[{"href":"https:\/\/www.gdirekt.se\/da\/wp-json\/wp\/v2\/types\/product"}],"wp:featuredmedia":[{"embeddable":true,"href":"https:\/\/www.gdirekt.se\/da\/wp-json\/wp\/v2\/media\/8228"}],"wp:attachment":[{"href":"https:\/\/www.gdirekt.se\/da\/wp-json\/wp\/v2\/media?parent=10583"}],"wp:term":[{"taxonomy":"product_brand","embeddable":true,"href":"https:\/\/www.gdirekt.se\/da\/wp-json\/wp\/v2\/product_brand?post=10583"},{"taxonomy":"product_cat","embeddable":true,"href":"https:\/\/www.gdirekt.se\/da\/wp-json\/wp\/v2\/product_cat?post=10583"},{"taxonomy":"product_tag","embeddable":true,"href":"https:\/\/www.gdirekt.se\/da\/wp-json\/wp\/v2\/product_tag?post=10583"}],"curies":[{"name":"wp","href":"https:\/\/api.w.org\/{rel}","templated":true}]}}