{"id":10546,"date":"2016-11-30T09:26:55","date_gmt":"2016-11-30T08:26:55","guid":{"rendered":"http:\/\/gdirekt.hamstage.hamrenmedia.se\/produkt\/a5-tryk-dobbeltsidet-reklameblade-flyveblade-og-flyers\/"},"modified":"2019-01-16T16:39:27","modified_gmt":"2019-01-16T15:39:27","slug":"a5-tryk-dobbeltsidet-reklameblade-flyveblade-og-flyers","status":"publish","type":"product","link":"https:\/\/www.gdirekt.se\/da\/produkt\/a5-tryk-dobbeltsidet-reklameblade-flyveblade-og-flyers\/","title":{"rendered":"A5-tryk dobbeltsidet \u2013 Reklameblade, flyveblade og flyers"},"content":{"rendered":"<p>A5-tryk dobbeltsidet \u2013 Reklameblade, flyveblade og flyers er billigt messemateriale, som man uddeler p\u00e5 messer. V\u00e6lg mellem flere tykkelser, og om det skal v\u00e6re mat, ubesk\u00e5ret papir eller silkepapir, der er lidt blankere. Det kaldes ogs\u00e5 halvblankt. Digitalt trykte l\u00f8sblade med dobbeltsidet tryk kan hurtigt bestilles; laves p\u00e5 et par dage.Disse trykte reklameblade, flyers eller flyveblade er i A5-format, der m\u00e5ler 14,8 x 21 cm, og bestilles online og leveres til alle byer i Sverige og Danmark.<\/p>\n","protected":false},"excerpt":{"rendered":"<p>Digitalt trykte l\u00f8sblade med dobbeltsidet tryk.Disse trykte reklameblade, flyers eller flyveblade i A4-formatet, der er 14,8 x 21 cm. V\u00e6lg antal og tykkelse nedenfor. Bestil nemt og enkelt hos Gdirekt.<\/p>\n","protected":false},"featured_media":8228,"template":"","meta":{"_acf_changed":false},"product_brand":[],"product_cat":[381],"product_tag":[],"class_list":{"0":"post-10546","1":"product","2":"type-product","3":"status-publish","4":"has-post-thumbnail","6":"product_cat-tryksager-visitkort-brochurer","8":"first","9":"instock","10":"taxable","11":"shipping-taxable","12":"purchasable","13":"product-type-variable","14":"has-default-attributes"},"exclude_global_add_ons":[],"addons":[],"acf":[],"yoast_head":"<!-- This site is optimized with the Yoast SEO plugin v27.2 - https:\/\/yoast.com\/product\/yoast-seo-wordpress\/ -->\n<title>A5-tryk dobbeltsidet \u2013 Reklameblade, flyveblade og flyers | Gdirekt.se<\/title>\n<meta name=\"description\" content=\"A5-tryk dobbeltsidet \u2013 Reklameblade, flyveblade og flyers. Bestil tykt eller tyndt papir, vi trykker alle l\u00f8sblade digitalt. Billigt messemateriale til uddeling.\" \/>\n<meta name=\"robots\" content=\"index, follow, max-snippet:-1, max-image-preview:large, max-video-preview:-1\" \/>\n<link rel=\"canonical\" href=\"https:\/\/www.gdirekt.se\/da\/produkt\/a5-tryk-dobbeltsidet-reklameblade-flyveblade-og-flyers\/\" \/>\n<meta property=\"og:locale\" content=\"da_DK\" \/>\n<meta property=\"og:type\" content=\"article\" \/>\n<meta property=\"og:title\" content=\"A5-tryk dobbeltsidet \u2013 Reklameblade, flyveblade og flyers | Gdirekt.se\" \/>\n<meta property=\"og:description\" content=\"A5-tryk dobbeltsidet \u2013 Reklameblade, flyveblade og flyers. Bestil tykt eller tyndt papir, vi trykker alle l\u00f8sblade digitalt. Billigt messemateriale til uddeling.\" \/>\n<meta property=\"og:url\" content=\"https:\/\/www.gdirekt.se\/da\/produkt\/a5-tryk-dobbeltsidet-reklameblade-flyveblade-og-flyers\/\" \/>\n<meta property=\"og:site_name\" content=\"Gdirekt.se\" \/>\n<meta property=\"article:modified_time\" content=\"2019-01-16T15:39:27+00:00\" \/>\n<meta property=\"og:image\" content=\"https:\/\/www.gdirekt.se\/wp-content\/uploads\/A5-tryck.png\" \/>\n\t<meta property=\"og:image:width\" content=\"1000\" \/>\n\t<meta property=\"og:image:height\" content=\"1000\" \/>\n\t<meta property=\"og:image:type\" content=\"image\/png\" \/>\n<meta name=\"twitter:card\" content=\"summary_large_image\" \/>\n<script type=\"application\/ld+json\" class=\"yoast-schema-graph\">{\"@context\":\"https:\/\/schema.org\",\"@graph\":[{\"@type\":\"WebPage\",\"@id\":\"https:\/\/www.gdirekt.se\/da\/produkt\/a5-tryk-dobbeltsidet-reklameblade-flyveblade-og-flyers\/\",\"url\":\"https:\/\/www.gdirekt.se\/da\/produkt\/a5-tryk-dobbeltsidet-reklameblade-flyveblade-og-flyers\/\",\"name\":\"A5-tryk dobbeltsidet \u2013 Reklameblade, flyveblade og flyers | Gdirekt.se\",\"isPartOf\":{\"@id\":\"https:\/\/www.gdirekt.se\/#website\"},\"primaryImageOfPage\":{\"@id\":\"https:\/\/www.gdirekt.se\/da\/produkt\/a5-tryk-dobbeltsidet-reklameblade-flyveblade-og-flyers\/#primaryimage\"},\"image\":{\"@id\":\"https:\/\/www.gdirekt.se\/da\/produkt\/a5-tryk-dobbeltsidet-reklameblade-flyveblade-og-flyers\/#primaryimage\"},\"thumbnailUrl\":\"https:\/\/www.gdirekt.se\/wp-content\/uploads\/A5-tryck.png\",\"datePublished\":\"2016-11-30T08:26:55+00:00\",\"dateModified\":\"2019-01-16T15:39:27+00:00\",\"description\":\"A5-tryk dobbeltsidet \u2013 Reklameblade, flyveblade og flyers. Bestil tykt eller tyndt papir, vi trykker alle l\u00f8sblade digitalt. Billigt messemateriale til uddeling.\",\"breadcrumb\":{\"@id\":\"https:\/\/www.gdirekt.se\/da\/produkt\/a5-tryk-dobbeltsidet-reklameblade-flyveblade-og-flyers\/#breadcrumb\"},\"inLanguage\":\"da-DK\",\"potentialAction\":[{\"@type\":\"ReadAction\",\"target\":[\"https:\/\/www.gdirekt.se\/da\/produkt\/a5-tryk-dobbeltsidet-reklameblade-flyveblade-og-flyers\/\"]}]},{\"@type\":\"ImageObject\",\"inLanguage\":\"da-DK\",\"@id\":\"https:\/\/www.gdirekt.se\/da\/produkt\/a5-tryk-dobbeltsidet-reklameblade-flyveblade-og-flyers\/#primaryimage\",\"url\":\"https:\/\/www.gdirekt.se\/wp-content\/uploads\/A5-tryck.png\",\"contentUrl\":\"https:\/\/www.gdirekt.se\/wp-content\/uploads\/A5-tryck.png\",\"width\":1000,\"height\":1000,\"caption\":\"Flyers, flyers & flyers i A5\"},{\"@type\":\"BreadcrumbList\",\"@id\":\"https:\/\/www.gdirekt.se\/da\/produkt\/a5-tryk-dobbeltsidet-reklameblade-flyveblade-og-flyers\/#breadcrumb\",\"itemListElement\":[{\"@type\":\"ListItem\",\"position\":1,\"name\":\"Hem\",\"item\":\"https:\/\/www.gdirekt.se\/da\/\"},{\"@type\":\"ListItem\",\"position\":2,\"name\":\"Start\",\"item\":\"https:\/\/www.gdirekt.se\/da\/\"},{\"@type\":\"ListItem\",\"position\":3,\"name\":\"A5-tryk dobbeltsidet \u2013 Reklameblade, flyveblade og flyers\"}]},{\"@type\":\"WebSite\",\"@id\":\"https:\/\/www.gdirekt.se\/#website\",\"url\":\"https:\/\/www.gdirekt.se\/\",\"name\":\"Gdirekt.se\",\"description\":\"Tryck snabbt \u00e5 l\u00e4tt = Gdirekt\",\"potentialAction\":[{\"@type\":\"SearchAction\",\"target\":{\"@type\":\"EntryPoint\",\"urlTemplate\":\"https:\/\/www.gdirekt.se\/?s={search_term_string}\"},\"query-input\":{\"@type\":\"PropertyValueSpecification\",\"valueRequired\":true,\"valueName\":\"search_term_string\"}}],\"inLanguage\":\"da-DK\"}]}<\/script>\n<!-- \/ Yoast SEO plugin. -->","yoast_head_json":{"title":"A5-tryk dobbeltsidet \u2013 Reklameblade, flyveblade og flyers | Gdirekt.se","description":"A5-tryk dobbeltsidet \u2013 Reklameblade, flyveblade og flyers. Bestil tykt eller tyndt papir, vi trykker alle l\u00f8sblade digitalt. Billigt messemateriale til uddeling.","robots":{"index":"index","follow":"follow","max-snippet":"max-snippet:-1","max-image-preview":"max-image-preview:large","max-video-preview":"max-video-preview:-1"},"canonical":"https:\/\/www.gdirekt.se\/da\/produkt\/a5-tryk-dobbeltsidet-reklameblade-flyveblade-og-flyers\/","og_locale":"da_DK","og_type":"article","og_title":"A5-tryk dobbeltsidet \u2013 Reklameblade, flyveblade og flyers | Gdirekt.se","og_description":"A5-tryk dobbeltsidet \u2013 Reklameblade, flyveblade og flyers. Bestil tykt eller tyndt papir, vi trykker alle l\u00f8sblade digitalt. Billigt messemateriale til uddeling.","og_url":"https:\/\/www.gdirekt.se\/da\/produkt\/a5-tryk-dobbeltsidet-reklameblade-flyveblade-og-flyers\/","og_site_name":"Gdirekt.se","article_modified_time":"2019-01-16T15:39:27+00:00","og_image":[{"width":1000,"height":1000,"url":"https:\/\/www.gdirekt.se\/wp-content\/uploads\/A5-tryck.png","type":"image\/png"}],"twitter_card":"summary_large_image","schema":{"@context":"https:\/\/schema.org","@graph":[{"@type":"WebPage","@id":"https:\/\/www.gdirekt.se\/da\/produkt\/a5-tryk-dobbeltsidet-reklameblade-flyveblade-og-flyers\/","url":"https:\/\/www.gdirekt.se\/da\/produkt\/a5-tryk-dobbeltsidet-reklameblade-flyveblade-og-flyers\/","name":"A5-tryk dobbeltsidet \u2013 Reklameblade, flyveblade og flyers | Gdirekt.se","isPartOf":{"@id":"https:\/\/www.gdirekt.se\/#website"},"primaryImageOfPage":{"@id":"https:\/\/www.gdirekt.se\/da\/produkt\/a5-tryk-dobbeltsidet-reklameblade-flyveblade-og-flyers\/#primaryimage"},"image":{"@id":"https:\/\/www.gdirekt.se\/da\/produkt\/a5-tryk-dobbeltsidet-reklameblade-flyveblade-og-flyers\/#primaryimage"},"thumbnailUrl":"https:\/\/www.gdirekt.se\/wp-content\/uploads\/A5-tryck.png","datePublished":"2016-11-30T08:26:55+00:00","dateModified":"2019-01-16T15:39:27+00:00","description":"A5-tryk dobbeltsidet \u2013 Reklameblade, flyveblade og flyers. Bestil tykt eller tyndt papir, vi trykker alle l\u00f8sblade digitalt. Billigt messemateriale til uddeling.","breadcrumb":{"@id":"https:\/\/www.gdirekt.se\/da\/produkt\/a5-tryk-dobbeltsidet-reklameblade-flyveblade-og-flyers\/#breadcrumb"},"inLanguage":"da-DK","potentialAction":[{"@type":"ReadAction","target":["https:\/\/www.gdirekt.se\/da\/produkt\/a5-tryk-dobbeltsidet-reklameblade-flyveblade-og-flyers\/"]}]},{"@type":"ImageObject","inLanguage":"da-DK","@id":"https:\/\/www.gdirekt.se\/da\/produkt\/a5-tryk-dobbeltsidet-reklameblade-flyveblade-og-flyers\/#primaryimage","url":"https:\/\/www.gdirekt.se\/wp-content\/uploads\/A5-tryck.png","contentUrl":"https:\/\/www.gdirekt.se\/wp-content\/uploads\/A5-tryck.png","width":1000,"height":1000,"caption":"Flyers, flyers & flyers i A5"},{"@type":"BreadcrumbList","@id":"https:\/\/www.gdirekt.se\/da\/produkt\/a5-tryk-dobbeltsidet-reklameblade-flyveblade-og-flyers\/#breadcrumb","itemListElement":[{"@type":"ListItem","position":1,"name":"Hem","item":"https:\/\/www.gdirekt.se\/da\/"},{"@type":"ListItem","position":2,"name":"Start","item":"https:\/\/www.gdirekt.se\/da\/"},{"@type":"ListItem","position":3,"name":"A5-tryk dobbeltsidet \u2013 Reklameblade, flyveblade og flyers"}]},{"@type":"WebSite","@id":"https:\/\/www.gdirekt.se\/#website","url":"https:\/\/www.gdirekt.se\/","name":"Gdirekt.se","description":"Tryck snabbt \u00e5 l\u00e4tt = Gdirekt","potentialAction":[{"@type":"SearchAction","target":{"@type":"EntryPoint","urlTemplate":"https:\/\/www.gdirekt.se\/?s={search_term_string}"},"query-input":{"@type":"PropertyValueSpecification","valueRequired":true,"valueName":"search_term_string"}}],"inLanguage":"da-DK"}]}},"_links":{"self":[{"href":"https:\/\/www.gdirekt.se\/da\/wp-json\/wp\/v2\/product\/10546","targetHints":{"allow":["GET"]}}],"collection":[{"href":"https:\/\/www.gdirekt.se\/da\/wp-json\/wp\/v2\/product"}],"about":[{"href":"https:\/\/www.gdirekt.se\/da\/wp-json\/wp\/v2\/types\/product"}],"wp:featuredmedia":[{"embeddable":true,"href":"https:\/\/www.gdirekt.se\/da\/wp-json\/wp\/v2\/media\/8228"}],"wp:attachment":[{"href":"https:\/\/www.gdirekt.se\/da\/wp-json\/wp\/v2\/media?parent=10546"}],"wp:term":[{"taxonomy":"product_brand","embeddable":true,"href":"https:\/\/www.gdirekt.se\/da\/wp-json\/wp\/v2\/product_brand?post=10546"},{"taxonomy":"product_cat","embeddable":true,"href":"https:\/\/www.gdirekt.se\/da\/wp-json\/wp\/v2\/product_cat?post=10546"},{"taxonomy":"product_tag","embeddable":true,"href":"https:\/\/www.gdirekt.se\/da\/wp-json\/wp\/v2\/product_tag?post=10546"}],"curies":[{"name":"wp","href":"https:\/\/api.w.org\/{rel}","templated":true}]}}