{"id":10398,"date":"2016-11-28T14:42:52","date_gmt":"2016-11-28T13:42:52","guid":{"rendered":"http:\/\/gdirekt.hamstage.hamrenmedia.se\/produkt\/a3-tryk-dobbeltsidet-reklameblade-flyveblade-og-flyers\/"},"modified":"2019-01-10T14:50:44","modified_gmt":"2019-01-10T13:50:44","slug":"a3-tryk-dobbeltsidet-reklameblade-flyveblade-og-flyers","status":"publish","type":"product","link":"https:\/\/www.gdirekt.se\/da\/produkt\/a3-tryk-dobbeltsidet-reklameblade-flyveblade-og-flyers\/","title":{"rendered":"A3-tryk dobbeltsidet \u2013 Reklameblade, flyveblade og flyers"},"content":{"rendered":"<p>A3-tryk dobbeltsidet \u2013 Reklameblade, flyveblade og flyers. Digitalt trykte l\u00f8sblade med dobbeltsidet tryk.Disse trykte reklameblade, flyers eller flyveblade i A3-format, der m\u00e5ler 29,7 x 42 cm, bestilles online og leveres til jer inden for et par dage. Vi trykker alt materiale p\u00e5 vores moderne trykkeri og kontrollerer, at farverne bliver perfekte. Udskrifterne har h\u00f8j opl\u00f8sning, der kan klare sm\u00e5 tekster og skarpe fotos.<\/p>\n<p>Hvis I har brug for andre tryksager til messen eller virksomheden, kan I se vores sortiment\u00a0<a href=\"https:\/\/www.gdirekt.se\/produkt-kategori\/tryck-visitkort\/\"><em>her!<\/em><\/a><\/p>\n<p>A3-tryk dobbeltsidet \u2013 Reklameblade, flyveblade og flyers. K\u00f8b digitalt trykte l\u00f8sblade med dobbeltsidet tryk. A3-format er 29,7 x 42 cm, bestilles nemt og enkelt.<\/p>\n<p>&nbsp;<\/p>\n<p>&nbsp;<\/p>\n<p><strong>A3-tryk enkeltsidet \u2013 Reklameblade, flyveblade og flyers<\/strong><\/p>\n<p>A3-tryk enkeltsidet \u2013 Reklameblade, flyveblade og flyers. K\u00f8b l\u00f8sblade eller flyveblade i papir i A3-format, der m\u00e5ler 29,7 x 42 cm. Bestil nemt og enkelt hos Gdirekt.<\/p>\n<p>A3-tryk enkeltsidet \u2013 Reklameblade, flyveblade og flyers bestilles nemt og enkelt hos Gdirekt. Vi digitaltrykker papirarkene i vores trykkeri og leverer direkte til jer.Trykte reklameblade, flyers eller flyveblade i A3-formatet, der m\u00e5ler 29,7 x 42 cm, bestilles online p\u00e5 vores side. Vores ambition er, at det skal v\u00e6re enkelt og billigt at bestille tryk p\u00e5 nettet.<\/p>\n<p>Har I ogs\u00e5 brug for\u00a0<a href=\"https:\/\/www.gdirekt.se\/butik\/rollups\/rollup-budget-85cm\/\"><em>billige roll-up-bannere,<\/em><\/a><strong>\u00a0<\/strong>s\u00e5 er vi naturligvis leveringsdygtige. Vi h\u00e5ber, jeres reklameblade \u00f8ger salget.<\/p>\n","protected":false},"excerpt":{"rendered":"<p>A3-tryk dobbeltsidet \u2013 Reklameblade, flyveblade og flyers. K\u00f8b digitalt trykte l\u00f8sblade med dobbeltsidet tryk. A3-format er 29,7 x 42 cm, bestilles nemt og enkelt.<\/p>\n","protected":false},"featured_media":8158,"template":"","meta":{"_acf_changed":false},"product_brand":[],"product_cat":[381],"product_tag":[],"class_list":{"0":"post-10398","1":"product","2":"type-product","3":"status-publish","4":"has-post-thumbnail","6":"product_cat-tryksager-visitkort-brochurer","8":"first","9":"instock","10":"taxable","11":"shipping-taxable","12":"purchasable","13":"product-type-variable","14":"has-default-attributes"},"exclude_global_add_ons":[],"addons":[],"acf":[],"yoast_head":"<!-- This site is optimized with the Yoast SEO plugin v27.2 - https:\/\/yoast.com\/product\/yoast-seo-wordpress\/ -->\n<title>A3-tryk dobbeltsidet \u2013 Reklameblade, flyveblade og flyers | Gdirekt.se<\/title>\n<meta name=\"description\" content=\"A3-tryk enkeltsidet \u2013 Reklameblade, flyveblade og flyers. K\u00f8b l\u00f8sblade eller flyveblade i papir i A3-format, der m\u00e5ler 29,7 x 42 cm. Bestil nemt og enkelt hos Gdirekt.\" \/>\n<meta name=\"robots\" content=\"index, follow, max-snippet:-1, max-image-preview:large, max-video-preview:-1\" \/>\n<link rel=\"canonical\" href=\"https:\/\/www.gdirekt.se\/da\/produkt\/a3-tryk-dobbeltsidet-reklameblade-flyveblade-og-flyers\/\" \/>\n<meta property=\"og:locale\" content=\"da_DK\" \/>\n<meta property=\"og:type\" content=\"article\" \/>\n<meta property=\"og:title\" content=\"A3-tryk dobbeltsidet \u2013 Reklameblade, flyveblade og flyers | Gdirekt.se\" \/>\n<meta property=\"og:description\" content=\"A3-tryk enkeltsidet \u2013 Reklameblade, flyveblade og flyers. K\u00f8b l\u00f8sblade eller flyveblade i papir i A3-format, der m\u00e5ler 29,7 x 42 cm. Bestil nemt og enkelt hos Gdirekt.\" \/>\n<meta property=\"og:url\" content=\"https:\/\/www.gdirekt.se\/da\/produkt\/a3-tryk-dobbeltsidet-reklameblade-flyveblade-og-flyers\/\" \/>\n<meta property=\"og:site_name\" content=\"Gdirekt.se\" \/>\n<meta property=\"article:modified_time\" content=\"2019-01-10T13:50:44+00:00\" \/>\n<meta property=\"og:image\" content=\"https:\/\/www.gdirekt.se\/wp-content\/uploads\/A4-tryck-flygblad-flyers-reklamblad.png\" \/>\n\t<meta property=\"og:image:width\" content=\"1000\" \/>\n\t<meta property=\"og:image:height\" content=\"1000\" \/>\n\t<meta property=\"og:image:type\" content=\"image\/png\" \/>\n<meta name=\"twitter:card\" content=\"summary_large_image\" \/>\n<meta name=\"twitter:label1\" content=\"Estimeret l\u00e6setid\" \/>\n\t<meta name=\"twitter:data1\" content=\"1 minut\" \/>\n<script type=\"application\/ld+json\" class=\"yoast-schema-graph\">{\"@context\":\"https:\/\/schema.org\",\"@graph\":[{\"@type\":\"WebPage\",\"@id\":\"https:\/\/www.gdirekt.se\/da\/produkt\/a3-tryk-dobbeltsidet-reklameblade-flyveblade-og-flyers\/\",\"url\":\"https:\/\/www.gdirekt.se\/da\/produkt\/a3-tryk-dobbeltsidet-reklameblade-flyveblade-og-flyers\/\",\"name\":\"A3-tryk dobbeltsidet \u2013 Reklameblade, flyveblade og flyers | Gdirekt.se\",\"isPartOf\":{\"@id\":\"https:\/\/www.gdirekt.se\/#website\"},\"primaryImageOfPage\":{\"@id\":\"https:\/\/www.gdirekt.se\/da\/produkt\/a3-tryk-dobbeltsidet-reklameblade-flyveblade-og-flyers\/#primaryimage\"},\"image\":{\"@id\":\"https:\/\/www.gdirekt.se\/da\/produkt\/a3-tryk-dobbeltsidet-reklameblade-flyveblade-og-flyers\/#primaryimage\"},\"thumbnailUrl\":\"https:\/\/www.gdirekt.se\/wp-content\/uploads\/A4-tryck-flygblad-flyers-reklamblad.png\",\"datePublished\":\"2016-11-28T13:42:52+00:00\",\"dateModified\":\"2019-01-10T13:50:44+00:00\",\"description\":\"A3-tryk enkeltsidet \u2013 Reklameblade, flyveblade og flyers. K\u00f8b l\u00f8sblade eller flyveblade i papir i A3-format, der m\u00e5ler 29,7 x 42 cm. Bestil nemt og enkelt hos Gdirekt.\",\"breadcrumb\":{\"@id\":\"https:\/\/www.gdirekt.se\/da\/produkt\/a3-tryk-dobbeltsidet-reklameblade-flyveblade-og-flyers\/#breadcrumb\"},\"inLanguage\":\"da-DK\",\"potentialAction\":[{\"@type\":\"ReadAction\",\"target\":[\"https:\/\/www.gdirekt.se\/da\/produkt\/a3-tryk-dobbeltsidet-reklameblade-flyveblade-og-flyers\/\"]}]},{\"@type\":\"ImageObject\",\"inLanguage\":\"da-DK\",\"@id\":\"https:\/\/www.gdirekt.se\/da\/produkt\/a3-tryk-dobbeltsidet-reklameblade-flyveblade-og-flyers\/#primaryimage\",\"url\":\"https:\/\/www.gdirekt.se\/wp-content\/uploads\/A4-tryck-flygblad-flyers-reklamblad.png\",\"contentUrl\":\"https:\/\/www.gdirekt.se\/wp-content\/uploads\/A4-tryck-flygblad-flyers-reklamblad.png\",\"width\":1000,\"height\":1000,\"caption\":\"A4 og A3-print enkeltsidet ogdobbeltsidet \u2013 Reklameblade, flyveblade og flyers\"},{\"@type\":\"BreadcrumbList\",\"@id\":\"https:\/\/www.gdirekt.se\/da\/produkt\/a3-tryk-dobbeltsidet-reklameblade-flyveblade-og-flyers\/#breadcrumb\",\"itemListElement\":[{\"@type\":\"ListItem\",\"position\":1,\"name\":\"Hem\",\"item\":\"https:\/\/www.gdirekt.se\/da\/\"},{\"@type\":\"ListItem\",\"position\":2,\"name\":\"Start\",\"item\":\"https:\/\/www.gdirekt.se\/da\/\"},{\"@type\":\"ListItem\",\"position\":3,\"name\":\"A3-tryk dobbeltsidet \u2013 Reklameblade, flyveblade og flyers\"}]},{\"@type\":\"WebSite\",\"@id\":\"https:\/\/www.gdirekt.se\/#website\",\"url\":\"https:\/\/www.gdirekt.se\/\",\"name\":\"Gdirekt.se\",\"description\":\"Tryck snabbt \u00e5 l\u00e4tt = Gdirekt\",\"potentialAction\":[{\"@type\":\"SearchAction\",\"target\":{\"@type\":\"EntryPoint\",\"urlTemplate\":\"https:\/\/www.gdirekt.se\/?s={search_term_string}\"},\"query-input\":{\"@type\":\"PropertyValueSpecification\",\"valueRequired\":true,\"valueName\":\"search_term_string\"}}],\"inLanguage\":\"da-DK\"}]}<\/script>\n<!-- \/ Yoast SEO plugin. -->","yoast_head_json":{"title":"A3-tryk dobbeltsidet \u2013 Reklameblade, flyveblade og flyers | Gdirekt.se","description":"A3-tryk enkeltsidet \u2013 Reklameblade, flyveblade og flyers. K\u00f8b l\u00f8sblade eller flyveblade i papir i A3-format, der m\u00e5ler 29,7 x 42 cm. Bestil nemt og enkelt hos Gdirekt.","robots":{"index":"index","follow":"follow","max-snippet":"max-snippet:-1","max-image-preview":"max-image-preview:large","max-video-preview":"max-video-preview:-1"},"canonical":"https:\/\/www.gdirekt.se\/da\/produkt\/a3-tryk-dobbeltsidet-reklameblade-flyveblade-og-flyers\/","og_locale":"da_DK","og_type":"article","og_title":"A3-tryk dobbeltsidet \u2013 Reklameblade, flyveblade og flyers | Gdirekt.se","og_description":"A3-tryk enkeltsidet \u2013 Reklameblade, flyveblade og flyers. K\u00f8b l\u00f8sblade eller flyveblade i papir i A3-format, der m\u00e5ler 29,7 x 42 cm. Bestil nemt og enkelt hos Gdirekt.","og_url":"https:\/\/www.gdirekt.se\/da\/produkt\/a3-tryk-dobbeltsidet-reklameblade-flyveblade-og-flyers\/","og_site_name":"Gdirekt.se","article_modified_time":"2019-01-10T13:50:44+00:00","og_image":[{"width":1000,"height":1000,"url":"https:\/\/www.gdirekt.se\/wp-content\/uploads\/A4-tryck-flygblad-flyers-reklamblad.png","type":"image\/png"}],"twitter_card":"summary_large_image","twitter_misc":{"Estimeret l\u00e6setid":"1 minut"},"schema":{"@context":"https:\/\/schema.org","@graph":[{"@type":"WebPage","@id":"https:\/\/www.gdirekt.se\/da\/produkt\/a3-tryk-dobbeltsidet-reklameblade-flyveblade-og-flyers\/","url":"https:\/\/www.gdirekt.se\/da\/produkt\/a3-tryk-dobbeltsidet-reklameblade-flyveblade-og-flyers\/","name":"A3-tryk dobbeltsidet \u2013 Reklameblade, flyveblade og flyers | Gdirekt.se","isPartOf":{"@id":"https:\/\/www.gdirekt.se\/#website"},"primaryImageOfPage":{"@id":"https:\/\/www.gdirekt.se\/da\/produkt\/a3-tryk-dobbeltsidet-reklameblade-flyveblade-og-flyers\/#primaryimage"},"image":{"@id":"https:\/\/www.gdirekt.se\/da\/produkt\/a3-tryk-dobbeltsidet-reklameblade-flyveblade-og-flyers\/#primaryimage"},"thumbnailUrl":"https:\/\/www.gdirekt.se\/wp-content\/uploads\/A4-tryck-flygblad-flyers-reklamblad.png","datePublished":"2016-11-28T13:42:52+00:00","dateModified":"2019-01-10T13:50:44+00:00","description":"A3-tryk enkeltsidet \u2013 Reklameblade, flyveblade og flyers. K\u00f8b l\u00f8sblade eller flyveblade i papir i A3-format, der m\u00e5ler 29,7 x 42 cm. Bestil nemt og enkelt hos Gdirekt.","breadcrumb":{"@id":"https:\/\/www.gdirekt.se\/da\/produkt\/a3-tryk-dobbeltsidet-reklameblade-flyveblade-og-flyers\/#breadcrumb"},"inLanguage":"da-DK","potentialAction":[{"@type":"ReadAction","target":["https:\/\/www.gdirekt.se\/da\/produkt\/a3-tryk-dobbeltsidet-reklameblade-flyveblade-og-flyers\/"]}]},{"@type":"ImageObject","inLanguage":"da-DK","@id":"https:\/\/www.gdirekt.se\/da\/produkt\/a3-tryk-dobbeltsidet-reklameblade-flyveblade-og-flyers\/#primaryimage","url":"https:\/\/www.gdirekt.se\/wp-content\/uploads\/A4-tryck-flygblad-flyers-reklamblad.png","contentUrl":"https:\/\/www.gdirekt.se\/wp-content\/uploads\/A4-tryck-flygblad-flyers-reklamblad.png","width":1000,"height":1000,"caption":"A4 og A3-print enkeltsidet ogdobbeltsidet \u2013 Reklameblade, flyveblade og flyers"},{"@type":"BreadcrumbList","@id":"https:\/\/www.gdirekt.se\/da\/produkt\/a3-tryk-dobbeltsidet-reklameblade-flyveblade-og-flyers\/#breadcrumb","itemListElement":[{"@type":"ListItem","position":1,"name":"Hem","item":"https:\/\/www.gdirekt.se\/da\/"},{"@type":"ListItem","position":2,"name":"Start","item":"https:\/\/www.gdirekt.se\/da\/"},{"@type":"ListItem","position":3,"name":"A3-tryk dobbeltsidet \u2013 Reklameblade, flyveblade og flyers"}]},{"@type":"WebSite","@id":"https:\/\/www.gdirekt.se\/#website","url":"https:\/\/www.gdirekt.se\/","name":"Gdirekt.se","description":"Tryck snabbt \u00e5 l\u00e4tt = Gdirekt","potentialAction":[{"@type":"SearchAction","target":{"@type":"EntryPoint","urlTemplate":"https:\/\/www.gdirekt.se\/?s={search_term_string}"},"query-input":{"@type":"PropertyValueSpecification","valueRequired":true,"valueName":"search_term_string"}}],"inLanguage":"da-DK"}]}},"_links":{"self":[{"href":"https:\/\/www.gdirekt.se\/da\/wp-json\/wp\/v2\/product\/10398","targetHints":{"allow":["GET"]}}],"collection":[{"href":"https:\/\/www.gdirekt.se\/da\/wp-json\/wp\/v2\/product"}],"about":[{"href":"https:\/\/www.gdirekt.se\/da\/wp-json\/wp\/v2\/types\/product"}],"wp:featuredmedia":[{"embeddable":true,"href":"https:\/\/www.gdirekt.se\/da\/wp-json\/wp\/v2\/media\/8158"}],"wp:attachment":[{"href":"https:\/\/www.gdirekt.se\/da\/wp-json\/wp\/v2\/media?parent=10398"}],"wp:term":[{"taxonomy":"product_brand","embeddable":true,"href":"https:\/\/www.gdirekt.se\/da\/wp-json\/wp\/v2\/product_brand?post=10398"},{"taxonomy":"product_cat","embeddable":true,"href":"https:\/\/www.gdirekt.se\/da\/wp-json\/wp\/v2\/product_cat?post=10398"},{"taxonomy":"product_tag","embeddable":true,"href":"https:\/\/www.gdirekt.se\/da\/wp-json\/wp\/v2\/product_tag?post=10398"}],"curies":[{"name":"wp","href":"https:\/\/api.w.org\/{rel}","templated":true}]}}