{"id":10391,"date":"2017-01-09T08:55:54","date_gmt":"2017-01-09T07:55:54","guid":{"rendered":"http:\/\/gdirekt.hamstage.hamrenmedia.se\/produkt\/loftsbeslag-til-skiltedisplay\/"},"modified":"2017-01-09T08:55:54","modified_gmt":"2017-01-09T07:55:54","slug":"loftsbeslag-til-skiltedisplay","status":"publish","type":"product","link":"https:\/\/www.gdirekt.se\/da\/produkt\/loftsbeslag-til-skiltedisplay\/","title":{"rendered":"Loftsbeslag til skiltedisplay"},"content":{"rendered":"<p>Loftsbeslag til skiltedisplay med \u00f8je og selvkl\u00e6bende tape. Bruges til at fastg\u00f8re sm\u00e5 reklameskilte og displays i karton, der skal h\u00e6nge fra loftet i butikker og p\u00e5 messer. Vi har ogs\u00e5 andre skiltebeslag, og I kan se vores sortiment\u00a0<a href=\"https:\/\/www.gdirekt.se\/produkt-kategori\/skyltar-tillbehor\/\"><strong><em>her<\/em><\/strong><\/a>!<\/p>\n","protected":false},"excerpt":{"rendered":"<p>Loftsbeslag til skiltedisplay med selvkl\u00e6bende tape. Fastg\u00f8r sm\u00e5 reklameskilte og displays i karton, der skal h\u00e6nge ned fra loftet i butikker og p\u00e5 messer.<\/p>\n","protected":false},"featured_media":8411,"template":"","meta":{"_acf_changed":false},"product_brand":[],"product_cat":[379],"product_tag":[],"class_list":{"0":"post-10391","1":"product","2":"type-product","3":"status-publish","4":"has-post-thumbnail","6":"product_cat-skilte-tilbehoer","7":"product_shipping_class-49kr","9":"first","10":"instock","11":"taxable","12":"shipping-taxable","13":"purchasable","14":"product-type-variable","15":"has-default-attributes"},"exclude_global_add_ons":[],"addons":[],"acf":[],"yoast_head":"<!-- This site is optimized with the Yoast SEO plugin v27.2 - https:\/\/yoast.com\/product\/yoast-seo-wordpress\/ -->\n<title>Loftsbeslag til skiltedisplay, kartonskile og runde billeder | Gdirekt.se<\/title>\n<meta name=\"description\" content=\"Loftsbeslag til skiltedisplay med selvkl\u00e6bende tape. Fastg\u00f8r sm\u00e5 reklameskilte og displays i karton, der skal h\u00e6nge ned fra loftet i butikker og p\u00e5 messer.\" \/>\n<meta name=\"robots\" content=\"index, follow, max-snippet:-1, max-image-preview:large, max-video-preview:-1\" \/>\n<link rel=\"canonical\" href=\"https:\/\/www.gdirekt.se\/da\/produkt\/loftsbeslag-til-skiltedisplay\/\" \/>\n<meta property=\"og:locale\" content=\"da_DK\" \/>\n<meta property=\"og:type\" content=\"article\" \/>\n<meta property=\"og:title\" content=\"Loftsbeslag til skiltedisplay, kartonskile og runde billeder | Gdirekt.se\" \/>\n<meta property=\"og:description\" content=\"Loftsbeslag til skiltedisplay med selvkl\u00e6bende tape. Fastg\u00f8r sm\u00e5 reklameskilte og displays i karton, der skal h\u00e6nge ned fra loftet i butikker og p\u00e5 messer.\" \/>\n<meta property=\"og:url\" content=\"https:\/\/www.gdirekt.se\/da\/produkt\/loftsbeslag-til-skiltedisplay\/\" \/>\n<meta property=\"og:site_name\" content=\"Gdirekt.se\" \/>\n<meta property=\"og:image\" content=\"https:\/\/www.gdirekt.se\/wp-content\/uploads\/takfaste.png\" \/>\n\t<meta property=\"og:image:width\" content=\"1000\" \/>\n\t<meta property=\"og:image:height\" content=\"1000\" \/>\n\t<meta property=\"og:image:type\" content=\"image\/png\" \/>\n<meta name=\"twitter:card\" content=\"summary_large_image\" \/>\n<script type=\"application\/ld+json\" class=\"yoast-schema-graph\">{\"@context\":\"https:\/\/schema.org\",\"@graph\":[{\"@type\":\"WebPage\",\"@id\":\"https:\/\/www.gdirekt.se\/da\/produkt\/loftsbeslag-til-skiltedisplay\/\",\"url\":\"https:\/\/www.gdirekt.se\/da\/produkt\/loftsbeslag-til-skiltedisplay\/\",\"name\":\"Loftsbeslag til skiltedisplay, kartonskile og runde billeder | Gdirekt.se\",\"isPartOf\":{\"@id\":\"https:\/\/www.gdirekt.se\/#website\"},\"primaryImageOfPage\":{\"@id\":\"https:\/\/www.gdirekt.se\/da\/produkt\/loftsbeslag-til-skiltedisplay\/#primaryimage\"},\"image\":{\"@id\":\"https:\/\/www.gdirekt.se\/da\/produkt\/loftsbeslag-til-skiltedisplay\/#primaryimage\"},\"thumbnailUrl\":\"https:\/\/www.gdirekt.se\/wp-content\/uploads\/takfaste.png\",\"datePublished\":\"2017-01-09T07:55:54+00:00\",\"description\":\"Loftsbeslag til skiltedisplay med selvkl\u00e6bende tape. Fastg\u00f8r sm\u00e5 reklameskilte og displays i karton, der skal h\u00e6nge ned fra loftet i butikker og p\u00e5 messer.\",\"breadcrumb\":{\"@id\":\"https:\/\/www.gdirekt.se\/da\/produkt\/loftsbeslag-til-skiltedisplay\/#breadcrumb\"},\"inLanguage\":\"da-DK\",\"potentialAction\":[{\"@type\":\"ReadAction\",\"target\":[\"https:\/\/www.gdirekt.se\/da\/produkt\/loftsbeslag-til-skiltedisplay\/\"]}]},{\"@type\":\"ImageObject\",\"inLanguage\":\"da-DK\",\"@id\":\"https:\/\/www.gdirekt.se\/da\/produkt\/loftsbeslag-til-skiltedisplay\/#primaryimage\",\"url\":\"https:\/\/www.gdirekt.se\/wp-content\/uploads\/takfaste.png\",\"contentUrl\":\"https:\/\/www.gdirekt.se\/wp-content\/uploads\/takfaste.png\",\"width\":1000,\"height\":1000,\"caption\":\"Selvkl\u00e6bende beslag til loftskilt\"},{\"@type\":\"BreadcrumbList\",\"@id\":\"https:\/\/www.gdirekt.se\/da\/produkt\/loftsbeslag-til-skiltedisplay\/#breadcrumb\",\"itemListElement\":[{\"@type\":\"ListItem\",\"position\":1,\"name\":\"Hem\",\"item\":\"https:\/\/www.gdirekt.se\/da\/\"},{\"@type\":\"ListItem\",\"position\":2,\"name\":\"Start\",\"item\":\"https:\/\/www.gdirekt.se\/da\/\"},{\"@type\":\"ListItem\",\"position\":3,\"name\":\"Loftsbeslag til skiltedisplay\"}]},{\"@type\":\"WebSite\",\"@id\":\"https:\/\/www.gdirekt.se\/#website\",\"url\":\"https:\/\/www.gdirekt.se\/\",\"name\":\"Gdirekt.se\",\"description\":\"Tryck snabbt \u00e5 l\u00e4tt = Gdirekt\",\"potentialAction\":[{\"@type\":\"SearchAction\",\"target\":{\"@type\":\"EntryPoint\",\"urlTemplate\":\"https:\/\/www.gdirekt.se\/?s={search_term_string}\"},\"query-input\":{\"@type\":\"PropertyValueSpecification\",\"valueRequired\":true,\"valueName\":\"search_term_string\"}}],\"inLanguage\":\"da-DK\"}]}<\/script>\n<!-- \/ Yoast SEO plugin. -->","yoast_head_json":{"title":"Loftsbeslag til skiltedisplay, kartonskile og runde billeder | Gdirekt.se","description":"Loftsbeslag til skiltedisplay med selvkl\u00e6bende tape. Fastg\u00f8r sm\u00e5 reklameskilte og displays i karton, der skal h\u00e6nge ned fra loftet i butikker og p\u00e5 messer.","robots":{"index":"index","follow":"follow","max-snippet":"max-snippet:-1","max-image-preview":"max-image-preview:large","max-video-preview":"max-video-preview:-1"},"canonical":"https:\/\/www.gdirekt.se\/da\/produkt\/loftsbeslag-til-skiltedisplay\/","og_locale":"da_DK","og_type":"article","og_title":"Loftsbeslag til skiltedisplay, kartonskile og runde billeder | Gdirekt.se","og_description":"Loftsbeslag til skiltedisplay med selvkl\u00e6bende tape. Fastg\u00f8r sm\u00e5 reklameskilte og displays i karton, der skal h\u00e6nge ned fra loftet i butikker og p\u00e5 messer.","og_url":"https:\/\/www.gdirekt.se\/da\/produkt\/loftsbeslag-til-skiltedisplay\/","og_site_name":"Gdirekt.se","og_image":[{"width":1000,"height":1000,"url":"https:\/\/www.gdirekt.se\/wp-content\/uploads\/takfaste.png","type":"image\/png"}],"twitter_card":"summary_large_image","schema":{"@context":"https:\/\/schema.org","@graph":[{"@type":"WebPage","@id":"https:\/\/www.gdirekt.se\/da\/produkt\/loftsbeslag-til-skiltedisplay\/","url":"https:\/\/www.gdirekt.se\/da\/produkt\/loftsbeslag-til-skiltedisplay\/","name":"Loftsbeslag til skiltedisplay, kartonskile og runde billeder | Gdirekt.se","isPartOf":{"@id":"https:\/\/www.gdirekt.se\/#website"},"primaryImageOfPage":{"@id":"https:\/\/www.gdirekt.se\/da\/produkt\/loftsbeslag-til-skiltedisplay\/#primaryimage"},"image":{"@id":"https:\/\/www.gdirekt.se\/da\/produkt\/loftsbeslag-til-skiltedisplay\/#primaryimage"},"thumbnailUrl":"https:\/\/www.gdirekt.se\/wp-content\/uploads\/takfaste.png","datePublished":"2017-01-09T07:55:54+00:00","description":"Loftsbeslag til skiltedisplay med selvkl\u00e6bende tape. Fastg\u00f8r sm\u00e5 reklameskilte og displays i karton, der skal h\u00e6nge ned fra loftet i butikker og p\u00e5 messer.","breadcrumb":{"@id":"https:\/\/www.gdirekt.se\/da\/produkt\/loftsbeslag-til-skiltedisplay\/#breadcrumb"},"inLanguage":"da-DK","potentialAction":[{"@type":"ReadAction","target":["https:\/\/www.gdirekt.se\/da\/produkt\/loftsbeslag-til-skiltedisplay\/"]}]},{"@type":"ImageObject","inLanguage":"da-DK","@id":"https:\/\/www.gdirekt.se\/da\/produkt\/loftsbeslag-til-skiltedisplay\/#primaryimage","url":"https:\/\/www.gdirekt.se\/wp-content\/uploads\/takfaste.png","contentUrl":"https:\/\/www.gdirekt.se\/wp-content\/uploads\/takfaste.png","width":1000,"height":1000,"caption":"Selvkl\u00e6bende beslag til loftskilt"},{"@type":"BreadcrumbList","@id":"https:\/\/www.gdirekt.se\/da\/produkt\/loftsbeslag-til-skiltedisplay\/#breadcrumb","itemListElement":[{"@type":"ListItem","position":1,"name":"Hem","item":"https:\/\/www.gdirekt.se\/da\/"},{"@type":"ListItem","position":2,"name":"Start","item":"https:\/\/www.gdirekt.se\/da\/"},{"@type":"ListItem","position":3,"name":"Loftsbeslag til skiltedisplay"}]},{"@type":"WebSite","@id":"https:\/\/www.gdirekt.se\/#website","url":"https:\/\/www.gdirekt.se\/","name":"Gdirekt.se","description":"Tryck snabbt \u00e5 l\u00e4tt = Gdirekt","potentialAction":[{"@type":"SearchAction","target":{"@type":"EntryPoint","urlTemplate":"https:\/\/www.gdirekt.se\/?s={search_term_string}"},"query-input":{"@type":"PropertyValueSpecification","valueRequired":true,"valueName":"search_term_string"}}],"inLanguage":"da-DK"}]}},"_links":{"self":[{"href":"https:\/\/www.gdirekt.se\/da\/wp-json\/wp\/v2\/product\/10391","targetHints":{"allow":["GET"]}}],"collection":[{"href":"https:\/\/www.gdirekt.se\/da\/wp-json\/wp\/v2\/product"}],"about":[{"href":"https:\/\/www.gdirekt.se\/da\/wp-json\/wp\/v2\/types\/product"}],"wp:featuredmedia":[{"embeddable":true,"href":"https:\/\/www.gdirekt.se\/da\/wp-json\/wp\/v2\/media\/8411"}],"wp:attachment":[{"href":"https:\/\/www.gdirekt.se\/da\/wp-json\/wp\/v2\/media?parent=10391"}],"wp:term":[{"taxonomy":"product_brand","embeddable":true,"href":"https:\/\/www.gdirekt.se\/da\/wp-json\/wp\/v2\/product_brand?post=10391"},{"taxonomy":"product_cat","embeddable":true,"href":"https:\/\/www.gdirekt.se\/da\/wp-json\/wp\/v2\/product_cat?post=10391"},{"taxonomy":"product_tag","embeddable":true,"href":"https:\/\/www.gdirekt.se\/da\/wp-json\/wp\/v2\/product_tag?post=10391"}],"curies":[{"name":"wp","href":"https:\/\/api.w.org\/{rel}","templated":true}]}}