{"id":10379,"date":"2016-08-12T14:49:41","date_gmt":"2016-08-12T12:49:41","guid":{"rendered":"http:\/\/gdirekt.hamstage.hamrenmedia.se\/produkt\/skilteholder-pucken\/"},"modified":"2016-08-12T14:49:41","modified_gmt":"2016-08-12T12:49:41","slug":"skilteholder-pucken","status":"publish","type":"product","link":"https:\/\/www.gdirekt.se\/da\/produkt\/skilteholder-pucken\/","title":{"rendered":"Skilteholder \u2013 Pucken"},"content":{"rendered":"<p><span lang=\"DA\">Skilteholder \u2013 Pucken er en fleksibel og enkel holder til skilte. Skiltet trykkes ned i rillen, der er lavet til skilte med en tykkelse p\u00e5 10 mm. Pucken kan koble flere plader sammen til en lang r\u00e6kke. Med vand vejer den 7 kg, og uden vand vejer den 1,3 kg. Det er ogs\u00e5 muligt at fylde skilteholderen med sand. St\u00f8rrelsen er\u00a036 x 20 x 17 cm for disse skilteholdere.<\/span><\/p>\n<p><span lang=\"DA\">Pucken f\u00e5s i fem forskellige farver: Sort, gul, r\u00f8d, gr\u00f8n og orange, s\u00e5 de passer med det trykte motiv. Disse skiltestandere er nemme at bruge. Den plade, som vi har trykt tekstbudskab eller andre billedmotiver p\u00e5, trykkes ganske enkelt bare ned. Selve pladerne kan v\u00e6re rektangul\u00e6re, smalle, brede, store, sm\u00e5, runde eller v\u00e6re udsk\u00e5rne figurer. Skilteholder \u2013 Pucken bruges som holder til reklamebander i idr\u00e6tsarenaer og ved konkurrencer. Perfekt, hvis man vil indramme et omr\u00e5de eller en side og samtidig vise logoer og sponsorer.<\/span><\/p>\n<p><span lang=\"DA\">Man kan ogs\u00e5 bruge flere typer af materiale, men vi anbefaler letv\u00e6gtsmaterialet Stadurlon, eller hvis det skal v\u00e6re h\u00e5rdere, er Forexplast ogs\u00e5 en mulighed. Det vigtige er, at materialet er 10 mm tykt, og at det er muligt at fastg\u00f8re tr\u00e6plader og MDF.<span class=\"apple-converted-space\">\u00a0<\/span><\/span><span lang=\"DA\"><a href=\"https:\/\/www.gdirekt.se\/produkt-kategori\/skyltar\/\"><b><i>Se vores materialer her!<\/i><\/b><\/a><\/span><\/p>\n","protected":false},"excerpt":{"rendered":"<p>Skilteholder \u2013 Pucken er en fleksibel og enkel holder til skilte.Skiltet trykkes ned i rillen, der er lavet til skilte med en tykkelse p\u00e5 10 mm.F\u00e5s i fem forskellige farver: sort, gul, gr\u00f8n, r\u00f8d og orange. Med vand vejer den 7 kg, og uden vand vejer den 1,3 kg, og st\u00f8rrelsen er\u00a036 x 20 x 17 cm.<\/p>\n","protected":false},"featured_media":8193,"template":"","meta":{"_acf_changed":false},"product_brand":[],"product_cat":[379,356],"product_tag":[],"class_list":{"0":"post-10379","1":"product","2":"type-product","3":"status-publish","4":"has-post-thumbnail","6":"product_cat-skilte-tilbehoer","7":"product_cat-udendoersskilte-og-expo","8":"product_shipping_class-180sek","10":"first","11":"instock","12":"taxable","13":"shipping-taxable","14":"purchasable","15":"product-type-variable","16":"has-default-attributes"},"exclude_global_add_ons":[],"addons":[],"acf":[],"yoast_head":"<!-- This site is optimized with the Yoast SEO plugin v27.2 - https:\/\/yoast.com\/product\/yoast-seo-wordpress\/ -->\n<title>Skilteholder \u2013 Pucken er en v\u00e6gtfod til skilte | Gdirekt.se<\/title>\n<meta name=\"description\" content=\"Skilteholder \u2013 Pucken bruges til reklamer i arenaer og holder skilte p\u00e5 plads. Skiltefoden tynges ned af vand eller sand og fungerer godt udend\u00f8rs og indend\u00f8rs. Billedholderen er meget robust og kan bestilles allerede i dag med hurtig levering.\" \/>\n<meta name=\"robots\" content=\"index, follow, max-snippet:-1, max-image-preview:large, max-video-preview:-1\" \/>\n<link rel=\"canonical\" href=\"https:\/\/www.gdirekt.se\/da\/produkt\/skilteholder-pucken\/\" \/>\n<meta property=\"og:locale\" content=\"da_DK\" \/>\n<meta property=\"og:type\" content=\"article\" \/>\n<meta property=\"og:title\" content=\"Skilteholder \u2013 Pucken er en v\u00e6gtfod til skilte | Gdirekt.se\" \/>\n<meta property=\"og:description\" content=\"Skilteholder \u2013 Pucken bruges til reklamer i arenaer og holder skilte p\u00e5 plads. Skiltefoden tynges ned af vand eller sand og fungerer godt udend\u00f8rs og indend\u00f8rs. Billedholderen er meget robust og kan bestilles allerede i dag med hurtig levering.\" \/>\n<meta property=\"og:url\" content=\"https:\/\/www.gdirekt.se\/da\/produkt\/skilteholder-pucken\/\" \/>\n<meta property=\"og:site_name\" content=\"Gdirekt.se\" \/>\n<meta property=\"og:image\" content=\"https:\/\/www.gdirekt.se\/wp-content\/uploads\/Pucken-skylthallare.png\" \/>\n\t<meta property=\"og:image:width\" content=\"1000\" \/>\n\t<meta property=\"og:image:height\" content=\"1000\" \/>\n\t<meta property=\"og:image:type\" content=\"image\/png\" \/>\n<meta name=\"twitter:card\" content=\"summary_large_image\" \/>\n<meta name=\"twitter:label1\" content=\"Estimeret l\u00e6setid\" \/>\n\t<meta name=\"twitter:data1\" content=\"1 minut\" \/>\n<script type=\"application\/ld+json\" class=\"yoast-schema-graph\">{\"@context\":\"https:\/\/schema.org\",\"@graph\":[{\"@type\":\"WebPage\",\"@id\":\"https:\/\/www.gdirekt.se\/da\/produkt\/skilteholder-pucken\/\",\"url\":\"https:\/\/www.gdirekt.se\/da\/produkt\/skilteholder-pucken\/\",\"name\":\"Skilteholder \u2013 Pucken er en v\u00e6gtfod til skilte | Gdirekt.se\",\"isPartOf\":{\"@id\":\"https:\/\/www.gdirekt.se\/#website\"},\"primaryImageOfPage\":{\"@id\":\"https:\/\/www.gdirekt.se\/da\/produkt\/skilteholder-pucken\/#primaryimage\"},\"image\":{\"@id\":\"https:\/\/www.gdirekt.se\/da\/produkt\/skilteholder-pucken\/#primaryimage\"},\"thumbnailUrl\":\"https:\/\/www.gdirekt.se\/wp-content\/uploads\/Pucken-skylthallare.png\",\"datePublished\":\"2016-08-12T12:49:41+00:00\",\"description\":\"Skilteholder \u2013 Pucken bruges til reklamer i arenaer og holder skilte p\u00e5 plads. Skiltefoden tynges ned af vand eller sand og fungerer godt udend\u00f8rs og indend\u00f8rs. Billedholderen er meget robust og kan bestilles allerede i dag med hurtig levering.\",\"breadcrumb\":{\"@id\":\"https:\/\/www.gdirekt.se\/da\/produkt\/skilteholder-pucken\/#breadcrumb\"},\"inLanguage\":\"da-DK\",\"potentialAction\":[{\"@type\":\"ReadAction\",\"target\":[\"https:\/\/www.gdirekt.se\/da\/produkt\/skilteholder-pucken\/\"]}]},{\"@type\":\"ImageObject\",\"inLanguage\":\"da-DK\",\"@id\":\"https:\/\/www.gdirekt.se\/da\/produkt\/skilteholder-pucken\/#primaryimage\",\"url\":\"https:\/\/www.gdirekt.se\/wp-content\/uploads\/Pucken-skylthallare.png\",\"contentUrl\":\"https:\/\/www.gdirekt.se\/wp-content\/uploads\/Pucken-skylthallare.png\",\"width\":1000,\"height\":1000,\"caption\":\"Pucken skilteholder fra Gdirekt\"},{\"@type\":\"BreadcrumbList\",\"@id\":\"https:\/\/www.gdirekt.se\/da\/produkt\/skilteholder-pucken\/#breadcrumb\",\"itemListElement\":[{\"@type\":\"ListItem\",\"position\":1,\"name\":\"Hem\",\"item\":\"https:\/\/www.gdirekt.se\/da\/\"},{\"@type\":\"ListItem\",\"position\":2,\"name\":\"Start\",\"item\":\"https:\/\/www.gdirekt.se\/da\/\"},{\"@type\":\"ListItem\",\"position\":3,\"name\":\"Skilteholder \u2013 Pucken\"}]},{\"@type\":\"WebSite\",\"@id\":\"https:\/\/www.gdirekt.se\/#website\",\"url\":\"https:\/\/www.gdirekt.se\/\",\"name\":\"Gdirekt.se\",\"description\":\"Tryck snabbt \u00e5 l\u00e4tt = Gdirekt\",\"potentialAction\":[{\"@type\":\"SearchAction\",\"target\":{\"@type\":\"EntryPoint\",\"urlTemplate\":\"https:\/\/www.gdirekt.se\/?s={search_term_string}\"},\"query-input\":{\"@type\":\"PropertyValueSpecification\",\"valueRequired\":true,\"valueName\":\"search_term_string\"}}],\"inLanguage\":\"da-DK\"}]}<\/script>\n<!-- \/ Yoast SEO plugin. -->","yoast_head_json":{"title":"Skilteholder \u2013 Pucken er en v\u00e6gtfod til skilte | Gdirekt.se","description":"Skilteholder \u2013 Pucken bruges til reklamer i arenaer og holder skilte p\u00e5 plads. Skiltefoden tynges ned af vand eller sand og fungerer godt udend\u00f8rs og indend\u00f8rs. Billedholderen er meget robust og kan bestilles allerede i dag med hurtig levering.","robots":{"index":"index","follow":"follow","max-snippet":"max-snippet:-1","max-image-preview":"max-image-preview:large","max-video-preview":"max-video-preview:-1"},"canonical":"https:\/\/www.gdirekt.se\/da\/produkt\/skilteholder-pucken\/","og_locale":"da_DK","og_type":"article","og_title":"Skilteholder \u2013 Pucken er en v\u00e6gtfod til skilte | Gdirekt.se","og_description":"Skilteholder \u2013 Pucken bruges til reklamer i arenaer og holder skilte p\u00e5 plads. Skiltefoden tynges ned af vand eller sand og fungerer godt udend\u00f8rs og indend\u00f8rs. Billedholderen er meget robust og kan bestilles allerede i dag med hurtig levering.","og_url":"https:\/\/www.gdirekt.se\/da\/produkt\/skilteholder-pucken\/","og_site_name":"Gdirekt.se","og_image":[{"width":1000,"height":1000,"url":"https:\/\/www.gdirekt.se\/wp-content\/uploads\/Pucken-skylthallare.png","type":"image\/png"}],"twitter_card":"summary_large_image","twitter_misc":{"Estimeret l\u00e6setid":"1 minut"},"schema":{"@context":"https:\/\/schema.org","@graph":[{"@type":"WebPage","@id":"https:\/\/www.gdirekt.se\/da\/produkt\/skilteholder-pucken\/","url":"https:\/\/www.gdirekt.se\/da\/produkt\/skilteholder-pucken\/","name":"Skilteholder \u2013 Pucken er en v\u00e6gtfod til skilte | Gdirekt.se","isPartOf":{"@id":"https:\/\/www.gdirekt.se\/#website"},"primaryImageOfPage":{"@id":"https:\/\/www.gdirekt.se\/da\/produkt\/skilteholder-pucken\/#primaryimage"},"image":{"@id":"https:\/\/www.gdirekt.se\/da\/produkt\/skilteholder-pucken\/#primaryimage"},"thumbnailUrl":"https:\/\/www.gdirekt.se\/wp-content\/uploads\/Pucken-skylthallare.png","datePublished":"2016-08-12T12:49:41+00:00","description":"Skilteholder \u2013 Pucken bruges til reklamer i arenaer og holder skilte p\u00e5 plads. Skiltefoden tynges ned af vand eller sand og fungerer godt udend\u00f8rs og indend\u00f8rs. Billedholderen er meget robust og kan bestilles allerede i dag med hurtig levering.","breadcrumb":{"@id":"https:\/\/www.gdirekt.se\/da\/produkt\/skilteholder-pucken\/#breadcrumb"},"inLanguage":"da-DK","potentialAction":[{"@type":"ReadAction","target":["https:\/\/www.gdirekt.se\/da\/produkt\/skilteholder-pucken\/"]}]},{"@type":"ImageObject","inLanguage":"da-DK","@id":"https:\/\/www.gdirekt.se\/da\/produkt\/skilteholder-pucken\/#primaryimage","url":"https:\/\/www.gdirekt.se\/wp-content\/uploads\/Pucken-skylthallare.png","contentUrl":"https:\/\/www.gdirekt.se\/wp-content\/uploads\/Pucken-skylthallare.png","width":1000,"height":1000,"caption":"Pucken skilteholder fra Gdirekt"},{"@type":"BreadcrumbList","@id":"https:\/\/www.gdirekt.se\/da\/produkt\/skilteholder-pucken\/#breadcrumb","itemListElement":[{"@type":"ListItem","position":1,"name":"Hem","item":"https:\/\/www.gdirekt.se\/da\/"},{"@type":"ListItem","position":2,"name":"Start","item":"https:\/\/www.gdirekt.se\/da\/"},{"@type":"ListItem","position":3,"name":"Skilteholder \u2013 Pucken"}]},{"@type":"WebSite","@id":"https:\/\/www.gdirekt.se\/#website","url":"https:\/\/www.gdirekt.se\/","name":"Gdirekt.se","description":"Tryck snabbt \u00e5 l\u00e4tt = Gdirekt","potentialAction":[{"@type":"SearchAction","target":{"@type":"EntryPoint","urlTemplate":"https:\/\/www.gdirekt.se\/?s={search_term_string}"},"query-input":{"@type":"PropertyValueSpecification","valueRequired":true,"valueName":"search_term_string"}}],"inLanguage":"da-DK"}]}},"_links":{"self":[{"href":"https:\/\/www.gdirekt.se\/da\/wp-json\/wp\/v2\/product\/10379","targetHints":{"allow":["GET"]}}],"collection":[{"href":"https:\/\/www.gdirekt.se\/da\/wp-json\/wp\/v2\/product"}],"about":[{"href":"https:\/\/www.gdirekt.se\/da\/wp-json\/wp\/v2\/types\/product"}],"wp:featuredmedia":[{"embeddable":true,"href":"https:\/\/www.gdirekt.se\/da\/wp-json\/wp\/v2\/media\/8193"}],"wp:attachment":[{"href":"https:\/\/www.gdirekt.se\/da\/wp-json\/wp\/v2\/media?parent=10379"}],"wp:term":[{"taxonomy":"product_brand","embeddable":true,"href":"https:\/\/www.gdirekt.se\/da\/wp-json\/wp\/v2\/product_brand?post=10379"},{"taxonomy":"product_cat","embeddable":true,"href":"https:\/\/www.gdirekt.se\/da\/wp-json\/wp\/v2\/product_cat?post=10379"},{"taxonomy":"product_tag","embeddable":true,"href":"https:\/\/www.gdirekt.se\/da\/wp-json\/wp\/v2\/product_tag?post=10379"}],"curies":[{"name":"wp","href":"https:\/\/api.w.org\/{rel}","templated":true}]}}