{"id":10373,"date":"2017-01-09T08:43:30","date_gmt":"2017-01-09T07:43:30","guid":{"rendered":"http:\/\/gdirekt.hamstage.hamrenmedia.se\/produkt\/skilteholder-twinstick\/"},"modified":"2017-01-09T08:43:30","modified_gmt":"2017-01-09T07:43:30","slug":"skilteholder-twinstick","status":"publish","type":"product","link":"https:\/\/www.gdirekt.se\/da\/produkt\/skilteholder-twinstick\/","title":{"rendered":"Skilteholder Twinstick"},"content":{"rendered":"<p><span lang=\"DA\">Skilteholder Twinstick i aluminium, 75 mm lang og med selvkl\u00e6bende tapepuder. De holder hyldesvirper og hyldeskilte oppe. De er b\u00f8jelige, og man v\u00e6lger, hvilken vinkel budskabet p\u00e5 skiltene skal have i butikken eller p\u00e5 messen. Twinstick bruges f\u00f8rst og fremmest til at fastg\u00f8re sm\u00e5 reklameskilte og displays i karton. De er smarte til butikshylder som displayholdere og stikker ud som en flap med tilbud og udsalg i butikker. Man taper ganske enkelt skiltet eller displayholderen fast p\u00e5 skiltet og derefter p\u00e5 hylden eller andet butiksinventar, og derefter v\u00e6lger man en god vinkel, s\u00e5 informationen er godt synlig.<\/span><\/p>\n<p><span lang=\"DA\">Vi har alle t\u00e6nkelige typer af skilteholdere til v\u00e6gge og lofter samt butikshylder; se hele vores udvalg<\/span><span lang=\"DA\"><a href=\"https:\/\/www.gdirekt.se\/produkt-kategori\/skyltar-tillbehor\/\"><b><i>her<\/i><\/b><\/a><\/span><span lang=\"DA\">. Der findes holdere til plader, plakater og displays. Hvis du gerne vil se nogle af de flotte produktioner, vi har leveret, kan de ses p\u00e5 vores<span class=\"apple-converted-space\">\u00a0<\/span><\/span><span lang=\"DA\"><a href=\"https:\/\/www.instagram.com\/gigantprint\/\"><b><i>Instagramprofil<\/i><\/b><\/a><\/span><span lang=\"DA\">.<\/span><\/p>\n","protected":false},"excerpt":{"rendered":"<p>Skilteholder Twinstick i aluminium og med tape. Fastg\u00f8r sm\u00e5 reklameskilte og displays i karton. Hyldesvirper i butikshylder med tilbud og udsalg i butikker.<\/p>\n","protected":false},"featured_media":8410,"template":"","meta":{"_acf_changed":false},"product_brand":[],"product_cat":[379],"product_tag":[],"class_list":{"0":"post-10373","1":"product","2":"type-product","3":"status-publish","4":"has-post-thumbnail","6":"product_cat-skilte-tilbehoer","7":"product_shipping_class-49kr","9":"first","10":"instock","11":"taxable","12":"shipping-taxable","13":"purchasable","14":"product-type-variable","15":"has-default-attributes"},"exclude_global_add_ons":[],"addons":[],"acf":[],"yoast_head":"<!-- This site is optimized with the Yoast SEO plugin v27.2 - https:\/\/yoast.com\/product\/yoast-seo-wordpress\/ -->\n<title>Skilteholder Twinstick tilr\u00e5be taler og reklameskilte | Gdirekt.se<\/title>\n<meta name=\"description\" content=\"Skilteholder Twinstick i aluminium og med tape. Fastg\u00f8r sm\u00e5 reklameskilte og displays i karton. Hyldesvirper i butikshylder med tilbud og udsalg i butikker.\" \/>\n<meta name=\"robots\" content=\"index, follow, max-snippet:-1, max-image-preview:large, max-video-preview:-1\" \/>\n<link rel=\"canonical\" href=\"https:\/\/www.gdirekt.se\/da\/produkt\/skilteholder-twinstick\/\" \/>\n<meta property=\"og:locale\" content=\"da_DK\" \/>\n<meta property=\"og:type\" content=\"article\" \/>\n<meta property=\"og:title\" content=\"Skilteholder Twinstick tilr\u00e5be taler og reklameskilte | Gdirekt.se\" \/>\n<meta property=\"og:description\" content=\"Skilteholder Twinstick i aluminium og med tape. Fastg\u00f8r sm\u00e5 reklameskilte og displays i karton. Hyldesvirper i butikshylder med tilbud og udsalg i butikker.\" \/>\n<meta property=\"og:url\" content=\"https:\/\/www.gdirekt.se\/da\/produkt\/skilteholder-twinstick\/\" \/>\n<meta property=\"og:site_name\" content=\"Gdirekt.se\" \/>\n<meta property=\"og:image\" content=\"https:\/\/www.gdirekt.se\/wp-content\/uploads\/Twin_Stick_75mm-_foamtejp.png\" \/>\n\t<meta property=\"og:image:width\" content=\"1000\" \/>\n\t<meta property=\"og:image:height\" content=\"1000\" \/>\n\t<meta property=\"og:image:type\" content=\"image\/png\" \/>\n<meta name=\"twitter:card\" content=\"summary_large_image\" \/>\n<meta name=\"twitter:label1\" content=\"Estimeret l\u00e6setid\" \/>\n\t<meta name=\"twitter:data1\" content=\"1 minut\" \/>\n<script type=\"application\/ld+json\" class=\"yoast-schema-graph\">{\"@context\":\"https:\/\/schema.org\",\"@graph\":[{\"@type\":\"WebPage\",\"@id\":\"https:\/\/www.gdirekt.se\/da\/produkt\/skilteholder-twinstick\/\",\"url\":\"https:\/\/www.gdirekt.se\/da\/produkt\/skilteholder-twinstick\/\",\"name\":\"Skilteholder Twinstick tilr\u00e5be taler og reklameskilte | Gdirekt.se\",\"isPartOf\":{\"@id\":\"https:\/\/www.gdirekt.se\/#website\"},\"primaryImageOfPage\":{\"@id\":\"https:\/\/www.gdirekt.se\/da\/produkt\/skilteholder-twinstick\/#primaryimage\"},\"image\":{\"@id\":\"https:\/\/www.gdirekt.se\/da\/produkt\/skilteholder-twinstick\/#primaryimage\"},\"thumbnailUrl\":\"https:\/\/www.gdirekt.se\/wp-content\/uploads\/Twin_Stick_75mm-_foamtejp.png\",\"datePublished\":\"2017-01-09T07:43:30+00:00\",\"description\":\"Skilteholder Twinstick i aluminium og med tape. Fastg\u00f8r sm\u00e5 reklameskilte og displays i karton. Hyldesvirper i butikshylder med tilbud og udsalg i butikker.\",\"breadcrumb\":{\"@id\":\"https:\/\/www.gdirekt.se\/da\/produkt\/skilteholder-twinstick\/#breadcrumb\"},\"inLanguage\":\"da-DK\",\"potentialAction\":[{\"@type\":\"ReadAction\",\"target\":[\"https:\/\/www.gdirekt.se\/da\/produkt\/skilteholder-twinstick\/\"]}]},{\"@type\":\"ImageObject\",\"inLanguage\":\"da-DK\",\"@id\":\"https:\/\/www.gdirekt.se\/da\/produkt\/skilteholder-twinstick\/#primaryimage\",\"url\":\"https:\/\/www.gdirekt.se\/wp-content\/uploads\/Twin_Stick_75mm-_foamtejp.png\",\"contentUrl\":\"https:\/\/www.gdirekt.se\/wp-content\/uploads\/Twin_Stick_75mm-_foamtejp.png\",\"width\":1000,\"height\":1000,\"caption\":\"Displayholder til sm\u00e5 skilte\"},{\"@type\":\"BreadcrumbList\",\"@id\":\"https:\/\/www.gdirekt.se\/da\/produkt\/skilteholder-twinstick\/#breadcrumb\",\"itemListElement\":[{\"@type\":\"ListItem\",\"position\":1,\"name\":\"Hem\",\"item\":\"https:\/\/www.gdirekt.se\/da\/\"},{\"@type\":\"ListItem\",\"position\":2,\"name\":\"Start\",\"item\":\"https:\/\/www.gdirekt.se\/da\/\"},{\"@type\":\"ListItem\",\"position\":3,\"name\":\"Skilteholder Twinstick\"}]},{\"@type\":\"WebSite\",\"@id\":\"https:\/\/www.gdirekt.se\/#website\",\"url\":\"https:\/\/www.gdirekt.se\/\",\"name\":\"Gdirekt.se\",\"description\":\"Tryck snabbt \u00e5 l\u00e4tt = Gdirekt\",\"potentialAction\":[{\"@type\":\"SearchAction\",\"target\":{\"@type\":\"EntryPoint\",\"urlTemplate\":\"https:\/\/www.gdirekt.se\/?s={search_term_string}\"},\"query-input\":{\"@type\":\"PropertyValueSpecification\",\"valueRequired\":true,\"valueName\":\"search_term_string\"}}],\"inLanguage\":\"da-DK\"}]}<\/script>\n<!-- \/ Yoast SEO plugin. -->","yoast_head_json":{"title":"Skilteholder Twinstick tilr\u00e5be taler og reklameskilte | Gdirekt.se","description":"Skilteholder Twinstick i aluminium og med tape. Fastg\u00f8r sm\u00e5 reklameskilte og displays i karton. Hyldesvirper i butikshylder med tilbud og udsalg i butikker.","robots":{"index":"index","follow":"follow","max-snippet":"max-snippet:-1","max-image-preview":"max-image-preview:large","max-video-preview":"max-video-preview:-1"},"canonical":"https:\/\/www.gdirekt.se\/da\/produkt\/skilteholder-twinstick\/","og_locale":"da_DK","og_type":"article","og_title":"Skilteholder Twinstick tilr\u00e5be taler og reklameskilte | Gdirekt.se","og_description":"Skilteholder Twinstick i aluminium og med tape. Fastg\u00f8r sm\u00e5 reklameskilte og displays i karton. Hyldesvirper i butikshylder med tilbud og udsalg i butikker.","og_url":"https:\/\/www.gdirekt.se\/da\/produkt\/skilteholder-twinstick\/","og_site_name":"Gdirekt.se","og_image":[{"width":1000,"height":1000,"url":"https:\/\/www.gdirekt.se\/wp-content\/uploads\/Twin_Stick_75mm-_foamtejp.png","type":"image\/png"}],"twitter_card":"summary_large_image","twitter_misc":{"Estimeret l\u00e6setid":"1 minut"},"schema":{"@context":"https:\/\/schema.org","@graph":[{"@type":"WebPage","@id":"https:\/\/www.gdirekt.se\/da\/produkt\/skilteholder-twinstick\/","url":"https:\/\/www.gdirekt.se\/da\/produkt\/skilteholder-twinstick\/","name":"Skilteholder Twinstick tilr\u00e5be taler og reklameskilte | Gdirekt.se","isPartOf":{"@id":"https:\/\/www.gdirekt.se\/#website"},"primaryImageOfPage":{"@id":"https:\/\/www.gdirekt.se\/da\/produkt\/skilteholder-twinstick\/#primaryimage"},"image":{"@id":"https:\/\/www.gdirekt.se\/da\/produkt\/skilteholder-twinstick\/#primaryimage"},"thumbnailUrl":"https:\/\/www.gdirekt.se\/wp-content\/uploads\/Twin_Stick_75mm-_foamtejp.png","datePublished":"2017-01-09T07:43:30+00:00","description":"Skilteholder Twinstick i aluminium og med tape. Fastg\u00f8r sm\u00e5 reklameskilte og displays i karton. Hyldesvirper i butikshylder med tilbud og udsalg i butikker.","breadcrumb":{"@id":"https:\/\/www.gdirekt.se\/da\/produkt\/skilteholder-twinstick\/#breadcrumb"},"inLanguage":"da-DK","potentialAction":[{"@type":"ReadAction","target":["https:\/\/www.gdirekt.se\/da\/produkt\/skilteholder-twinstick\/"]}]},{"@type":"ImageObject","inLanguage":"da-DK","@id":"https:\/\/www.gdirekt.se\/da\/produkt\/skilteholder-twinstick\/#primaryimage","url":"https:\/\/www.gdirekt.se\/wp-content\/uploads\/Twin_Stick_75mm-_foamtejp.png","contentUrl":"https:\/\/www.gdirekt.se\/wp-content\/uploads\/Twin_Stick_75mm-_foamtejp.png","width":1000,"height":1000,"caption":"Displayholder til sm\u00e5 skilte"},{"@type":"BreadcrumbList","@id":"https:\/\/www.gdirekt.se\/da\/produkt\/skilteholder-twinstick\/#breadcrumb","itemListElement":[{"@type":"ListItem","position":1,"name":"Hem","item":"https:\/\/www.gdirekt.se\/da\/"},{"@type":"ListItem","position":2,"name":"Start","item":"https:\/\/www.gdirekt.se\/da\/"},{"@type":"ListItem","position":3,"name":"Skilteholder Twinstick"}]},{"@type":"WebSite","@id":"https:\/\/www.gdirekt.se\/#website","url":"https:\/\/www.gdirekt.se\/","name":"Gdirekt.se","description":"Tryck snabbt \u00e5 l\u00e4tt = Gdirekt","potentialAction":[{"@type":"SearchAction","target":{"@type":"EntryPoint","urlTemplate":"https:\/\/www.gdirekt.se\/?s={search_term_string}"},"query-input":{"@type":"PropertyValueSpecification","valueRequired":true,"valueName":"search_term_string"}}],"inLanguage":"da-DK"}]}},"_links":{"self":[{"href":"https:\/\/www.gdirekt.se\/da\/wp-json\/wp\/v2\/product\/10373","targetHints":{"allow":["GET"]}}],"collection":[{"href":"https:\/\/www.gdirekt.se\/da\/wp-json\/wp\/v2\/product"}],"about":[{"href":"https:\/\/www.gdirekt.se\/da\/wp-json\/wp\/v2\/types\/product"}],"wp:featuredmedia":[{"embeddable":true,"href":"https:\/\/www.gdirekt.se\/da\/wp-json\/wp\/v2\/media\/8410"}],"wp:attachment":[{"href":"https:\/\/www.gdirekt.se\/da\/wp-json\/wp\/v2\/media?parent=10373"}],"wp:term":[{"taxonomy":"product_brand","embeddable":true,"href":"https:\/\/www.gdirekt.se\/da\/wp-json\/wp\/v2\/product_brand?post=10373"},{"taxonomy":"product_cat","embeddable":true,"href":"https:\/\/www.gdirekt.se\/da\/wp-json\/wp\/v2\/product_cat?post=10373"},{"taxonomy":"product_tag","embeddable":true,"href":"https:\/\/www.gdirekt.se\/da\/wp-json\/wp\/v2\/product_tag?post=10373"}],"curies":[{"name":"wp","href":"https:\/\/api.w.org\/{rel}","templated":true}]}}