{"id":10363,"date":"2016-12-22T11:38:14","date_gmt":"2016-12-22T10:38:14","guid":{"rendered":"http:\/\/gdirekt.hamstage.hamrenmedia.se\/produkt\/skilteholder-kanalplast-hvid\/"},"modified":"2016-12-22T11:38:14","modified_gmt":"2016-12-22T10:38:14","slug":"skilteholder-kanalplast-hvid","status":"publish","type":"product","link":"https:\/\/www.gdirekt.se\/da\/produkt\/skilteholder-kanalplast-hvid\/","title":{"rendered":"Skilteholder, kanalplast \u2013 Hvid"},"content":{"rendered":"<p><span lang=\"DA\">Skilteholder, kanalplast \u2013 Hvid er fremstillet af st\u00e5l og lakeret i hvid. Disse skiltebeslag til skilte t\u00e5ler at blive brugt udend\u00f8rs. Oftest bruger man dem til m\u00e6glerskilte, og det bliver mere og mere almindeligt at bruge udend\u00f8rsskiltene til reklameskilte i trafikken langs vejene. Tryk ganske enkelt holderen ned i kanalplastskiltet og derefter i jorden. De fungerer godt i jord, gr\u00e6spl\u00e6ner og mellem fliser i haver. Nemmere kan det ikke blive f\u00f8r fremvisningen eller vejvisningen til byggeriet og det \u00e5bne hus. Se n\u00e6ste billede for m\u00e5l. Skilteholderens st\u00f8rrelse er 56 cm h\u00f8j og 19 cm bred. Den ene side er 11 cm, som man trykker ind i skiltet. Den del, man trykker ned i jorden, er 15 cm.<\/span><\/p>\n<p><span lang=\"DA\"><a href=\"https:\/\/www.gdirekt.se\/produkt\/maklarskyltar\/\"><b><i>Her kan I k\u00f8be m\u00e6glerskiltene til en billig pris!<\/i><\/b><\/a><\/span><\/p>\n","protected":false},"excerpt":{"rendered":"<p>Skilteholder, kanalplast \u2013 Hvid er beregnet til m\u00e6glerskilte. Du skal ganske enkelt trykke holderen ned i kanalplastskiltet og derefter i jorden eller ned mellem fliser. Enklere kan det ikke blive f\u00f8r fremvisningen. Se n\u00e6ste billede for st\u00f8rrelse og m\u00e5l.<\/p>\n","protected":false},"featured_media":8324,"template":"","meta":{"_acf_changed":false},"product_brand":[],"product_cat":[379],"product_tag":[],"class_list":{"0":"post-10363","1":"product","2":"type-product","3":"status-publish","4":"has-post-thumbnail","6":"product_cat-skilte-tilbehoer","7":"product_shipping_class-180sek","9":"first","10":"instock","11":"taxable","12":"shipping-taxable","13":"purchasable","14":"product-type-variable","15":"has-default-attributes"},"exclude_global_add_ons":[],"addons":[],"acf":[],"yoast_head":"<!-- This site is optimized with the Yoast SEO plugin v27.2 - https:\/\/yoast.com\/product\/yoast-seo-wordpress\/ -->\n<title>Skilteholder, kanalplast \u2013 Hvid til en trykt m\u00e6glerskilte | Gdirekt.se<\/title>\n<meta name=\"description\" content=\"Skilteholder, kanalplast \u2013 Hvid er beregnet til m\u00e6glerskilte. Tryk ganske enkelt skiltet ned i jorden eller mellem fliser. Holderen fastg\u00f8res i kanalerne. K\u00f8bes direkte hos trykkeriet til en billig pris og hurtig levering.\" \/>\n<meta name=\"robots\" content=\"index, follow, max-snippet:-1, max-image-preview:large, max-video-preview:-1\" \/>\n<link rel=\"canonical\" href=\"https:\/\/www.gdirekt.se\/da\/produkt\/skilteholder-kanalplast-hvid\/\" \/>\n<meta property=\"og:locale\" content=\"da_DK\" \/>\n<meta property=\"og:type\" content=\"article\" \/>\n<meta property=\"og:title\" content=\"Skilteholder, kanalplast \u2013 Hvid til en trykt m\u00e6glerskilte | Gdirekt.se\" \/>\n<meta property=\"og:description\" content=\"Skilteholder, kanalplast \u2013 Hvid er beregnet til m\u00e6glerskilte. Tryk ganske enkelt skiltet ned i jorden eller mellem fliser. Holderen fastg\u00f8res i kanalerne. K\u00f8bes direkte hos trykkeriet til en billig pris og hurtig levering.\" \/>\n<meta property=\"og:url\" content=\"https:\/\/www.gdirekt.se\/da\/produkt\/skilteholder-kanalplast-hvid\/\" \/>\n<meta property=\"og:site_name\" content=\"Gdirekt.se\" \/>\n<meta property=\"og:image\" content=\"https:\/\/www.gdirekt.se\/wp-content\/uploads\/hallare-till-kanalplastskylt.png\" \/>\n\t<meta property=\"og:image:width\" content=\"1000\" \/>\n\t<meta property=\"og:image:height\" content=\"1000\" \/>\n\t<meta property=\"og:image:type\" content=\"image\/png\" \/>\n<meta name=\"twitter:card\" content=\"summary_large_image\" \/>\n<meta name=\"twitter:label1\" content=\"Estimeret l\u00e6setid\" \/>\n\t<meta name=\"twitter:data1\" content=\"1 minut\" \/>\n<script type=\"application\/ld+json\" class=\"yoast-schema-graph\">{\"@context\":\"https:\/\/schema.org\",\"@graph\":[{\"@type\":\"WebPage\",\"@id\":\"https:\/\/www.gdirekt.se\/da\/produkt\/skilteholder-kanalplast-hvid\/\",\"url\":\"https:\/\/www.gdirekt.se\/da\/produkt\/skilteholder-kanalplast-hvid\/\",\"name\":\"Skilteholder, kanalplast \u2013 Hvid til en trykt m\u00e6glerskilte | Gdirekt.se\",\"isPartOf\":{\"@id\":\"https:\/\/www.gdirekt.se\/#website\"},\"primaryImageOfPage\":{\"@id\":\"https:\/\/www.gdirekt.se\/da\/produkt\/skilteholder-kanalplast-hvid\/#primaryimage\"},\"image\":{\"@id\":\"https:\/\/www.gdirekt.se\/da\/produkt\/skilteholder-kanalplast-hvid\/#primaryimage\"},\"thumbnailUrl\":\"https:\/\/www.gdirekt.se\/wp-content\/uploads\/hallare-till-kanalplastskylt.png\",\"datePublished\":\"2016-12-22T10:38:14+00:00\",\"description\":\"Skilteholder, kanalplast \u2013 Hvid er beregnet til m\u00e6glerskilte. Tryk ganske enkelt skiltet ned i jorden eller mellem fliser. Holderen fastg\u00f8res i kanalerne. K\u00f8bes direkte hos trykkeriet til en billig pris og hurtig levering.\",\"breadcrumb\":{\"@id\":\"https:\/\/www.gdirekt.se\/da\/produkt\/skilteholder-kanalplast-hvid\/#breadcrumb\"},\"inLanguage\":\"da-DK\",\"potentialAction\":[{\"@type\":\"ReadAction\",\"target\":[\"https:\/\/www.gdirekt.se\/da\/produkt\/skilteholder-kanalplast-hvid\/\"]}]},{\"@type\":\"ImageObject\",\"inLanguage\":\"da-DK\",\"@id\":\"https:\/\/www.gdirekt.se\/da\/produkt\/skilteholder-kanalplast-hvid\/#primaryimage\",\"url\":\"https:\/\/www.gdirekt.se\/wp-content\/uploads\/hallare-till-kanalplastskylt.png\",\"contentUrl\":\"https:\/\/www.gdirekt.se\/wp-content\/uploads\/hallare-till-kanalplastskylt.png\",\"width\":1000,\"height\":1000,\"caption\":\"Hvid pladeholder til skiltei kanalplast, dette er hvid\"},{\"@type\":\"BreadcrumbList\",\"@id\":\"https:\/\/www.gdirekt.se\/da\/produkt\/skilteholder-kanalplast-hvid\/#breadcrumb\",\"itemListElement\":[{\"@type\":\"ListItem\",\"position\":1,\"name\":\"Hem\",\"item\":\"https:\/\/www.gdirekt.se\/da\/\"},{\"@type\":\"ListItem\",\"position\":2,\"name\":\"Start\",\"item\":\"https:\/\/www.gdirekt.se\/da\/\"},{\"@type\":\"ListItem\",\"position\":3,\"name\":\"Skilteholder, kanalplast \u2013 Hvid\"}]},{\"@type\":\"WebSite\",\"@id\":\"https:\/\/www.gdirekt.se\/#website\",\"url\":\"https:\/\/www.gdirekt.se\/\",\"name\":\"Gdirekt.se\",\"description\":\"Tryck snabbt \u00e5 l\u00e4tt = Gdirekt\",\"potentialAction\":[{\"@type\":\"SearchAction\",\"target\":{\"@type\":\"EntryPoint\",\"urlTemplate\":\"https:\/\/www.gdirekt.se\/?s={search_term_string}\"},\"query-input\":{\"@type\":\"PropertyValueSpecification\",\"valueRequired\":true,\"valueName\":\"search_term_string\"}}],\"inLanguage\":\"da-DK\"}]}<\/script>\n<!-- \/ Yoast SEO plugin. -->","yoast_head_json":{"title":"Skilteholder, kanalplast \u2013 Hvid til en trykt m\u00e6glerskilte | Gdirekt.se","description":"Skilteholder, kanalplast \u2013 Hvid er beregnet til m\u00e6glerskilte. Tryk ganske enkelt skiltet ned i jorden eller mellem fliser. Holderen fastg\u00f8res i kanalerne. K\u00f8bes direkte hos trykkeriet til en billig pris og hurtig levering.","robots":{"index":"index","follow":"follow","max-snippet":"max-snippet:-1","max-image-preview":"max-image-preview:large","max-video-preview":"max-video-preview:-1"},"canonical":"https:\/\/www.gdirekt.se\/da\/produkt\/skilteholder-kanalplast-hvid\/","og_locale":"da_DK","og_type":"article","og_title":"Skilteholder, kanalplast \u2013 Hvid til en trykt m\u00e6glerskilte | Gdirekt.se","og_description":"Skilteholder, kanalplast \u2013 Hvid er beregnet til m\u00e6glerskilte. Tryk ganske enkelt skiltet ned i jorden eller mellem fliser. Holderen fastg\u00f8res i kanalerne. K\u00f8bes direkte hos trykkeriet til en billig pris og hurtig levering.","og_url":"https:\/\/www.gdirekt.se\/da\/produkt\/skilteholder-kanalplast-hvid\/","og_site_name":"Gdirekt.se","og_image":[{"width":1000,"height":1000,"url":"https:\/\/www.gdirekt.se\/wp-content\/uploads\/hallare-till-kanalplastskylt.png","type":"image\/png"}],"twitter_card":"summary_large_image","twitter_misc":{"Estimeret l\u00e6setid":"1 minut"},"schema":{"@context":"https:\/\/schema.org","@graph":[{"@type":"WebPage","@id":"https:\/\/www.gdirekt.se\/da\/produkt\/skilteholder-kanalplast-hvid\/","url":"https:\/\/www.gdirekt.se\/da\/produkt\/skilteholder-kanalplast-hvid\/","name":"Skilteholder, kanalplast \u2013 Hvid til en trykt m\u00e6glerskilte | Gdirekt.se","isPartOf":{"@id":"https:\/\/www.gdirekt.se\/#website"},"primaryImageOfPage":{"@id":"https:\/\/www.gdirekt.se\/da\/produkt\/skilteholder-kanalplast-hvid\/#primaryimage"},"image":{"@id":"https:\/\/www.gdirekt.se\/da\/produkt\/skilteholder-kanalplast-hvid\/#primaryimage"},"thumbnailUrl":"https:\/\/www.gdirekt.se\/wp-content\/uploads\/hallare-till-kanalplastskylt.png","datePublished":"2016-12-22T10:38:14+00:00","description":"Skilteholder, kanalplast \u2013 Hvid er beregnet til m\u00e6glerskilte. Tryk ganske enkelt skiltet ned i jorden eller mellem fliser. Holderen fastg\u00f8res i kanalerne. K\u00f8bes direkte hos trykkeriet til en billig pris og hurtig levering.","breadcrumb":{"@id":"https:\/\/www.gdirekt.se\/da\/produkt\/skilteholder-kanalplast-hvid\/#breadcrumb"},"inLanguage":"da-DK","potentialAction":[{"@type":"ReadAction","target":["https:\/\/www.gdirekt.se\/da\/produkt\/skilteholder-kanalplast-hvid\/"]}]},{"@type":"ImageObject","inLanguage":"da-DK","@id":"https:\/\/www.gdirekt.se\/da\/produkt\/skilteholder-kanalplast-hvid\/#primaryimage","url":"https:\/\/www.gdirekt.se\/wp-content\/uploads\/hallare-till-kanalplastskylt.png","contentUrl":"https:\/\/www.gdirekt.se\/wp-content\/uploads\/hallare-till-kanalplastskylt.png","width":1000,"height":1000,"caption":"Hvid pladeholder til skiltei kanalplast, dette er hvid"},{"@type":"BreadcrumbList","@id":"https:\/\/www.gdirekt.se\/da\/produkt\/skilteholder-kanalplast-hvid\/#breadcrumb","itemListElement":[{"@type":"ListItem","position":1,"name":"Hem","item":"https:\/\/www.gdirekt.se\/da\/"},{"@type":"ListItem","position":2,"name":"Start","item":"https:\/\/www.gdirekt.se\/da\/"},{"@type":"ListItem","position":3,"name":"Skilteholder, kanalplast \u2013 Hvid"}]},{"@type":"WebSite","@id":"https:\/\/www.gdirekt.se\/#website","url":"https:\/\/www.gdirekt.se\/","name":"Gdirekt.se","description":"Tryck snabbt \u00e5 l\u00e4tt = Gdirekt","potentialAction":[{"@type":"SearchAction","target":{"@type":"EntryPoint","urlTemplate":"https:\/\/www.gdirekt.se\/?s={search_term_string}"},"query-input":{"@type":"PropertyValueSpecification","valueRequired":true,"valueName":"search_term_string"}}],"inLanguage":"da-DK"}]}},"_links":{"self":[{"href":"https:\/\/www.gdirekt.se\/da\/wp-json\/wp\/v2\/product\/10363","targetHints":{"allow":["GET"]}}],"collection":[{"href":"https:\/\/www.gdirekt.se\/da\/wp-json\/wp\/v2\/product"}],"about":[{"href":"https:\/\/www.gdirekt.se\/da\/wp-json\/wp\/v2\/types\/product"}],"wp:featuredmedia":[{"embeddable":true,"href":"https:\/\/www.gdirekt.se\/da\/wp-json\/wp\/v2\/media\/8324"}],"wp:attachment":[{"href":"https:\/\/www.gdirekt.se\/da\/wp-json\/wp\/v2\/media?parent=10363"}],"wp:term":[{"taxonomy":"product_brand","embeddable":true,"href":"https:\/\/www.gdirekt.se\/da\/wp-json\/wp\/v2\/product_brand?post=10363"},{"taxonomy":"product_cat","embeddable":true,"href":"https:\/\/www.gdirekt.se\/da\/wp-json\/wp\/v2\/product_cat?post=10363"},{"taxonomy":"product_tag","embeddable":true,"href":"https:\/\/www.gdirekt.se\/da\/wp-json\/wp\/v2\/product_tag?post=10363"}],"curies":[{"name":"wp","href":"https:\/\/api.w.org\/{rel}","templated":true}]}}