{"id":10351,"date":"2017-01-05T15:59:21","date_gmt":"2017-01-05T14:59:21","guid":{"rendered":"http:\/\/gdirekt.hamstage.hamrenmedia.se\/produkt\/skilteholder-c-krog\/"},"modified":"2017-01-05T15:59:21","modified_gmt":"2017-01-05T14:59:21","slug":"skilteholder-c-krog","status":"publish","type":"product","link":"https:\/\/www.gdirekt.se\/da\/produkt\/skilteholder-c-krog\/","title":{"rendered":"Skilteholder C-krog"},"content":{"rendered":"<p><span lang=\"DA\">Skilteholder C-krog er beregnet til oph\u00e6ngning af skilte og displays. De er fremstillet af tyndt metal, st\u00f8rrelse 35 x 15 mm. Passer til kartonskilte og b\u00f8lgepapdisplays, der skal h\u00e6nge fra loftet. Bruges ofte i butikker og forretninger, n\u00e5r man viser tekstbudskaber og reklamer for produkter. F\u00f8rst og fremmest n\u00e5r man har en kampagne med et tilbud.<\/span><\/p>\n<p><span lang=\"DA\">Se alt vores<span class=\"apple-converted-space\">\u00a0<\/span><\/span><span lang=\"DA\"><a href=\"https:\/\/www.gdirekt.se\/produkt-kategori\/skyltar-tillbehor\/\"><b><i>skiltetilbeh\u00f8r,<\/i><\/b><\/a><\/span><span lang=\"DA\">og f\u00f8lg os p\u00e5<span class=\"apple-converted-space\">\u00a0<\/span><\/span><span lang=\"DA\"><a href=\"https:\/\/www.instagram.com\/gigantprint\/\"><b><i>Instagram<\/i><\/b><\/a><\/span><span lang=\"DA\">!<\/span><\/p>\n","protected":false},"excerpt":{"rendered":"<p>Skilteholder C-krog er beregnet til oph\u00e6ngning af skilte og displays. Fremstillet af tyndt metal, st\u00f8rrelse 35 x 15 mm. Passer til kartonskilte og b\u00f8lgepapdisplays.<\/p>\n","protected":false},"featured_media":8407,"template":"","meta":{"_acf_changed":false},"product_brand":[],"product_cat":[379],"product_tag":[],"class_list":{"0":"post-10351","1":"product","2":"type-product","3":"status-publish","4":"has-post-thumbnail","6":"product_cat-skilte-tilbehoer","7":"product_shipping_class-85kr-da","9":"first","10":"instock","11":"taxable","12":"shipping-taxable","13":"purchasable","14":"product-type-variable","15":"has-default-attributes"},"exclude_global_add_ons":[],"addons":[],"acf":[],"yoast_head":"<!-- This site is optimized with the Yoast SEO plugin v27.2 - https:\/\/yoast.com\/product\/yoast-seo-wordpress\/ -->\n<title>Skilteholder C-krog smart til h\u00e6ngende skilte og plade | Gdirekt.se<\/title>\n<meta name=\"description\" content=\"Skilteholder C-krog er beregnet til oph\u00e6ngning af skilte og displays. Fremstillet af tyndt metal, st\u00f8rrelse 35 x 15 mm. Passer til kartonskilte og b\u00f8lgepapdisplays samt andre pladematerialer og displays. Billig pris og hurtig fragt, der kan spores.\" \/>\n<meta name=\"robots\" content=\"index, follow, max-snippet:-1, max-image-preview:large, max-video-preview:-1\" \/>\n<link rel=\"canonical\" href=\"https:\/\/www.gdirekt.se\/da\/produkt\/skilteholder-c-krog\/\" \/>\n<meta property=\"og:locale\" content=\"da_DK\" \/>\n<meta property=\"og:type\" content=\"article\" \/>\n<meta property=\"og:title\" content=\"Skilteholder C-krog smart til h\u00e6ngende skilte og plade | Gdirekt.se\" \/>\n<meta property=\"og:description\" content=\"Skilteholder C-krog er beregnet til oph\u00e6ngning af skilte og displays. Fremstillet af tyndt metal, st\u00f8rrelse 35 x 15 mm. Passer til kartonskilte og b\u00f8lgepapdisplays samt andre pladematerialer og displays. Billig pris og hurtig fragt, der kan spores.\" \/>\n<meta property=\"og:url\" content=\"https:\/\/www.gdirekt.se\/da\/produkt\/skilteholder-c-krog\/\" \/>\n<meta property=\"og:site_name\" content=\"Gdirekt.se\" \/>\n<meta property=\"og:image\" content=\"https:\/\/www.gdirekt.se\/wp-content\/uploads\/c_krok.png\" \/>\n\t<meta property=\"og:image:width\" content=\"1000\" \/>\n\t<meta property=\"og:image:height\" content=\"1000\" \/>\n\t<meta property=\"og:image:type\" content=\"image\/png\" \/>\n<meta name=\"twitter:card\" content=\"summary_large_image\" \/>\n<script type=\"application\/ld+json\" class=\"yoast-schema-graph\">{\"@context\":\"https:\/\/schema.org\",\"@graph\":[{\"@type\":\"WebPage\",\"@id\":\"https:\/\/www.gdirekt.se\/da\/produkt\/skilteholder-c-krog\/\",\"url\":\"https:\/\/www.gdirekt.se\/da\/produkt\/skilteholder-c-krog\/\",\"name\":\"Skilteholder C-krog smart til h\u00e6ngende skilte og plade | Gdirekt.se\",\"isPartOf\":{\"@id\":\"https:\/\/www.gdirekt.se\/#website\"},\"primaryImageOfPage\":{\"@id\":\"https:\/\/www.gdirekt.se\/da\/produkt\/skilteholder-c-krog\/#primaryimage\"},\"image\":{\"@id\":\"https:\/\/www.gdirekt.se\/da\/produkt\/skilteholder-c-krog\/#primaryimage\"},\"thumbnailUrl\":\"https:\/\/www.gdirekt.se\/wp-content\/uploads\/c_krok.png\",\"datePublished\":\"2017-01-05T14:59:21+00:00\",\"description\":\"Skilteholder C-krog er beregnet til oph\u00e6ngning af skilte og displays. Fremstillet af tyndt metal, st\u00f8rrelse 35 x 15 mm. Passer til kartonskilte og b\u00f8lgepapdisplays samt andre pladematerialer og displays. Billig pris og hurtig fragt, der kan spores.\",\"breadcrumb\":{\"@id\":\"https:\/\/www.gdirekt.se\/da\/produkt\/skilteholder-c-krog\/#breadcrumb\"},\"inLanguage\":\"da-DK\",\"potentialAction\":[{\"@type\":\"ReadAction\",\"target\":[\"https:\/\/www.gdirekt.se\/da\/produkt\/skilteholder-c-krog\/\"]}]},{\"@type\":\"ImageObject\",\"inLanguage\":\"da-DK\",\"@id\":\"https:\/\/www.gdirekt.se\/da\/produkt\/skilteholder-c-krog\/#primaryimage\",\"url\":\"https:\/\/www.gdirekt.se\/wp-content\/uploads\/c_krok.png\",\"contentUrl\":\"https:\/\/www.gdirekt.se\/wp-content\/uploads\/c_krok.png\",\"width\":1000,\"height\":1000,\"caption\":\"Smart holder til skilte i form af en c\"},{\"@type\":\"BreadcrumbList\",\"@id\":\"https:\/\/www.gdirekt.se\/da\/produkt\/skilteholder-c-krog\/#breadcrumb\",\"itemListElement\":[{\"@type\":\"ListItem\",\"position\":1,\"name\":\"Hem\",\"item\":\"https:\/\/www.gdirekt.se\/da\/\"},{\"@type\":\"ListItem\",\"position\":2,\"name\":\"Start\",\"item\":\"https:\/\/www.gdirekt.se\/da\/\"},{\"@type\":\"ListItem\",\"position\":3,\"name\":\"Skilteholder C-krog\"}]},{\"@type\":\"WebSite\",\"@id\":\"https:\/\/www.gdirekt.se\/#website\",\"url\":\"https:\/\/www.gdirekt.se\/\",\"name\":\"Gdirekt.se\",\"description\":\"Tryck snabbt \u00e5 l\u00e4tt = Gdirekt\",\"potentialAction\":[{\"@type\":\"SearchAction\",\"target\":{\"@type\":\"EntryPoint\",\"urlTemplate\":\"https:\/\/www.gdirekt.se\/?s={search_term_string}\"},\"query-input\":{\"@type\":\"PropertyValueSpecification\",\"valueRequired\":true,\"valueName\":\"search_term_string\"}}],\"inLanguage\":\"da-DK\"}]}<\/script>\n<!-- \/ Yoast SEO plugin. -->","yoast_head_json":{"title":"Skilteholder C-krog smart til h\u00e6ngende skilte og plade | Gdirekt.se","description":"Skilteholder C-krog er beregnet til oph\u00e6ngning af skilte og displays. Fremstillet af tyndt metal, st\u00f8rrelse 35 x 15 mm. Passer til kartonskilte og b\u00f8lgepapdisplays samt andre pladematerialer og displays. Billig pris og hurtig fragt, der kan spores.","robots":{"index":"index","follow":"follow","max-snippet":"max-snippet:-1","max-image-preview":"max-image-preview:large","max-video-preview":"max-video-preview:-1"},"canonical":"https:\/\/www.gdirekt.se\/da\/produkt\/skilteholder-c-krog\/","og_locale":"da_DK","og_type":"article","og_title":"Skilteholder C-krog smart til h\u00e6ngende skilte og plade | Gdirekt.se","og_description":"Skilteholder C-krog er beregnet til oph\u00e6ngning af skilte og displays. Fremstillet af tyndt metal, st\u00f8rrelse 35 x 15 mm. Passer til kartonskilte og b\u00f8lgepapdisplays samt andre pladematerialer og displays. Billig pris og hurtig fragt, der kan spores.","og_url":"https:\/\/www.gdirekt.se\/da\/produkt\/skilteholder-c-krog\/","og_site_name":"Gdirekt.se","og_image":[{"width":1000,"height":1000,"url":"https:\/\/www.gdirekt.se\/wp-content\/uploads\/c_krok.png","type":"image\/png"}],"twitter_card":"summary_large_image","schema":{"@context":"https:\/\/schema.org","@graph":[{"@type":"WebPage","@id":"https:\/\/www.gdirekt.se\/da\/produkt\/skilteholder-c-krog\/","url":"https:\/\/www.gdirekt.se\/da\/produkt\/skilteholder-c-krog\/","name":"Skilteholder C-krog smart til h\u00e6ngende skilte og plade | Gdirekt.se","isPartOf":{"@id":"https:\/\/www.gdirekt.se\/#website"},"primaryImageOfPage":{"@id":"https:\/\/www.gdirekt.se\/da\/produkt\/skilteholder-c-krog\/#primaryimage"},"image":{"@id":"https:\/\/www.gdirekt.se\/da\/produkt\/skilteholder-c-krog\/#primaryimage"},"thumbnailUrl":"https:\/\/www.gdirekt.se\/wp-content\/uploads\/c_krok.png","datePublished":"2017-01-05T14:59:21+00:00","description":"Skilteholder C-krog er beregnet til oph\u00e6ngning af skilte og displays. Fremstillet af tyndt metal, st\u00f8rrelse 35 x 15 mm. Passer til kartonskilte og b\u00f8lgepapdisplays samt andre pladematerialer og displays. Billig pris og hurtig fragt, der kan spores.","breadcrumb":{"@id":"https:\/\/www.gdirekt.se\/da\/produkt\/skilteholder-c-krog\/#breadcrumb"},"inLanguage":"da-DK","potentialAction":[{"@type":"ReadAction","target":["https:\/\/www.gdirekt.se\/da\/produkt\/skilteholder-c-krog\/"]}]},{"@type":"ImageObject","inLanguage":"da-DK","@id":"https:\/\/www.gdirekt.se\/da\/produkt\/skilteholder-c-krog\/#primaryimage","url":"https:\/\/www.gdirekt.se\/wp-content\/uploads\/c_krok.png","contentUrl":"https:\/\/www.gdirekt.se\/wp-content\/uploads\/c_krok.png","width":1000,"height":1000,"caption":"Smart holder til skilte i form af en c"},{"@type":"BreadcrumbList","@id":"https:\/\/www.gdirekt.se\/da\/produkt\/skilteholder-c-krog\/#breadcrumb","itemListElement":[{"@type":"ListItem","position":1,"name":"Hem","item":"https:\/\/www.gdirekt.se\/da\/"},{"@type":"ListItem","position":2,"name":"Start","item":"https:\/\/www.gdirekt.se\/da\/"},{"@type":"ListItem","position":3,"name":"Skilteholder C-krog"}]},{"@type":"WebSite","@id":"https:\/\/www.gdirekt.se\/#website","url":"https:\/\/www.gdirekt.se\/","name":"Gdirekt.se","description":"Tryck snabbt \u00e5 l\u00e4tt = Gdirekt","potentialAction":[{"@type":"SearchAction","target":{"@type":"EntryPoint","urlTemplate":"https:\/\/www.gdirekt.se\/?s={search_term_string}"},"query-input":{"@type":"PropertyValueSpecification","valueRequired":true,"valueName":"search_term_string"}}],"inLanguage":"da-DK"}]}},"_links":{"self":[{"href":"https:\/\/www.gdirekt.se\/da\/wp-json\/wp\/v2\/product\/10351","targetHints":{"allow":["GET"]}}],"collection":[{"href":"https:\/\/www.gdirekt.se\/da\/wp-json\/wp\/v2\/product"}],"about":[{"href":"https:\/\/www.gdirekt.se\/da\/wp-json\/wp\/v2\/types\/product"}],"wp:featuredmedia":[{"embeddable":true,"href":"https:\/\/www.gdirekt.se\/da\/wp-json\/wp\/v2\/media\/8407"}],"wp:attachment":[{"href":"https:\/\/www.gdirekt.se\/da\/wp-json\/wp\/v2\/media?parent=10351"}],"wp:term":[{"taxonomy":"product_brand","embeddable":true,"href":"https:\/\/www.gdirekt.se\/da\/wp-json\/wp\/v2\/product_brand?post=10351"},{"taxonomy":"product_cat","embeddable":true,"href":"https:\/\/www.gdirekt.se\/da\/wp-json\/wp\/v2\/product_cat?post=10351"},{"taxonomy":"product_tag","embeddable":true,"href":"https:\/\/www.gdirekt.se\/da\/wp-json\/wp\/v2\/product_tag?post=10351"}],"curies":[{"name":"wp","href":"https:\/\/api.w.org\/{rel}","templated":true}]}}