{"id":10345,"date":"2017-01-12T16:25:21","date_gmt":"2017-01-12T15:25:21","guid":{"rendered":"http:\/\/gdirekt.hamstage.hamrenmedia.se\/produkt\/afstandsstykker-til-skiltebeslag\/"},"modified":"2018-11-14T10:28:48","modified_gmt":"2018-11-14T09:28:48","slug":"afstandsstykker-til-skiltebeslag","status":"publish","type":"product","link":"https:\/\/www.gdirekt.se\/da\/produkt\/afstandsstykker-til-skiltebeslag\/","title":{"rendered":"Afstandsstykker til skiltebeslag"},"content":{"rendered":"<p><span lang=\"DA\">Disse afstandsstykker til skiltebeslag bruges til skilte og billeder. Det er et v\u00e6gbeslag, der holder skilte oppe. Afstandsstykket skrues fast p\u00e5 v\u00e6ggen med en skrue, og det anbefales at bruge en form for rawlplug til dette. Derefter skal man holde billedet over afstandsbeslagene og skrue selve fronten fast p\u00e5 afstandsstykket. Skiltet eller billedet s\u00e6ttes derefter op med en afstand p\u00e5 18-25 mm fra v\u00e6ggen afh\u00e6ngigt af variant.<\/span><\/p>\n<p><span lang=\"DA\">Afstandsbeslagene kan bestilles i aluminium med m\u00e5lene 19 mm i diameter og en dybde p\u00e5 25 mm, hullerne skal v\u00e6re 10 mm.<\/span><\/p>\n<p><span lang=\"DA\">Afstandsstykkerne af plast f\u00e5s i farverne sort, gr\u00e5 eller hvid. \u00a0V\u00e6gbeslagene har m\u00e5lene 17 mm i diameter med en dybde p\u00e5 18 mm fra v\u00e6ggen, hullerne skal v\u00e6re 10 mm. Og hvis I har brug for andre skilteholdere, kan vi anbefale denne<span class=\"apple-converted-space\">\u00a0<\/span><\/span><span lang=\"DA\"><a href=\"https:\/\/www.gdirekt.se\/produkt-kategori\/skyltar-tillbehor\/\"><b><i>side<\/i><\/b><\/a><\/span><span lang=\"DA\">! Og hvis I leder efter motiver og flotte billeder med plexiglas, kan vi anbefale jer at kigge p\u00e5 vores side for<span class=\"apple-converted-space\">\u00a0<\/span><\/span><span lang=\"DA\"><a href=\"https:\/\/www.dinprint.se\/plexiglastavla\"><b><i>indretning<\/i><\/b><\/a><\/span><span lang=\"DA\">!<\/span><\/p>\n","protected":false},"excerpt":{"rendered":"<p>Afstandsstykker til skiltebeslag kan bestilles til skilte og billeder. V\u00e6gbeslagene er af aluminium eller plast i farverne sort, gr\u00e5 eller hvid. Afstandsstykkerne af plast har m\u00e5lene 17 mm i diameter og en dybde p\u00e5 18 mm fra v\u00e6ggen. Afstandsstykkerne af aluminium har m\u00e5lene 19 mm i diameter og en dybde p\u00e5 25 mm.<\/p>\n","protected":false},"featured_media":8432,"template":"","meta":{"_acf_changed":false},"product_brand":[],"product_cat":[379],"product_tag":[],"class_list":{"0":"post-10345","1":"product","2":"type-product","3":"status-publish","4":"has-post-thumbnail","6":"product_cat-skilte-tilbehoer","7":"product_shipping_class-49kr","9":"first","10":"instock","11":"taxable","12":"shipping-taxable","13":"purchasable","14":"product-type-variable","15":"has-default-attributes"},"exclude_global_add_ons":[],"addons":[],"acf":[],"yoast_head":"<!-- This site is optimized with the Yoast SEO plugin v27.2 - https:\/\/yoast.com\/product\/yoast-seo-wordpress\/ -->\n<title>Afstandsstykker til skiltebeslag til plexi skilte, tr\u00e6 og skilte i plastik | Gdirekt.se<\/title>\n<meta name=\"description\" content=\"Afstandsstykker til skiltebeslag kan bestilles til skilte og billeder. V\u00e6gbeslagene er i aluminium, sorte, gr\u00e5 eller hvide med m\u00e5lene 17 mm i diameter og en dybde p\u00e5 18 mm fra v\u00e6ggen.\" \/>\n<meta name=\"robots\" content=\"index, follow, max-snippet:-1, max-image-preview:large, max-video-preview:-1\" \/>\n<link rel=\"canonical\" href=\"https:\/\/www.gdirekt.se\/da\/produkt\/afstandsstykker-til-skiltebeslag\/\" \/>\n<meta property=\"og:locale\" content=\"da_DK\" \/>\n<meta property=\"og:type\" content=\"article\" \/>\n<meta property=\"og:title\" content=\"Afstandsstykker til skiltebeslag til plexi skilte, tr\u00e6 og skilte i plastik | Gdirekt.se\" \/>\n<meta property=\"og:description\" content=\"Afstandsstykker til skiltebeslag kan bestilles til skilte og billeder. V\u00e6gbeslagene er i aluminium, sorte, gr\u00e5 eller hvide med m\u00e5lene 17 mm i diameter og en dybde p\u00e5 18 mm fra v\u00e6ggen.\" \/>\n<meta property=\"og:url\" content=\"https:\/\/www.gdirekt.se\/da\/produkt\/afstandsstykker-til-skiltebeslag\/\" \/>\n<meta property=\"og:site_name\" content=\"Gdirekt.se\" \/>\n<meta property=\"article:modified_time\" content=\"2018-11-14T09:28:48+00:00\" \/>\n<meta property=\"og:image\" content=\"https:\/\/www.gdirekt.se\/wp-content\/uploads\/distanser.png\" \/>\n\t<meta property=\"og:image:width\" content=\"1000\" \/>\n\t<meta property=\"og:image:height\" content=\"1000\" \/>\n\t<meta property=\"og:image:type\" content=\"image\/png\" \/>\n<meta name=\"twitter:card\" content=\"summary_large_image\" \/>\n<meta name=\"twitter:label1\" content=\"Estimeret l\u00e6setid\" \/>\n\t<meta name=\"twitter:data1\" content=\"1 minut\" \/>\n<script type=\"application\/ld+json\" class=\"yoast-schema-graph\">{\"@context\":\"https:\/\/schema.org\",\"@graph\":[{\"@type\":\"WebPage\",\"@id\":\"https:\/\/www.gdirekt.se\/da\/produkt\/afstandsstykker-til-skiltebeslag\/\",\"url\":\"https:\/\/www.gdirekt.se\/da\/produkt\/afstandsstykker-til-skiltebeslag\/\",\"name\":\"Afstandsstykker til skiltebeslag til plexi skilte, tr\u00e6 og skilte i plastik | Gdirekt.se\",\"isPartOf\":{\"@id\":\"https:\/\/www.gdirekt.se\/#website\"},\"primaryImageOfPage\":{\"@id\":\"https:\/\/www.gdirekt.se\/da\/produkt\/afstandsstykker-til-skiltebeslag\/#primaryimage\"},\"image\":{\"@id\":\"https:\/\/www.gdirekt.se\/da\/produkt\/afstandsstykker-til-skiltebeslag\/#primaryimage\"},\"thumbnailUrl\":\"https:\/\/www.gdirekt.se\/wp-content\/uploads\/distanser.png\",\"datePublished\":\"2017-01-12T15:25:21+00:00\",\"dateModified\":\"2018-11-14T09:28:48+00:00\",\"description\":\"Afstandsstykker til skiltebeslag kan bestilles til skilte og billeder. V\u00e6gbeslagene er i aluminium, sorte, gr\u00e5 eller hvide med m\u00e5lene 17 mm i diameter og en dybde p\u00e5 18 mm fra v\u00e6ggen.\",\"breadcrumb\":{\"@id\":\"https:\/\/www.gdirekt.se\/da\/produkt\/afstandsstykker-til-skiltebeslag\/#breadcrumb\"},\"inLanguage\":\"da-DK\",\"potentialAction\":[{\"@type\":\"ReadAction\",\"target\":[\"https:\/\/www.gdirekt.se\/da\/produkt\/afstandsstykker-til-skiltebeslag\/\"]}]},{\"@type\":\"ImageObject\",\"inLanguage\":\"da-DK\",\"@id\":\"https:\/\/www.gdirekt.se\/da\/produkt\/afstandsstykker-til-skiltebeslag\/#primaryimage\",\"url\":\"https:\/\/www.gdirekt.se\/wp-content\/uploads\/distanser.png\",\"contentUrl\":\"https:\/\/www.gdirekt.se\/wp-content\/uploads\/distanser.png\",\"width\":1000,\"height\":1000,\"caption\":\"Afstandsstykker i sort, hvid, gr\u00e5 og aluminium\"},{\"@type\":\"BreadcrumbList\",\"@id\":\"https:\/\/www.gdirekt.se\/da\/produkt\/afstandsstykker-til-skiltebeslag\/#breadcrumb\",\"itemListElement\":[{\"@type\":\"ListItem\",\"position\":1,\"name\":\"Hem\",\"item\":\"https:\/\/www.gdirekt.se\/da\/\"},{\"@type\":\"ListItem\",\"position\":2,\"name\":\"Start\",\"item\":\"https:\/\/www.gdirekt.se\/da\/\"},{\"@type\":\"ListItem\",\"position\":3,\"name\":\"Afstandsstykker til skiltebeslag\"}]},{\"@type\":\"WebSite\",\"@id\":\"https:\/\/www.gdirekt.se\/#website\",\"url\":\"https:\/\/www.gdirekt.se\/\",\"name\":\"Gdirekt.se\",\"description\":\"Tryck snabbt \u00e5 l\u00e4tt = Gdirekt\",\"potentialAction\":[{\"@type\":\"SearchAction\",\"target\":{\"@type\":\"EntryPoint\",\"urlTemplate\":\"https:\/\/www.gdirekt.se\/?s={search_term_string}\"},\"query-input\":{\"@type\":\"PropertyValueSpecification\",\"valueRequired\":true,\"valueName\":\"search_term_string\"}}],\"inLanguage\":\"da-DK\"}]}<\/script>\n<!-- \/ Yoast SEO plugin. -->","yoast_head_json":{"title":"Afstandsstykker til skiltebeslag til plexi skilte, tr\u00e6 og skilte i plastik | Gdirekt.se","description":"Afstandsstykker til skiltebeslag kan bestilles til skilte og billeder. V\u00e6gbeslagene er i aluminium, sorte, gr\u00e5 eller hvide med m\u00e5lene 17 mm i diameter og en dybde p\u00e5 18 mm fra v\u00e6ggen.","robots":{"index":"index","follow":"follow","max-snippet":"max-snippet:-1","max-image-preview":"max-image-preview:large","max-video-preview":"max-video-preview:-1"},"canonical":"https:\/\/www.gdirekt.se\/da\/produkt\/afstandsstykker-til-skiltebeslag\/","og_locale":"da_DK","og_type":"article","og_title":"Afstandsstykker til skiltebeslag til plexi skilte, tr\u00e6 og skilte i plastik | Gdirekt.se","og_description":"Afstandsstykker til skiltebeslag kan bestilles til skilte og billeder. V\u00e6gbeslagene er i aluminium, sorte, gr\u00e5 eller hvide med m\u00e5lene 17 mm i diameter og en dybde p\u00e5 18 mm fra v\u00e6ggen.","og_url":"https:\/\/www.gdirekt.se\/da\/produkt\/afstandsstykker-til-skiltebeslag\/","og_site_name":"Gdirekt.se","article_modified_time":"2018-11-14T09:28:48+00:00","og_image":[{"width":1000,"height":1000,"url":"https:\/\/www.gdirekt.se\/wp-content\/uploads\/distanser.png","type":"image\/png"}],"twitter_card":"summary_large_image","twitter_misc":{"Estimeret l\u00e6setid":"1 minut"},"schema":{"@context":"https:\/\/schema.org","@graph":[{"@type":"WebPage","@id":"https:\/\/www.gdirekt.se\/da\/produkt\/afstandsstykker-til-skiltebeslag\/","url":"https:\/\/www.gdirekt.se\/da\/produkt\/afstandsstykker-til-skiltebeslag\/","name":"Afstandsstykker til skiltebeslag til plexi skilte, tr\u00e6 og skilte i plastik | Gdirekt.se","isPartOf":{"@id":"https:\/\/www.gdirekt.se\/#website"},"primaryImageOfPage":{"@id":"https:\/\/www.gdirekt.se\/da\/produkt\/afstandsstykker-til-skiltebeslag\/#primaryimage"},"image":{"@id":"https:\/\/www.gdirekt.se\/da\/produkt\/afstandsstykker-til-skiltebeslag\/#primaryimage"},"thumbnailUrl":"https:\/\/www.gdirekt.se\/wp-content\/uploads\/distanser.png","datePublished":"2017-01-12T15:25:21+00:00","dateModified":"2018-11-14T09:28:48+00:00","description":"Afstandsstykker til skiltebeslag kan bestilles til skilte og billeder. V\u00e6gbeslagene er i aluminium, sorte, gr\u00e5 eller hvide med m\u00e5lene 17 mm i diameter og en dybde p\u00e5 18 mm fra v\u00e6ggen.","breadcrumb":{"@id":"https:\/\/www.gdirekt.se\/da\/produkt\/afstandsstykker-til-skiltebeslag\/#breadcrumb"},"inLanguage":"da-DK","potentialAction":[{"@type":"ReadAction","target":["https:\/\/www.gdirekt.se\/da\/produkt\/afstandsstykker-til-skiltebeslag\/"]}]},{"@type":"ImageObject","inLanguage":"da-DK","@id":"https:\/\/www.gdirekt.se\/da\/produkt\/afstandsstykker-til-skiltebeslag\/#primaryimage","url":"https:\/\/www.gdirekt.se\/wp-content\/uploads\/distanser.png","contentUrl":"https:\/\/www.gdirekt.se\/wp-content\/uploads\/distanser.png","width":1000,"height":1000,"caption":"Afstandsstykker i sort, hvid, gr\u00e5 og aluminium"},{"@type":"BreadcrumbList","@id":"https:\/\/www.gdirekt.se\/da\/produkt\/afstandsstykker-til-skiltebeslag\/#breadcrumb","itemListElement":[{"@type":"ListItem","position":1,"name":"Hem","item":"https:\/\/www.gdirekt.se\/da\/"},{"@type":"ListItem","position":2,"name":"Start","item":"https:\/\/www.gdirekt.se\/da\/"},{"@type":"ListItem","position":3,"name":"Afstandsstykker til skiltebeslag"}]},{"@type":"WebSite","@id":"https:\/\/www.gdirekt.se\/#website","url":"https:\/\/www.gdirekt.se\/","name":"Gdirekt.se","description":"Tryck snabbt \u00e5 l\u00e4tt = Gdirekt","potentialAction":[{"@type":"SearchAction","target":{"@type":"EntryPoint","urlTemplate":"https:\/\/www.gdirekt.se\/?s={search_term_string}"},"query-input":{"@type":"PropertyValueSpecification","valueRequired":true,"valueName":"search_term_string"}}],"inLanguage":"da-DK"}]}},"_links":{"self":[{"href":"https:\/\/www.gdirekt.se\/da\/wp-json\/wp\/v2\/product\/10345","targetHints":{"allow":["GET"]}}],"collection":[{"href":"https:\/\/www.gdirekt.se\/da\/wp-json\/wp\/v2\/product"}],"about":[{"href":"https:\/\/www.gdirekt.se\/da\/wp-json\/wp\/v2\/types\/product"}],"wp:featuredmedia":[{"embeddable":true,"href":"https:\/\/www.gdirekt.se\/da\/wp-json\/wp\/v2\/media\/8432"}],"wp:attachment":[{"href":"https:\/\/www.gdirekt.se\/da\/wp-json\/wp\/v2\/media?parent=10345"}],"wp:term":[{"taxonomy":"product_brand","embeddable":true,"href":"https:\/\/www.gdirekt.se\/da\/wp-json\/wp\/v2\/product_brand?post=10345"},{"taxonomy":"product_cat","embeddable":true,"href":"https:\/\/www.gdirekt.se\/da\/wp-json\/wp\/v2\/product_cat?post=10345"},{"taxonomy":"product_tag","embeddable":true,"href":"https:\/\/www.gdirekt.se\/da\/wp-json\/wp\/v2\/product_tag?post=10345"}],"curies":[{"name":"wp","href":"https:\/\/api.w.org\/{rel}","templated":true}]}}